{"id":2971,"date":"2018-10-09T15:32:37","date_gmt":"2018-10-09T22:32:37","guid":{"rendered":"http:\/\/54.70.23.198\/tratamiento-de-venas-aranas-escleroterapia\/"},"modified":"2024-11-21T23:18:55","modified_gmt":"2024-11-22T07:18:55","slug":"tratamiento-de-venas-vasculares-escleroterapia","status":"publish","type":"page","link":"https:\/\/dev.sfveincenter.com\/es\/tratamiento-de-venas-vasculares-escleroterapia\/","title":{"rendered":"Escleroterapia"},"content":{"rendered":"<p>[et_pb_section fb_built=\u00bb1&#8243; _builder_version=\u00bb4.16&#8243; custom_padding=\u00bb1%|||\u00bb global_colors_info=\u00bb{}\u00bb][et_pb_row _builder_version=\u00bb4.16&#8243; background_size=\u00bbinitial\u00bb background_position=\u00bbtop_left\u00bb background_repeat=\u00bbrepeat\u00bb global_colors_info=\u00bb{}\u00bb][et_pb_column type=\u00bb4_4&#8243; _builder_version=\u00bb4.16&#8243; custom_padding=\u00bb|||\u00bb global_colors_info=\u00bb{}\u00bb custom_padding__hover=\u00bb|||\u00bb][et_pb_text admin_label=\u00bbText\u00bb _builder_version=\u00bb4.27.0&#8243; z_index_tablet=\u00bb500&#8243; box_shadow_horizontal_tablet=\u00bb0px\u00bb box_shadow_vertical_tablet=\u00bb0px\u00bb box_shadow_blur_tablet=\u00bb40px\u00bb box_shadow_spread_tablet=\u00bb0px\u00bb global_colors_info=\u00bb{}\u00bb]<\/p>\n<h1 style=\"text-align: center;\">Escleroterapia para el tratamiento de la vena ara\u00f1a<\/h1>\n<h2>Qu\u00e9 es el tratamiento de escleroterapia<\/h2>\n<p><img loading=\"lazy\" decoding=\"async\" class=\"wp-image-9022 size-medium alignright\" title=\"Tratamiento eficaz de las ara\u00f1as vasculares mediante escleroterapia\" src=\"https:\/\/dev.sfveincenter.com\/wp-content\/uploads\/2024\/05\/best-treatment-for-spider-veins-sclerotherapy-300x265.png\" alt=\"Piernas despu\u00e9s del tratamiento con escleroterapia\" width=\"300\" height=\"265\">La escleroterapia destaca como el tratamiento m\u00e1s eficaz y popular para las <a href=\"https:\/\/dev.sfveincenter.com\/es\/eliminacion-de-venas-vasculares-aranas\/\">ara\u00f1as vasculares<\/a> o <a href=\"https:\/\/dev.sfveincenter.com\/es\/tratamiento-de-venas-reticulares\/\">venas reticulares<\/a>. Este procedimiento consiste en la inyecci\u00f3n precisa de una soluci\u00f3n especial directamente en las peque\u00f1as ara\u00f1as vasculares. La soluci\u00f3n inyectada irrita el revestimiento interno de la vena, haciendo que las paredes se peguen entre s\u00ed. Con el tiempo, la ara\u00f1a vascular cerrada y tratada cicatriza y desaparece. La escleroterapia es relativamente indolora y tiene un bajo riesgo de efectos secundarios graves. Es un procedimiento fiable y sencillo para quienes desean <strong>eliminar las ara\u00f1as vasculares<\/strong>.<\/p>\n<h2>Comprender las ara\u00f1as vasculares o venas reticulares<\/h2>\n<p>Las ara\u00f1as vasculares o venas reticulares son venas peque\u00f1as pero visibles que suelen aparecer en las piernas. Las ara\u00f1as vasculares est\u00e1n presentes en la superficie de la piel y las venas reticulares son venas m\u00e1s profundas, por debajo de la superficie cut\u00e1nea. Suelen formarse al aumentar la presi\u00f3n en los vasos sangu\u00edneos. Esto puede deberse a varios factores, como el <a href=\"https:\/\/dev.sfveincenter.com\/es\/insuficiencia-venosa\/\">mal funcionamiento de las v\u00e1lvulas venosas<\/a>, la edad, la herencia, etc.<\/p>\n<h2>\u00bfQui\u00e9n es un buen candidato para la escleroterapia?<\/h2>\n<p>\u00abLa escleroterapia es un <strong>tratamiento<\/strong> eficaz de <strong>las ara\u00f1as vasculares<\/strong> para las venas peque\u00f1as de 1 a 3 mm de di\u00e1metro. Sin embargo, este tratamiento no es adecuado para todo el mundo. Los pacientes que solicitan escleroterapia suelen padecer una enfermedad conocida como <a href=\"https:\/\/dev.sfveincenter.com\/es\/insuficiencia-venosa\/\">insuficiencia venosa<\/a>. Es crucial examinar a fondo las causas subyacentes de tus problemas venosos antes de proceder a las inyecciones. Algunas afecciones, como la insuficiencia venosa, deben tratarse antes de ponerse inyecciones de ara\u00f1as vasculares.<\/p>\n<p>No recomendamos la escleroterapia a las mujeres embarazadas. Si est\u00e1s embarazada, te aconsejamos que esperes hasta despu\u00e9s del embarazo. Para m\u00e1s informaci\u00f3n sobre este tema, consulta nuestra detallada entrada del blog<a href=\"https:\/\/dev.sfveincenter.com\/es\/tratamiento-de-vena-del-embarazo\/\">\u00abEl embarazo y el tratamiento de las venas varicosas<\/a>\u00ab. Adem\u00e1s, las personas con antecedentes de co\u00e1gulos sangu\u00edneos deben someterse a una evaluaci\u00f3n m\u00e9dica adicional. Nuestro objetivo es garantizar que la escleroterapia no s\u00f3lo sea eficaz, sino tambi\u00e9n segura para cada paciente concreto.\u00bb<\/p>\n<h2>Soluciones de escleroterapia y c\u00f3mo funciona<\/h2>\n<p>Las soluciones habituales utilizadas para la escleroterapia son el Tetradecil Sulfato S\u00f3dico (Sotradecol), el Polidocanol (Asclera, Aetoxisclerol) y la Soluci\u00f3n Salina Hipert\u00f3nica. En el Centro de Venas de San Francisco utilizamos la soluci\u00f3n Sotradecol, aprobada por la FDA, que es muy eficaz y s\u00f3lo causa un ligero escozor en comparaci\u00f3n con otros tratamientos. Se utiliza mucho para <strong>eliminar las ara\u00f1as vasculares<\/strong>. El sotradecol act\u00faa irritando el revestimiento de la vena, haciendo que se hinche y se pegue. Con el tiempo, la vena se convierte en tejido cicatricial y desaparece. Lee nuestra <a href=\"https:\/\/dev.sfveincenter.com\/es\/escleroterapia-soluciones-comparadas\/\">comparaci\u00f3n<\/a> detallada <a href=\"https:\/\/dev.sfveincenter.com\/es\/escleroterapia-soluciones-comparadas\/\">de soluciones de escleroterapia<\/a>.<\/p>\n<h2>Detalles del procedimiento<\/h2>\n<p>La escleroterapia es un procedimiento menor y r\u00e1pido que se realiza en la consulta. Consiste en inyectar una soluci\u00f3n directamente en las venas afectadas mediante agujas ultrafinas, lo que garantiza un dolor m\u00ednimo. La mayor\u00eda de los pacientes s\u00f3lo experimentan un ligero pinchazo y un leve escozor durante el tratamiento. Sin embargo, si tienes una tolerancia al dolor especialmente baja o una aversi\u00f3n importante a las agujas, puede que la escleroterapia no sea adecuada para ti.<\/p>\n<h2>Recuperaci\u00f3n y cuidados posteriores<\/h2>\n<p>Seguir unos cuidados postratamiento adecuados es crucial para obtener unos resultados \u00f3ptimos, y <a href=\"https:\/\/dev.sfveincenter.com\/es\/medias-de-compresion\/\">las medias de compresi\u00f3n<\/a> desempe\u00f1an un papel fundamental en el proceso de recuperaci\u00f3n. Para las venas situadas en los muslos o en la parte posterior de las rodillas, se aconsejan las medias hasta el muslo. Por el contrario, para las venas que aparecen \u00fanicamente en las pantorrillas, son adecuadas las medias hasta la rodilla. Es importante llevar estas medias continuamente durante las primeras 24 horas posteriores al tratamiento y luego diariamente durante unas tres semanas para maximizar la curaci\u00f3n y la eficacia. Son vitales para conseguir los mejores resultados est\u00e9ticos. Nuestra cl\u00ednica proporciona medias de compresi\u00f3n de alta calidad a un precio rebajado. Tambi\u00e9n disponemos de montadores certificados para garantizar que tus medias abran correctamente. Damos una prescripci\u00f3n para las medias de la compresi\u00f3n en la consulta inicial.<\/p>\n<p>Para evitar complicaciones tras el tratamiento, deben tomarse ciertas precauciones. En primer lugar, evita exponer las zonas tratadas a la luz solar directa, ya que los rayos UV pueden causar problemas de pigmentaci\u00f3n en las venas en proceso de cicatrizaci\u00f3n. Tambi\u00e9n debes abstenerte de cualquier actividad extenuante, como levantar objetos pesados y hacer ejercicio vigoroso, durante al menos dos semanas. Estas actividades pueden interrumpir el proceso de curaci\u00f3n e invertir potencialmente los beneficios del tratamiento.<\/p>\n<h2>Posibles efectos secundarios y riesgos<\/h2>\n<p>La escleroterapia a menudo causa hematomas durante varias semanas. Evaluar el \u00e9xito de tu tratamiento de ara\u00f1as vasculares requiere paciencia mientras esperas a que desaparezcan los hematomas y las venas se curen y desvanezcan. Los pacientes deben esperar una apariencia peor durante la curaci\u00f3n, ya que es absolutamente normal despu\u00e9s del tratamiento. Por este motivo, recomendamos a los pacientes que programen las sesiones con varios meses de intervalo. Debido a que las piernas tratadas a menudo se ven peores antes de que se vean mejor, es mejor que la escleroterapia se haga bien antes de eventos importantes como vacaciones soleadas, bodas, etc.<\/p>\n<p>Aparte de los hematomas, otros efectos secundarios menores son el enrojecimiento y el picor cerca de los puntos de inyecci\u00f3n, que suelen desaparecer al cabo de unos d\u00edas y a veces semanas. En algunos casos, los pacientes pueden notar peque\u00f1as manchas o l\u00edneas marrones. Esto es menos com\u00fan y t\u00edpicamente desaparece despu\u00e9s de unos d\u00edas. Sin embargo, pueden permanecer indefinidamente.<\/p>\n<h2>Tasa de \u00e9xito<\/h2>\n<p><img loading=\"lazy\" decoding=\"async\" class=\"alignleft wp-image-781 size-full\" title=\"El mejor tratamiento de las ara\u00f1as vasculares en piernas y muslos\" src=\"https:\/\/dev.sfveincenter.com\/wp-content\/uploads\/2010\/09\/before-and-after-sclerotherapy-spider-vein-treatment.jpg\" alt=\"Antes y despu\u00e9s del tratamiento escleroter\u00e1pico de las ara\u00f1as vasculares\" width=\"404\" height=\"219\" srcset=\"https:\/\/dev.sfveincenter.com\/wp-content\/uploads\/2010\/09\/before-and-after-sclerotherapy-spider-vein-treatment.jpg 404w, https:\/\/dev.sfveincenter.com\/wp-content\/uploads\/2010\/09\/before-and-after-sclerotherapy-spider-vein-treatment-300x163.jpg 300w\" sizes=\"(max-width: 404px) 100vw, 404px\" \/>Todos los pacientes responden de forma diferente a la escleroterapia. El paciente medio notar\u00e1 una diferencia tras el primer tratamiento. Sin embargo, algunos pacientes necesitan dos o tres tratamientos para ver una diferencia notable. Los efectos secundarios pueden tardar semanas y a veces meses en remitir, por lo que es mejor programar las sesiones con meses de intervalo.<\/p>\n<p>La escleroterapia es <strong>el mejor tratamiento para las ara\u00f1as vasculares<\/strong>, pero no est\u00e1 garantizado. Los estudios demuestran que las tasas de \u00e9xito son t\u00edpicamente alrededor de 80%. Es importante comprender que a menudo son necesarios varios tratamientos para obtener resultados \u00f3ptimos. Sin embargo, cada paciente responde de forma diferente y, por desgracia, algunos pacientes pueden no obtener los resultados que buscan. Si la insuficiencia venosa es la causa subyacente de las ara\u00f1as vasculares, \u00e9stas reaparecer\u00e1n a menudo tras el tratamiento. Esta es la raz\u00f3n por la cual recomendamos una evaluaci\u00f3n antes de recibir tratamiento.<\/p>\n<p>&nbsp;<\/p>\n<h2>Cobertura del seguro<\/h2>\n<p><img loading=\"lazy\" decoding=\"async\" class=\"alignright wp-image-9035 size-medium\" title=\"Piernas de mujer tratadas con escleroterapia\" src=\"https:\/\/dev.sfveincenter.com\/wp-content\/uploads\/2024\/05\/womans-legs-treated-with-sclerotherapy-300x300.png\" alt=\"Eliminaci\u00f3n de ara\u00f1as vasculares mediante escleroterapia\" width=\"300\" height=\"300\">Las compa\u00f1\u00edas de seguros consideran la escleroterapia como un procedimiento cosm\u00e9tico y t\u00edpicamente no lo cubren. Una excepci\u00f3n es cuando un paciente tiene insuficiencia venosa. La mayor\u00eda de los pacientes con insuficiencia venosa tienen un procedimiento de ablaci\u00f3n venosa. Despu\u00e9s del procedimiento es a veces posible que las compa\u00f1\u00edas de seguros pagar\u00e1n el tratamiento de la vena de la ara\u00f1a tambi\u00e9n.<\/p>\n<h2>Programar un tratamiento<\/h2>\n<p>Una sesi\u00f3n de escleroterapia abarca las dos piernas y suele durar de 15 a 20 minutos, seg\u00fan el tama\u00f1o y el n\u00famero de venas. Las plazas de tratamiento pueden llenarse r\u00e1pidamente, por lo que recomendamos llamar con la mayor antelaci\u00f3n posible para programarlas. Si no est\u00e1 seguro de que la escleroterapia sea el tratamiento que necesita, le recomendamos encarecidamente que programe una consulta por separado antes de programar el procedimiento. Las consultas suelen estar cubiertas por el seguro. Recuerda que se aplican franquicias y copagos.<\/p>\n<p>[\/et_pb_text][\/et_pb_column][\/et_pb_row][\/et_pb_section]<\/p>\n","protected":false},"excerpt":{"rendered":"<p>Escleroterapia para el tratamiento de la vena ara\u00f1a Qu\u00e9 es el tratamiento de escleroterapia La escleroterapia destaca como el tratamiento m\u00e1s eficaz y popular para las ara\u00f1as vasculares o venas reticulares. Este procedimiento consiste en la inyecci\u00f3n precisa de una soluci\u00f3n especial directamente en las peque\u00f1as ara\u00f1as vasculares. La soluci\u00f3n inyectada irrita el revestimiento interno [&hellip;]<\/p>\n","protected":false},"author":5,"featured_media":0,"parent":0,"menu_order":0,"comment_status":"closed","ping_status":"closed","template":"","meta":{"_et_pb_use_builder":"on","_et_pb_old_content":"","_et_gb_content_width":"","footnotes":""},"class_list":["post-2971","page","type-page","status-publish","hentry"],"yoast_head":"<!-- This site is optimized with the Yoast SEO Premium plugin v23.9 (Yoast SEO v26.8) - https:\/\/yoast.com\/product\/yoast-seo-premium-wordpress\/ -->\n<title>Escleroterapia (Escleroterapia) Tratamiento de la vena de la ara\u00f1a Eliminaci\u00f3n de venas ara\u00f1a<\/title>\n<meta name=\"description\" content=\"La escleroterapia es el tratamiento m\u00e1s eficaz de las ara\u00f1as vasculares. La inyecci\u00f3n de una soluci\u00f3n especial hace desaparecer las ara\u00f1as vasculares.\" \/>\n<meta name=\"robots\" content=\"noindex, follow, max-snippet:-1, max-image-preview:large, max-video-preview:-1\" \/>\n<meta property=\"og:locale\" content=\"es_ES\" \/>\n<meta property=\"og:type\" content=\"article\" \/>\n<meta property=\"og:title\" content=\"Escleroterapia\" \/>\n<meta property=\"og:description\" content=\"La escleroterapia es el tratamiento m\u00e1s eficaz de las ara\u00f1as vasculares. La inyecci\u00f3n de una soluci\u00f3n especial hace desaparecer las ara\u00f1as vasculares.\" \/>\n<meta property=\"og:url\" content=\"https:\/\/dev.sfveincenter.com\/es\/tratamiento-de-venas-vasculares-escleroterapia\/\" \/>\n<meta property=\"og:site_name\" content=\"San Francisco Vein Doctor | Varicose &amp; Spider Vein Treatment\" \/>\n<meta property=\"article:publisher\" content=\"https:\/\/www.facebook.com\/sfveincenter\" \/>\n<meta property=\"article:modified_time\" content=\"2024-11-22T07:18:55+00:00\" \/>\n<meta property=\"og:image\" content=\"https:\/\/dev.sfveincenter.com\/wp-content\/uploads\/2024\/05\/best-treatment-for-spider-veins-sclerotherapy.png\" \/>\n\t<meta property=\"og:image:width\" content=\"600\" \/>\n\t<meta property=\"og:image:height\" content=\"530\" \/>\n\t<meta property=\"og:image:type\" content=\"image\/png\" \/>\n<meta name=\"twitter:card\" content=\"summary_large_image\" \/>\n<meta name=\"twitter:site\" content=\"@sfveincenter\" \/>\n<meta name=\"twitter:label1\" content=\"Tiempo de lectura\" \/>\n\t<meta name=\"twitter:data1\" content=\"7 minutos\" \/>\n<script type=\"application\/ld+json\" class=\"yoast-schema-graph\">{\"@context\":\"https:\/\/schema.org\",\"@graph\":[{\"@type\":\"WebPage\",\"@id\":\"https:\/\/dev.sfveincenter.com\/es\/tratamiento-de-venas-vasculares-escleroterapia\/\",\"url\":\"https:\/\/dev.sfveincenter.com\/es\/tratamiento-de-venas-vasculares-escleroterapia\/\",\"name\":\"Escleroterapia (Escleroterapia) Tratamiento de la vena de la ara\u00f1a Eliminaci\u00f3n de venas ara\u00f1a\",\"isPartOf\":{\"@id\":\"https:\/\/dev.sfveincenter.com\/es\/#website\"},\"primaryImageOfPage\":{\"@id\":\"https:\/\/dev.sfveincenter.com\/es\/tratamiento-de-venas-vasculares-escleroterapia\/#primaryimage\"},\"image\":{\"@id\":\"https:\/\/dev.sfveincenter.com\/es\/tratamiento-de-venas-vasculares-escleroterapia\/#primaryimage\"},\"thumbnailUrl\":\"https:\/\/dev.sfveincenter.com\/wp-content\/uploads\/2024\/05\/best-treatment-for-spider-veins-sclerotherapy-300x265.png\",\"datePublished\":\"2018-10-09T22:32:37+00:00\",\"dateModified\":\"2024-11-22T07:18:55+00:00\",\"description\":\"La escleroterapia es el tratamiento m\u00e1s eficaz de las ara\u00f1as vasculares. La inyecci\u00f3n de una soluci\u00f3n especial hace desaparecer las ara\u00f1as vasculares.\",\"breadcrumb\":{\"@id\":\"https:\/\/dev.sfveincenter.com\/es\/tratamiento-de-venas-vasculares-escleroterapia\/#breadcrumb\"},\"inLanguage\":\"es\",\"potentialAction\":[{\"@type\":\"ReadAction\",\"target\":[\"https:\/\/dev.sfveincenter.com\/es\/tratamiento-de-venas-vasculares-escleroterapia\/\"]}]},{\"@type\":\"ImageObject\",\"inLanguage\":\"es\",\"@id\":\"https:\/\/dev.sfveincenter.com\/es\/tratamiento-de-venas-vasculares-escleroterapia\/#primaryimage\",\"url\":\"https:\/\/dev.sfveincenter.com\/wp-content\/uploads\/2024\/05\/best-treatment-for-spider-veins-sclerotherapy-300x265.png\",\"contentUrl\":\"https:\/\/dev.sfveincenter.com\/wp-content\/uploads\/2024\/05\/best-treatment-for-spider-veins-sclerotherapy-300x265.png\"},{\"@type\":\"BreadcrumbList\",\"@id\":\"https:\/\/dev.sfveincenter.com\/es\/tratamiento-de-venas-vasculares-escleroterapia\/#breadcrumb\",\"itemListElement\":[{\"@type\":\"ListItem\",\"position\":1,\"name\":\"Home\",\"item\":\"https:\/\/dev.sfveincenter.com\/es\/inicio-2\/\"},{\"@type\":\"ListItem\",\"position\":2,\"name\":\"Escleroterapia\"}]},{\"@type\":\"WebSite\",\"@id\":\"https:\/\/dev.sfveincenter.com\/es\/#website\",\"url\":\"https:\/\/dev.sfveincenter.com\/es\/\",\"name\":\"San Francisco Vein Doctor | Varicose &amp; Spider Vein Treatment\",\"description\":\"\",\"publisher\":{\"@id\":\"https:\/\/dev.sfveincenter.com\/es\/#organization\"},\"potentialAction\":[{\"@type\":\"SearchAction\",\"target\":{\"@type\":\"EntryPoint\",\"urlTemplate\":\"https:\/\/dev.sfveincenter.com\/es\/?s={search_term_string}\"},\"query-input\":{\"@type\":\"PropertyValueSpecification\",\"valueRequired\":true,\"valueName\":\"search_term_string\"}}],\"inLanguage\":\"es\"},{\"@type\":\"Organization\",\"@id\":\"https:\/\/dev.sfveincenter.com\/es\/#organization\",\"name\":\"San Francisco Vein Center - Melinda L Aquino MD\",\"url\":\"https:\/\/dev.sfveincenter.com\/es\/\",\"logo\":{\"@type\":\"ImageObject\",\"inLanguage\":\"es\",\"@id\":\"https:\/\/dev.sfveincenter.com\/es\/#\/schema\/logo\/image\/\",\"url\":\"https:\/\/dev.sfveincenter.com\/wp-content\/uploads\/2021\/02\/cropped-favicon-512x512-1-1.png\",\"contentUrl\":\"https:\/\/dev.sfveincenter.com\/wp-content\/uploads\/2021\/02\/cropped-favicon-512x512-1-1.png\",\"width\":512,\"height\":512,\"caption\":\"San Francisco Vein Center - Melinda L Aquino MD\"},\"image\":{\"@id\":\"https:\/\/dev.sfveincenter.com\/es\/#\/schema\/logo\/image\/\"},\"sameAs\":[\"https:\/\/www.facebook.com\/sfveincenter\",\"https:\/\/x.com\/sfveincenter\",\"https:\/\/www.youtube.com\/channel\/UCH75q26Kq5lThH_Xptt8imQ\",\"https:\/\/x.com\/SFVeinCenter\"]}]}<\/script>\n<!-- \/ Yoast SEO Premium plugin. -->","yoast_head_json":{"title":"Escleroterapia (Escleroterapia) Tratamiento de la vena de la ara\u00f1a Eliminaci\u00f3n de venas ara\u00f1a","description":"La escleroterapia es el tratamiento m\u00e1s eficaz de las ara\u00f1as vasculares. La inyecci\u00f3n de una soluci\u00f3n especial hace desaparecer las ara\u00f1as vasculares.","robots":{"index":"noindex","follow":"follow","max-snippet":"max-snippet:-1","max-image-preview":"max-image-preview:large","max-video-preview":"max-video-preview:-1"},"og_locale":"es_ES","og_type":"article","og_title":"Escleroterapia","og_description":"La escleroterapia es el tratamiento m\u00e1s eficaz de las ara\u00f1as vasculares. La inyecci\u00f3n de una soluci\u00f3n especial hace desaparecer las ara\u00f1as vasculares.","og_url":"https:\/\/dev.sfveincenter.com\/es\/tratamiento-de-venas-vasculares-escleroterapia\/","og_site_name":"San Francisco Vein Doctor | Varicose &amp; Spider Vein Treatment","article_publisher":"https:\/\/www.facebook.com\/sfveincenter","article_modified_time":"2024-11-22T07:18:55+00:00","og_image":[{"width":600,"height":530,"url":"https:\/\/dev.sfveincenter.com\/wp-content\/uploads\/2024\/05\/best-treatment-for-spider-veins-sclerotherapy.png","type":"image\/png"}],"twitter_card":"summary_large_image","twitter_site":"@sfveincenter","twitter_misc":{"Tiempo de lectura":"7 minutos"},"schema":{"@context":"https:\/\/schema.org","@graph":[{"@type":"WebPage","@id":"https:\/\/dev.sfveincenter.com\/es\/tratamiento-de-venas-vasculares-escleroterapia\/","url":"https:\/\/dev.sfveincenter.com\/es\/tratamiento-de-venas-vasculares-escleroterapia\/","name":"Escleroterapia (Escleroterapia) Tratamiento de la vena de la ara\u00f1a Eliminaci\u00f3n de venas ara\u00f1a","isPartOf":{"@id":"https:\/\/dev.sfveincenter.com\/es\/#website"},"primaryImageOfPage":{"@id":"https:\/\/dev.sfveincenter.com\/es\/tratamiento-de-venas-vasculares-escleroterapia\/#primaryimage"},"image":{"@id":"https:\/\/dev.sfveincenter.com\/es\/tratamiento-de-venas-vasculares-escleroterapia\/#primaryimage"},"thumbnailUrl":"https:\/\/dev.sfveincenter.com\/wp-content\/uploads\/2024\/05\/best-treatment-for-spider-veins-sclerotherapy-300x265.png","datePublished":"2018-10-09T22:32:37+00:00","dateModified":"2024-11-22T07:18:55+00:00","description":"La escleroterapia es el tratamiento m\u00e1s eficaz de las ara\u00f1as vasculares. La inyecci\u00f3n de una soluci\u00f3n especial hace desaparecer las ara\u00f1as vasculares.","breadcrumb":{"@id":"https:\/\/dev.sfveincenter.com\/es\/tratamiento-de-venas-vasculares-escleroterapia\/#breadcrumb"},"inLanguage":"es","potentialAction":[{"@type":"ReadAction","target":["https:\/\/dev.sfveincenter.com\/es\/tratamiento-de-venas-vasculares-escleroterapia\/"]}]},{"@type":"ImageObject","inLanguage":"es","@id":"https:\/\/dev.sfveincenter.com\/es\/tratamiento-de-venas-vasculares-escleroterapia\/#primaryimage","url":"https:\/\/dev.sfveincenter.com\/wp-content\/uploads\/2024\/05\/best-treatment-for-spider-veins-sclerotherapy-300x265.png","contentUrl":"https:\/\/dev.sfveincenter.com\/wp-content\/uploads\/2024\/05\/best-treatment-for-spider-veins-sclerotherapy-300x265.png"},{"@type":"BreadcrumbList","@id":"https:\/\/dev.sfveincenter.com\/es\/tratamiento-de-venas-vasculares-escleroterapia\/#breadcrumb","itemListElement":[{"@type":"ListItem","position":1,"name":"Home","item":"https:\/\/dev.sfveincenter.com\/es\/inicio-2\/"},{"@type":"ListItem","position":2,"name":"Escleroterapia"}]},{"@type":"WebSite","@id":"https:\/\/dev.sfveincenter.com\/es\/#website","url":"https:\/\/dev.sfveincenter.com\/es\/","name":"San Francisco Vein Doctor | Varicose &amp; Spider Vein Treatment","description":"","publisher":{"@id":"https:\/\/dev.sfveincenter.com\/es\/#organization"},"potentialAction":[{"@type":"SearchAction","target":{"@type":"EntryPoint","urlTemplate":"https:\/\/dev.sfveincenter.com\/es\/?s={search_term_string}"},"query-input":{"@type":"PropertyValueSpecification","valueRequired":true,"valueName":"search_term_string"}}],"inLanguage":"es"},{"@type":"Organization","@id":"https:\/\/dev.sfveincenter.com\/es\/#organization","name":"San Francisco Vein Center - Melinda L Aquino MD","url":"https:\/\/dev.sfveincenter.com\/es\/","logo":{"@type":"ImageObject","inLanguage":"es","@id":"https:\/\/dev.sfveincenter.com\/es\/#\/schema\/logo\/image\/","url":"https:\/\/dev.sfveincenter.com\/wp-content\/uploads\/2021\/02\/cropped-favicon-512x512-1-1.png","contentUrl":"https:\/\/dev.sfveincenter.com\/wp-content\/uploads\/2021\/02\/cropped-favicon-512x512-1-1.png","width":512,"height":512,"caption":"San Francisco Vein Center - Melinda L Aquino MD"},"image":{"@id":"https:\/\/dev.sfveincenter.com\/es\/#\/schema\/logo\/image\/"},"sameAs":["https:\/\/www.facebook.com\/sfveincenter","https:\/\/x.com\/sfveincenter","https:\/\/www.youtube.com\/channel\/UCH75q26Kq5lThH_Xptt8imQ","https:\/\/x.com\/SFVeinCenter"]}]}},"_links":{"self":[{"href":"https:\/\/dev.sfveincenter.com\/es\/wp-json\/wp\/v2\/pages\/2971","targetHints":{"allow":["GET"]}}],"collection":[{"href":"https:\/\/dev.sfveincenter.com\/es\/wp-json\/wp\/v2\/pages"}],"about":[{"href":"https:\/\/dev.sfveincenter.com\/es\/wp-json\/wp\/v2\/types\/page"}],"author":[{"embeddable":true,"href":"https:\/\/dev.sfveincenter.com\/es\/wp-json\/wp\/v2\/users\/5"}],"replies":[{"embeddable":true,"href":"https:\/\/dev.sfveincenter.com\/es\/wp-json\/wp\/v2\/comments?post=2971"}],"version-history":[{"count":3,"href":"https:\/\/dev.sfveincenter.com\/es\/wp-json\/wp\/v2\/pages\/2971\/revisions"}],"predecessor-version":[{"id":9506,"href":"https:\/\/dev.sfveincenter.com\/es\/wp-json\/wp\/v2\/pages\/2971\/revisions\/9506"}],"wp:attachment":[{"href":"https:\/\/dev.sfveincenter.com\/es\/wp-json\/wp\/v2\/media?parent=2971"}],"curies":[{"name":"wp","href":"https:\/\/api.w.org\/{rel}","templated":true}]}}