{"id":3020,"date":"2018-10-09T19:14:48","date_gmt":"2018-10-10T02:14:48","guid":{"rendered":"http:\/\/54.70.23.198\/endovenosa-laser-terapia-evlt\/"},"modified":"2024-11-08T14:13:20","modified_gmt":"2024-11-08T22:13:20","slug":"endovenosa-laser-terapia-evlt","status":"publish","type":"page","link":"https:\/\/dev.sfveincenter.com\/es\/endovenosa-laser-terapia-evlt\/","title":{"rendered":"Terapia endovenosa con l\u00e1ser (EVLT)"},"content":{"rendered":"<p>[et_pb_section fb_built=\u00bb1&#8243; _builder_version=\u00bb4.16&#8243; custom_padding=\u00bb1%|||\u00bb global_colors_info=\u00bb{}\u00bb][et_pb_row _builder_version=\u00bb4.16&#8243; background_size=\u00bbinitial\u00bb background_position=\u00bbtop_left\u00bb background_repeat=\u00bbrepeat\u00bb global_colors_info=\u00bb{}\u00bb][et_pb_column type=\u00bb4_4&#8243; _builder_version=\u00bb4.16&#8243; custom_padding=\u00bb|||\u00bb global_colors_info=\u00bb{}\u00bb custom_padding__hover=\u00bb|||\u00bb][et_pb_text _builder_version=\u00bb4.16&#8243; z_index_tablet=\u00bb500&#8243; global_colors_info=\u00bb{}\u00bb]<\/p>\n<h1 style=\"text-align: center;\">Terapia endovenosa con l\u00e1ser (EVLT)<\/h1>\n<p>Endovenous laser therapy (EVLT or ELT) is synonymous to endovenous laser ablation (EVLA). Es uno de los muchos procedimientos que usamos en el centro de venas de San Francisco para tratar las <a href=\"https:\/\/dev.sfveincenter.com\/es\/tratamiento-de-venas-varicosas-varices\/\">varices<\/a>. Este es un procedimiento m\u00ednimamente invasivo que realizamos en la oficina. No requiere anestesia general y permite al paciente salir de la oficina despu\u00e9s del procedimiento y reanudar las actividades normales poco despu\u00e9s. Es seguro, efectivo, y dura aproximadamente una hora. El EVLT o el EVLA es una mejora vasta sobre el m\u00e9todo tradicional pasado de quitar las varices llamadas \u00abel pelar de la vena\u00bb.<\/p>\n<h2>Candidatos y preparaci\u00f3n<\/h2>\n<p>Debido a que la <strong>terapia con l\u00e1ser endovenoso<\/strong> es m\u00ednimamente invasiva, hay poco que preparar para el procedimiento. Es necesario que el cirujano realice una ecograf\u00eda venosa para determinar si el paciente tiene <a href=\"https:\/\/dev.sfveincenter.com\/es\/insuficiencia-venosa\/\">insuficiencia venosa<\/a>. Esta es la causa principal de las varices. Luego, el <a href=\"https:\/\/dev.sfveincenter.com\/es\/cirujano-vascular-doctor-aquino\/\">cirujano vascular<\/a> utiliza el ultrasonido para trazar las venas o venas que se tratar\u00e1n con l\u00e1ser. La anestesia general no es necesaria para la ablaci\u00f3n con l\u00e1ser, aunque los pacientes a veces pueden tomar algo para relajarse.<\/p>\n<h2>Procedimiento<\/h2>\n<p><img loading=\"lazy\" decoding=\"async\" class=\"alignright size-full wp-image-2279\" src=\"https:\/\/dev.sfveincenter.com\/wp-content\/uploads\/2018\/08\/evlt.jpg\" alt=\"EVLT EVla\" width=\"291\" height=\"330\" srcset=\"https:\/\/dev.sfveincenter.com\/wp-content\/uploads\/2018\/08\/evlt.jpg 291w, https:\/\/dev.sfveincenter.com\/wp-content\/uploads\/2018\/08\/evlt-265x300.jpg 265w\" sizes=\"(max-width: 291px) 100vw, 291px\" \/>La ablaci\u00f3n de la terapia l\u00e1ser endovenosa es similar a la <a href=\"https:\/\/dev.sfveincenter.com\/es\/ablacion-por-radiofrecuencia-rfa\/\">ablaci\u00f3n por radiofrecuencia<\/a>, ya que el objetivo final es cerrar la vena enferma superficial. El cirujano coloca un cat\u00e9ter l\u00e1ser especial en la safena mayor o en la vena safena menor a trav\u00e9s de un punto de entrada muy peque\u00f1o. Usando ultrasonido para guiar el cat\u00e9ter, el l\u00e1ser emite un haz concentrado de energ\u00eda de luz mientras el cirujano jala el cat\u00e9ter hacia atr\u00e1s a trav\u00e9s de la vena. El l\u00e1ser aplica suficiente energ\u00eda a las paredes de la vena para hacer que se selle y se cierre. Este proceso hace que el flujo sangu\u00edneo se redirija a las venas sanas que funcionan. El cuerpo finalmente absorbe la vena sellada y desaparece.<\/p>\n<h2>Recuperaci\u00f3n<\/h2>\n<p>Hay muy pocas restricciones con la recuperaci\u00f3n despu\u00e9s del procedimiento de terapia l\u00e1ser endovenosa. Uno de los pocos es mantenerse alejado de un ejercicio altamente extenuante o de alto impacto durante unos d\u00edas. Hay algunos otros factores claves a seguir para la recuperaci\u00f3n \u00f3ptima despu\u00e9s de la ablaci\u00f3n del laser.<\/p>\n<ul>\n<li>Animamos a los pacientes a hacer <a href=\"https:\/\/dev.sfveincenter.com\/es\/ejercicio-despues-vena-procedimiento\/\">ejercicio<\/a> y caminar inmediatamente despu\u00e9s del tratamiento. Caminar con frecuencia y diariamente es importante y ayuda a la recuperaci\u00f3n.<\/li>\n<li>Tambi\u00e9n es importante usar medias de compresi\u00f3n. El paciente debe usarlas por cerca de dos semanas. No son necesarios mientras duermen.<\/li>\n<li>Evite sentarse durante largos per\u00edodos de tiempo.<\/li>\n<\/ul>\n<h2>Riesgos y tasas de \u00e9xito<\/h2>\n<p>La ablaci\u00f3n de la vena del laser es un procedimiento de riesgo muy bajo. Los pacientes con terapia l\u00e1ser endovenosa pueden experimentar algunos hematomas y molestias durante unos d\u00edas o semanas. A veces los pacientes experimentan enrojecimiento o irritaci\u00f3n alrededor del sitio de tratamiento. La trombosis venosa profunda es uno de los principales riesgos que debe tener en cuenta. Hay un riesgo del 1%. Esta afecci\u00f3n ocurre cuando un co\u00e1gulo sangu\u00edneo se forma en la vena. Aunque sea raro, puede llegar a ser serio si se desplaza y viaja a los pulmones. Cuando esto sucede, necesita ser tratada inmediatamente con diluyentes de la sangre. Despu\u00e9s del r\u00e9gimen de recuperaci\u00f3n de usar medias de compresi\u00f3n y caminar con frecuencia ayuda a reducir estos riesgos.<\/p>\n<p>La tasa de \u00e9xito inicial para la ablaci\u00f3n con l\u00e1ser es de aproximadamente 99%. Sin embargo, con el tiempo hay un 5% a 10% de probabilidades de recurrencia. Debido a que es m\u00ednimamente invasiva y de bajo riesgo, los pacientes que experimentan recurrencia pueden optar por realizar el procedimiento de nuevo.<\/p>\n<h2>Nuevas tecnolog\u00edas y mejoras<\/h2>\n<p><img loading=\"lazy\" decoding=\"async\" class=\"wp-image-739 alignright size-full\" src=\"https:\/\/dev.sfveincenter.com\/wp-content\/uploads\/2018\/08\/endovenous-laser-ablation-evlt-1.png\" alt=\"tratamiento con l\u00e1ser endovenoso o ablaci\u00f3n\" width=\"550\" height=\"142\">Hay muchos l\u00e1seres diferentes en el mercado. La ablaci\u00f3n endovenosa con l\u00e1ser se utiliza para ser m\u00e1s dolorosa en comparaci\u00f3n con la ablaci\u00f3n por radiofrecuencia. Sin embargo, en los a\u00f1os desde la aprobaci\u00f3n de la FDA, las mejoras tecnol\u00f3gicas les han permitido ser menos dolorosas sin sacrificar la eficacia. Los fabricantes han disminuido el da\u00f1o colateral a los tejidos circundantes al amortiguar el l\u00e1ser de diferentes maneras. Esto ayuda a disminuir el contacto del l\u00e1ser con la pared de la vena y disminuye el hematoma y el dolor.<\/p>\n<p>En el centro de la vena de San Francisco, ofrecemos ablaci\u00f3n por l\u00e1ser endovenoso y ablaci\u00f3n por radiofrecuencia. Consideramos el tama\u00f1o de la vena, la profundidad de las venas y muchos otros factores al elegir un tratamiento para nuestros pacientes. Tambi\u00e9n discutimos las opciones con nuestros pacientes y tomamos en la preferencia del paciente de la cuenta. De esta manera podemos ofrecer un plan de tratamiento personalizado que mejor se adapte a las necesidades de nuestros pacientes y proporcione los mejores resultados posibles.[\/et_pb_text][\/et_pb_column][\/et_pb_row][\/et_pb_section]<\/p>\n","protected":false},"excerpt":{"rendered":"<p>Terapia endovenosa con l\u00e1ser (EVLT) Endovenous laser therapy (EVLT or ELT) is synonymous to endovenous laser ablation (EVLA). Es uno de los muchos procedimientos que usamos en el centro de venas de San Francisco para tratar las varices. Este es un procedimiento m\u00ednimamente invasivo que realizamos en la oficina. No requiere anestesia general y permite [&hellip;]<\/p>\n","protected":false},"author":5,"featured_media":0,"parent":0,"menu_order":0,"comment_status":"closed","ping_status":"closed","template":"","meta":{"_et_pb_use_builder":"on","_et_pb_old_content":"","_et_gb_content_width":"","footnotes":""},"class_list":["post-3020","page","type-page","status-publish","hentry"],"yoast_head":"<!-- This site is optimized with the Yoast SEO Premium plugin v23.9 (Yoast SEO v26.8) - https:\/\/yoast.com\/product\/yoast-seo-premium-wordpress\/ -->\n<title>Terapia l\u00e1ser endovenosa (EVLT) para las varices<\/title>\n<meta name=\"description\" content=\"EVLT o EVLA es uno de los est\u00e1ndares de oro para tratar las varices. El l\u00e1ser cierra la vena difuncional y las venas sanas toman el relevo.\" \/>\n<meta name=\"robots\" content=\"noindex, follow, max-snippet:-1, max-image-preview:large, max-video-preview:-1\" \/>\n<meta property=\"og:locale\" content=\"es_ES\" \/>\n<meta property=\"og:type\" content=\"article\" \/>\n<meta property=\"og:title\" content=\"Terapia endovenosa con l\u00e1ser (EVLT)\" \/>\n<meta property=\"og:description\" content=\"EVLT o EVLA es uno de los est\u00e1ndares de oro para tratar las varices. El l\u00e1ser cierra la vena difuncional y las venas sanas toman el relevo.\" \/>\n<meta property=\"og:url\" content=\"https:\/\/dev.sfveincenter.com\/es\/endovenosa-laser-terapia-evlt\/\" \/>\n<meta property=\"og:site_name\" content=\"San Francisco Vein Doctor | Varicose &amp; Spider Vein Treatment\" \/>\n<meta property=\"article:publisher\" content=\"https:\/\/www.facebook.com\/sfveincenter\" \/>\n<meta property=\"article:modified_time\" content=\"2024-11-08T22:13:20+00:00\" \/>\n<meta property=\"og:image\" content=\"https:\/\/dev.sfveincenter.com\/wp-content\/uploads\/2018\/08\/evlt.jpg\" \/>\n\t<meta property=\"og:image:width\" content=\"291\" \/>\n\t<meta property=\"og:image:height\" content=\"330\" \/>\n\t<meta property=\"og:image:type\" content=\"image\/jpeg\" \/>\n<meta name=\"twitter:card\" content=\"summary_large_image\" \/>\n<meta name=\"twitter:site\" content=\"@sfveincenter\" \/>\n<meta name=\"twitter:label1\" content=\"Tiempo de lectura\" \/>\n\t<meta name=\"twitter:data1\" content=\"5 minutos\" \/>\n<script type=\"application\/ld+json\" class=\"yoast-schema-graph\">{\"@context\":\"https:\/\/schema.org\",\"@graph\":[{\"@type\":\"WebPage\",\"@id\":\"https:\/\/dev.sfveincenter.com\/es\/endovenosa-laser-terapia-evlt\/\",\"url\":\"https:\/\/dev.sfveincenter.com\/es\/endovenosa-laser-terapia-evlt\/\",\"name\":\"Terapia l\u00e1ser endovenosa (EVLT) para las varices\",\"isPartOf\":{\"@id\":\"https:\/\/dev.sfveincenter.com\/es\/#website\"},\"primaryImageOfPage\":{\"@id\":\"https:\/\/dev.sfveincenter.com\/es\/endovenosa-laser-terapia-evlt\/#primaryimage\"},\"image\":{\"@id\":\"https:\/\/dev.sfveincenter.com\/es\/endovenosa-laser-terapia-evlt\/#primaryimage\"},\"thumbnailUrl\":\"https:\/\/dev.sfveincenter.com\/wp-content\/uploads\/2018\/08\/evlt.jpg\",\"datePublished\":\"2018-10-10T02:14:48+00:00\",\"dateModified\":\"2024-11-08T22:13:20+00:00\",\"description\":\"EVLT o EVLA es uno de los est\u00e1ndares de oro para tratar las varices. El l\u00e1ser cierra la vena difuncional y las venas sanas toman el relevo.\",\"breadcrumb\":{\"@id\":\"https:\/\/dev.sfveincenter.com\/es\/endovenosa-laser-terapia-evlt\/#breadcrumb\"},\"inLanguage\":\"es\",\"potentialAction\":[{\"@type\":\"ReadAction\",\"target\":[\"https:\/\/dev.sfveincenter.com\/es\/endovenosa-laser-terapia-evlt\/\"]}]},{\"@type\":\"ImageObject\",\"inLanguage\":\"es\",\"@id\":\"https:\/\/dev.sfveincenter.com\/es\/endovenosa-laser-terapia-evlt\/#primaryimage\",\"url\":\"https:\/\/dev.sfveincenter.com\/wp-content\/uploads\/2018\/08\/evlt.jpg\",\"contentUrl\":\"https:\/\/dev.sfveincenter.com\/wp-content\/uploads\/2018\/08\/evlt.jpg\"},{\"@type\":\"BreadcrumbList\",\"@id\":\"https:\/\/dev.sfveincenter.com\/es\/endovenosa-laser-terapia-evlt\/#breadcrumb\",\"itemListElement\":[{\"@type\":\"ListItem\",\"position\":1,\"name\":\"Home\",\"item\":\"https:\/\/dev.sfveincenter.com\/es\/inicio-2\/\"},{\"@type\":\"ListItem\",\"position\":2,\"name\":\"Terapia endovenosa con l\u00e1ser (EVLT)\"}]},{\"@type\":\"WebSite\",\"@id\":\"https:\/\/dev.sfveincenter.com\/es\/#website\",\"url\":\"https:\/\/dev.sfveincenter.com\/es\/\",\"name\":\"San Francisco Vein Doctor | Varicose &amp; Spider Vein Treatment\",\"description\":\"\",\"publisher\":{\"@id\":\"https:\/\/dev.sfveincenter.com\/es\/#organization\"},\"potentialAction\":[{\"@type\":\"SearchAction\",\"target\":{\"@type\":\"EntryPoint\",\"urlTemplate\":\"https:\/\/dev.sfveincenter.com\/es\/?s={search_term_string}\"},\"query-input\":{\"@type\":\"PropertyValueSpecification\",\"valueRequired\":true,\"valueName\":\"search_term_string\"}}],\"inLanguage\":\"es\"},{\"@type\":\"Organization\",\"@id\":\"https:\/\/dev.sfveincenter.com\/es\/#organization\",\"name\":\"San Francisco Vein Center - Melinda L Aquino MD\",\"url\":\"https:\/\/dev.sfveincenter.com\/es\/\",\"logo\":{\"@type\":\"ImageObject\",\"inLanguage\":\"es\",\"@id\":\"https:\/\/dev.sfveincenter.com\/es\/#\/schema\/logo\/image\/\",\"url\":\"https:\/\/dev.sfveincenter.com\/wp-content\/uploads\/2021\/02\/cropped-favicon-512x512-1-1.png\",\"contentUrl\":\"https:\/\/dev.sfveincenter.com\/wp-content\/uploads\/2021\/02\/cropped-favicon-512x512-1-1.png\",\"width\":512,\"height\":512,\"caption\":\"San Francisco Vein Center - Melinda L Aquino MD\"},\"image\":{\"@id\":\"https:\/\/dev.sfveincenter.com\/es\/#\/schema\/logo\/image\/\"},\"sameAs\":[\"https:\/\/www.facebook.com\/sfveincenter\",\"https:\/\/x.com\/sfveincenter\",\"https:\/\/www.youtube.com\/channel\/UCH75q26Kq5lThH_Xptt8imQ\",\"https:\/\/x.com\/SFVeinCenter\"]}]}<\/script>\n<!-- \/ Yoast SEO Premium plugin. -->","yoast_head_json":{"title":"Terapia l\u00e1ser endovenosa (EVLT) para las varices","description":"EVLT o EVLA es uno de los est\u00e1ndares de oro para tratar las varices. El l\u00e1ser cierra la vena difuncional y las venas sanas toman el relevo.","robots":{"index":"noindex","follow":"follow","max-snippet":"max-snippet:-1","max-image-preview":"max-image-preview:large","max-video-preview":"max-video-preview:-1"},"og_locale":"es_ES","og_type":"article","og_title":"Terapia endovenosa con l\u00e1ser (EVLT)","og_description":"EVLT o EVLA es uno de los est\u00e1ndares de oro para tratar las varices. El l\u00e1ser cierra la vena difuncional y las venas sanas toman el relevo.","og_url":"https:\/\/dev.sfveincenter.com\/es\/endovenosa-laser-terapia-evlt\/","og_site_name":"San Francisco Vein Doctor | Varicose &amp; Spider Vein Treatment","article_publisher":"https:\/\/www.facebook.com\/sfveincenter","article_modified_time":"2024-11-08T22:13:20+00:00","og_image":[{"width":291,"height":330,"url":"https:\/\/dev.sfveincenter.com\/wp-content\/uploads\/2018\/08\/evlt.jpg","type":"image\/jpeg"}],"twitter_card":"summary_large_image","twitter_site":"@sfveincenter","twitter_misc":{"Tiempo de lectura":"5 minutos"},"schema":{"@context":"https:\/\/schema.org","@graph":[{"@type":"WebPage","@id":"https:\/\/dev.sfveincenter.com\/es\/endovenosa-laser-terapia-evlt\/","url":"https:\/\/dev.sfveincenter.com\/es\/endovenosa-laser-terapia-evlt\/","name":"Terapia l\u00e1ser endovenosa (EVLT) para las varices","isPartOf":{"@id":"https:\/\/dev.sfveincenter.com\/es\/#website"},"primaryImageOfPage":{"@id":"https:\/\/dev.sfveincenter.com\/es\/endovenosa-laser-terapia-evlt\/#primaryimage"},"image":{"@id":"https:\/\/dev.sfveincenter.com\/es\/endovenosa-laser-terapia-evlt\/#primaryimage"},"thumbnailUrl":"https:\/\/dev.sfveincenter.com\/wp-content\/uploads\/2018\/08\/evlt.jpg","datePublished":"2018-10-10T02:14:48+00:00","dateModified":"2024-11-08T22:13:20+00:00","description":"EVLT o EVLA es uno de los est\u00e1ndares de oro para tratar las varices. El l\u00e1ser cierra la vena difuncional y las venas sanas toman el relevo.","breadcrumb":{"@id":"https:\/\/dev.sfveincenter.com\/es\/endovenosa-laser-terapia-evlt\/#breadcrumb"},"inLanguage":"es","potentialAction":[{"@type":"ReadAction","target":["https:\/\/dev.sfveincenter.com\/es\/endovenosa-laser-terapia-evlt\/"]}]},{"@type":"ImageObject","inLanguage":"es","@id":"https:\/\/dev.sfveincenter.com\/es\/endovenosa-laser-terapia-evlt\/#primaryimage","url":"https:\/\/dev.sfveincenter.com\/wp-content\/uploads\/2018\/08\/evlt.jpg","contentUrl":"https:\/\/dev.sfveincenter.com\/wp-content\/uploads\/2018\/08\/evlt.jpg"},{"@type":"BreadcrumbList","@id":"https:\/\/dev.sfveincenter.com\/es\/endovenosa-laser-terapia-evlt\/#breadcrumb","itemListElement":[{"@type":"ListItem","position":1,"name":"Home","item":"https:\/\/dev.sfveincenter.com\/es\/inicio-2\/"},{"@type":"ListItem","position":2,"name":"Terapia endovenosa con l\u00e1ser (EVLT)"}]},{"@type":"WebSite","@id":"https:\/\/dev.sfveincenter.com\/es\/#website","url":"https:\/\/dev.sfveincenter.com\/es\/","name":"San Francisco Vein Doctor | Varicose &amp; Spider Vein Treatment","description":"","publisher":{"@id":"https:\/\/dev.sfveincenter.com\/es\/#organization"},"potentialAction":[{"@type":"SearchAction","target":{"@type":"EntryPoint","urlTemplate":"https:\/\/dev.sfveincenter.com\/es\/?s={search_term_string}"},"query-input":{"@type":"PropertyValueSpecification","valueRequired":true,"valueName":"search_term_string"}}],"inLanguage":"es"},{"@type":"Organization","@id":"https:\/\/dev.sfveincenter.com\/es\/#organization","name":"San Francisco Vein Center - Melinda L Aquino MD","url":"https:\/\/dev.sfveincenter.com\/es\/","logo":{"@type":"ImageObject","inLanguage":"es","@id":"https:\/\/dev.sfveincenter.com\/es\/#\/schema\/logo\/image\/","url":"https:\/\/dev.sfveincenter.com\/wp-content\/uploads\/2021\/02\/cropped-favicon-512x512-1-1.png","contentUrl":"https:\/\/dev.sfveincenter.com\/wp-content\/uploads\/2021\/02\/cropped-favicon-512x512-1-1.png","width":512,"height":512,"caption":"San Francisco Vein Center - Melinda L Aquino MD"},"image":{"@id":"https:\/\/dev.sfveincenter.com\/es\/#\/schema\/logo\/image\/"},"sameAs":["https:\/\/www.facebook.com\/sfveincenter","https:\/\/x.com\/sfveincenter","https:\/\/www.youtube.com\/channel\/UCH75q26Kq5lThH_Xptt8imQ","https:\/\/x.com\/SFVeinCenter"]}]}},"_links":{"self":[{"href":"https:\/\/dev.sfveincenter.com\/es\/wp-json\/wp\/v2\/pages\/3020","targetHints":{"allow":["GET"]}}],"collection":[{"href":"https:\/\/dev.sfveincenter.com\/es\/wp-json\/wp\/v2\/pages"}],"about":[{"href":"https:\/\/dev.sfveincenter.com\/es\/wp-json\/wp\/v2\/types\/page"}],"author":[{"embeddable":true,"href":"https:\/\/dev.sfveincenter.com\/es\/wp-json\/wp\/v2\/users\/5"}],"replies":[{"embeddable":true,"href":"https:\/\/dev.sfveincenter.com\/es\/wp-json\/wp\/v2\/comments?post=3020"}],"version-history":[{"count":0,"href":"https:\/\/dev.sfveincenter.com\/es\/wp-json\/wp\/v2\/pages\/3020\/revisions"}],"wp:attachment":[{"href":"https:\/\/dev.sfveincenter.com\/es\/wp-json\/wp\/v2\/media?parent=3020"}],"curies":[{"name":"wp","href":"https:\/\/api.w.org\/{rel}","templated":true}]}}