{"id":3023,"date":"2018-10-09T19:18:47","date_gmt":"2018-10-10T02:18:47","guid":{"rendered":"http:\/\/54.70.23.198\/arana-vena-retiro\/"},"modified":"2024-11-12T08:26:15","modified_gmt":"2024-11-12T16:26:15","slug":"eliminacion-de-venas-vasculares-aranas","status":"publish","type":"page","link":"https:\/\/dev.sfveincenter.com\/es\/eliminacion-de-venas-vasculares-aranas\/","title":{"rendered":"Ara\u00f1as vasculares"},"content":{"rendered":"<p>[et_pb_section fb_built=\u00bb1&#8243; _builder_version=\u00bb4.16&#8243; global_colors_info=\u00bb{}\u00bb][et_pb_row _builder_version=\u00bb4.16&#8243; background_size=\u00bbinitial\u00bb background_position=\u00bbtop_left\u00bb background_repeat=\u00bbrepeat\u00bb global_colors_info=\u00bb{}\u00bb][et_pb_column type=\u00bb4_4&#8243; _builder_version=\u00bb4.16&#8243; custom_padding=\u00bb|||\u00bb global_colors_info=\u00bb{}\u00bb custom_padding__hover=\u00bb|||\u00bb][et_pb_text _builder_version=\u00bb4.27.0&#8243; background_size=\u00bbinitial\u00bb background_position=\u00bbtop_left\u00bb background_repeat=\u00bbrepeat\u00bb hover_enabled=\u00bb0&#8243; global_colors_info=\u00bb{}\u00bb sticky_enabled=\u00bb0&#8243;]<\/p>\n<h1 style=\"text-align: center;\">Ara\u00f1as vasculares<\/h1>\n<p><img loading=\"lazy\" decoding=\"async\" class=\"wp-image-6227 size-medium alignright\" src=\"https:\/\/dev.sfveincenter.com\/wp-content\/uploads\/2019\/10\/spider_veins-300x200.jpg\" alt=\"ara\u00f1as vasculares\" width=\"300\" height=\"200\">Las ara\u00f1as (telangectasias) son peque\u00f1as venas da\u00f1adas t\u00edpicamente en la cara o las piernas. Son a menudo la manifestaci\u00f3n m\u00e1s temprana de la <a href=\"https:\/\/dev.sfveincenter.com\/es\/insuficiencia-venosa\/\">enfermedad venosa<\/a>. Son m\u00e1s comunes en las mujeres y pueden aumentar con la edad. <strong>Las venas ara\u00f1as<\/strong> se forman cuando las venas peque\u00f1as debajo de la piel se dilatan y luego se ven visibles a trav\u00e9s de la superficie de la piel. Afortunadamente, las ara\u00f1as vasculares pueden eliminarse. <em>La eliminaci\u00f3n de las ara\u00f1as vasculares<\/em> se realiza con inyecciones durante un procedimiento llamado <a href=\"https:\/\/dev.sfveincenter.com\/es\/tratamiento-de-venas-vasculares-escleroterapia\/\">escleroterapia<\/a>.<\/p>\n<h2>S\u00edntomas<\/h2>\n<p>Las ara\u00f1as pueden ser azules, p\u00farpuras o rojas. Forman extensos patrones de distribuciones lineales, de r\u00e1faga de estrellas o similares a \u00e1rboles. Las venas ara\u00f1as se pueden formar en todas las piernas, incluidos los muslos internos, los tobillos y las pantorrillas. Esto puede ser un signo de que existe una afecci\u00f3n llamada insuficiencia venosa. Por lo general, no son dolorosos. Sin embargo, es muy com\u00fan eliminar las ara\u00f1as pasas por razones cosm\u00e9ticas.<\/p>\n<h2>Causas<\/h2>\n<p>M\u00faltiples factores causan ara\u00f1as y los factores de riesgo son similares a los de las venas varicosas:<\/p>\n<ul>\n<li>Gen\u00e9tica<\/li>\n<li>Edad<\/li>\n<li>G\u00e9nero<\/li>\n<li>Embarazo<\/li>\n<li>Vida<\/li>\n<li>Obesidad<\/li>\n<li>Lesi\u00f3n<\/li>\n<\/ul>\n<h2>Diagn\u00f3stico<\/h2>\n<p>Por lo general, el diagn\u00f3stico no es necesario, ya que la mayor\u00eda de los pacientes ya saben que tienen ara\u00f1as. Sin embargo, en algunos casos, puede ser importante diagnosticar primero con <a href=\"https:\/\/dev.sfveincenter.com\/es\/insuficiencia-venosa\/#ultrasound\">ultrasonido.<\/a> Esto es especialmente cierto si hay venas varicosas, las venas son sensibles, o si las piernas se sienten pesadas. Con ultrasonido, el Dr. Aquino puede determinar el mejor plan de tratamiento para la eliminaci\u00f3n de <a href=\"https:\/\/dev.sfveincenter.com\/es\/escleroterapia-soluciones-comparadas\/\">ara\u00f1as vasculares.<\/a><\/p>\n<h2>Escleroterapia para la eliminaci\u00f3n de venas ara\u00f1a<\/h2>\n<p><img loading=\"lazy\" decoding=\"async\" class=\"wp-image-1536 alignright size-medium\" src=\"https:\/\/dev.sfveincenter.com\/wp-content\/uploads\/2018\/06\/sclerotherapy-legs-300x200.jpg\" alt=\"Escleroterapia para las venas vasculares en las piernas\" width=\"300\" height=\"200\" srcset=\"https:\/\/dev.sfveincenter.com\/wp-content\/uploads\/2018\/06\/sclerotherapy-legs-300x200.jpg 300w, https:\/\/dev.sfveincenter.com\/wp-content\/uploads\/2018\/06\/sclerotherapy-legs.jpg 420w\" sizes=\"(max-width: 300px) 100vw, 300px\" \/>La escleroterapia es un tratamiento seguro y m\u00ednimamente invasivo para la extirpaci\u00f3n de la vena ara\u00f1a. Las venas peque\u00f1as se inyectan con una sustancia aprobada por la FDA llamada sotradecol de sodio para eliminarlas. La escleroterapia puede tomar hasta tres sesiones. Los pacientes a menudo experimentan una mejor\u00eda considerable despu\u00e9s de la primera sesi\u00f3n. Cada sesi\u00f3n de escleroterapia dura aproximadamente 30 minutos. Para realizar la escleroterapia, se coloca una aguja muy peque\u00f1a en las <strong>ara\u00f1as para<\/strong> inyectar peque\u00f1as cantidades de soluci\u00f3n. La soluci\u00f3n hace que la vena ara\u00f1a cicatrice y luego se cierra permanentemente. Esto obliga a la sangre a reencaminarse por las venas m\u00e1s saludables. El tejido absorbe la vena cerrada y eventualmente se desvanece.<\/p>\n<h3 style=\"padding-left: 30px;\">\u00bfes dolorosa la escleroterapia?<\/h3>\n<p style=\"padding-left: 30px;\">El procedimiento a veces puede producir una peque\u00f1a cantidad de picaduras, pero esto generalmente desaparece despu\u00e9s de unos pocos minutos. El tratamiento con l\u00e1ser de las ara\u00f1as vasculares se considera m\u00e1s doloroso que la escleroterapia. Si usted ha o\u00eddo que la escleroterapia es dolorosa, es porque en el pasado, los especialistas de la vena utilizaron una soluci\u00f3n llamada salina hipert\u00f3nica. Esta soluci\u00f3n es dolorosa por lo que el Dr. Aquino opta por utilizar sotradecol s\u00f3dico que es mucho menos doloroso pero igual de eficaz para la eliminaci\u00f3n de <em><strong>las venas de ara\u00f1a.<\/strong><\/em><\/p>\n<h3 style=\"padding-left: 30px;\">\u00bfse pueden quitar las ara\u00f1as vasculares permanentemente?<\/h3>\n<p style=\"padding-left: 30px;\">Los pacientes suelen preguntar si las ara\u00f1as vasculares pueden repetirse. Pueden, pero por lo general vuelven de una manera menos prominente. La tendencia a obtener venas de ara\u00f1a es algo gen\u00e9tica como la tendencia a obtener pecas o manchas de edad. Para algunos pacientes, mantener las ara\u00f1as vasculares en la bah\u00eda significa ocasionalmente \u00abmantenimiento\u00bb citas para la escleroterapia.<\/p>\n<h2>Otras opciones de tratamiento para eliminar las ara\u00f1as vasculares<\/h2>\n<p>Otros m\u00e9todos para eliminar las ara\u00f1as vasculares son el <a href=\"https:\/\/dev.sfveincenter.com\/es\/endovenosa-laser-terapia-evlt\/\">tratamiento con l\u00e1ser<\/a>. Este tratamiento funciona usando un laser para calentar la vena de la ara\u00f1a que la hace cicatrizar y cerrar eventual. Al igual que la escleroterapia, la luz del l\u00e1ser hace que la vena pierda su fuente de sangre y eventualmente se desvanezca. Tanto el tratamiento con l\u00e1ser como la escleroterapia pueden ser efectivos para eliminar las ara\u00f1as vasculares cuando se utilizan correctamente. Sin embargo, el tratamiento con l\u00e1ser es menos efectivo en las venas mayores en las piernas. El laser para las venas de la ara\u00f1a es m\u00e1s apropiado para venas m\u00e1s peque\u00f1as en la cara y el pecho. El tratamiento con l\u00e1ser se asocia con m\u00e1s dolor que la escleroterapia. Debido a la tendencia de tratamiento de la vena l\u00e1ser en las piernas para producir m\u00e1s efectos secundarios con menor efectividad, el Dr. Aquino utiliza exclusivamente la escleroterapia para la eliminaci\u00f3n de las venas de ara\u00f1a.<\/p>\n<p>[\/et_pb_text][\/et_pb_column][\/et_pb_row][\/et_pb_section]<\/p>\n","protected":false},"excerpt":{"rendered":"<p>Las venas de ara\u00f1a tambi\u00e9n se conocen como telangiectasias. Son a menudo la manifestaci\u00f3n m\u00e1s temprana de la enfermedad venosa. Est\u00e1n formadas por peque\u00f1as venas bajo la piel que se dilatan haci\u00e9ndolos visibles a trav\u00e9s de la superficie de la piel. Pueden ser azules, p\u00farpuras, o rojos y son con frecuencia extensos, formando varios patrones de linear, de estallido de estrella, o \u00e1rbol-como la distribuci\u00f3n.<\/p>\n","protected":false},"author":5,"featured_media":0,"parent":0,"menu_order":0,"comment_status":"closed","ping_status":"closed","template":"","meta":{"_et_pb_use_builder":"on","_et_pb_old_content":"","_et_gb_content_width":"","footnotes":""},"class_list":["post-3023","page","type-page","status-publish","hentry"],"yoast_head":"<!-- This site is optimized with the Yoast SEO Premium plugin v23.9 (Yoast SEO v26.8) - https:\/\/yoast.com\/product\/yoast-seo-premium-wordpress\/ -->\n<title>Eliminaci\u00f3n de la vena de la ara\u00f1a | Venas ara\u00f1as | Venas varicosas<\/title>\n<meta name=\"description\" content=\"Las venas de la ara\u00f1a pueden ser una forma temprana de enfermedad de la vena. Las inyecciones de escleroterapia son el m\u00e9todo m\u00e1s popular para la eliminaci\u00f3n de las venas ara\u00f1a.\" \/>\n<meta name=\"robots\" content=\"noindex, follow, max-snippet:-1, max-image-preview:large, max-video-preview:-1\" \/>\n<meta property=\"og:locale\" content=\"es_ES\" \/>\n<meta property=\"og:type\" content=\"article\" \/>\n<meta property=\"og:title\" content=\"Ara\u00f1as vasculares\" \/>\n<meta property=\"og:description\" content=\"Las venas de la ara\u00f1a pueden ser una forma temprana de enfermedad de la vena. Las inyecciones de escleroterapia son el m\u00e9todo m\u00e1s popular para la eliminaci\u00f3n de las venas ara\u00f1a.\" \/>\n<meta property=\"og:url\" content=\"https:\/\/dev.sfveincenter.com\/es\/eliminacion-de-venas-vasculares-aranas\/\" \/>\n<meta property=\"og:site_name\" content=\"San Francisco Vein Doctor | Varicose &amp; Spider Vein Treatment\" \/>\n<meta property=\"article:publisher\" content=\"https:\/\/www.facebook.com\/sfveincenter\" \/>\n<meta property=\"article:modified_time\" content=\"2024-11-12T16:26:15+00:00\" \/>\n<meta property=\"og:image\" content=\"https:\/\/dev.sfveincenter.com\/wp-content\/uploads\/2019\/10\/spider_veins.jpg\" \/>\n\t<meta property=\"og:image:width\" content=\"700\" \/>\n\t<meta property=\"og:image:height\" content=\"467\" \/>\n\t<meta property=\"og:image:type\" content=\"image\/png\" \/>\n<meta name=\"twitter:card\" content=\"summary_large_image\" \/>\n<meta name=\"twitter:site\" content=\"@sfveincenter\" \/>\n<meta name=\"twitter:label1\" content=\"Tiempo de lectura\" \/>\n\t<meta name=\"twitter:data1\" content=\"4 minutos\" \/>\n<script type=\"application\/ld+json\" class=\"yoast-schema-graph\">{\"@context\":\"https:\/\/schema.org\",\"@graph\":[{\"@type\":\"WebPage\",\"@id\":\"https:\/\/dev.sfveincenter.com\/es\/eliminacion-de-venas-vasculares-aranas\/\",\"url\":\"https:\/\/dev.sfveincenter.com\/es\/eliminacion-de-venas-vasculares-aranas\/\",\"name\":\"Eliminaci\u00f3n de la vena de la ara\u00f1a | Venas ara\u00f1as | Venas varicosas\",\"isPartOf\":{\"@id\":\"https:\/\/dev.sfveincenter.com\/es\/#website\"},\"primaryImageOfPage\":{\"@id\":\"https:\/\/dev.sfveincenter.com\/es\/eliminacion-de-venas-vasculares-aranas\/#primaryimage\"},\"image\":{\"@id\":\"https:\/\/dev.sfveincenter.com\/es\/eliminacion-de-venas-vasculares-aranas\/#primaryimage\"},\"thumbnailUrl\":\"https:\/\/dev.sfveincenter.com\/wp-content\/uploads\/2019\/10\/spider_veins-300x200.jpg\",\"datePublished\":\"2018-10-10T02:18:47+00:00\",\"dateModified\":\"2024-11-12T16:26:15+00:00\",\"description\":\"Las venas de la ara\u00f1a pueden ser una forma temprana de enfermedad de la vena. Las inyecciones de escleroterapia son el m\u00e9todo m\u00e1s popular para la eliminaci\u00f3n de las venas ara\u00f1a.\",\"breadcrumb\":{\"@id\":\"https:\/\/dev.sfveincenter.com\/es\/eliminacion-de-venas-vasculares-aranas\/#breadcrumb\"},\"inLanguage\":\"es\",\"potentialAction\":[{\"@type\":\"ReadAction\",\"target\":[\"https:\/\/dev.sfveincenter.com\/es\/eliminacion-de-venas-vasculares-aranas\/\"]}]},{\"@type\":\"ImageObject\",\"inLanguage\":\"es\",\"@id\":\"https:\/\/dev.sfveincenter.com\/es\/eliminacion-de-venas-vasculares-aranas\/#primaryimage\",\"url\":\"https:\/\/dev.sfveincenter.com\/wp-content\/uploads\/2019\/10\/spider_veins-300x200.jpg\",\"contentUrl\":\"https:\/\/dev.sfveincenter.com\/wp-content\/uploads\/2019\/10\/spider_veins-300x200.jpg\"},{\"@type\":\"BreadcrumbList\",\"@id\":\"https:\/\/dev.sfveincenter.com\/es\/eliminacion-de-venas-vasculares-aranas\/#breadcrumb\",\"itemListElement\":[{\"@type\":\"ListItem\",\"position\":1,\"name\":\"Home\",\"item\":\"https:\/\/dev.sfveincenter.com\/es\/inicio-2\/\"},{\"@type\":\"ListItem\",\"position\":2,\"name\":\"Ara\u00f1as vasculares\"}]},{\"@type\":\"WebSite\",\"@id\":\"https:\/\/dev.sfveincenter.com\/es\/#website\",\"url\":\"https:\/\/dev.sfveincenter.com\/es\/\",\"name\":\"San Francisco Vein Doctor | Varicose &amp; Spider Vein Treatment\",\"description\":\"\",\"publisher\":{\"@id\":\"https:\/\/dev.sfveincenter.com\/es\/#organization\"},\"potentialAction\":[{\"@type\":\"SearchAction\",\"target\":{\"@type\":\"EntryPoint\",\"urlTemplate\":\"https:\/\/dev.sfveincenter.com\/es\/?s={search_term_string}\"},\"query-input\":{\"@type\":\"PropertyValueSpecification\",\"valueRequired\":true,\"valueName\":\"search_term_string\"}}],\"inLanguage\":\"es\"},{\"@type\":\"Organization\",\"@id\":\"https:\/\/dev.sfveincenter.com\/es\/#organization\",\"name\":\"San Francisco Vein Center - Melinda L Aquino MD\",\"url\":\"https:\/\/dev.sfveincenter.com\/es\/\",\"logo\":{\"@type\":\"ImageObject\",\"inLanguage\":\"es\",\"@id\":\"https:\/\/dev.sfveincenter.com\/es\/#\/schema\/logo\/image\/\",\"url\":\"https:\/\/dev.sfveincenter.com\/wp-content\/uploads\/2021\/02\/cropped-favicon-512x512-1-1.png\",\"contentUrl\":\"https:\/\/dev.sfveincenter.com\/wp-content\/uploads\/2021\/02\/cropped-favicon-512x512-1-1.png\",\"width\":512,\"height\":512,\"caption\":\"San Francisco Vein Center - Melinda L Aquino MD\"},\"image\":{\"@id\":\"https:\/\/dev.sfveincenter.com\/es\/#\/schema\/logo\/image\/\"},\"sameAs\":[\"https:\/\/www.facebook.com\/sfveincenter\",\"https:\/\/x.com\/sfveincenter\",\"https:\/\/www.youtube.com\/channel\/UCH75q26Kq5lThH_Xptt8imQ\",\"https:\/\/x.com\/SFVeinCenter\"]}]}<\/script>\n<!-- \/ Yoast SEO Premium plugin. -->","yoast_head_json":{"title":"Eliminaci\u00f3n de la vena de la ara\u00f1a | Venas ara\u00f1as | Venas varicosas","description":"Las venas de la ara\u00f1a pueden ser una forma temprana de enfermedad de la vena. Las inyecciones de escleroterapia son el m\u00e9todo m\u00e1s popular para la eliminaci\u00f3n de las venas ara\u00f1a.","robots":{"index":"noindex","follow":"follow","max-snippet":"max-snippet:-1","max-image-preview":"max-image-preview:large","max-video-preview":"max-video-preview:-1"},"og_locale":"es_ES","og_type":"article","og_title":"Ara\u00f1as vasculares","og_description":"Las venas de la ara\u00f1a pueden ser una forma temprana de enfermedad de la vena. Las inyecciones de escleroterapia son el m\u00e9todo m\u00e1s popular para la eliminaci\u00f3n de las venas ara\u00f1a.","og_url":"https:\/\/dev.sfveincenter.com\/es\/eliminacion-de-venas-vasculares-aranas\/","og_site_name":"San Francisco Vein Doctor | Varicose &amp; Spider Vein Treatment","article_publisher":"https:\/\/www.facebook.com\/sfveincenter","article_modified_time":"2024-11-12T16:26:15+00:00","og_image":[{"width":700,"height":467,"url":"https:\/\/dev.sfveincenter.com\/wp-content\/uploads\/2019\/10\/spider_veins.jpg","type":"image\/png"}],"twitter_card":"summary_large_image","twitter_site":"@sfveincenter","twitter_misc":{"Tiempo de lectura":"4 minutos"},"schema":{"@context":"https:\/\/schema.org","@graph":[{"@type":"WebPage","@id":"https:\/\/dev.sfveincenter.com\/es\/eliminacion-de-venas-vasculares-aranas\/","url":"https:\/\/dev.sfveincenter.com\/es\/eliminacion-de-venas-vasculares-aranas\/","name":"Eliminaci\u00f3n de la vena de la ara\u00f1a | Venas ara\u00f1as | Venas varicosas","isPartOf":{"@id":"https:\/\/dev.sfveincenter.com\/es\/#website"},"primaryImageOfPage":{"@id":"https:\/\/dev.sfveincenter.com\/es\/eliminacion-de-venas-vasculares-aranas\/#primaryimage"},"image":{"@id":"https:\/\/dev.sfveincenter.com\/es\/eliminacion-de-venas-vasculares-aranas\/#primaryimage"},"thumbnailUrl":"https:\/\/dev.sfveincenter.com\/wp-content\/uploads\/2019\/10\/spider_veins-300x200.jpg","datePublished":"2018-10-10T02:18:47+00:00","dateModified":"2024-11-12T16:26:15+00:00","description":"Las venas de la ara\u00f1a pueden ser una forma temprana de enfermedad de la vena. Las inyecciones de escleroterapia son el m\u00e9todo m\u00e1s popular para la eliminaci\u00f3n de las venas ara\u00f1a.","breadcrumb":{"@id":"https:\/\/dev.sfveincenter.com\/es\/eliminacion-de-venas-vasculares-aranas\/#breadcrumb"},"inLanguage":"es","potentialAction":[{"@type":"ReadAction","target":["https:\/\/dev.sfveincenter.com\/es\/eliminacion-de-venas-vasculares-aranas\/"]}]},{"@type":"ImageObject","inLanguage":"es","@id":"https:\/\/dev.sfveincenter.com\/es\/eliminacion-de-venas-vasculares-aranas\/#primaryimage","url":"https:\/\/dev.sfveincenter.com\/wp-content\/uploads\/2019\/10\/spider_veins-300x200.jpg","contentUrl":"https:\/\/dev.sfveincenter.com\/wp-content\/uploads\/2019\/10\/spider_veins-300x200.jpg"},{"@type":"BreadcrumbList","@id":"https:\/\/dev.sfveincenter.com\/es\/eliminacion-de-venas-vasculares-aranas\/#breadcrumb","itemListElement":[{"@type":"ListItem","position":1,"name":"Home","item":"https:\/\/dev.sfveincenter.com\/es\/inicio-2\/"},{"@type":"ListItem","position":2,"name":"Ara\u00f1as vasculares"}]},{"@type":"WebSite","@id":"https:\/\/dev.sfveincenter.com\/es\/#website","url":"https:\/\/dev.sfveincenter.com\/es\/","name":"San Francisco Vein Doctor | Varicose &amp; Spider Vein Treatment","description":"","publisher":{"@id":"https:\/\/dev.sfveincenter.com\/es\/#organization"},"potentialAction":[{"@type":"SearchAction","target":{"@type":"EntryPoint","urlTemplate":"https:\/\/dev.sfveincenter.com\/es\/?s={search_term_string}"},"query-input":{"@type":"PropertyValueSpecification","valueRequired":true,"valueName":"search_term_string"}}],"inLanguage":"es"},{"@type":"Organization","@id":"https:\/\/dev.sfveincenter.com\/es\/#organization","name":"San Francisco Vein Center - Melinda L Aquino MD","url":"https:\/\/dev.sfveincenter.com\/es\/","logo":{"@type":"ImageObject","inLanguage":"es","@id":"https:\/\/dev.sfveincenter.com\/es\/#\/schema\/logo\/image\/","url":"https:\/\/dev.sfveincenter.com\/wp-content\/uploads\/2021\/02\/cropped-favicon-512x512-1-1.png","contentUrl":"https:\/\/dev.sfveincenter.com\/wp-content\/uploads\/2021\/02\/cropped-favicon-512x512-1-1.png","width":512,"height":512,"caption":"San Francisco Vein Center - Melinda L Aquino MD"},"image":{"@id":"https:\/\/dev.sfveincenter.com\/es\/#\/schema\/logo\/image\/"},"sameAs":["https:\/\/www.facebook.com\/sfveincenter","https:\/\/x.com\/sfveincenter","https:\/\/www.youtube.com\/channel\/UCH75q26Kq5lThH_Xptt8imQ","https:\/\/x.com\/SFVeinCenter"]}]}},"_links":{"self":[{"href":"https:\/\/dev.sfveincenter.com\/es\/wp-json\/wp\/v2\/pages\/3023","targetHints":{"allow":["GET"]}}],"collection":[{"href":"https:\/\/dev.sfveincenter.com\/es\/wp-json\/wp\/v2\/pages"}],"about":[{"href":"https:\/\/dev.sfveincenter.com\/es\/wp-json\/wp\/v2\/types\/page"}],"author":[{"embeddable":true,"href":"https:\/\/dev.sfveincenter.com\/es\/wp-json\/wp\/v2\/users\/5"}],"replies":[{"embeddable":true,"href":"https:\/\/dev.sfveincenter.com\/es\/wp-json\/wp\/v2\/comments?post=3023"}],"version-history":[{"count":0,"href":"https:\/\/dev.sfveincenter.com\/es\/wp-json\/wp\/v2\/pages\/3023\/revisions"}],"wp:attachment":[{"href":"https:\/\/dev.sfveincenter.com\/es\/wp-json\/wp\/v2\/media?parent=3023"}],"curies":[{"name":"wp","href":"https:\/\/api.w.org\/{rel}","templated":true}]}}