{"id":3028,"date":"2018-10-09T19:45:03","date_gmt":"2018-10-10T02:45:03","guid":{"rendered":"http:\/\/54.70.23.198\/trombosis-venosa-profunda-tvp-tratamiento\/"},"modified":"2024-11-08T13:53:23","modified_gmt":"2024-11-08T21:53:23","slug":"trombosis-venosa-profunda-tvp-tratamiento","status":"publish","type":"page","link":"https:\/\/dev.sfveincenter.com\/es\/trombosis-venosa-profunda-tvp-tratamiento\/","title":{"rendered":"Tratamiento de trombosis venosa profunda"},"content":{"rendered":"<p>[et_pb_section fb_built=\u00bb1&#8243; _builder_version=\u00bb4.16&#8243; custom_padding=\u00bb1%|||\u00bb global_colors_info=\u00bb{}\u00bb][et_pb_row _builder_version=\u00bb4.16&#8243; background_size=\u00bbinitial\u00bb background_position=\u00bbtop_left\u00bb background_repeat=\u00bbrepeat\u00bb global_colors_info=\u00bb{}\u00bb][et_pb_column type=\u00bb4_4&#8243; _builder_version=\u00bb4.16&#8243; custom_padding=\u00bb|||\u00bb global_colors_info=\u00bb{}\u00bb custom_padding__hover=\u00bb|||\u00bb][et_pb_text _builder_version=\u00bb4.16&#8243; background_size=\u00bbinitial\u00bb background_position=\u00bbtop_left\u00bb background_repeat=\u00bbrepeat\u00bb global_colors_info=\u00bb{}\u00bb]<\/p>\n<h1 style=\"text-align: center;\">Tratamiento de trombosis venosa profunda (TVP)<\/h1>\n<p style=\"text-align: justify;\">La <a href=\"https:\/\/dev.sfveincenter.com\/es\/coagulo-de-sangre-tvp\/\">trombosis venosa profunda<\/a> es una afecci\u00f3n grave en la que se forma un co\u00e1gulo sangu\u00edneo en las venas profundas de la pierna. El tratamiento inicial para la TVP es bastante rutinario e implica un r\u00e9gimen de diluyentes de la sangre. Sin embargo, los casos m\u00e1s complejos de TVP pueden requerir un cirujano vascular. Estos son los diversos protocolos de <strong>tratamiento de TVP<\/strong> que se pueden emplear para tratar la trombosis venosa profunda.<\/p>\n<h2>Anticoagulantes<\/h2>\n<p>Los diluyentes de la sangre son t\u00edpicamente la primera l\u00ednea de tratamiento para la TVP. No necesariamente adelgazan la sangre, pero funcionan evitando que las c\u00e9lulas sangu\u00edneas de las plaquetas se agrupen para formar co\u00e1gulos. Los anticoagulantes pueden tener efectos secundarios serios para que se utilicen t\u00edpicamente cuando los beneficios superan los riesgos. Los anticoagulantes para el tratamiento de la TVP caen dentro de dos categor\u00edas: anticoagulantes y anti-plaquetas. Los anticoagulantes dificultan el proceso qu\u00edmico requerido para formar co\u00e1gulos y ralentizar el proceso. Incluyen:<\/p>\n<ul>\n<li>warfarina (Coumadin)<\/li>\n<li>dabigatr\u00e1n (Pradaxa)<\/li>\n<li>rivaroxab\u00e1n (Xarelto)<\/li>\n<li>Apixaban (Eliquis)<\/li>\n<\/ul>\n<p>Las anti-plaquetas evitan que las plaquetas se agrupen y formen co\u00e1gulos. Estos medicamentos incluyen:<\/p>\n<ul>\n<li>Aspirina<\/li>\n<li>clopidogrel (Plavix)<\/li>\n<li>prasugrel (Effient)<\/li>\n<li>ticagrelor (Brilinta).<\/li>\n<\/ul>\n<h2>Filtro de la vena cava<\/h2>\n<p>En algunos pacientes, los diluyentes de la sangre no son una opci\u00f3n para tratar la TVP. Los diluyentes de la sangre adelgazan la sangre en todas las ubicaciones del cuerpo, no s\u00f3lo en la pierna, por lo que pueden causar sangrado. Por ejemplo, los pacientes con traumatismos con lesiones peligrosas como sangrado cerebral no pueden recibir diluyentes de la sangre. Los pacientes que son propensos a sangrar por su tracto gastrointestinal (intestinos y est\u00f3mago) pueden tener dificultades con los anticoagulantes. En estos pacientes, la TVP es especialmente peligrosa, porque sin diluyentes de la sangre, hay una mayor probabilidad de que el co\u00e1gulo flote en los pulmones, causando una embolia pulmonar.<\/p>\n<p><img loading=\"lazy\" decoding=\"async\" class=\"size-full wp-image-788 alignright\" src=\"https:\/\/dev.sfveincenter.com\/wp-content\/uploads\/2010\/09\/ivc-filter-dvt-treatment.gif\" alt=\"filtro de vena cava para el tratamiento de la trombosis venosa profunda\" width=\"316\" height=\"191\">En este caso, a menudo se llama a los <a href=\"https:\/\/dev.sfveincenter.com\/es\/cirujano-vascular-doctor-aquino\/\">cirujanos vasculares<\/a> para que coloquen un filtro intravenoso. El filtro es un peque\u00f1o dispositivo que se coloca en la vena m\u00e1s grande en el cuerpo-la vena cava inferior. El filtro atrapar\u00e1 cualquier co\u00e1gulo significativo y evitar\u00e1 que el co\u00e1gulo viaje hacia el coraz\u00f3n y hacia los pulmones. De esta manera, incluso los pacientes que no pueden tener diluyentes de la sangre pueden evitar una embolia pulmonar grave o fatal. El filtro intravenoso se coloca a trav\u00e9s de una peque\u00f1a abertura, ya sea en el cuello (vena yugular) o en la ingle (vena femoral). Se utilizan radiograf\u00edas avanzadas para ayudar a los m\u00e9dicos a colocar el filtro exactamente donde ser\u00e1 efectivo en la vena cava inferior.<\/p>\n<h2>Compresi\u00f3n<\/h2>\n<p>Para los pacientes con una TVP grande asociada con hinchaz\u00f3n y\/o dolor significativos, o TVP que se extienden a la pelvis (iliofemoral TVP), existe un riesgo significativo de s\u00edntomas a largo plazo de la insuficiencia venosa en la pierna afectada. La escasez venosa en este caso ocurre debido a las v\u00e1lvulas falladas en las venas profundas en la pierna. Estos pacientes pueden experimentar la hinchaz\u00f3n extrema, el dolor, y los cambios severos de la escasez venosa cr\u00f3nica. Cuando esto ocurre como resultado de co\u00e1gulos en las venas, se llama s\u00edndrome post-phlebitic. Post-phlebitic syndrome is chronic, debilitating, and treatable mainly with <a href=\"https:\/\/dev.sfveincenter.com\/es\/medias-de-compresion\/\">compression<\/a>.<\/p>\n<h2>Trombectom\u00eda<\/h2>\n<p>En pacientes con TVP extensa, el tratamiento \u00f3ptimo tiene dos metas. El primer objetivo es prevenir una embolia pulmonar usando diluyentes de la sangre el segundo objetivo es tratar de disminuir el riesgo de s\u00edndrome post phlebitic. Para reducir este riesgo, la extirpaci\u00f3n del co\u00e1gulo venoso puede realizarse. Este procedimiento se llama \u00abtrombectom\u00eda\u00bb venosa y se puede realizar utilizando varias t\u00e9cnicas diferentes. <\/p>\n<h2>Otras t\u00e9cnicas<\/h2>\n<p>Otras t\u00e9cnicas tambi\u00e9n se pueden emplear para descomponer y eliminar el trombo venoso. La mayor\u00eda de estas t\u00e9cnicas son m\u00ednimamente invasivas y muy efectivas si se hacen de manera oportuna. Los <strong>cirujanos vasculares<\/strong> calificados como la <a href=\"https:\/\/dev.sfveincenter.com\/es\/cirujano-vascular-doctor-aquino\/\">Dr. Aquino<\/a> pueden determinar la t\u00e9cnica m\u00e1s segura y efectiva para la extirpaci\u00f3n del co\u00e1gulo en esta situaci\u00f3n.<\/p>\n<p>[\/et_pb_text][\/et_pb_column][\/et_pb_row][\/et_pb_section]<\/p>\n","protected":false},"excerpt":{"rendered":"<p>Tratamiento de trombosis venosa profunda (TVP) La trombosis venosa profunda es una afecci\u00f3n grave en la que se forma un co\u00e1gulo sangu\u00edneo en las venas profundas de la pierna. El tratamiento inicial para la TVP es bastante rutinario e implica un r\u00e9gimen de diluyentes de la sangre. Sin embargo, los casos m\u00e1s complejos de TVP [&hellip;]<\/p>\n","protected":false},"author":5,"featured_media":0,"parent":0,"menu_order":7,"comment_status":"closed","ping_status":"closed","template":"","meta":{"_et_pb_use_builder":"on","_et_pb_old_content":"","_et_gb_content_width":"","footnotes":""},"class_list":["post-3028","page","type-page","status-publish","hentry"],"yoast_head":"<!-- This site is optimized with the Yoast SEO Premium plugin v23.9 (Yoast SEO v26.8) - https:\/\/yoast.com\/product\/yoast-seo-premium-wordpress\/ -->\n<title>Tratamiento de la trombosis venosa profunda (TVP) | diluyentes y filtros<\/title>\n<meta name=\"description\" content=\"El tratamiento con trombosis venosa profunda (TVP) es para los co\u00e1gulos sangu\u00edneos en las venas profundas. El tratamiento suele empezar con anticoagulantes.\" \/>\n<meta name=\"robots\" content=\"noindex, follow, max-snippet:-1, max-image-preview:large, max-video-preview:-1\" \/>\n<meta property=\"og:locale\" content=\"es_ES\" \/>\n<meta property=\"og:type\" content=\"article\" \/>\n<meta property=\"og:title\" content=\"Tratamiento de trombosis venosa profunda\" \/>\n<meta property=\"og:description\" content=\"El tratamiento con trombosis venosa profunda (TVP) es para los co\u00e1gulos sangu\u00edneos en las venas profundas. El tratamiento suele empezar con anticoagulantes.\" \/>\n<meta property=\"og:url\" content=\"https:\/\/dev.sfveincenter.com\/es\/trombosis-venosa-profunda-tvp-tratamiento\/\" \/>\n<meta property=\"og:site_name\" content=\"San Francisco Vein Doctor | Varicose &amp; Spider Vein Treatment\" \/>\n<meta property=\"article:publisher\" content=\"https:\/\/www.facebook.com\/sfveincenter\" \/>\n<meta property=\"article:modified_time\" content=\"2024-11-08T21:53:23+00:00\" \/>\n<meta property=\"og:image\" content=\"https:\/\/dev.sfveincenter.com\/wp-content\/uploads\/2010\/09\/ivc-filter-dvt-treatment.gif\" \/>\n\t<meta property=\"og:image:width\" content=\"316\" \/>\n\t<meta property=\"og:image:height\" content=\"191\" \/>\n\t<meta property=\"og:image:type\" content=\"image\/gif\" \/>\n<meta name=\"twitter:card\" content=\"summary_large_image\" \/>\n<meta name=\"twitter:site\" content=\"@sfveincenter\" \/>\n<meta name=\"twitter:label1\" content=\"Tiempo de lectura\" \/>\n\t<meta name=\"twitter:data1\" content=\"4 minutos\" \/>\n<script type=\"application\/ld+json\" class=\"yoast-schema-graph\">{\"@context\":\"https:\/\/schema.org\",\"@graph\":[{\"@type\":\"WebPage\",\"@id\":\"https:\/\/dev.sfveincenter.com\/es\/trombosis-venosa-profunda-tvp-tratamiento\/\",\"url\":\"https:\/\/dev.sfveincenter.com\/es\/trombosis-venosa-profunda-tvp-tratamiento\/\",\"name\":\"Tratamiento de la trombosis venosa profunda (TVP) | diluyentes y filtros\",\"isPartOf\":{\"@id\":\"https:\/\/dev.sfveincenter.com\/es\/#website\"},\"primaryImageOfPage\":{\"@id\":\"https:\/\/dev.sfveincenter.com\/es\/trombosis-venosa-profunda-tvp-tratamiento\/#primaryimage\"},\"image\":{\"@id\":\"https:\/\/dev.sfveincenter.com\/es\/trombosis-venosa-profunda-tvp-tratamiento\/#primaryimage\"},\"thumbnailUrl\":\"https:\/\/dev.sfveincenter.com\/wp-content\/uploads\/2010\/09\/ivc-filter-dvt-treatment.gif\",\"datePublished\":\"2018-10-10T02:45:03+00:00\",\"dateModified\":\"2024-11-08T21:53:23+00:00\",\"description\":\"El tratamiento con trombosis venosa profunda (TVP) es para los co\u00e1gulos sangu\u00edneos en las venas profundas. El tratamiento suele empezar con anticoagulantes.\",\"breadcrumb\":{\"@id\":\"https:\/\/dev.sfveincenter.com\/es\/trombosis-venosa-profunda-tvp-tratamiento\/#breadcrumb\"},\"inLanguage\":\"es\",\"potentialAction\":[{\"@type\":\"ReadAction\",\"target\":[\"https:\/\/dev.sfveincenter.com\/es\/trombosis-venosa-profunda-tvp-tratamiento\/\"]}]},{\"@type\":\"ImageObject\",\"inLanguage\":\"es\",\"@id\":\"https:\/\/dev.sfveincenter.com\/es\/trombosis-venosa-profunda-tvp-tratamiento\/#primaryimage\",\"url\":\"https:\/\/dev.sfveincenter.com\/wp-content\/uploads\/2010\/09\/ivc-filter-dvt-treatment.gif\",\"contentUrl\":\"https:\/\/dev.sfveincenter.com\/wp-content\/uploads\/2010\/09\/ivc-filter-dvt-treatment.gif\"},{\"@type\":\"BreadcrumbList\",\"@id\":\"https:\/\/dev.sfveincenter.com\/es\/trombosis-venosa-profunda-tvp-tratamiento\/#breadcrumb\",\"itemListElement\":[{\"@type\":\"ListItem\",\"position\":1,\"name\":\"Home\",\"item\":\"https:\/\/dev.sfveincenter.com\/es\/inicio-2\/\"},{\"@type\":\"ListItem\",\"position\":2,\"name\":\"Tratamiento de trombosis venosa profunda\"}]},{\"@type\":\"WebSite\",\"@id\":\"https:\/\/dev.sfveincenter.com\/es\/#website\",\"url\":\"https:\/\/dev.sfveincenter.com\/es\/\",\"name\":\"San Francisco Vein Doctor | Varicose &amp; Spider Vein Treatment\",\"description\":\"\",\"publisher\":{\"@id\":\"https:\/\/dev.sfveincenter.com\/es\/#organization\"},\"potentialAction\":[{\"@type\":\"SearchAction\",\"target\":{\"@type\":\"EntryPoint\",\"urlTemplate\":\"https:\/\/dev.sfveincenter.com\/es\/?s={search_term_string}\"},\"query-input\":{\"@type\":\"PropertyValueSpecification\",\"valueRequired\":true,\"valueName\":\"search_term_string\"}}],\"inLanguage\":\"es\"},{\"@type\":\"Organization\",\"@id\":\"https:\/\/dev.sfveincenter.com\/es\/#organization\",\"name\":\"San Francisco Vein Center - Melinda L Aquino MD\",\"url\":\"https:\/\/dev.sfveincenter.com\/es\/\",\"logo\":{\"@type\":\"ImageObject\",\"inLanguage\":\"es\",\"@id\":\"https:\/\/dev.sfveincenter.com\/es\/#\/schema\/logo\/image\/\",\"url\":\"https:\/\/dev.sfveincenter.com\/wp-content\/uploads\/2021\/02\/cropped-favicon-512x512-1-1.png\",\"contentUrl\":\"https:\/\/dev.sfveincenter.com\/wp-content\/uploads\/2021\/02\/cropped-favicon-512x512-1-1.png\",\"width\":512,\"height\":512,\"caption\":\"San Francisco Vein Center - Melinda L Aquino MD\"},\"image\":{\"@id\":\"https:\/\/dev.sfveincenter.com\/es\/#\/schema\/logo\/image\/\"},\"sameAs\":[\"https:\/\/www.facebook.com\/sfveincenter\",\"https:\/\/x.com\/sfveincenter\",\"https:\/\/www.youtube.com\/channel\/UCH75q26Kq5lThH_Xptt8imQ\",\"https:\/\/x.com\/SFVeinCenter\"]}]}<\/script>\n<!-- \/ Yoast SEO Premium plugin. -->","yoast_head_json":{"title":"Tratamiento de la trombosis venosa profunda (TVP) | diluyentes y filtros","description":"El tratamiento con trombosis venosa profunda (TVP) es para los co\u00e1gulos sangu\u00edneos en las venas profundas. El tratamiento suele empezar con anticoagulantes.","robots":{"index":"noindex","follow":"follow","max-snippet":"max-snippet:-1","max-image-preview":"max-image-preview:large","max-video-preview":"max-video-preview:-1"},"og_locale":"es_ES","og_type":"article","og_title":"Tratamiento de trombosis venosa profunda","og_description":"El tratamiento con trombosis venosa profunda (TVP) es para los co\u00e1gulos sangu\u00edneos en las venas profundas. El tratamiento suele empezar con anticoagulantes.","og_url":"https:\/\/dev.sfveincenter.com\/es\/trombosis-venosa-profunda-tvp-tratamiento\/","og_site_name":"San Francisco Vein Doctor | Varicose &amp; Spider Vein Treatment","article_publisher":"https:\/\/www.facebook.com\/sfveincenter","article_modified_time":"2024-11-08T21:53:23+00:00","og_image":[{"width":316,"height":191,"url":"https:\/\/dev.sfveincenter.com\/wp-content\/uploads\/2010\/09\/ivc-filter-dvt-treatment.gif","type":"image\/gif"}],"twitter_card":"summary_large_image","twitter_site":"@sfveincenter","twitter_misc":{"Tiempo de lectura":"4 minutos"},"schema":{"@context":"https:\/\/schema.org","@graph":[{"@type":"WebPage","@id":"https:\/\/dev.sfveincenter.com\/es\/trombosis-venosa-profunda-tvp-tratamiento\/","url":"https:\/\/dev.sfveincenter.com\/es\/trombosis-venosa-profunda-tvp-tratamiento\/","name":"Tratamiento de la trombosis venosa profunda (TVP) | diluyentes y filtros","isPartOf":{"@id":"https:\/\/dev.sfveincenter.com\/es\/#website"},"primaryImageOfPage":{"@id":"https:\/\/dev.sfveincenter.com\/es\/trombosis-venosa-profunda-tvp-tratamiento\/#primaryimage"},"image":{"@id":"https:\/\/dev.sfveincenter.com\/es\/trombosis-venosa-profunda-tvp-tratamiento\/#primaryimage"},"thumbnailUrl":"https:\/\/dev.sfveincenter.com\/wp-content\/uploads\/2010\/09\/ivc-filter-dvt-treatment.gif","datePublished":"2018-10-10T02:45:03+00:00","dateModified":"2024-11-08T21:53:23+00:00","description":"El tratamiento con trombosis venosa profunda (TVP) es para los co\u00e1gulos sangu\u00edneos en las venas profundas. El tratamiento suele empezar con anticoagulantes.","breadcrumb":{"@id":"https:\/\/dev.sfveincenter.com\/es\/trombosis-venosa-profunda-tvp-tratamiento\/#breadcrumb"},"inLanguage":"es","potentialAction":[{"@type":"ReadAction","target":["https:\/\/dev.sfveincenter.com\/es\/trombosis-venosa-profunda-tvp-tratamiento\/"]}]},{"@type":"ImageObject","inLanguage":"es","@id":"https:\/\/dev.sfveincenter.com\/es\/trombosis-venosa-profunda-tvp-tratamiento\/#primaryimage","url":"https:\/\/dev.sfveincenter.com\/wp-content\/uploads\/2010\/09\/ivc-filter-dvt-treatment.gif","contentUrl":"https:\/\/dev.sfveincenter.com\/wp-content\/uploads\/2010\/09\/ivc-filter-dvt-treatment.gif"},{"@type":"BreadcrumbList","@id":"https:\/\/dev.sfveincenter.com\/es\/trombosis-venosa-profunda-tvp-tratamiento\/#breadcrumb","itemListElement":[{"@type":"ListItem","position":1,"name":"Home","item":"https:\/\/dev.sfveincenter.com\/es\/inicio-2\/"},{"@type":"ListItem","position":2,"name":"Tratamiento de trombosis venosa profunda"}]},{"@type":"WebSite","@id":"https:\/\/dev.sfveincenter.com\/es\/#website","url":"https:\/\/dev.sfveincenter.com\/es\/","name":"San Francisco Vein Doctor | Varicose &amp; Spider Vein Treatment","description":"","publisher":{"@id":"https:\/\/dev.sfveincenter.com\/es\/#organization"},"potentialAction":[{"@type":"SearchAction","target":{"@type":"EntryPoint","urlTemplate":"https:\/\/dev.sfveincenter.com\/es\/?s={search_term_string}"},"query-input":{"@type":"PropertyValueSpecification","valueRequired":true,"valueName":"search_term_string"}}],"inLanguage":"es"},{"@type":"Organization","@id":"https:\/\/dev.sfveincenter.com\/es\/#organization","name":"San Francisco Vein Center - Melinda L Aquino MD","url":"https:\/\/dev.sfveincenter.com\/es\/","logo":{"@type":"ImageObject","inLanguage":"es","@id":"https:\/\/dev.sfveincenter.com\/es\/#\/schema\/logo\/image\/","url":"https:\/\/dev.sfveincenter.com\/wp-content\/uploads\/2021\/02\/cropped-favicon-512x512-1-1.png","contentUrl":"https:\/\/dev.sfveincenter.com\/wp-content\/uploads\/2021\/02\/cropped-favicon-512x512-1-1.png","width":512,"height":512,"caption":"San Francisco Vein Center - Melinda L Aquino MD"},"image":{"@id":"https:\/\/dev.sfveincenter.com\/es\/#\/schema\/logo\/image\/"},"sameAs":["https:\/\/www.facebook.com\/sfveincenter","https:\/\/x.com\/sfveincenter","https:\/\/www.youtube.com\/channel\/UCH75q26Kq5lThH_Xptt8imQ","https:\/\/x.com\/SFVeinCenter"]}]}},"_links":{"self":[{"href":"https:\/\/dev.sfveincenter.com\/es\/wp-json\/wp\/v2\/pages\/3028","targetHints":{"allow":["GET"]}}],"collection":[{"href":"https:\/\/dev.sfveincenter.com\/es\/wp-json\/wp\/v2\/pages"}],"about":[{"href":"https:\/\/dev.sfveincenter.com\/es\/wp-json\/wp\/v2\/types\/page"}],"author":[{"embeddable":true,"href":"https:\/\/dev.sfveincenter.com\/es\/wp-json\/wp\/v2\/users\/5"}],"replies":[{"embeddable":true,"href":"https:\/\/dev.sfveincenter.com\/es\/wp-json\/wp\/v2\/comments?post=3028"}],"version-history":[{"count":0,"href":"https:\/\/dev.sfveincenter.com\/es\/wp-json\/wp\/v2\/pages\/3028\/revisions"}],"wp:attachment":[{"href":"https:\/\/dev.sfveincenter.com\/es\/wp-json\/wp\/v2\/media?parent=3028"}],"curies":[{"name":"wp","href":"https:\/\/api.w.org\/{rel}","templated":true}]}}