{"id":3031,"date":"2018-10-09T20:03:22","date_gmt":"2018-10-10T03:03:22","guid":{"rendered":"http:\/\/54.70.23.198\/cuidado-de-heridas\/"},"modified":"2024-11-09T19:07:34","modified_gmt":"2024-11-10T03:07:34","slug":"cuidado-de-heridas","status":"publish","type":"page","link":"https:\/\/dev.sfveincenter.com\/es\/cuidado-de-heridas\/","title":{"rendered":"Cuidado de heridas"},"content":{"rendered":"<p>[et_pb_section fb_built=\u00bb1&#8243; _builder_version=\u00bb4.16&#8243; custom_padding=\u00bb1%|||\u00bb global_colors_info=\u00bb{}\u00bb][et_pb_row _builder_version=\u00bb4.16&#8243; background_size=\u00bbinitial\u00bb background_position=\u00bbtop_left\u00bb background_repeat=\u00bbrepeat\u00bb global_colors_info=\u00bb{}\u00bb][et_pb_column type=\u00bb4_4&#8243; _builder_version=\u00bb4.16&#8243; custom_padding=\u00bb|||\u00bb global_colors_info=\u00bb{}\u00bb custom_padding__hover=\u00bb|||\u00bb][et_pb_text _builder_version=\u00bb4.27.0&#8243; background_size=\u00bbinitial\u00bb background_position=\u00bbtop_left\u00bb background_repeat=\u00bbrepeat\u00bb hover_enabled=\u00bb0&#8243; global_colors_info=\u00bb{}\u00bb sticky_enabled=\u00bb0&#8243;]<\/p>\n<h1 style=\"text-align: center;\">Cuidado de heridas<\/h1>\n<p><img loading=\"lazy\" decoding=\"async\" class=\"alignright wp-image-1532\" src=\"https:\/\/dev.sfveincenter.com\/wp-content\/uploads\/2018\/06\/wound-therapy-venous-ulcer.jpg\" alt=\"tratamiento de heridas para \u00falceras venosas\" width=\"436\" height=\"291\">El Dr. Aquino, <a href=\"https:\/\/dev.sfveincenter.com\/es\/cirujano-vascular-doctor-aquino\/\">cirujano vascular,<\/a>se especializa en el cuidado de heridas. Es miembro del centro de cuidado de heridas de Seton Medical Center. Este es un centro multidisciplinar que existe para curar heridas dif\u00edciles. Ella trata heridas venosas y arteriales as\u00ed como otras heridas como las \u00falceras de dec\u00fabito, las heridas diab\u00e9ticas del pie, las heridas quir\u00fargicas del sitio, y cualquier otra herida cr\u00f3nica<\/p>\n<h2>Tratamiento de la herida para las heridas venosas<\/h2>\n<p>Las <strong>heridas venosas<\/strong> son el resultado de un retorno de sangre pobre al coraz\u00f3n. En estos pacientes, el sistema venoso est\u00e1 funcionando mal y las v\u00e1lvulas en las venas no son capaces de impulsar la sangre hacia arriba en el coraz\u00f3n. Esto da como resultado la \u00ab<em>hipertensi\u00f3n venosa<\/em>\u00ab. El \u00e1rea de la pierna m\u00e1s com\u00fanmente afectada es la parte interna del tobillo. Aqu\u00ed es donde m\u00e1s a menudo aparecen las \u00falceras venosas.<\/p>\n<p>A diferencia de las <a href=\"https:\/\/dev.sfveincenter.com\/es\/enfermedad-arterial\/\">\u00falceras arteriales<\/a>, las \u00falceras venosas no siempre son dolorosas. Por lo general se asocian con el oscurecimiento de la piel (induraci\u00f3n de la piel), engrosamiento de la piel (lipodermatoscerlosis) y <a href=\"https:\/\/dev.sfveincenter.com\/es\/tratamiento-de-venas-varicosas-varices\/\">venas varicosas.<\/a><\/p>\n<h3 style=\"padding-left: 30px;\">Compresi\u00f3n<\/h3>\n<p style=\"padding-left: 30px;\">El apoyo principal de la terapia de la herida para las \u00falceras venosas es terapia de compresi\u00f3n. Ocasionalmente las <a href=\"https:\/\/dev.sfveincenter.com\/es\/medias-de-compresion\/\">medias de compresi\u00f3n<\/a> son exitosas cuando el paciente las usa consistentemente sobre ap\u00f3sitos. Pero lo m\u00e1s com\u00fanmente posible, aplicamos un abrigo de cuatro capas en la pierna m\u00e1s baja y lo cambiamos por lo menos dos veces semanalmente. Esto trata la hinchaz\u00f3n (edema) en la pierna, y permite que el proceso curativo avance. El paciente lleva las envolturas en todo momento para que la hinchaz\u00f3n no se vuelva a acumular. Los ap\u00f3sitos se cambian regularmente para que la herida pueda ser monitoreada y re-vestida.<\/p>\n<h3 style=\"padding-left: 30px;\">Desbridamiento<\/h3>\n<p style=\"padding-left: 30px;\">Un elemento cr\u00edtico de curar todas las heridas, incluyendo las heridas venosas, es el desbridamiento. Esto se refiere a la eliminaci\u00f3n de todos los tejidos muertos o infectados de la herida sobre una base regular. El <a href=\"https:\/\/dev.sfveincenter.com\/es\/\">cirujano de venas<\/a> utiliza un bistur\u00ed o una cureta para raspar el tejido muerto de la herida. La eliminaci\u00f3n regular de tejido muerto e infectado permite que la herida se cure a s\u00ed misma, y a menudo \u00abactiva\u00bb la herida para que las c\u00e9lulas involucradas en la curaci\u00f3n funcionen \u00f3ptimamente.<\/p>\n<h3 style=\"padding-left: 30px;\">Antimicrobianos<\/h3>\n<p style=\"padding-left: 30px;\">A menudo, las heridas venosas no cicatrizan debido a la infecci\u00f3n bacteriana. Tratamos estas heridas primero obteniendo un cultivo de heridas y administrando antibi\u00f3ticos si es necesario. Los ap\u00f3sitos en las heridas emplean a menudo agentes antimicrobianos que reducen las bacterias superficiales y promueven la curaci\u00f3n. Algunos ejemplos de estos agentes incluyen ap\u00f3sitos impregnados de plata, miel y ap\u00f3sitos impregnados con yodo.<\/p>\n<h3 style=\"padding-left: 30px;\">Humedad<\/h3>\n<p style=\"padding-left: 30px;\">El tratamiento de la herida es \u00f3ptimo en un ambiente h\u00famedo. Un poco de humedad es fundamental para permitir que las c\u00e9lulas cicatrizantes de heridas funcionen bien. Ejemplos de ap\u00f3sitos h\u00famedos incluyen hidrocoloides, alginatos e hidrogeles.<\/p>\n<h3 style=\"padding-left: 30px;\">Terapia negativa de la herida de la presi\u00f3n (\u00abherida aspiradoras\u00bb)<\/h3>\n<p style=\"padding-left: 30px;\">Ocasionalmente se colocan dispositivos de herida en heridas, especialmente heridas grandes, para acelerar la cicatrizaci\u00f3n. Estos dispositivos funcionan ejerciendo una presi\u00f3n negativa, o el vac\u00edo en la herida, que reduce el edema, aumenta el \u00edndice de formaci\u00f3n del tejido de granulaci\u00f3n, y aumenta el desarrollo de la nueva piel (epitelializaci\u00f3n.)<\/p>\n<h3 style=\"padding-left: 30px;\">Cirug\u00eda<\/h3>\n<p style=\"padding-left: 30px;\">La cirug\u00eda que incluye terapias endovenosas no invasivas (<a href=\"https:\/\/dev.sfveincenter.com\/es\/ablacion-por-radiofrecuencia-rfa\/\">ablaci\u00f3n por radiofrecuencia<\/a> o <a href=\"https:\/\/dev.sfveincenter.com\/es\/endovenosa-laser-terapia-evlt\/\">ablaci\u00f3n con l\u00e1ser<\/a>) es otra opci\u00f3n para tratar las heridas venosas. Hay un cierto debate sobre el tiempo de estos procedimientos en el establecimiento del cuidado de la herida. Ha sido el acercamiento tradicional para curar las <strong>heridas de la vena<\/strong> primero, antes de tratar la vena superficial con la ablaci\u00f3n. Sin embargo, ocasionalmente, si hay dificultad con la cicatrizaci\u00f3n de heridas, o un fracaso de la progresi\u00f3n a la curaci\u00f3n, se emplean terapias quir\u00fargicas, a menudo con excelentes resultados.<\/p>\n<h2>Tratamiento de la herida para las heridas arteriales<\/h2>\n<p>Heridas arteriales que ocurren cuando no hay suficiente flujo sangu\u00edneo en las arterias para entregar la cantidad de sangre necesaria para curar la herida. Cuando los pacientes tienen una enfermedad arterial perif\u00e9rica, hay obstrucciones en las arterias de la pierna. A veces esto puede dar lugar a s\u00edntomas tales como dolor con caminar porque las arterias no pueden entregar suficiente sangre a los m\u00fasculos de trabajo en la pierna. Esta afecci\u00f3n es <a href=\"https:\/\/dev.sfveincenter.com\/es\/claudicacion\/\">claudicaci\u00f3n<\/a>.<\/p>\n<p>Sin embargo, a veces los pacientes con PAD desarrollan heridas en la pierna, a menudo con trauma leve (como un corte durante una pedicura, o durante una visita a un pod\u00f3logo, por ejemplo). Una vez que hay una herida en la pierna, las arterias tienen que entregar m\u00e1s sangre al pie con el fin de curar la herida. Sin embargo, dado que hay obstrucciones en las arterias, el cuerpo repentinamente no puede entregar suficiente sangre a la pierna, y la herida no cicatriza. Esto a menudo resulta en una <a href=\"https:\/\/dev.sfveincenter.com\/es\/tratamiento-para-ulceras-en-las-piernas\/\">\u00falcera de la pierna<\/a> que es muy dolorosa, y una herida que se ve vieja, y de color rosa p\u00e1lido, o incluso negro.<\/p>\n<p>A diferencia de las heridas venosas curativas, el apoyo principal de la terapia para las heridas arteriales es la revascularizaci\u00f3n. \u00c9ste es un t\u00e9rmino que significa simplemente restaurar el flujo arterial a la pierna. Para ello, los cirujanos tienen que determinar la localizaci\u00f3n de las obstrucciones y tratarlas con un tratamiento endovascular, como los stents, o con una angioplastia con bal\u00f3n,<\/p>\n<p>Una vez que las heridas tienen una circulaci\u00f3n arterial adecuada para la curaci\u00f3n, seguimos empleando los tratamientos anteriores para asegurar la curaci\u00f3n. Esto incluye terapias como el desbridamiento, hidrocoloides, alginatos, sustitutos de la piel, y la terapia de herida de presi\u00f3n negativa, si es necesario.<\/p>\n<h2>Centros de terapia de heridas<\/h2>\n<p>El Dr. Aquino es un miembro activo de los centros de cuidado de heridas de <a href=\"https:\/\/sfcommunityhospitals.ucsfhealth.org\/st-marys\">St. mary&#8217;s<\/a> y <a href=\"https:\/\/www.ahmchealth.com\/smc\/\">Seton<\/a> , y trabaja con cirujanos pl\u00e1sticos y Pod\u00f3logos, as\u00ed como con los especialistas entrenados en cuidado de heridas, con el fin de curar incluso las heridas m\u00e1s graves de las \u00falceras venosas.<\/p>\n<p>Las visitas peri\u00f3dicas al centro de heridas permiten al Dr. Aquino evaluar las heridas con regularidad y cambiar el plan de tratamiento si es necesario. Los pacientes con heridas venosas o arteriales necesitan atenci\u00f3n y atenci\u00f3n especiales, y estamos all\u00ed para ellos en cada paso del camino.<\/p>\n<p>[\/et_pb_text][\/et_pb_column][\/et_pb_row][\/et_pb_section]<\/p>\n","protected":false},"excerpt":{"rendered":"<p>Cuidado de heridas El Dr. Aquino, cirujano vascular,se especializa en el cuidado de heridas. Es miembro del centro de cuidado de heridas de Seton Medical Center. Este es un centro multidisciplinar que existe para curar heridas dif\u00edciles. Ella trata heridas venosas y arteriales as\u00ed como otras heridas como las \u00falceras de dec\u00fabito, las heridas diab\u00e9ticas [&hellip;]<\/p>\n","protected":false},"author":5,"featured_media":0,"parent":0,"menu_order":6,"comment_status":"closed","ping_status":"closed","template":"","meta":{"_et_pb_use_builder":"on","_et_pb_old_content":"","_et_gb_content_width":"","footnotes":""},"class_list":["post-3031","page","type-page","status-publish","hentry"],"yoast_head":"<!-- This site is optimized with the Yoast SEO Premium plugin v23.9 (Yoast SEO v26.8) - https:\/\/yoast.com\/product\/yoast-seo-premium-wordpress\/ -->\n<title>Cuidado de las heridas | causas de las heridas, tratamientos y recuperaci\u00f3n<\/title>\n<meta name=\"description\" content=\"El cuidado de la herida es el tratamiento de las \u00falceras venosas causadas por la falta de circulaci\u00f3n sangu\u00ednea. Una curaci\u00f3n adecuada requiere un diagn\u00f3stico correcto.\" \/>\n<meta name=\"robots\" content=\"noindex, follow, max-snippet:-1, max-image-preview:large, max-video-preview:-1\" \/>\n<meta property=\"og:locale\" content=\"es_ES\" \/>\n<meta property=\"og:type\" content=\"article\" \/>\n<meta property=\"og:title\" content=\"Cuidado de heridas\" \/>\n<meta property=\"og:description\" content=\"El cuidado de la herida es el tratamiento de las \u00falceras venosas causadas por la falta de circulaci\u00f3n sangu\u00ednea. Una curaci\u00f3n adecuada requiere un diagn\u00f3stico correcto.\" \/>\n<meta property=\"og:url\" content=\"https:\/\/dev.sfveincenter.com\/es\/cuidado-de-heridas\/\" \/>\n<meta property=\"og:site_name\" content=\"San Francisco Vein Doctor | Varicose &amp; Spider Vein Treatment\" \/>\n<meta property=\"article:publisher\" content=\"https:\/\/www.facebook.com\/sfveincenter\" \/>\n<meta property=\"article:modified_time\" content=\"2024-11-10T03:07:34+00:00\" \/>\n<meta property=\"og:image\" content=\"https:\/\/dev.sfveincenter.com\/wp-content\/uploads\/2018\/06\/wound-therapy-venous-ulcer.jpg\" \/>\n\t<meta property=\"og:image:width\" content=\"500\" \/>\n\t<meta property=\"og:image:height\" content=\"334\" \/>\n\t<meta property=\"og:image:type\" content=\"image\/jpeg\" \/>\n<meta name=\"twitter:card\" content=\"summary_large_image\" \/>\n<meta name=\"twitter:site\" content=\"@sfveincenter\" \/>\n<meta name=\"twitter:label1\" content=\"Tiempo de lectura\" \/>\n\t<meta name=\"twitter:data1\" content=\"6 minutos\" \/>\n<script type=\"application\/ld+json\" class=\"yoast-schema-graph\">{\"@context\":\"https:\/\/schema.org\",\"@graph\":[{\"@type\":\"WebPage\",\"@id\":\"https:\/\/dev.sfveincenter.com\/es\/cuidado-de-heridas\/\",\"url\":\"https:\/\/dev.sfveincenter.com\/es\/cuidado-de-heridas\/\",\"name\":\"Cuidado de las heridas | causas de las heridas, tratamientos y recuperaci\u00f3n\",\"isPartOf\":{\"@id\":\"https:\/\/dev.sfveincenter.com\/es\/#website\"},\"primaryImageOfPage\":{\"@id\":\"https:\/\/dev.sfveincenter.com\/es\/cuidado-de-heridas\/#primaryimage\"},\"image\":{\"@id\":\"https:\/\/dev.sfveincenter.com\/es\/cuidado-de-heridas\/#primaryimage\"},\"thumbnailUrl\":\"https:\/\/dev.sfveincenter.com\/wp-content\/uploads\/2018\/06\/wound-therapy-venous-ulcer.jpg\",\"datePublished\":\"2018-10-10T03:03:22+00:00\",\"dateModified\":\"2024-11-10T03:07:34+00:00\",\"description\":\"El cuidado de la herida es el tratamiento de las \u00falceras venosas causadas por la falta de circulaci\u00f3n sangu\u00ednea. Una curaci\u00f3n adecuada requiere un diagn\u00f3stico correcto.\",\"breadcrumb\":{\"@id\":\"https:\/\/dev.sfveincenter.com\/es\/cuidado-de-heridas\/#breadcrumb\"},\"inLanguage\":\"es\",\"potentialAction\":[{\"@type\":\"ReadAction\",\"target\":[\"https:\/\/dev.sfveincenter.com\/es\/cuidado-de-heridas\/\"]}]},{\"@type\":\"ImageObject\",\"inLanguage\":\"es\",\"@id\":\"https:\/\/dev.sfveincenter.com\/es\/cuidado-de-heridas\/#primaryimage\",\"url\":\"https:\/\/dev.sfveincenter.com\/wp-content\/uploads\/2018\/06\/wound-therapy-venous-ulcer.jpg\",\"contentUrl\":\"https:\/\/dev.sfveincenter.com\/wp-content\/uploads\/2018\/06\/wound-therapy-venous-ulcer.jpg\"},{\"@type\":\"BreadcrumbList\",\"@id\":\"https:\/\/dev.sfveincenter.com\/es\/cuidado-de-heridas\/#breadcrumb\",\"itemListElement\":[{\"@type\":\"ListItem\",\"position\":1,\"name\":\"Home\",\"item\":\"https:\/\/dev.sfveincenter.com\/es\/inicio-2\/\"},{\"@type\":\"ListItem\",\"position\":2,\"name\":\"Cuidado de heridas\"}]},{\"@type\":\"WebSite\",\"@id\":\"https:\/\/dev.sfveincenter.com\/es\/#website\",\"url\":\"https:\/\/dev.sfveincenter.com\/es\/\",\"name\":\"San Francisco Vein Doctor | Varicose &amp; Spider Vein Treatment\",\"description\":\"\",\"publisher\":{\"@id\":\"https:\/\/dev.sfveincenter.com\/es\/#organization\"},\"potentialAction\":[{\"@type\":\"SearchAction\",\"target\":{\"@type\":\"EntryPoint\",\"urlTemplate\":\"https:\/\/dev.sfveincenter.com\/es\/?s={search_term_string}\"},\"query-input\":{\"@type\":\"PropertyValueSpecification\",\"valueRequired\":true,\"valueName\":\"search_term_string\"}}],\"inLanguage\":\"es\"},{\"@type\":\"Organization\",\"@id\":\"https:\/\/dev.sfveincenter.com\/es\/#organization\",\"name\":\"San Francisco Vein Center - Melinda L Aquino MD\",\"url\":\"https:\/\/dev.sfveincenter.com\/es\/\",\"logo\":{\"@type\":\"ImageObject\",\"inLanguage\":\"es\",\"@id\":\"https:\/\/dev.sfveincenter.com\/es\/#\/schema\/logo\/image\/\",\"url\":\"https:\/\/dev.sfveincenter.com\/wp-content\/uploads\/2021\/02\/cropped-favicon-512x512-1-1.png\",\"contentUrl\":\"https:\/\/dev.sfveincenter.com\/wp-content\/uploads\/2021\/02\/cropped-favicon-512x512-1-1.png\",\"width\":512,\"height\":512,\"caption\":\"San Francisco Vein Center - Melinda L Aquino MD\"},\"image\":{\"@id\":\"https:\/\/dev.sfveincenter.com\/es\/#\/schema\/logo\/image\/\"},\"sameAs\":[\"https:\/\/www.facebook.com\/sfveincenter\",\"https:\/\/x.com\/sfveincenter\",\"https:\/\/www.youtube.com\/channel\/UCH75q26Kq5lThH_Xptt8imQ\",\"https:\/\/x.com\/SFVeinCenter\"]}]}<\/script>\n<!-- \/ Yoast SEO Premium plugin. -->","yoast_head_json":{"title":"Cuidado de las heridas | causas de las heridas, tratamientos y recuperaci\u00f3n","description":"El cuidado de la herida es el tratamiento de las \u00falceras venosas causadas por la falta de circulaci\u00f3n sangu\u00ednea. Una curaci\u00f3n adecuada requiere un diagn\u00f3stico correcto.","robots":{"index":"noindex","follow":"follow","max-snippet":"max-snippet:-1","max-image-preview":"max-image-preview:large","max-video-preview":"max-video-preview:-1"},"og_locale":"es_ES","og_type":"article","og_title":"Cuidado de heridas","og_description":"El cuidado de la herida es el tratamiento de las \u00falceras venosas causadas por la falta de circulaci\u00f3n sangu\u00ednea. Una curaci\u00f3n adecuada requiere un diagn\u00f3stico correcto.","og_url":"https:\/\/dev.sfveincenter.com\/es\/cuidado-de-heridas\/","og_site_name":"San Francisco Vein Doctor | Varicose &amp; Spider Vein Treatment","article_publisher":"https:\/\/www.facebook.com\/sfveincenter","article_modified_time":"2024-11-10T03:07:34+00:00","og_image":[{"width":500,"height":334,"url":"https:\/\/dev.sfveincenter.com\/wp-content\/uploads\/2018\/06\/wound-therapy-venous-ulcer.jpg","type":"image\/jpeg"}],"twitter_card":"summary_large_image","twitter_site":"@sfveincenter","twitter_misc":{"Tiempo de lectura":"6 minutos"},"schema":{"@context":"https:\/\/schema.org","@graph":[{"@type":"WebPage","@id":"https:\/\/dev.sfveincenter.com\/es\/cuidado-de-heridas\/","url":"https:\/\/dev.sfveincenter.com\/es\/cuidado-de-heridas\/","name":"Cuidado de las heridas | causas de las heridas, tratamientos y recuperaci\u00f3n","isPartOf":{"@id":"https:\/\/dev.sfveincenter.com\/es\/#website"},"primaryImageOfPage":{"@id":"https:\/\/dev.sfveincenter.com\/es\/cuidado-de-heridas\/#primaryimage"},"image":{"@id":"https:\/\/dev.sfveincenter.com\/es\/cuidado-de-heridas\/#primaryimage"},"thumbnailUrl":"https:\/\/dev.sfveincenter.com\/wp-content\/uploads\/2018\/06\/wound-therapy-venous-ulcer.jpg","datePublished":"2018-10-10T03:03:22+00:00","dateModified":"2024-11-10T03:07:34+00:00","description":"El cuidado de la herida es el tratamiento de las \u00falceras venosas causadas por la falta de circulaci\u00f3n sangu\u00ednea. Una curaci\u00f3n adecuada requiere un diagn\u00f3stico correcto.","breadcrumb":{"@id":"https:\/\/dev.sfveincenter.com\/es\/cuidado-de-heridas\/#breadcrumb"},"inLanguage":"es","potentialAction":[{"@type":"ReadAction","target":["https:\/\/dev.sfveincenter.com\/es\/cuidado-de-heridas\/"]}]},{"@type":"ImageObject","inLanguage":"es","@id":"https:\/\/dev.sfveincenter.com\/es\/cuidado-de-heridas\/#primaryimage","url":"https:\/\/dev.sfveincenter.com\/wp-content\/uploads\/2018\/06\/wound-therapy-venous-ulcer.jpg","contentUrl":"https:\/\/dev.sfveincenter.com\/wp-content\/uploads\/2018\/06\/wound-therapy-venous-ulcer.jpg"},{"@type":"BreadcrumbList","@id":"https:\/\/dev.sfveincenter.com\/es\/cuidado-de-heridas\/#breadcrumb","itemListElement":[{"@type":"ListItem","position":1,"name":"Home","item":"https:\/\/dev.sfveincenter.com\/es\/inicio-2\/"},{"@type":"ListItem","position":2,"name":"Cuidado de heridas"}]},{"@type":"WebSite","@id":"https:\/\/dev.sfveincenter.com\/es\/#website","url":"https:\/\/dev.sfveincenter.com\/es\/","name":"San Francisco Vein Doctor | Varicose &amp; Spider Vein Treatment","description":"","publisher":{"@id":"https:\/\/dev.sfveincenter.com\/es\/#organization"},"potentialAction":[{"@type":"SearchAction","target":{"@type":"EntryPoint","urlTemplate":"https:\/\/dev.sfveincenter.com\/es\/?s={search_term_string}"},"query-input":{"@type":"PropertyValueSpecification","valueRequired":true,"valueName":"search_term_string"}}],"inLanguage":"es"},{"@type":"Organization","@id":"https:\/\/dev.sfveincenter.com\/es\/#organization","name":"San Francisco Vein Center - Melinda L Aquino MD","url":"https:\/\/dev.sfveincenter.com\/es\/","logo":{"@type":"ImageObject","inLanguage":"es","@id":"https:\/\/dev.sfveincenter.com\/es\/#\/schema\/logo\/image\/","url":"https:\/\/dev.sfveincenter.com\/wp-content\/uploads\/2021\/02\/cropped-favicon-512x512-1-1.png","contentUrl":"https:\/\/dev.sfveincenter.com\/wp-content\/uploads\/2021\/02\/cropped-favicon-512x512-1-1.png","width":512,"height":512,"caption":"San Francisco Vein Center - Melinda L Aquino MD"},"image":{"@id":"https:\/\/dev.sfveincenter.com\/es\/#\/schema\/logo\/image\/"},"sameAs":["https:\/\/www.facebook.com\/sfveincenter","https:\/\/x.com\/sfveincenter","https:\/\/www.youtube.com\/channel\/UCH75q26Kq5lThH_Xptt8imQ","https:\/\/x.com\/SFVeinCenter"]}]}},"_links":{"self":[{"href":"https:\/\/dev.sfveincenter.com\/es\/wp-json\/wp\/v2\/pages\/3031","targetHints":{"allow":["GET"]}}],"collection":[{"href":"https:\/\/dev.sfveincenter.com\/es\/wp-json\/wp\/v2\/pages"}],"about":[{"href":"https:\/\/dev.sfveincenter.com\/es\/wp-json\/wp\/v2\/types\/page"}],"author":[{"embeddable":true,"href":"https:\/\/dev.sfveincenter.com\/es\/wp-json\/wp\/v2\/users\/5"}],"replies":[{"embeddable":true,"href":"https:\/\/dev.sfveincenter.com\/es\/wp-json\/wp\/v2\/comments?post=3031"}],"version-history":[{"count":0,"href":"https:\/\/dev.sfveincenter.com\/es\/wp-json\/wp\/v2\/pages\/3031\/revisions"}],"wp:attachment":[{"href":"https:\/\/dev.sfveincenter.com\/es\/wp-json\/wp\/v2\/media?parent=3031"}],"curies":[{"name":"wp","href":"https:\/\/api.w.org\/{rel}","templated":true}]}}