{"id":3060,"date":"2018-10-09T21:39:31","date_gmt":"2018-10-10T04:39:31","guid":{"rendered":"http:\/\/54.70.23.198\/punalada-flebectomia-vena-retiro\/"},"modified":"2019-11-08T13:00:36","modified_gmt":"2019-11-08T21:00:36","slug":"flebectomia-ambulatoria","status":"publish","type":"page","link":"https:\/\/dev.sfveincenter.com\/es\/flebectomia-ambulatoria\/","title":{"rendered":"Pu\u00f1alada flebectom\u00eda"},"content":{"rendered":"<p>[et_pb_section fb_built=\u00bb1&#8243; _builder_version=\u00bb3.22&#8243; custom_padding=\u00bb1%|||\u00bb fb_built=\u00bb1&#8243; _i=\u00bb0&#8243; _address=\u00bb0&#8243;][et_pb_row _builder_version=\u00bb3.25&#8243; background_size=\u00bbinitial\u00bb background_position=\u00bbtop_left\u00bb background_repeat=\u00bbrepeat\u00bb _i=\u00bb0&#8243; _address=\u00bb0.0&#8243;][et_pb_column type=\u00bb4_4&#8243; _builder_version=\u00bb3.25&#8243; custom_padding=\u00bb|||\u00bb _i=\u00bb0&#8243; _address=\u00bb0.0.0&#8243; custom_padding__hover=\u00bb|||\u00bb][et_pb_text _builder_version=\u00bb3.29.3&#8243; background_size=\u00bbinitial\u00bb background_position=\u00bbtop_left\u00bb background_repeat=\u00bbrepeat\u00bb _i=\u00bb0&#8243; _address=\u00bb0.0.0.0&#8243;]<\/p>\n<h1 style=\"text-align: center\">Pu\u00f1alada flebectom\u00eda<\/h1>\n<p><img loading=\"lazy\" decoding=\"async\" class=\" alignright size-full wp-image-784\" src=\"https:\/\/dev.sfveincenter.com\/wp-content\/uploads\/2010\/09\/stab-phlebectomy-procedure-for-vein-removal.jpg\" alt=\"pu\u00f1alada flebectom\u00eda procedimiento para la eliminaci\u00f3n de venas\" width=\"499\" height=\"263\" srcset=\"https:\/\/dev.sfveincenter.com\/wp-content\/uploads\/2010\/09\/stab-phlebectomy-procedure-for-vein-removal.jpg 499w, https:\/\/dev.sfveincenter.com\/wp-content\/uploads\/2010\/09\/stab-phlebectomy-procedure-for-vein-removal-480x253.jpg 480w\" sizes=\"(min-width: 0px) and (max-width: 480px) 480px, (min-width: 481px) 499px, 100vw\" \/><\/p>\n<p>La pu\u00f1alada flebectom\u00eda es un procedimiento que elimina <a href=\"https:\/\/dev.sfveincenter.com\/es\/tratamiento-de-venas-varicosas-varices\/\">las varices<\/a>. Tambi\u00e9n lo llamamos flebectom\u00eda ambulativo, flebectom\u00eda micro, o avulsi\u00f3n de la pu\u00f1alada. Es un procedimiento correctivo de bajo riesgo y por lo general sigue una cirug\u00eda m\u00e1s definitiva para las varices como <a href=\"https:\/\/dev.sfveincenter.com\/es\/ablacion-por-radiofrecuencia-rfa\/\">la ablaci\u00f3n por radiofrecuencia (RFA)<\/a> o <a href=\"https:\/\/dev.sfveincenter.com\/es\/endovenosa-laser-terapia-evlt\/\">la terapia con l\u00e1ser endovenoso (EVLT)<\/a>. Apu\u00f1alar flebectom\u00eda no es rutinario. S\u00f3lo lo realizamos si hay varices residuales que todav\u00eda permanecen despu\u00e9s de la ablaci\u00f3n por radiofrecuencia o EVLT.<\/p>\n<p>Las <strong>pu\u00f1aladas phlebectomies<\/strong> no son siempre necesarias, incluso para personas con grandes varices. El tratamiento de la <a href=\"https:\/\/dev.sfveincenter.com\/es\/insuficiencia-venosa\/\">insuficiencia venosa<\/a> subyacente<a href=\"https:\/\/dev.sfveincenter.com\/\">(venas da\u00f1adas)<\/a>condici\u00f3n generalmente hace que las venas se encojan considerablemente sin tratamiento adicional. Esto se debe a que las venas cercanas a la superficie de la piel ya no est\u00e1n sujetas a altas presiones venosas. De hecho, el 90-95% de los pacientes no necesitar\u00e1n este procedimiento porque sus venas se vuelven lo suficientemente peque\u00f1as y menos dolorosas despu\u00e9s de la ablaci\u00f3n venosa.<\/p>\n<h2>Candidatos<\/h2>\n<p>La flebectom\u00eda por apu\u00f1alaci\u00f3n es para <em><strong>Varices<\/strong><\/em> despu\u00e9s de RFA o EVLT. Por lo tanto, pr\u00e1cticamente todos los candidatos son aquellos que ya han tenido ablaci\u00f3n venosa. T\u00edpicamente, cerca de 10% de los pacientes que tienen una ablaci\u00f3n de la vena todav\u00eda necesitar\u00e1n la pu\u00f1alada phlebectomies porque todav\u00eda hay <strong>venas varicosas<\/strong> sintom\u00e1ticas. Generalmente, nuestro protocolo es esperar cerca de dos o tres meses despu\u00e9s de la <a href=\"https:\/\/dev.sfveincenter.com\/es\/ablacion-por-radiofrecuencia-rfa\/\">ablaci\u00f3n de la radiofrecuencia<\/a> o de la ablaci\u00f3n del laser. En ese momento, la gran mayor\u00eda de la gente tendr\u00e1 una reducci\u00f3n significativa o la desaparici\u00f3n de sus venas.<\/p>\n<p>Sin embargo, hay un peque\u00f1o subconjunto de pacientes que todav\u00eda tendr\u00e1n varices grandes. Es importante darse cuenta de que esto no significa que el procedimiento no funcion\u00f3. M\u00e1s bien, suele deberse al desarrollo de nuevas rutas que se abren entre las venas y por lo tanto las venas no desaparecen por completo. A menudo, esto se debe a lo que llamamos \u00abvenas perforadoras\u00bb, que son las venas que se comunican entre los sistemas de venas superficiales y profundas. En este caso, a menudo decidimos simplemente eliminar las venas restantes. Hacemos esto con un procedimiento llamado pu\u00f1alada phlebectomies o phlebectomies ambulatoria.<\/p>\n<h2>Procedimiento<\/h2>\n<p>La pu\u00f1alada flebectom\u00eda se realiza casi siempre en la sala de operaciones con anestesia local y un poco de sedaci\u00f3n. Durante este procedimiento, el cirujano hace incisiones diminutas para remover las venas grandes que permanecen debajo de la piel. Las incisiones son menores de 0,5 cm y no requieren suturas. Es importante tambi\u00e9n localizar y dividir las venas perforadoras que a menudo evitan que las <strong>varices<\/strong> desaparezcan en primer lugar. Despu\u00e9s del procedimiento, el cirujano usa vendajes y envoltorios para las piernas. Las medias de compresi\u00f3n siguen para minimizar moretones, hinchaz\u00f3n y dolor.<\/p>\n<h2>La pu\u00f1alada flebectom\u00eda no es \u00abpelar las venas\u00bb<\/h2>\n<p>La pu\u00f1alada phlebectomies quita las venas pero este procedimiento no es \u00abpelar de la vena.\u00bb M\u00e1s bien, es s\u00f3lo la eliminaci\u00f3n de las varices.<\/p>\n<p>Por otro lado, el desforre de las venas es el retiro tradicional y anticuado de toda la vena safena mayor usando dos peque\u00f1as incisiones en la pierna. \u00c9ste era un procedimiento quir\u00fargico doloroso que dej\u00f3 a menudo a pacientes debilitados por semanas.<\/p>\n<p>En cambio, las pu\u00f1aladas phlebectomies no son t\u00edpicamente dolorosas. Es una procdure ambulatoria, y la mayor\u00eda de los pacientes vuelven a trabajar en un d\u00eda. T\u00edpicamente, los pacientes toman solamente un poco Tylenol o Motrin por algunos d\u00edas porque no hay generalmente mucho dolor asociado a este procedimiento como m\u00ednimo invasor.<\/p>\n<p>[\/et_pb_text][\/et_pb_column][\/et_pb_row][\/et_pb_section]<\/p>\n","protected":false},"excerpt":{"rendered":"<p>Pu\u00f1alada flebectom\u00eda La pu\u00f1alada flebectom\u00eda es un procedimiento que elimina las varices. Tambi\u00e9n lo llamamos flebectom\u00eda ambulativo, flebectom\u00eda micro, o avulsi\u00f3n de la pu\u00f1alada. Es un procedimiento correctivo de bajo riesgo y por lo general sigue una cirug\u00eda m\u00e1s definitiva para las varices como la ablaci\u00f3n por radiofrecuencia (RFA) o la terapia con l\u00e1ser endovenoso [&hellip;]<\/p>\n","protected":false},"author":5,"featured_media":1943,"parent":0,"menu_order":5,"comment_status":"closed","ping_status":"closed","template":"","meta":{"_et_pb_use_builder":"on","_et_pb_old_content":"<h1 style=\"text-align: center;\">Stab Phlebectomy<\/h1>\r\n<img class=\" alignright size-full wp-image-784\" style=\"float: right; max-width: 100%;\" src=\"https:\/\/dev.sfveincenter.com\/wp-content\/uploads\/2010\/09\/stab-phlebectomy-procedure-for-vein-removal.jpg\" alt=\"stab phlebectomy procedure for vein removal\" width=\"499\" height=\"263\" \/>\r\n\r\nStab phlebectomy is a procedure that removes <a href=\"\/?page_id=585\">varicose veins<\/a>. We also call it ambulatory phlebectomy, micro phlebectomy, or stab avulsion. It is a low risk corrective procedure and usually follows a more definitive surgery for varicose veins like <a href=\"\/?page_id=780\">radiofrequency ablation (RFA)<\/a> or <a href=\"\/?page_id=1844\">endovenous laser therapy (EVLT)<\/a>. Stab phlebectomy is not routine. We only perform it if there are residual varicose veins that still remain after radiofrequency ablation or EVLT.\r\n\r\nStab phlebectomies are not always required, even for people with large varicose veins. Treating the underlying venous insufficiency condition usually causes the veins to shrink considerably without further treatment. This is because the veins near the surface of the skin are no longer subject to high venous pressures. In fact, 90-95% of patients will not need this procedure because their veins become sufficiently smaller and less painful after vein ablation.\r\n<h2>Candidates<\/h2>\r\nStab phlebectomy is for residual varicose veins after RFA or EVLT. Therefore, virtually all candidates are those who have already had vein ablation. Typically, about 10% of patients who have a vein ablation will still need stab phlebectomies because there are still symptomatic varicose veins. Usually, our protocol is to wait about two or three months after radiofrequency ablation or laser ablation. At that time, the vast majority of people will have significant shrinkage or disappearance of their veins.\r\n\r\nHowever, there is a small subset of patients who will still have large varicosities. It is important to realize that this does not mean that the procedure did not work. Rather, it is usually due to the development of new routes that open between veins and therefore the veins did not disappear completely. Often, this is because of what we call \"perforator veins,\" which are veins that communicate between the superficial and deep vein systems. In this case, we often decide to simply remove the remaining veins. We do this with a procedure called stab phlebectomies or ambulatory phlebectomies.\r\n<h2>Procedure<\/h2>\r\nStab phlebectomy is almost always performed in the operating room with local anesthesia and a little bit of sedation. During this procedure, the surgeon makes tiny incisions to remove the large veins which remain under the skin. The incisions are less than 0.5 cm and do not require sutures. It is important to also locate and divide the perforator veins which often prevent the varicose veins from disappearing in the first place. After the procedure, the surgeon uses bandages and leg wrappings. Compression stockings follow to minimize bruising, swelling, and pain.\r\n<h2>Stab phlebectomy is not \"vein stripping\"<\/h2>\r\nStab phlebectomies remove veins but this procedure is NOT \"vein stripping.\" Rather, it is just the removal of the varicose veins.\r\n\r\nVein stripping, on the other hand, is the traditional and outdated removal of the entire greater saphenous vein using two small incisions in the leg. This was a painful surgical procedure that often left patients debilitated for weeks.\r\n\r\nIn contrast, stab phlebectomies are not typically painful. It is an outpatient procdure, and most patients are back to work within a day. Typically, patients take just a little tylenol or motrin for a few days because there is usually not much pain associated with this minimally invasive procedure.","_et_gb_content_width":"","footnotes":""},"class_list":["post-3060","page","type-page","status-publish","has-post-thumbnail","hentry"],"yoast_head":"<!-- This site is optimized with the Yoast SEO Premium plugin v23.9 (Yoast SEO v26.8) - https:\/\/yoast.com\/product\/yoast-seo-premium-wordpress\/ -->\n<title>Flebectom\u00eda de apu\u00f1alado Flebectom\u00eda ambulatoria ? Micro flebectom\u00eda<\/title>\n<meta name=\"description\" content=\"La pu\u00f1alada flebectom\u00eda, el flebectom\u00eda ambulativo, o el flebectom\u00eda micro quita las venas varicosas risidual grandes que se convierten t\u00edpicamente despu\u00e9s de la ablaci\u00f3n de la vena.\" \/>\n<meta name=\"robots\" content=\"noindex, follow, max-snippet:-1, max-image-preview:large, max-video-preview:-1\" \/>\n<meta property=\"og:locale\" content=\"es_ES\" \/>\n<meta property=\"og:type\" content=\"article\" \/>\n<meta property=\"og:title\" content=\"Pu\u00f1alada flebectom\u00eda\" \/>\n<meta property=\"og:description\" content=\"La pu\u00f1alada flebectom\u00eda, el flebectom\u00eda ambulativo, o el flebectom\u00eda micro quita las venas varicosas risidual grandes que se convierten t\u00edpicamente despu\u00e9s de la ablaci\u00f3n de la vena.\" \/>\n<meta property=\"og:url\" content=\"https:\/\/dev.sfveincenter.com\/es\/flebectomia-ambulatoria\/\" \/>\n<meta property=\"og:site_name\" content=\"San Francisco Vein Doctor | Varicose &amp; Spider Vein Treatment\" \/>\n<meta property=\"article:publisher\" content=\"https:\/\/www.facebook.com\/sfveincenter\" \/>\n<meta property=\"article:modified_time\" content=\"2019-11-08T21:00:36+00:00\" \/>\n<meta property=\"og:image\" content=\"https:\/\/dev.sfveincenter.com\/wp-content\/uploads\/2010\/09\/stab-phlebectomy-procedure-for-vein-removal.jpg\" \/>\n\t<meta property=\"og:image:width\" content=\"499\" \/>\n\t<meta property=\"og:image:height\" content=\"263\" \/>\n\t<meta property=\"og:image:type\" content=\"image\/jpeg\" \/>\n<meta name=\"twitter:card\" content=\"summary_large_image\" \/>\n<meta name=\"twitter:site\" content=\"@sfveincenter\" \/>\n<meta name=\"twitter:label1\" content=\"Tiempo de lectura\" \/>\n\t<meta name=\"twitter:data1\" content=\"4 minutos\" \/>\n<script type=\"application\/ld+json\" class=\"yoast-schema-graph\">{\"@context\":\"https:\/\/schema.org\",\"@graph\":[{\"@type\":\"WebPage\",\"@id\":\"https:\/\/dev.sfveincenter.com\/es\/flebectomia-ambulatoria\/\",\"url\":\"https:\/\/dev.sfveincenter.com\/es\/flebectomia-ambulatoria\/\",\"name\":\"Flebectom\u00eda de apu\u00f1alado Flebectom\u00eda ambulatoria ? Micro flebectom\u00eda\",\"isPartOf\":{\"@id\":\"https:\/\/dev.sfveincenter.com\/es\/#website\"},\"primaryImageOfPage\":{\"@id\":\"https:\/\/dev.sfveincenter.com\/es\/flebectomia-ambulatoria\/#primaryimage\"},\"image\":{\"@id\":\"https:\/\/dev.sfveincenter.com\/es\/flebectomia-ambulatoria\/#primaryimage\"},\"thumbnailUrl\":\"https:\/\/dev.sfveincenter.com\/wp-content\/uploads\/2010\/09\/stab-phlebectomy-procedure-for-vein-removal.jpg\",\"datePublished\":\"2018-10-10T04:39:31+00:00\",\"dateModified\":\"2019-11-08T21:00:36+00:00\",\"description\":\"La pu\u00f1alada flebectom\u00eda, el flebectom\u00eda ambulativo, o el flebectom\u00eda micro quita las venas varicosas risidual grandes que se convierten t\u00edpicamente despu\u00e9s de la ablaci\u00f3n de la vena.\",\"breadcrumb\":{\"@id\":\"https:\/\/dev.sfveincenter.com\/es\/flebectomia-ambulatoria\/#breadcrumb\"},\"inLanguage\":\"es\",\"potentialAction\":[{\"@type\":\"ReadAction\",\"target\":[\"https:\/\/dev.sfveincenter.com\/es\/flebectomia-ambulatoria\/\"]}]},{\"@type\":\"ImageObject\",\"inLanguage\":\"es\",\"@id\":\"https:\/\/dev.sfveincenter.com\/es\/flebectomia-ambulatoria\/#primaryimage\",\"url\":\"https:\/\/dev.sfveincenter.com\/wp-content\/uploads\/2010\/09\/stab-phlebectomy-procedure-for-vein-removal.jpg\",\"contentUrl\":\"https:\/\/dev.sfveincenter.com\/wp-content\/uploads\/2010\/09\/stab-phlebectomy-procedure-for-vein-removal.jpg\",\"width\":499,\"height\":263,\"caption\":\"pu\u00f1alada flebectom\u00eda procedimiento para la eliminaci\u00f3n de venas\"},{\"@type\":\"BreadcrumbList\",\"@id\":\"https:\/\/dev.sfveincenter.com\/es\/flebectomia-ambulatoria\/#breadcrumb\",\"itemListElement\":[{\"@type\":\"ListItem\",\"position\":1,\"name\":\"Home\",\"item\":\"https:\/\/dev.sfveincenter.com\/es\/inicio-2\/\"},{\"@type\":\"ListItem\",\"position\":2,\"name\":\"Pu\u00f1alada flebectom\u00eda\"}]},{\"@type\":\"WebSite\",\"@id\":\"https:\/\/dev.sfveincenter.com\/es\/#website\",\"url\":\"https:\/\/dev.sfveincenter.com\/es\/\",\"name\":\"San Francisco Vein Doctor | Varicose &amp; Spider Vein Treatment\",\"description\":\"\",\"publisher\":{\"@id\":\"https:\/\/dev.sfveincenter.com\/es\/#organization\"},\"potentialAction\":[{\"@type\":\"SearchAction\",\"target\":{\"@type\":\"EntryPoint\",\"urlTemplate\":\"https:\/\/dev.sfveincenter.com\/es\/?s={search_term_string}\"},\"query-input\":{\"@type\":\"PropertyValueSpecification\",\"valueRequired\":true,\"valueName\":\"search_term_string\"}}],\"inLanguage\":\"es\"},{\"@type\":\"Organization\",\"@id\":\"https:\/\/dev.sfveincenter.com\/es\/#organization\",\"name\":\"San Francisco Vein Center - Melinda L Aquino MD\",\"url\":\"https:\/\/dev.sfveincenter.com\/es\/\",\"logo\":{\"@type\":\"ImageObject\",\"inLanguage\":\"es\",\"@id\":\"https:\/\/dev.sfveincenter.com\/es\/#\/schema\/logo\/image\/\",\"url\":\"https:\/\/dev.sfveincenter.com\/wp-content\/uploads\/2021\/02\/cropped-favicon-512x512-1-1.png\",\"contentUrl\":\"https:\/\/dev.sfveincenter.com\/wp-content\/uploads\/2021\/02\/cropped-favicon-512x512-1-1.png\",\"width\":512,\"height\":512,\"caption\":\"San Francisco Vein Center - Melinda L Aquino MD\"},\"image\":{\"@id\":\"https:\/\/dev.sfveincenter.com\/es\/#\/schema\/logo\/image\/\"},\"sameAs\":[\"https:\/\/www.facebook.com\/sfveincenter\",\"https:\/\/x.com\/sfveincenter\",\"https:\/\/www.youtube.com\/channel\/UCH75q26Kq5lThH_Xptt8imQ\",\"https:\/\/x.com\/SFVeinCenter\"]}]}<\/script>\n<!-- \/ Yoast SEO Premium plugin. -->","yoast_head_json":{"title":"Flebectom\u00eda de apu\u00f1alado Flebectom\u00eda ambulatoria ? Micro flebectom\u00eda","description":"La pu\u00f1alada flebectom\u00eda, el flebectom\u00eda ambulativo, o el flebectom\u00eda micro quita las venas varicosas risidual grandes que se convierten t\u00edpicamente despu\u00e9s de la ablaci\u00f3n de la vena.","robots":{"index":"noindex","follow":"follow","max-snippet":"max-snippet:-1","max-image-preview":"max-image-preview:large","max-video-preview":"max-video-preview:-1"},"og_locale":"es_ES","og_type":"article","og_title":"Pu\u00f1alada flebectom\u00eda","og_description":"La pu\u00f1alada flebectom\u00eda, el flebectom\u00eda ambulativo, o el flebectom\u00eda micro quita las venas varicosas risidual grandes que se convierten t\u00edpicamente despu\u00e9s de la ablaci\u00f3n de la vena.","og_url":"https:\/\/dev.sfveincenter.com\/es\/flebectomia-ambulatoria\/","og_site_name":"San Francisco Vein Doctor | Varicose &amp; Spider Vein Treatment","article_publisher":"https:\/\/www.facebook.com\/sfveincenter","article_modified_time":"2019-11-08T21:00:36+00:00","og_image":[{"width":499,"height":263,"url":"https:\/\/dev.sfveincenter.com\/wp-content\/uploads\/2010\/09\/stab-phlebectomy-procedure-for-vein-removal.jpg","type":"image\/jpeg"}],"twitter_card":"summary_large_image","twitter_site":"@sfveincenter","twitter_misc":{"Tiempo de lectura":"4 minutos"},"schema":{"@context":"https:\/\/schema.org","@graph":[{"@type":"WebPage","@id":"https:\/\/dev.sfveincenter.com\/es\/flebectomia-ambulatoria\/","url":"https:\/\/dev.sfveincenter.com\/es\/flebectomia-ambulatoria\/","name":"Flebectom\u00eda de apu\u00f1alado Flebectom\u00eda ambulatoria ? Micro flebectom\u00eda","isPartOf":{"@id":"https:\/\/dev.sfveincenter.com\/es\/#website"},"primaryImageOfPage":{"@id":"https:\/\/dev.sfveincenter.com\/es\/flebectomia-ambulatoria\/#primaryimage"},"image":{"@id":"https:\/\/dev.sfveincenter.com\/es\/flebectomia-ambulatoria\/#primaryimage"},"thumbnailUrl":"https:\/\/dev.sfveincenter.com\/wp-content\/uploads\/2010\/09\/stab-phlebectomy-procedure-for-vein-removal.jpg","datePublished":"2018-10-10T04:39:31+00:00","dateModified":"2019-11-08T21:00:36+00:00","description":"La pu\u00f1alada flebectom\u00eda, el flebectom\u00eda ambulativo, o el flebectom\u00eda micro quita las venas varicosas risidual grandes que se convierten t\u00edpicamente despu\u00e9s de la ablaci\u00f3n de la vena.","breadcrumb":{"@id":"https:\/\/dev.sfveincenter.com\/es\/flebectomia-ambulatoria\/#breadcrumb"},"inLanguage":"es","potentialAction":[{"@type":"ReadAction","target":["https:\/\/dev.sfveincenter.com\/es\/flebectomia-ambulatoria\/"]}]},{"@type":"ImageObject","inLanguage":"es","@id":"https:\/\/dev.sfveincenter.com\/es\/flebectomia-ambulatoria\/#primaryimage","url":"https:\/\/dev.sfveincenter.com\/wp-content\/uploads\/2010\/09\/stab-phlebectomy-procedure-for-vein-removal.jpg","contentUrl":"https:\/\/dev.sfveincenter.com\/wp-content\/uploads\/2010\/09\/stab-phlebectomy-procedure-for-vein-removal.jpg","width":499,"height":263,"caption":"pu\u00f1alada flebectom\u00eda procedimiento para la eliminaci\u00f3n de venas"},{"@type":"BreadcrumbList","@id":"https:\/\/dev.sfveincenter.com\/es\/flebectomia-ambulatoria\/#breadcrumb","itemListElement":[{"@type":"ListItem","position":1,"name":"Home","item":"https:\/\/dev.sfveincenter.com\/es\/inicio-2\/"},{"@type":"ListItem","position":2,"name":"Pu\u00f1alada flebectom\u00eda"}]},{"@type":"WebSite","@id":"https:\/\/dev.sfveincenter.com\/es\/#website","url":"https:\/\/dev.sfveincenter.com\/es\/","name":"San Francisco Vein Doctor | Varicose &amp; Spider Vein Treatment","description":"","publisher":{"@id":"https:\/\/dev.sfveincenter.com\/es\/#organization"},"potentialAction":[{"@type":"SearchAction","target":{"@type":"EntryPoint","urlTemplate":"https:\/\/dev.sfveincenter.com\/es\/?s={search_term_string}"},"query-input":{"@type":"PropertyValueSpecification","valueRequired":true,"valueName":"search_term_string"}}],"inLanguage":"es"},{"@type":"Organization","@id":"https:\/\/dev.sfveincenter.com\/es\/#organization","name":"San Francisco Vein Center - Melinda L Aquino MD","url":"https:\/\/dev.sfveincenter.com\/es\/","logo":{"@type":"ImageObject","inLanguage":"es","@id":"https:\/\/dev.sfveincenter.com\/es\/#\/schema\/logo\/image\/","url":"https:\/\/dev.sfveincenter.com\/wp-content\/uploads\/2021\/02\/cropped-favicon-512x512-1-1.png","contentUrl":"https:\/\/dev.sfveincenter.com\/wp-content\/uploads\/2021\/02\/cropped-favicon-512x512-1-1.png","width":512,"height":512,"caption":"San Francisco Vein Center - Melinda L Aquino MD"},"image":{"@id":"https:\/\/dev.sfveincenter.com\/es\/#\/schema\/logo\/image\/"},"sameAs":["https:\/\/www.facebook.com\/sfveincenter","https:\/\/x.com\/sfveincenter","https:\/\/www.youtube.com\/channel\/UCH75q26Kq5lThH_Xptt8imQ","https:\/\/x.com\/SFVeinCenter"]}]}},"_links":{"self":[{"href":"https:\/\/dev.sfveincenter.com\/es\/wp-json\/wp\/v2\/pages\/3060","targetHints":{"allow":["GET"]}}],"collection":[{"href":"https:\/\/dev.sfveincenter.com\/es\/wp-json\/wp\/v2\/pages"}],"about":[{"href":"https:\/\/dev.sfveincenter.com\/es\/wp-json\/wp\/v2\/types\/page"}],"author":[{"embeddable":true,"href":"https:\/\/dev.sfveincenter.com\/es\/wp-json\/wp\/v2\/users\/5"}],"replies":[{"embeddable":true,"href":"https:\/\/dev.sfveincenter.com\/es\/wp-json\/wp\/v2\/comments?post=3060"}],"version-history":[{"count":0,"href":"https:\/\/dev.sfveincenter.com\/es\/wp-json\/wp\/v2\/pages\/3060\/revisions"}],"wp:featuredmedia":[{"embeddable":true,"href":"https:\/\/dev.sfveincenter.com\/es\/wp-json\/wp\/v2\/media\/1943"}],"wp:attachment":[{"href":"https:\/\/dev.sfveincenter.com\/es\/wp-json\/wp\/v2\/media?parent=3060"}],"curies":[{"name":"wp","href":"https:\/\/api.w.org\/{rel}","templated":true}]}}