{"id":3061,"date":"2018-10-09T21:41:12","date_gmt":"2018-10-10T04:41:12","guid":{"rendered":"http:\/\/54.70.23.198\/radiofrecuencia-ablacion-rfa-vena\/"},"modified":"2023-10-12T11:15:43","modified_gmt":"2023-10-12T18:15:43","slug":"ablacion-por-radiofrecuencia-rfa","status":"publish","type":"page","link":"https:\/\/dev.sfveincenter.com\/es\/ablacion-por-radiofrecuencia-rfa\/","title":{"rendered":"Ablaci\u00f3n por radiofrecuencia (RFA)"},"content":{"rendered":"<p>[et_pb_section fb_built=\u00bb1&#8243; _builder_version=\u00bb4.16&#8243; custom_padding=\u00bb1%|||\u00bb global_colors_info=\u00bb{}\u00bb][et_pb_row _builder_version=\u00bb4.16&#8243; background_size=\u00bbinitial\u00bb background_position=\u00bbtop_left\u00bb background_repeat=\u00bbrepeat\u00bb global_colors_info=\u00bb{}\u00bb column_structure=\u00bb3_5,2_5&#8243;][et_pb_column type=\u00bb3_5&#8243; _builder_version=\u00bb4.16&#8243; custom_padding=\u00bb|||\u00bb global_colors_info=\u00bb{}\u00bb custom_padding__hover=\u00bb|||\u00bb][et_pb_text _builder_version=\u00bb4.22.2&#8243; background_size=\u00bbinitial\u00bb background_position=\u00bbtop_left\u00bb background_repeat=\u00bbrepeat\u00bb hover_enabled=\u00bb0&#8243; z_index_tablet=\u00bb500&#8243; global_colors_info=\u00bb{}\u00bb sticky_enabled=\u00bb0&#8243;]<\/p>\n<h1 style=\"text-align: center;\">Ablaci\u00f3n por radiofrecuencia (RFA)<\/h1>\n<p>La ablaci\u00f3n por radiofrecuencia (RFA) tambi\u00e9n se conoce como Venefit o cierre VNUS. La FDA lo aprob\u00f3 en 1999. La RFA es m\u00e1s eficaz que la extracci\u00f3n de venas y tiene menos complicaciones. <strong>La ablaci\u00f3n por radiofrecuencia<\/strong> realmente ha revolucionado la forma en que se tratan las venas varicosas, y es uno de los nuevos est\u00e1ndares para el tratamiento de la insuficiencia venosa y las venas varicosas. Representa una forma m\u00ednimamente invasiva de extirpar las <a href=\"https:\/\/dev.sfveincenter.com\/es\/tratamiento-de-venas-varicosas-varices\/\">venas varicosas<\/a> utilizando la energ\u00eda de radiofrecuencia suministrada a trav\u00e9s de un cat\u00e9ter. El cat\u00e9ter cierra la vena desde el interior. Este tratamiento requiere s\u00f3lo una peque\u00f1a incisi\u00f3n en la pierna. Se hace a menudo en la oficina usando solamente anestesia local y no requiere una estancia del hospital. La mayor\u00eda de los pacientes encuentran que el procedimiento casi indoloro y la gran mayor\u00eda de los pacientes vuelven a su rutina habitual para el d\u00eda siguiente.<\/p>\n<p>[\/et_pb_text][\/et_pb_column][et_pb_column type=\u00bb2_5&#8243; _builder_version=\u00bb4.16&#8243; custom_padding=\u00bb|||\u00bb global_colors_info=\u00bb{}\u00bb custom_padding__hover=\u00bb|||\u00bb][et_pb_text _builder_version=\u00bb4.22.2&#8243; _module_preset=\u00bbdefault\u00bb hover_enabled=\u00bb0&#8243; sticky_enabled=\u00bb0&#8243;]<\/p>\n<p><iframe loading=\"lazy\" src=\"https:\/\/www.youtube.com\/embed\/vSE9YQLWVDY?rel=0\" width=\"640\" height=\"360\" allowfullscreen=\"allowfullscreen\"><\/iframe><\/p>\n<p>[\/et_pb_text][\/et_pb_column][\/et_pb_row][et_pb_row _builder_version=\u00bb4.16&#8243; background_size=\u00bbinitial\u00bb background_position=\u00bbtop_left\u00bb background_repeat=\u00bbrepeat\u00bb global_colors_info=\u00bb{}\u00bb][et_pb_column type=\u00bb4_4&#8243; _builder_version=\u00bb4.16&#8243; custom_padding=\u00bb|||\u00bb global_colors_info=\u00bb{}\u00bb custom_padding__hover=\u00bb|||\u00bb][et_pb_text _builder_version=\u00bb4.22.2&#8243; background_size=\u00bbinitial\u00bb background_position=\u00bbtop_left\u00bb background_repeat=\u00bbrepeat\u00bb hover_enabled=\u00bb0&#8243; z_index_tablet=\u00bb500&#8243; global_colors_info=\u00bb{}\u00bb sticky_enabled=\u00bb0&#8243;]<\/p>\n<p>La ablaci\u00f3n por radiofrecuencia (RFA) es verdaderamente notable porque proporciona un medio menos invasivo para tratar la <a href=\"https:\/\/dev.sfveincenter.com\/es\/insuficiencia-venosa\/\">insuficiencia venosa<\/a> sin cirug\u00eda de extirpaci\u00f3n de las venas. En el pasado no tan lejano, los cirujanos extirparon las venas mal funcionales mediante un procedimiento llamado desforre de las venas. Esto implic\u00f3 hacer dos incisiones en la pierna y literalmente \u00abarrancar\u00bb las venas. Este tratamiento fue eficaz pero caus\u00f3 dolor y a veces requiri\u00f3 semanas para recuperarse completamente.<a class=\"workspace-trigger\" href=\"http:\/\/medtronicendovenous.com\/professionals\/closurefast-procedure\/\" name=\"Radiofrequency%20Ablation%20Closure%20Fast\"><\/a><\/p>\n<h2>Candidatos y preparaci\u00f3n<\/h2>\n<p><a href=\"http:\/\/medtronicendovenous.com\/professionals\/closurefast-procedure\/\" target=\"_blank\" rel=\"noopener noreferrer\"><img loading=\"lazy\" decoding=\"async\" class=\"wp-image-2344 alignright\" src=\"https:\/\/dev.sfveincenter.com\/wp-content\/uploads\/2018\/08\/closurefast-radiofrequency-ablation.jpg\" alt=\"ablaci\u00f3n por radiofrecuencia ClosureFAST RFA\" width=\"476\" height=\"275\"><\/a>Los pacientes que buscan la ablaci\u00f3n por radiofrecuencia necesitan un ultrasonido para determinar si tienen <strong><em>insuficiencia venosa<\/em><\/strong> que es la causa primaria de las varices. Tambi\u00e9n es necesario evaluar el tama\u00f1o de la vena y otros factores para determinar si \u00e9sta es la cirug\u00eda adecuada. Esto permite al <a href=\"https:\/\/dev.sfveincenter.com\/es\/cirujano-vascular-doctor-aquino\/\">cirujano vascular<\/a> determinar qu\u00e9 venas o venas tratar. Debido a que se trata de un procedimiento invasivo m\u00ednimamente invasivo, hay poca preparaci\u00f3n. La anestesia general no es necesaria, aunque los pacientes a veces pueden tomar algo para relajarse. Consulte nuestras formas de paciente para obtener instrucciones sobre c\u00f3mo prepararse y recuperarse despu\u00e9s de la ablaci\u00f3n por radiofrecuencia.<\/p>\n<p>La ablaci\u00f3n por radiofrecuencia funciona de manera muy similar a la <a href=\"https:\/\/dev.sfveincenter.com\/es\/endovenosa-laser-terapia-evlt\/\">terapia con l\u00e1ser endovenoso<\/a>. (<a href=\"https:\/\/dev.sfveincenter.com\/es\/laser-ablation-vs-radiofrequency-ablation\/\">Ver comparaciones<\/a>) Despu\u00e9s de identificar y cartografiar la vena o venas enfermas para tratar, el cirujano crea una peque\u00f1a incisi\u00f3n y gu\u00eda un cat\u00e9ter hacia el \u00e1rea de la ingle. Las venas t\u00edpicas tratadas son las venas superficiales que son la vena safena mayor y la vena safena menor. Los pulsos de radiofrecuencia permiten que el cat\u00e9ter aplique calor al col\u00e1geno en las paredes de la vena, lo que hace que la vena se encoja y se cierre. El cat\u00e9ter trata las secciones de 7 cm de la vena a la vez durante 20 segundos. Despu\u00e9s de tratar cada secci\u00f3n, el cirujano retira parcialmente el cat\u00e9ter para tratar la siguiente secci\u00f3n hasta que se cierre toda la vena. Al cerrar la vena de la enfermedad, las venas de funcionamiento m\u00e1s saludables se apoderan.<\/p>\n<h2>Procedimiento<\/h2>\n<p>UN l\u00edquido de revoco es una parte importante de la ablaci\u00f3n por radiofrecuencia. La soluci\u00f3n es una mezcla de soluci\u00f3n salina, lidoca\u00edna y soluci\u00f3n de bicarbonato s\u00f3dico. Usando ultrasonido, el cirujano lo inyecta entre la vena y el tejido circundante. Sirve a muchos prop\u00f3sitos:<\/p>\n<ul>\n<li>El l\u00edquido de la revoco act\u00faa como tamp\u00f3n entre la vena y el tejido circundante y protege el tejido de los da\u00f1os causados por las ondas de radiofrecuencia. Permite que el cirujano trate solamente la vena.<\/li>\n<li>El l\u00edquido aplica presi\u00f3n al exterior de la vena para que el cat\u00e9ter entre en contacto con las paredes de la vena y cierre efectivamente la vena.<\/li>\n<li>La lidoca\u00edna en el l\u00edquido minimiza el dolor.<\/li>\n<\/ul>\n<h2>Recuperaci\u00f3n<\/h2>\n<p>Hay muy pocas limitaciones despu\u00e9s de la RFA. Alentamos a los pacientes a abstenerse de <a href=\"https:\/\/dev.sfveincenter.com\/es\/ejercicio-varices\/\">hacer ejercicio<\/a> vigoroso durante varios d\u00edas. Sugerimos caminar con frecuencia ya que ayuda al proceso de recuperaci\u00f3n. Las medias de compresi\u00f3n tambi\u00e9n son importantes para la recuperaci\u00f3n. Aconsejamos a los pacientes que los usen continuamente para el primer d\u00eda. Los pacientes deben usar las medias para el primer d\u00eda completo y durante el d\u00eda solamente por cerca de dos semanas o hasta la visita de la carta recordativa. Durante la visita de seguimiento. el cirujano usar\u00e1 revisar la vena extirpada para asegurarse de que est\u00e1 bien cerrada.<\/p>\n<p>El alivio de los s\u00edntomas de las venas varicosas como el dolor, la pesadez, etc., generalmente desaparecen en unas semanas. Ocasionalmente, lleva m\u00e1s tiempo. Sin embargo, en aproximadamente el 10% de los pacientes, las venas no desaparecen por completo. Si eso sucede, podemos hacer inyecciones dentro de unos meses o, en algunos casos, extirpamos quir\u00fargicamente las venas. Algunos pacientes reportan sensibilidad alrededor del \u00e1rea tratada que t\u00edpicamente se deshace despu\u00e9s de algunas semanas.<\/p>\n<h2>Tasa de \u00e9xito<\/h2>\n<p>La tasa de \u00e9xito de cierre para la RFA es 99%. Con el tiempo, una vena cerrada con \u00e9xito puede a veces volver a abrirse. La tasa de recurrencia var\u00eda entre el 5% y el 10%. Los pacientes que experimentan recurrencia pueden decidir si realizar o no el procedimiento de nuevo.<\/p>\n<h2>Riesgos y efectos secundarios<\/h2>\n<p>La radiofrecuencia es un procedimiento de bajo riesgo. Algunos moretones y hinchaz\u00f3n junto con un poco de malestar es com\u00fan. Usar medias de compresi\u00f3n ayudar\u00e1 con esto. Debido a los moretones y la necesidad de usar medias de compresi\u00f3n, recomendamos este procedimiento durante los meses m\u00e1s frescos del a\u00f1o.<\/p>\n<p><a href=\"https:\/\/dev.sfveincenter.com\/es\/coagulo-de-sangre-tvp\/\">Trombosis venosa profunda<\/a> (TVP) es cuando un co\u00e1gulo sangu\u00edneo forma la vena. Hay aproximadamente un 1% de riesgo para esta complicaci\u00f3n. Alrededor de la mitad de los pacientes que forman una TVP pueden desarrollar una embolia pulmonar donde el co\u00e1gulo de sangre viaja a los pulmones. Esta es una condici\u00f3n rara pero peligrosa que necesita ser tratada inmediatamente con diluyentes de la sangre cuando sucede. Seguir las pautas de recuperaci\u00f3n de caminar, usar medias de compresi\u00f3n, y no sentarse durante per\u00edodos prolongados ayuda a disminuir estos riesgos.<\/p>\n<p>[\/et_pb_text][\/et_pb_column][\/et_pb_row][\/et_pb_section]<\/p>\n","protected":false},"excerpt":{"rendered":"<p>Ablaci\u00f3n por radiofrecuencia (RFA) La ablaci\u00f3n por radiofrecuencia (RFA) tambi\u00e9n se conoce como Venefit o cierre VNUS. La FDA lo aprob\u00f3 en 1999. La RFA es m\u00e1s eficaz que la extracci\u00f3n de venas y tiene menos complicaciones. La ablaci\u00f3n por radiofrecuencia realmente ha revolucionado la forma en que se tratan las venas varicosas, y es [&hellip;]<\/p>\n","protected":false},"author":5,"featured_media":0,"parent":0,"menu_order":3,"comment_status":"closed","ping_status":"closed","template":"","meta":{"_et_pb_use_builder":"on","_et_pb_old_content":"","_et_gb_content_width":"","footnotes":""},"class_list":["post-3061","page","type-page","status-publish","hentry"],"yoast_head":"<!-- This site is optimized with the Yoast SEO Premium plugin v23.9 (Yoast SEO v26.8) - https:\/\/yoast.com\/product\/yoast-seo-premium-wordpress\/ -->\n<title>Ablaci\u00f3n por radiofrecuencia (RFA) para extirpar las varices<\/title>\n<meta name=\"description\" content=\"La ablaci\u00f3n por radiofrecuencia (RFA) es un proceso en el que se utiliza un cat\u00e9ter para hacer que una vena de la enfermedad se cierre y permita que las venas saludables se hagan cargo.\" \/>\n<meta name=\"robots\" content=\"noindex, follow, max-snippet:-1, max-image-preview:large, max-video-preview:-1\" \/>\n<meta property=\"og:locale\" content=\"es_ES\" \/>\n<meta property=\"og:type\" content=\"article\" \/>\n<meta property=\"og:title\" content=\"Ablaci\u00f3n por radiofrecuencia (RFA)\" \/>\n<meta property=\"og:description\" content=\"La ablaci\u00f3n por radiofrecuencia (RFA) es un proceso en el que se utiliza un cat\u00e9ter para hacer que una vena de la enfermedad se cierre y permita que las venas saludables se hagan cargo.\" \/>\n<meta property=\"og:url\" content=\"https:\/\/dev.sfveincenter.com\/es\/ablacion-por-radiofrecuencia-rfa\/\" \/>\n<meta property=\"og:site_name\" content=\"San Francisco Vein Doctor | Varicose &amp; Spider Vein Treatment\" \/>\n<meta property=\"article:publisher\" content=\"https:\/\/www.facebook.com\/sfveincenter\" \/>\n<meta property=\"article:modified_time\" content=\"2023-10-12T18:15:43+00:00\" \/>\n<meta property=\"og:image\" content=\"https:\/\/dev.sfveincenter.com\/wp-content\/uploads\/2018\/08\/closurefast-radiofrequency-ablation.jpg\" \/>\n<meta name=\"twitter:card\" content=\"summary_large_image\" \/>\n<meta name=\"twitter:site\" content=\"@sfveincenter\" \/>\n<meta name=\"twitter:label1\" content=\"Tiempo de lectura\" \/>\n\t<meta name=\"twitter:data1\" content=\"6 minutos\" \/>\n<script type=\"application\/ld+json\" class=\"yoast-schema-graph\">{\"@context\":\"https:\/\/schema.org\",\"@graph\":[{\"@type\":\"WebPage\",\"@id\":\"https:\/\/dev.sfveincenter.com\/es\/ablacion-por-radiofrecuencia-rfa\/\",\"url\":\"https:\/\/dev.sfveincenter.com\/es\/ablacion-por-radiofrecuencia-rfa\/\",\"name\":\"Ablaci\u00f3n por radiofrecuencia (RFA) para extirpar las varices\",\"isPartOf\":{\"@id\":\"https:\/\/dev.sfveincenter.com\/es\/#website\"},\"primaryImageOfPage\":{\"@id\":\"https:\/\/dev.sfveincenter.com\/es\/ablacion-por-radiofrecuencia-rfa\/#primaryimage\"},\"image\":{\"@id\":\"https:\/\/dev.sfveincenter.com\/es\/ablacion-por-radiofrecuencia-rfa\/#primaryimage\"},\"thumbnailUrl\":\"https:\/\/dev.sfveincenter.com\/wp-content\/uploads\/2018\/08\/closurefast-radiofrequency-ablation.jpg\",\"datePublished\":\"2018-10-10T04:41:12+00:00\",\"dateModified\":\"2023-10-12T18:15:43+00:00\",\"description\":\"La ablaci\u00f3n por radiofrecuencia (RFA) es un proceso en el que se utiliza un cat\u00e9ter para hacer que una vena de la enfermedad se cierre y permita que las venas saludables se hagan cargo.\",\"breadcrumb\":{\"@id\":\"https:\/\/dev.sfveincenter.com\/es\/ablacion-por-radiofrecuencia-rfa\/#breadcrumb\"},\"inLanguage\":\"es\",\"potentialAction\":[{\"@type\":\"ReadAction\",\"target\":[\"https:\/\/dev.sfveincenter.com\/es\/ablacion-por-radiofrecuencia-rfa\/\"]}]},{\"@type\":\"ImageObject\",\"inLanguage\":\"es\",\"@id\":\"https:\/\/dev.sfveincenter.com\/es\/ablacion-por-radiofrecuencia-rfa\/#primaryimage\",\"url\":\"https:\/\/dev.sfveincenter.com\/wp-content\/uploads\/2018\/08\/closurefast-radiofrequency-ablation.jpg\",\"contentUrl\":\"https:\/\/dev.sfveincenter.com\/wp-content\/uploads\/2018\/08\/closurefast-radiofrequency-ablation.jpg\"},{\"@type\":\"BreadcrumbList\",\"@id\":\"https:\/\/dev.sfveincenter.com\/es\/ablacion-por-radiofrecuencia-rfa\/#breadcrumb\",\"itemListElement\":[{\"@type\":\"ListItem\",\"position\":1,\"name\":\"Home\",\"item\":\"https:\/\/dev.sfveincenter.com\/es\/inicio-2\/\"},{\"@type\":\"ListItem\",\"position\":2,\"name\":\"Ablaci\u00f3n por radiofrecuencia (RFA)\"}]},{\"@type\":\"WebSite\",\"@id\":\"https:\/\/dev.sfveincenter.com\/es\/#website\",\"url\":\"https:\/\/dev.sfveincenter.com\/es\/\",\"name\":\"San Francisco Vein Doctor | Varicose &amp; Spider Vein Treatment\",\"description\":\"\",\"publisher\":{\"@id\":\"https:\/\/dev.sfveincenter.com\/es\/#organization\"},\"potentialAction\":[{\"@type\":\"SearchAction\",\"target\":{\"@type\":\"EntryPoint\",\"urlTemplate\":\"https:\/\/dev.sfveincenter.com\/es\/?s={search_term_string}\"},\"query-input\":{\"@type\":\"PropertyValueSpecification\",\"valueRequired\":true,\"valueName\":\"search_term_string\"}}],\"inLanguage\":\"es\"},{\"@type\":\"Organization\",\"@id\":\"https:\/\/dev.sfveincenter.com\/es\/#organization\",\"name\":\"San Francisco Vein Center - Melinda L Aquino MD\",\"url\":\"https:\/\/dev.sfveincenter.com\/es\/\",\"logo\":{\"@type\":\"ImageObject\",\"inLanguage\":\"es\",\"@id\":\"https:\/\/dev.sfveincenter.com\/es\/#\/schema\/logo\/image\/\",\"url\":\"https:\/\/dev.sfveincenter.com\/wp-content\/uploads\/2021\/02\/cropped-favicon-512x512-1-1.png\",\"contentUrl\":\"https:\/\/dev.sfveincenter.com\/wp-content\/uploads\/2021\/02\/cropped-favicon-512x512-1-1.png\",\"width\":512,\"height\":512,\"caption\":\"San Francisco Vein Center - Melinda L Aquino MD\"},\"image\":{\"@id\":\"https:\/\/dev.sfveincenter.com\/es\/#\/schema\/logo\/image\/\"},\"sameAs\":[\"https:\/\/www.facebook.com\/sfveincenter\",\"https:\/\/x.com\/sfveincenter\",\"https:\/\/www.youtube.com\/channel\/UCH75q26Kq5lThH_Xptt8imQ\",\"https:\/\/x.com\/SFVeinCenter\"]}]}<\/script>\n<!-- \/ Yoast SEO Premium plugin. -->","yoast_head_json":{"title":"Ablaci\u00f3n por radiofrecuencia (RFA) para extirpar las varices","description":"La ablaci\u00f3n por radiofrecuencia (RFA) es un proceso en el que se utiliza un cat\u00e9ter para hacer que una vena de la enfermedad se cierre y permita que las venas saludables se hagan cargo.","robots":{"index":"noindex","follow":"follow","max-snippet":"max-snippet:-1","max-image-preview":"max-image-preview:large","max-video-preview":"max-video-preview:-1"},"og_locale":"es_ES","og_type":"article","og_title":"Ablaci\u00f3n por radiofrecuencia (RFA)","og_description":"La ablaci\u00f3n por radiofrecuencia (RFA) es un proceso en el que se utiliza un cat\u00e9ter para hacer que una vena de la enfermedad se cierre y permita que las venas saludables se hagan cargo.","og_url":"https:\/\/dev.sfveincenter.com\/es\/ablacion-por-radiofrecuencia-rfa\/","og_site_name":"San Francisco Vein Doctor | Varicose &amp; Spider Vein Treatment","article_publisher":"https:\/\/www.facebook.com\/sfveincenter","article_modified_time":"2023-10-12T18:15:43+00:00","og_image":[{"url":"https:\/\/dev.sfveincenter.com\/wp-content\/uploads\/2018\/08\/closurefast-radiofrequency-ablation.jpg","type":"","width":"","height":""}],"twitter_card":"summary_large_image","twitter_site":"@sfveincenter","twitter_misc":{"Tiempo de lectura":"6 minutos"},"schema":{"@context":"https:\/\/schema.org","@graph":[{"@type":"WebPage","@id":"https:\/\/dev.sfveincenter.com\/es\/ablacion-por-radiofrecuencia-rfa\/","url":"https:\/\/dev.sfveincenter.com\/es\/ablacion-por-radiofrecuencia-rfa\/","name":"Ablaci\u00f3n por radiofrecuencia (RFA) para extirpar las varices","isPartOf":{"@id":"https:\/\/dev.sfveincenter.com\/es\/#website"},"primaryImageOfPage":{"@id":"https:\/\/dev.sfveincenter.com\/es\/ablacion-por-radiofrecuencia-rfa\/#primaryimage"},"image":{"@id":"https:\/\/dev.sfveincenter.com\/es\/ablacion-por-radiofrecuencia-rfa\/#primaryimage"},"thumbnailUrl":"https:\/\/dev.sfveincenter.com\/wp-content\/uploads\/2018\/08\/closurefast-radiofrequency-ablation.jpg","datePublished":"2018-10-10T04:41:12+00:00","dateModified":"2023-10-12T18:15:43+00:00","description":"La ablaci\u00f3n por radiofrecuencia (RFA) es un proceso en el que se utiliza un cat\u00e9ter para hacer que una vena de la enfermedad se cierre y permita que las venas saludables se hagan cargo.","breadcrumb":{"@id":"https:\/\/dev.sfveincenter.com\/es\/ablacion-por-radiofrecuencia-rfa\/#breadcrumb"},"inLanguage":"es","potentialAction":[{"@type":"ReadAction","target":["https:\/\/dev.sfveincenter.com\/es\/ablacion-por-radiofrecuencia-rfa\/"]}]},{"@type":"ImageObject","inLanguage":"es","@id":"https:\/\/dev.sfveincenter.com\/es\/ablacion-por-radiofrecuencia-rfa\/#primaryimage","url":"https:\/\/dev.sfveincenter.com\/wp-content\/uploads\/2018\/08\/closurefast-radiofrequency-ablation.jpg","contentUrl":"https:\/\/dev.sfveincenter.com\/wp-content\/uploads\/2018\/08\/closurefast-radiofrequency-ablation.jpg"},{"@type":"BreadcrumbList","@id":"https:\/\/dev.sfveincenter.com\/es\/ablacion-por-radiofrecuencia-rfa\/#breadcrumb","itemListElement":[{"@type":"ListItem","position":1,"name":"Home","item":"https:\/\/dev.sfveincenter.com\/es\/inicio-2\/"},{"@type":"ListItem","position":2,"name":"Ablaci\u00f3n por radiofrecuencia (RFA)"}]},{"@type":"WebSite","@id":"https:\/\/dev.sfveincenter.com\/es\/#website","url":"https:\/\/dev.sfveincenter.com\/es\/","name":"San Francisco Vein Doctor | Varicose &amp; Spider Vein Treatment","description":"","publisher":{"@id":"https:\/\/dev.sfveincenter.com\/es\/#organization"},"potentialAction":[{"@type":"SearchAction","target":{"@type":"EntryPoint","urlTemplate":"https:\/\/dev.sfveincenter.com\/es\/?s={search_term_string}"},"query-input":{"@type":"PropertyValueSpecification","valueRequired":true,"valueName":"search_term_string"}}],"inLanguage":"es"},{"@type":"Organization","@id":"https:\/\/dev.sfveincenter.com\/es\/#organization","name":"San Francisco Vein Center - Melinda L Aquino MD","url":"https:\/\/dev.sfveincenter.com\/es\/","logo":{"@type":"ImageObject","inLanguage":"es","@id":"https:\/\/dev.sfveincenter.com\/es\/#\/schema\/logo\/image\/","url":"https:\/\/dev.sfveincenter.com\/wp-content\/uploads\/2021\/02\/cropped-favicon-512x512-1-1.png","contentUrl":"https:\/\/dev.sfveincenter.com\/wp-content\/uploads\/2021\/02\/cropped-favicon-512x512-1-1.png","width":512,"height":512,"caption":"San Francisco Vein Center - Melinda L Aquino MD"},"image":{"@id":"https:\/\/dev.sfveincenter.com\/es\/#\/schema\/logo\/image\/"},"sameAs":["https:\/\/www.facebook.com\/sfveincenter","https:\/\/x.com\/sfveincenter","https:\/\/www.youtube.com\/channel\/UCH75q26Kq5lThH_Xptt8imQ","https:\/\/x.com\/SFVeinCenter"]}]}},"_links":{"self":[{"href":"https:\/\/dev.sfveincenter.com\/es\/wp-json\/wp\/v2\/pages\/3061","targetHints":{"allow":["GET"]}}],"collection":[{"href":"https:\/\/dev.sfveincenter.com\/es\/wp-json\/wp\/v2\/pages"}],"about":[{"href":"https:\/\/dev.sfveincenter.com\/es\/wp-json\/wp\/v2\/types\/page"}],"author":[{"embeddable":true,"href":"https:\/\/dev.sfveincenter.com\/es\/wp-json\/wp\/v2\/users\/5"}],"replies":[{"embeddable":true,"href":"https:\/\/dev.sfveincenter.com\/es\/wp-json\/wp\/v2\/comments?post=3061"}],"version-history":[{"count":0,"href":"https:\/\/dev.sfveincenter.com\/es\/wp-json\/wp\/v2\/pages\/3061\/revisions"}],"wp:attachment":[{"href":"https:\/\/dev.sfveincenter.com\/es\/wp-json\/wp\/v2\/media?parent=3061"}],"curies":[{"name":"wp","href":"https:\/\/api.w.org\/{rel}","templated":true}]}}