{"id":3064,"date":"2018-10-09T21:51:23","date_gmt":"2018-10-10T04:51:23","guid":{"rendered":"http:\/\/54.70.23.198\/estenosis-de-la-arteria-renal\/"},"modified":"2024-11-08T14:20:25","modified_gmt":"2024-11-08T22:20:25","slug":"estenosis-de-la-arteria-renal","status":"publish","type":"page","link":"https:\/\/dev.sfveincenter.com\/es\/estenosis-de-la-arteria-renal\/","title":{"rendered":"Estenosis de la arteria renal"},"content":{"rendered":"<p>[et_pb_section fb_built=\u00bb1&#8243; _builder_version=\u00bb3.22&#8243; custom_padding=\u00bb1%|||\u00bb fb_built=\u00bb1&#8243; _i=\u00bb0&#8243; _address=\u00bb0&#8243;][et_pb_row _builder_version=\u00bb3.25&#8243; background_size=\u00bbinitial\u00bb background_position=\u00bbtop_left\u00bb background_repeat=\u00bbrepeat\u00bb _i=\u00bb0&#8243; _address=\u00bb0.0&#8243;][et_pb_column type=\u00bb4_4&#8243; _builder_version=\u00bb3.25&#8243; custom_padding=\u00bb|||\u00bb _i=\u00bb0&#8243; _address=\u00bb0.0.0&#8243; custom_padding__hover=\u00bb|||\u00bb][et_pb_text _builder_version=\u00bb3.29.3&#8243; background_size=\u00bbinitial\u00bb background_position=\u00bbtop_left\u00bb background_repeat=\u00bbrepeat\u00bb hover_enabled=\u00bb0&#8243; _i=\u00bb0&#8243; _address=\u00bb0.0.0.0&#8243;]<\/p>\n<h1 style=\"text-align: center;\">Estenosis de la arteria renal<\/h1>\n<p><img loading=\"lazy\" decoding=\"async\" class=\" alignright size-full wp-image-769\" src=\"https:\/\/dev.sfveincenter.com\/wp-content\/uploads\/2010\/09\/renal-artery-stenosis.gif\" alt=\"renal_artery_stenosis\" width=\"299\" height=\"192\">La <strong>estenosis de la arteria renal<\/strong> es una afecci\u00f3n en la que las arterias que conducen a los ri\u00f1ones se estrechan y se obstruyen de la acumulaci\u00f3n de placa a lo largo de las paredes arteriales. Esta afecci\u00f3n a menudo empeora con el tiempo y puede llevar a la insuficiencia renal si no se trata.<\/p>\n<h2>Riesgos y causas<\/h2>\n<p>La <em>estenosis de la arteria renal<\/em>es causada t\u00edpicamente por ateroesclerosis que es la acumulaci\u00f3n de placa. El riesgo para esta afecci\u00f3n es el mismo que los riesgos para la ateroesclerosis en cualquier parte del cuerpo:<\/p>\n<ul>\n<li>Envejecimiento<\/li>\n<li>Diabetes<\/li>\n<li>Gen\u00e9tica<\/li>\n<li>Presi\u00f3n arterial alta<\/li>\n<li>Colesterol alto<\/li>\n<li>Obesidad<\/li>\n<li>Fumar<\/li>\n<\/ul>\n<h2>S\u00edntomas<\/h2>\n<p>La mayor\u00eda de las personas con estenosis de la arteria renal no tienen s\u00edntomas hasta que la enfermedad avanza a un estado cr\u00edtico. Esta afecci\u00f3n se debe sospechar en pacientes que tienen hipertensi\u00f3n severa que no responde a medicamentos. Esto es especialmente as\u00ed que si tambi\u00e9n hay empeoramiento de la insuficiencia renal.<\/p>\n<h2>Diagn\u00f3stico<\/h2>\n<p>La estenosis de la arteria renal se eval\u00faa generalmente con un ultrasonido como la prueba inicial. Un ultrasonido D\u00faplex de la arteria renal puede ver a menudo velocidades del flujo que se elevan. Esto indica un estrechamiento en la arteria. Los pacientes con un ultrasonido sospechoso tendr\u00e1n una evaluaci\u00f3n adicional con una tomograf\u00eda computarizada, un MRA o un angiograma.<\/p>\n<h2>Tratamiento<\/h2>\n<p><strong><em>Estenosis de la arteria renal<\/em><\/strong> se trata con mayor frecuencia con angioplastia y colocaci\u00f3n de stents. Este procedimiento se realiza a trav\u00e9s de una peque\u00f1a punci\u00f3n en la arteria en la ingle (arteria femoral). Los rayos x avanzados se utilizan para colocar el stent en la localizaci\u00f3n exacta de la arteria renal estrechada. El stent sirve para mantener la arteria abierta y permitir el flujo libre de sangre hacia el ri\u00f1\u00f3n.<\/p>\n<p>Los tratamientos conservadores se centran en el cambio de estilo de vida para tratar la aterosclerosis Estos incluyen ejercicio, dieta, reducir el estr\u00e9s y fumar.<\/p>\n<p>A veces, estas afecciones se tratan al tratar el riesgo de hipertensi\u00f3n arterial. La presi\u00f3n arterial alta se puede tratar con medicamentos. Esto puede ser un proceso y debe ser coordinado con un <a href=\"https:\/\/dev.sfveincenter.com\/es\/cirujano-vascular-doctor-aquino\/\">doctor<\/a>calificado.<\/p>\n<p>[\/et_pb_text][\/et_pb_column][\/et_pb_row][\/et_pb_section]<\/p>\n","protected":false},"excerpt":{"rendered":"<p>Estenosis de la arteria renal La estenosis de la arteria renal es una afecci\u00f3n en la que las arterias que conducen a los ri\u00f1ones se estrechan y se obstruyen de la acumulaci\u00f3n de placa a lo largo de las paredes arteriales. Esta afecci\u00f3n a menudo empeora con el tiempo y puede llevar a la insuficiencia [&hellip;]<\/p>\n","protected":false},"author":5,"featured_media":1950,"parent":0,"menu_order":12,"comment_status":"closed","ping_status":"closed","template":"","meta":{"_et_pb_use_builder":"on","_et_pb_old_content":"<h1 style=\"text-align: center;\">RENAL ARTERY STENOSIS<\/h1>\r\n<img class=\" alignright size-full wp-image-769\" style=\"margin-top: 40px; margin-bottom: 20px; float: right; margin-left: 30px; max-width: 100%; height: auto;\" src=\"https:\/\/dev.sfveincenter.com\/wp-content\/uploads\/2010\/09\/renal-artery-stenosis.gif\" alt=\"renal_artery_stenosis\" width=\"299\" height=\"192\" \/>Renal artery stenosis is a condition where the arteries leading to the kidneys become narrowed and blocked from the build up of plaque along the artery walls. This condition often worsens over time and can lead to kidney failure if untreated.\r\n<h2>Risks and causes<\/h2>\r\nRenal artery stenosis is typically caused by atherosclerosis which is the build up of plaque. Risk for this condition is the same as the risks for atherosclerosis anywhere in the body:\r\n<ul>\r\n \t<li>Ageing<\/li>\r\n \t<li>Diabetes<\/li>\r\n \t<li>Genetics<\/li>\r\n \t<li>High blood pressure<\/li>\r\n \t<li>High cholesterol<\/li>\r\n \t<li>Obesity<\/li>\r\n \t<li>Smoking<\/li>\r\n<\/ul>\r\n<h2>Symptoms<\/h2>\r\nMost people with renal artery stenosis have no symptoms until the disease advances to a critical state. This condition should be suspected in patients who have severe hypertension which does not respond to medications. This is especially so if there is also worsening kidney failure.\r\n<h2>Diagnosis<\/h2>\r\nRenal artery stenosis is usually evaluated with an ultrasound as the initial test. A renal artery duplex ultrasound can often see flow velocities which are elevated. This indicates a narrowing in the artery. Patients with a suspicious ultrasound will have further evaluation with a CT scan, an MRA, or an angiogram.\r\n<h2>Treatment<\/h2>\r\nRenal artery stenosis is most commonly treated with angioplasty and stenting. This procedure is performed via a small puncture in the artery in the groin (femoral artery). Advanced x rays are used to position the stent in the exact location of the narrowed renal artery. The stent serves to hold the artery open and allowing the free flow of blood into the kidney.\r\n\r\nConservative treatments focus on lifestyle change to address atherosclerosis. These include exercise, diet, reducing stress and smoking.\r\n\r\nSometimes this conditions is treated by addressing the risk of high blood pressure. High blood pressure can be treated with medications. This can be a process and must be coordinated with a qualified doctor.","_et_gb_content_width":"","footnotes":""},"class_list":["post-3064","page","type-page","status-publish","has-post-thumbnail","hentry"],"yoast_head":"<!-- This site is optimized with the Yoast SEO Premium plugin v23.9 (Yoast SEO v26.8) - https:\/\/yoast.com\/product\/yoast-seo-premium-wordpress\/ -->\n<title>Estenosis de la arteria renal<\/title>\n<meta name=\"description\" content=\"La estenosis de la arteria renal es una afecci\u00f3n en la que las arterias que conducen a los ri\u00f1ones se estrechan. T\u00edpicamente causada por aterosclerosis.\" \/>\n<meta name=\"robots\" content=\"noindex, follow, max-snippet:-1, max-image-preview:large, max-video-preview:-1\" \/>\n<meta property=\"og:locale\" content=\"es_ES\" \/>\n<meta property=\"og:type\" content=\"article\" \/>\n<meta property=\"og:title\" content=\"Estenosis de la arteria renal\" \/>\n<meta property=\"og:description\" content=\"La estenosis de la arteria renal es una afecci\u00f3n en la que las arterias que conducen a los ri\u00f1ones se estrechan. T\u00edpicamente causada por aterosclerosis.\" \/>\n<meta property=\"og:url\" content=\"https:\/\/dev.sfveincenter.com\/es\/estenosis-de-la-arteria-renal\/\" \/>\n<meta property=\"og:site_name\" content=\"San Francisco Vein Doctor | Varicose &amp; Spider Vein Treatment\" \/>\n<meta property=\"article:publisher\" content=\"https:\/\/www.facebook.com\/sfveincenter\" \/>\n<meta property=\"article:modified_time\" content=\"2024-11-08T22:20:25+00:00\" \/>\n<meta property=\"og:image\" content=\"https:\/\/dev.sfveincenter.com\/wp-content\/uploads\/2010\/09\/renal-artery-stenosis.gif\" \/>\n\t<meta property=\"og:image:width\" content=\"299\" \/>\n\t<meta property=\"og:image:height\" content=\"192\" \/>\n\t<meta property=\"og:image:type\" content=\"image\/gif\" \/>\n<meta name=\"twitter:card\" content=\"summary_large_image\" \/>\n<meta name=\"twitter:site\" content=\"@sfveincenter\" \/>\n<meta name=\"twitter:label1\" content=\"Tiempo de lectura\" \/>\n\t<meta name=\"twitter:data1\" content=\"2 minutos\" \/>\n<script type=\"application\/ld+json\" class=\"yoast-schema-graph\">{\"@context\":\"https:\/\/schema.org\",\"@graph\":[{\"@type\":\"WebPage\",\"@id\":\"https:\/\/dev.sfveincenter.com\/es\/estenosis-de-la-arteria-renal\/\",\"url\":\"https:\/\/dev.sfveincenter.com\/es\/estenosis-de-la-arteria-renal\/\",\"name\":\"Estenosis de la arteria renal\",\"isPartOf\":{\"@id\":\"https:\/\/dev.sfveincenter.com\/es\/#website\"},\"primaryImageOfPage\":{\"@id\":\"https:\/\/dev.sfveincenter.com\/es\/estenosis-de-la-arteria-renal\/#primaryimage\"},\"image\":{\"@id\":\"https:\/\/dev.sfveincenter.com\/es\/estenosis-de-la-arteria-renal\/#primaryimage\"},\"thumbnailUrl\":\"https:\/\/dev.sfveincenter.com\/wp-content\/uploads\/2010\/09\/renal-artery-stenosis.gif\",\"datePublished\":\"2018-10-10T04:51:23+00:00\",\"dateModified\":\"2024-11-08T22:20:25+00:00\",\"description\":\"La estenosis de la arteria renal es una afecci\u00f3n en la que las arterias que conducen a los ri\u00f1ones se estrechan. T\u00edpicamente causada por aterosclerosis.\",\"breadcrumb\":{\"@id\":\"https:\/\/dev.sfveincenter.com\/es\/estenosis-de-la-arteria-renal\/#breadcrumb\"},\"inLanguage\":\"es\",\"potentialAction\":[{\"@type\":\"ReadAction\",\"target\":[\"https:\/\/dev.sfveincenter.com\/es\/estenosis-de-la-arteria-renal\/\"]}]},{\"@type\":\"ImageObject\",\"inLanguage\":\"es\",\"@id\":\"https:\/\/dev.sfveincenter.com\/es\/estenosis-de-la-arteria-renal\/#primaryimage\",\"url\":\"https:\/\/dev.sfveincenter.com\/wp-content\/uploads\/2010\/09\/renal-artery-stenosis.gif\",\"contentUrl\":\"https:\/\/dev.sfveincenter.com\/wp-content\/uploads\/2010\/09\/renal-artery-stenosis.gif\",\"width\":299,\"height\":192,\"caption\":\"estenosis de la arteria renal\"},{\"@type\":\"BreadcrumbList\",\"@id\":\"https:\/\/dev.sfveincenter.com\/es\/estenosis-de-la-arteria-renal\/#breadcrumb\",\"itemListElement\":[{\"@type\":\"ListItem\",\"position\":1,\"name\":\"Home\",\"item\":\"https:\/\/dev.sfveincenter.com\/es\/inicio-2\/\"},{\"@type\":\"ListItem\",\"position\":2,\"name\":\"Estenosis de la arteria renal\"}]},{\"@type\":\"WebSite\",\"@id\":\"https:\/\/dev.sfveincenter.com\/es\/#website\",\"url\":\"https:\/\/dev.sfveincenter.com\/es\/\",\"name\":\"San Francisco Vein Doctor | Varicose &amp; Spider Vein Treatment\",\"description\":\"\",\"publisher\":{\"@id\":\"https:\/\/dev.sfveincenter.com\/es\/#organization\"},\"potentialAction\":[{\"@type\":\"SearchAction\",\"target\":{\"@type\":\"EntryPoint\",\"urlTemplate\":\"https:\/\/dev.sfveincenter.com\/es\/?s={search_term_string}\"},\"query-input\":{\"@type\":\"PropertyValueSpecification\",\"valueRequired\":true,\"valueName\":\"search_term_string\"}}],\"inLanguage\":\"es\"},{\"@type\":\"Organization\",\"@id\":\"https:\/\/dev.sfveincenter.com\/es\/#organization\",\"name\":\"San Francisco Vein Center - Melinda L Aquino MD\",\"url\":\"https:\/\/dev.sfveincenter.com\/es\/\",\"logo\":{\"@type\":\"ImageObject\",\"inLanguage\":\"es\",\"@id\":\"https:\/\/dev.sfveincenter.com\/es\/#\/schema\/logo\/image\/\",\"url\":\"https:\/\/dev.sfveincenter.com\/wp-content\/uploads\/2021\/02\/cropped-favicon-512x512-1-1.png\",\"contentUrl\":\"https:\/\/dev.sfveincenter.com\/wp-content\/uploads\/2021\/02\/cropped-favicon-512x512-1-1.png\",\"width\":512,\"height\":512,\"caption\":\"San Francisco Vein Center - Melinda L Aquino MD\"},\"image\":{\"@id\":\"https:\/\/dev.sfveincenter.com\/es\/#\/schema\/logo\/image\/\"},\"sameAs\":[\"https:\/\/www.facebook.com\/sfveincenter\",\"https:\/\/x.com\/sfveincenter\",\"https:\/\/www.youtube.com\/channel\/UCH75q26Kq5lThH_Xptt8imQ\",\"https:\/\/x.com\/SFVeinCenter\"]}]}<\/script>\n<!-- \/ Yoast SEO Premium plugin. -->","yoast_head_json":{"title":"Estenosis de la arteria renal","description":"La estenosis de la arteria renal es una afecci\u00f3n en la que las arterias que conducen a los ri\u00f1ones se estrechan. T\u00edpicamente causada por aterosclerosis.","robots":{"index":"noindex","follow":"follow","max-snippet":"max-snippet:-1","max-image-preview":"max-image-preview:large","max-video-preview":"max-video-preview:-1"},"og_locale":"es_ES","og_type":"article","og_title":"Estenosis de la arteria renal","og_description":"La estenosis de la arteria renal es una afecci\u00f3n en la que las arterias que conducen a los ri\u00f1ones se estrechan. T\u00edpicamente causada por aterosclerosis.","og_url":"https:\/\/dev.sfveincenter.com\/es\/estenosis-de-la-arteria-renal\/","og_site_name":"San Francisco Vein Doctor | Varicose &amp; Spider Vein Treatment","article_publisher":"https:\/\/www.facebook.com\/sfveincenter","article_modified_time":"2024-11-08T22:20:25+00:00","og_image":[{"width":299,"height":192,"url":"https:\/\/dev.sfveincenter.com\/wp-content\/uploads\/2010\/09\/renal-artery-stenosis.gif","type":"image\/gif"}],"twitter_card":"summary_large_image","twitter_site":"@sfveincenter","twitter_misc":{"Tiempo de lectura":"2 minutos"},"schema":{"@context":"https:\/\/schema.org","@graph":[{"@type":"WebPage","@id":"https:\/\/dev.sfveincenter.com\/es\/estenosis-de-la-arteria-renal\/","url":"https:\/\/dev.sfveincenter.com\/es\/estenosis-de-la-arteria-renal\/","name":"Estenosis de la arteria renal","isPartOf":{"@id":"https:\/\/dev.sfveincenter.com\/es\/#website"},"primaryImageOfPage":{"@id":"https:\/\/dev.sfveincenter.com\/es\/estenosis-de-la-arteria-renal\/#primaryimage"},"image":{"@id":"https:\/\/dev.sfveincenter.com\/es\/estenosis-de-la-arteria-renal\/#primaryimage"},"thumbnailUrl":"https:\/\/dev.sfveincenter.com\/wp-content\/uploads\/2010\/09\/renal-artery-stenosis.gif","datePublished":"2018-10-10T04:51:23+00:00","dateModified":"2024-11-08T22:20:25+00:00","description":"La estenosis de la arteria renal es una afecci\u00f3n en la que las arterias que conducen a los ri\u00f1ones se estrechan. T\u00edpicamente causada por aterosclerosis.","breadcrumb":{"@id":"https:\/\/dev.sfveincenter.com\/es\/estenosis-de-la-arteria-renal\/#breadcrumb"},"inLanguage":"es","potentialAction":[{"@type":"ReadAction","target":["https:\/\/dev.sfveincenter.com\/es\/estenosis-de-la-arteria-renal\/"]}]},{"@type":"ImageObject","inLanguage":"es","@id":"https:\/\/dev.sfveincenter.com\/es\/estenosis-de-la-arteria-renal\/#primaryimage","url":"https:\/\/dev.sfveincenter.com\/wp-content\/uploads\/2010\/09\/renal-artery-stenosis.gif","contentUrl":"https:\/\/dev.sfveincenter.com\/wp-content\/uploads\/2010\/09\/renal-artery-stenosis.gif","width":299,"height":192,"caption":"estenosis de la arteria renal"},{"@type":"BreadcrumbList","@id":"https:\/\/dev.sfveincenter.com\/es\/estenosis-de-la-arteria-renal\/#breadcrumb","itemListElement":[{"@type":"ListItem","position":1,"name":"Home","item":"https:\/\/dev.sfveincenter.com\/es\/inicio-2\/"},{"@type":"ListItem","position":2,"name":"Estenosis de la arteria renal"}]},{"@type":"WebSite","@id":"https:\/\/dev.sfveincenter.com\/es\/#website","url":"https:\/\/dev.sfveincenter.com\/es\/","name":"San Francisco Vein Doctor | Varicose &amp; Spider Vein Treatment","description":"","publisher":{"@id":"https:\/\/dev.sfveincenter.com\/es\/#organization"},"potentialAction":[{"@type":"SearchAction","target":{"@type":"EntryPoint","urlTemplate":"https:\/\/dev.sfveincenter.com\/es\/?s={search_term_string}"},"query-input":{"@type":"PropertyValueSpecification","valueRequired":true,"valueName":"search_term_string"}}],"inLanguage":"es"},{"@type":"Organization","@id":"https:\/\/dev.sfveincenter.com\/es\/#organization","name":"San Francisco Vein Center - Melinda L Aquino MD","url":"https:\/\/dev.sfveincenter.com\/es\/","logo":{"@type":"ImageObject","inLanguage":"es","@id":"https:\/\/dev.sfveincenter.com\/es\/#\/schema\/logo\/image\/","url":"https:\/\/dev.sfveincenter.com\/wp-content\/uploads\/2021\/02\/cropped-favicon-512x512-1-1.png","contentUrl":"https:\/\/dev.sfveincenter.com\/wp-content\/uploads\/2021\/02\/cropped-favicon-512x512-1-1.png","width":512,"height":512,"caption":"San Francisco Vein Center - Melinda L Aquino MD"},"image":{"@id":"https:\/\/dev.sfveincenter.com\/es\/#\/schema\/logo\/image\/"},"sameAs":["https:\/\/www.facebook.com\/sfveincenter","https:\/\/x.com\/sfveincenter","https:\/\/www.youtube.com\/channel\/UCH75q26Kq5lThH_Xptt8imQ","https:\/\/x.com\/SFVeinCenter"]}]}},"_links":{"self":[{"href":"https:\/\/dev.sfveincenter.com\/es\/wp-json\/wp\/v2\/pages\/3064","targetHints":{"allow":["GET"]}}],"collection":[{"href":"https:\/\/dev.sfveincenter.com\/es\/wp-json\/wp\/v2\/pages"}],"about":[{"href":"https:\/\/dev.sfveincenter.com\/es\/wp-json\/wp\/v2\/types\/page"}],"author":[{"embeddable":true,"href":"https:\/\/dev.sfveincenter.com\/es\/wp-json\/wp\/v2\/users\/5"}],"replies":[{"embeddable":true,"href":"https:\/\/dev.sfveincenter.com\/es\/wp-json\/wp\/v2\/comments?post=3064"}],"version-history":[{"count":0,"href":"https:\/\/dev.sfveincenter.com\/es\/wp-json\/wp\/v2\/pages\/3064\/revisions"}],"wp:featuredmedia":[{"embeddable":true,"href":"https:\/\/dev.sfveincenter.com\/es\/wp-json\/wp\/v2\/media\/1950"}],"wp:attachment":[{"href":"https:\/\/dev.sfveincenter.com\/es\/wp-json\/wp\/v2\/media?parent=3064"}],"curies":[{"name":"wp","href":"https:\/\/api.w.org\/{rel}","templated":true}]}}