{"id":3065,"date":"2018-10-09T21:52:01","date_gmt":"2018-10-10T04:52:01","guid":{"rendered":"http:\/\/54.70.23.198\/mesenterico-isquemia\/"},"modified":"2019-12-17T16:00:05","modified_gmt":"2019-12-18T00:00:05","slug":"isquemia-mesenterica","status":"publish","type":"page","link":"https:\/\/dev.sfveincenter.com\/es\/isquemia-mesenterica\/","title":{"rendered":"Isquemia mesent\u00e9rica"},"content":{"rendered":"<p>[et_pb_section fb_built=\u00bb1&#8243; _builder_version=\u00bb3.22&#8243; custom_padding=\u00bb1%|||\u00bb][et_pb_row _builder_version=\u00bb3.29.3&#8243; background_size=\u00bbinitial\u00bb background_position=\u00bbtop_left\u00bb background_repeat=\u00bbrepeat\u00bb][et_pb_column type=\u00bb4_4&#8243; _builder_version=\u00bb3.25&#8243; custom_padding=\u00bb|||\u00bb custom_padding__hover=\u00bb|||\u00bb][et_pb_text _builder_version=\u00bb3.29.3&#8243; background_size=\u00bbinitial\u00bb background_position=\u00bbtop_left\u00bb background_repeat=\u00bbrepeat\u00bb z_index_tablet=\u00bb500&#8243;]<\/p>\n<h1 style=\"text-align: center\">Isquemia mesent\u00e9rica<\/h1>\n<h2>\u00bfQu\u00e9 es la isquemia mesent\u00e9rica?<\/h2>\n<p><img loading=\"lazy\" decoding=\"async\" class=\"alignright wp-image-767 size-full\" src=\"https:\/\/dev.sfveincenter.com\/wp-content\/uploads\/2010\/09\/mesenteric-ischemia.jpg\" alt=\"isquemia mesent\u00e9rica\" width=\"442\" height=\"346\" srcset=\"https:\/\/dev.sfveincenter.com\/wp-content\/uploads\/2010\/09\/mesenteric-ischemia.jpg 442w, https:\/\/dev.sfveincenter.com\/wp-content\/uploads\/2010\/09\/mesenteric-ischemia-300x235.jpg 300w\" sizes=\"(max-width: 442px) 100vw, 442px\" \/><strong>La isquemia mesent\u00e9rica<\/strong> ocurre cuando la aterosclerosis (endurecimiento de las arterias) ocurre en los vasos sangu\u00edneos que suministran sangre a los intestinos. Esto ocurre generalmente en pacientes que ya tienen <a href=\"https:\/\/dev.sfveincenter.com\/es\/insuficiencia-venosa\/\">una enfermedad vascular<\/a> perif\u00e9rica bastante extensa y aterosclerosis.<\/p>\n<h2>Riesgos y causas<\/h2>\n<p>Los pacientes con <em>isquemia mesent\u00e9rica<\/em> suelen tener antecedentes de tabaquismo. A menudo han tenido problemas con la aterosclerosis en el pasado, como ataques card\u00edacos, claudicaci\u00f3n, etc.<\/p>\n<h2>S\u00edntomas<\/h2>\n<p>Debido al estrechamiento de los vasos sangu\u00edneos que conducen a los intestinos, las personas con esta afecci\u00f3n a menudo tienen dolor abdominal intenso despu\u00e9s de comer. Despu\u00e9s de comer, el intestino requiere m\u00e1s sangre para digerir los alimentos y las arterias estrechas no pueden suministrar la sangre necesaria a los intestinos. Esta deficiencia provoca dolor. Los pacientes con <strong><em>isquemia mesent\u00e9rica<\/em><\/strong> generalmente comienzan a comer menos debido al dolor y pueden llamar la atenci\u00f3n de un <a href=\"https:\/\/dev.sfveincenter.com\/\">m\u00e9dico de venas<\/a> despu\u00e9s de una p\u00e9rdida de peso considerable.<\/p>\n<h2>Diagn\u00f3stico<\/h2>\n<p>La isquemia mesent\u00e9rica se diagnostica de varias maneras. Se diagnostica lo m\u00e1s com\u00fanmente posible con un ultrasonido o una exploraci\u00f3n del CT. El ultrasonido puede diagnosticar enangostamientos en los vasos sangu\u00edneos que conducen a los intestinos midiendo los patrones del flujo y las velocidades de la sangre. Las tomograf\u00edas computarizadas son \u00fatiles porque muestran una imagen directa de los vasos sangu\u00edneos enangostados.<\/p>\n<h2>Tratamiento<\/h2>\n<p>La estenosis de la arteria mesent\u00e9rica y la isquemia mesent\u00e9rica se tratan lo m\u00e1s a menudo posible con stenting endovascular. Esta es una t\u00e9cnica m\u00ednimamente invasiva que usualmente implica una peque\u00f1a punci\u00f3n en una arteria en el brazo o la ingle. El <a href=\"https:\/\/dev.sfveincenter.com\/es\/cirujano-vascular-doctor-aquino\/\">cirujano vascular<\/a> entonces es capaz de dirigir cuidadosamente un stent en el \u00e1rea precisa donde la arteria se estrecha. El stent se expande con un bal\u00f3n. El bal\u00f3n se retira, dejando el stent en su lugar. De esta manera, la sangre fluye m\u00e1s f\u00e1cilmente en las arterias de los intestinos y el paciente experimenta a menudo la relevaci\u00f3n dram\u00e1tica de sus s\u00edntomas.<\/p>\n<p>[\/et_pb_text][\/et_pb_column][\/et_pb_row][\/et_pb_section]<\/p>\n","protected":false},"excerpt":{"rendered":"<p>Isquemia mesent\u00e9rica \u00bfQu\u00e9 es la isquemia mesent\u00e9rica? La isquemia mesent\u00e9rica ocurre cuando la aterosclerosis (endurecimiento de las arterias) ocurre en los vasos sangu\u00edneos que suministran sangre a los intestinos. Esto ocurre generalmente en pacientes que ya tienen una enfermedad vascular perif\u00e9rica bastante extensa y aterosclerosis. Riesgos y causas Los pacientes con isquemia mesent\u00e9rica suelen tener [&hellip;]<\/p>\n","protected":false},"author":5,"featured_media":1951,"parent":0,"menu_order":10,"comment_status":"closed","ping_status":"closed","template":"","meta":{"_et_pb_use_builder":"on","_et_pb_old_content":"<h1 style=\"text-align: center;\">Isquemia mesent\u00e9rica<\/h1>\n<h2>\u00bfQu\u00e9 es la isquemia mesent\u00e9rica?<\/h2>\n<p style=\"text-align: justify;\">La isquemia mesent\u00e9rica ocurre cuando la ateroesclerosis (endurecimiento de las arterias) ocurre en los vasos sangu\u00edneos que suministran sangre a los intestinos. La isquemia mesent\u00e9rica ocurre generalmente en los pacientes que tienen ya enfermedad vascular perif\u00e9rica bastante extensa y ateroesclerosis.<\/p>\n\n<h2>Riesgos y causas<\/h2>\n<p style=\"text-align: justify;\">Los pacientes con isquemia mesent\u00e9rica t\u00edpicamente tienen una historia de fumar. A menudo han tenido problemas con la aterosclerosis en el pasado, como ataques card\u00edacos, claudicaci\u00f3n, etc.<\/p>\n\n<h2>S\u00edntomas<\/h2>\n<p style=\"text-align: justify;\">Debido al estrechamiento de los vasos sangu\u00edneos que conducen a los intestinos, las personas con isquemia mesent\u00e9rica a menudo tienen dolor abdominal severo despu\u00e9s de comer. Despu\u00e9s de comer, el intestino requiere m\u00e1s sangre para digerir los alimentos y las arterias estrechas no pueden suministrar la sangre necesaria a los intestinos. Esta deficiencia provoca dolor. Los pacientes con isquemia mesent\u00e9rica generalmente empiezan a comer menos debido al dolor y pueden llegar a la atenci\u00f3n de un m\u00e9dico despu\u00e9s de una considerable p\u00e9rdida de peso.<\/p>\n\n<h2>Diagn\u00f3stico<\/h2>\n<p style=\"text-align: justify;\">La isquemia mesent\u00e9rica se diagnostica de varias maneras. Se diagnostica lo m\u00e1s com\u00fanmente posible con un ultrasonido o una exploraci\u00f3n del CT. El ultrasonido puede diagnosticar enangostamientos en los vasos sangu\u00edneos que conducen a los intestinos midiendo los patrones del flujo y las velocidades de la sangre. Las tomograf\u00edas computarizadas son \u00fatiles porque muestran una imagen directa de los vasos sangu\u00edneos enangostados.<\/p>\n\n<h2 style=\"text-align: justify;\"><img class=\"alignright wp-image-767 size-full\" style=\"margin-left: 30px; float: right; max-width: 100%; height: auto;\" src=\"https:\/\/dev.sfveincenter.com\/wp-content\/uploads\/2010\/09\/mesenteric-ischemia.jpg\" alt=\"isquemia mesent\u00e9rica\" width=\"442\" height=\"346\">Tratamiento<\/h2>\n<p style=\"text-align: justify;\">La estenosis de la arteria mesent\u00e9rica y la isquemia mesent\u00e9rica se tratan lo m\u00e1s a menudo posible con stenting endovascular. Esta es una t\u00e9cnica m\u00ednimamente invasiva que usualmente implica una peque\u00f1a punci\u00f3n en una arteria en el brazo o la ingle. El cirujano entonces puede dirigir cuidadosamente un stent en el \u00e1rea exacta donde la arteria se estrecha. El stent se expande con un bal\u00f3n. El bal\u00f3n se retira, dejando el stent en su lugar. De esta manera, la sangre fluye m\u00e1s f\u00e1cilmente en las arterias de los intestinos y el paciente experimenta a menudo la relevaci\u00f3n dram\u00e1tica de sus s\u00edntomas.<\/p>","_et_gb_content_width":"","footnotes":""},"class_list":["post-3065","page","type-page","status-publish","has-post-thumbnail","hentry"],"yoast_head":"<!-- This site is optimized with the Yoast SEO Premium plugin v23.9 (Yoast SEO v26.8) - https:\/\/yoast.com\/product\/yoast-seo-premium-wordpress\/ -->\n<title>Isquemia mesent\u00e9rica | Enfermedad vascular | Vena Doctor San Francisco<\/title>\n<meta name=\"description\" content=\"La isquemia mesent\u00e9rica ocurre cuando la ateroesclerosis (endurecimiento de las arterias) ocurre en los vasos sangu\u00edneos que suministran sangre a los intestinos.\" \/>\n<meta name=\"robots\" content=\"noindex, follow, max-snippet:-1, max-image-preview:large, max-video-preview:-1\" \/>\n<meta property=\"og:locale\" content=\"es_ES\" \/>\n<meta property=\"og:type\" content=\"article\" \/>\n<meta property=\"og:title\" content=\"Isquemia mesent\u00e9rica\" \/>\n<meta property=\"og:description\" content=\"La isquemia mesent\u00e9rica ocurre cuando la ateroesclerosis (endurecimiento de las arterias) ocurre en los vasos sangu\u00edneos que suministran sangre a los intestinos.\" \/>\n<meta property=\"og:url\" content=\"https:\/\/dev.sfveincenter.com\/es\/isquemia-mesenterica\/\" \/>\n<meta property=\"og:site_name\" content=\"San Francisco Vein Doctor | Varicose &amp; Spider Vein Treatment\" \/>\n<meta property=\"article:publisher\" content=\"https:\/\/www.facebook.com\/sfveincenter\" \/>\n<meta property=\"article:modified_time\" content=\"2019-12-18T00:00:05+00:00\" \/>\n<meta property=\"og:image\" content=\"https:\/\/dev.sfveincenter.com\/wp-content\/uploads\/2010\/09\/mesenteric-ischemia.jpg\" \/>\n\t<meta property=\"og:image:width\" content=\"442\" \/>\n\t<meta property=\"og:image:height\" content=\"346\" \/>\n\t<meta property=\"og:image:type\" content=\"image\/jpeg\" \/>\n<meta name=\"twitter:card\" content=\"summary_large_image\" \/>\n<meta name=\"twitter:site\" content=\"@sfveincenter\" \/>\n<meta name=\"twitter:label1\" content=\"Tiempo de lectura\" \/>\n\t<meta name=\"twitter:data1\" content=\"2 minutos\" \/>\n<script type=\"application\/ld+json\" class=\"yoast-schema-graph\">{\"@context\":\"https:\/\/schema.org\",\"@graph\":[{\"@type\":\"WebPage\",\"@id\":\"https:\/\/dev.sfveincenter.com\/es\/isquemia-mesenterica\/\",\"url\":\"https:\/\/dev.sfveincenter.com\/es\/isquemia-mesenterica\/\",\"name\":\"Isquemia mesent\u00e9rica | Enfermedad vascular | Vena Doctor San Francisco\",\"isPartOf\":{\"@id\":\"https:\/\/dev.sfveincenter.com\/es\/#website\"},\"primaryImageOfPage\":{\"@id\":\"https:\/\/dev.sfveincenter.com\/es\/isquemia-mesenterica\/#primaryimage\"},\"image\":{\"@id\":\"https:\/\/dev.sfveincenter.com\/es\/isquemia-mesenterica\/#primaryimage\"},\"thumbnailUrl\":\"https:\/\/dev.sfveincenter.com\/wp-content\/uploads\/2010\/09\/mesenteric-ischemia.jpg\",\"datePublished\":\"2018-10-10T04:52:01+00:00\",\"dateModified\":\"2019-12-18T00:00:05+00:00\",\"description\":\"La isquemia mesent\u00e9rica ocurre cuando la ateroesclerosis (endurecimiento de las arterias) ocurre en los vasos sangu\u00edneos que suministran sangre a los intestinos.\",\"breadcrumb\":{\"@id\":\"https:\/\/dev.sfveincenter.com\/es\/isquemia-mesenterica\/#breadcrumb\"},\"inLanguage\":\"es\",\"potentialAction\":[{\"@type\":\"ReadAction\",\"target\":[\"https:\/\/dev.sfveincenter.com\/es\/isquemia-mesenterica\/\"]}]},{\"@type\":\"ImageObject\",\"inLanguage\":\"es\",\"@id\":\"https:\/\/dev.sfveincenter.com\/es\/isquemia-mesenterica\/#primaryimage\",\"url\":\"https:\/\/dev.sfveincenter.com\/wp-content\/uploads\/2010\/09\/mesenteric-ischemia.jpg\",\"contentUrl\":\"https:\/\/dev.sfveincenter.com\/wp-content\/uploads\/2010\/09\/mesenteric-ischemia.jpg\",\"width\":442,\"height\":346,\"caption\":\"isquemia mesent\u00e9rica\"},{\"@type\":\"BreadcrumbList\",\"@id\":\"https:\/\/dev.sfveincenter.com\/es\/isquemia-mesenterica\/#breadcrumb\",\"itemListElement\":[{\"@type\":\"ListItem\",\"position\":1,\"name\":\"Home\",\"item\":\"https:\/\/dev.sfveincenter.com\/es\/inicio-2\/\"},{\"@type\":\"ListItem\",\"position\":2,\"name\":\"Isquemia mesent\u00e9rica\"}]},{\"@type\":\"WebSite\",\"@id\":\"https:\/\/dev.sfveincenter.com\/es\/#website\",\"url\":\"https:\/\/dev.sfveincenter.com\/es\/\",\"name\":\"San Francisco Vein Doctor | Varicose &amp; Spider Vein Treatment\",\"description\":\"\",\"publisher\":{\"@id\":\"https:\/\/dev.sfveincenter.com\/es\/#organization\"},\"potentialAction\":[{\"@type\":\"SearchAction\",\"target\":{\"@type\":\"EntryPoint\",\"urlTemplate\":\"https:\/\/dev.sfveincenter.com\/es\/?s={search_term_string}\"},\"query-input\":{\"@type\":\"PropertyValueSpecification\",\"valueRequired\":true,\"valueName\":\"search_term_string\"}}],\"inLanguage\":\"es\"},{\"@type\":\"Organization\",\"@id\":\"https:\/\/dev.sfveincenter.com\/es\/#organization\",\"name\":\"San Francisco Vein Center - Melinda L Aquino MD\",\"url\":\"https:\/\/dev.sfveincenter.com\/es\/\",\"logo\":{\"@type\":\"ImageObject\",\"inLanguage\":\"es\",\"@id\":\"https:\/\/dev.sfveincenter.com\/es\/#\/schema\/logo\/image\/\",\"url\":\"https:\/\/dev.sfveincenter.com\/wp-content\/uploads\/2021\/02\/cropped-favicon-512x512-1-1.png\",\"contentUrl\":\"https:\/\/dev.sfveincenter.com\/wp-content\/uploads\/2021\/02\/cropped-favicon-512x512-1-1.png\",\"width\":512,\"height\":512,\"caption\":\"San Francisco Vein Center - Melinda L Aquino MD\"},\"image\":{\"@id\":\"https:\/\/dev.sfveincenter.com\/es\/#\/schema\/logo\/image\/\"},\"sameAs\":[\"https:\/\/www.facebook.com\/sfveincenter\",\"https:\/\/x.com\/sfveincenter\",\"https:\/\/www.youtube.com\/channel\/UCH75q26Kq5lThH_Xptt8imQ\",\"https:\/\/x.com\/SFVeinCenter\"]}]}<\/script>\n<!-- \/ Yoast SEO Premium plugin. -->","yoast_head_json":{"title":"Isquemia mesent\u00e9rica | Enfermedad vascular | Vena Doctor San Francisco","description":"La isquemia mesent\u00e9rica ocurre cuando la ateroesclerosis (endurecimiento de las arterias) ocurre en los vasos sangu\u00edneos que suministran sangre a los intestinos.","robots":{"index":"noindex","follow":"follow","max-snippet":"max-snippet:-1","max-image-preview":"max-image-preview:large","max-video-preview":"max-video-preview:-1"},"og_locale":"es_ES","og_type":"article","og_title":"Isquemia mesent\u00e9rica","og_description":"La isquemia mesent\u00e9rica ocurre cuando la ateroesclerosis (endurecimiento de las arterias) ocurre en los vasos sangu\u00edneos que suministran sangre a los intestinos.","og_url":"https:\/\/dev.sfveincenter.com\/es\/isquemia-mesenterica\/","og_site_name":"San Francisco Vein Doctor | Varicose &amp; Spider Vein Treatment","article_publisher":"https:\/\/www.facebook.com\/sfveincenter","article_modified_time":"2019-12-18T00:00:05+00:00","og_image":[{"width":442,"height":346,"url":"https:\/\/dev.sfveincenter.com\/wp-content\/uploads\/2010\/09\/mesenteric-ischemia.jpg","type":"image\/jpeg"}],"twitter_card":"summary_large_image","twitter_site":"@sfveincenter","twitter_misc":{"Tiempo de lectura":"2 minutos"},"schema":{"@context":"https:\/\/schema.org","@graph":[{"@type":"WebPage","@id":"https:\/\/dev.sfveincenter.com\/es\/isquemia-mesenterica\/","url":"https:\/\/dev.sfveincenter.com\/es\/isquemia-mesenterica\/","name":"Isquemia mesent\u00e9rica | Enfermedad vascular | Vena Doctor San Francisco","isPartOf":{"@id":"https:\/\/dev.sfveincenter.com\/es\/#website"},"primaryImageOfPage":{"@id":"https:\/\/dev.sfveincenter.com\/es\/isquemia-mesenterica\/#primaryimage"},"image":{"@id":"https:\/\/dev.sfveincenter.com\/es\/isquemia-mesenterica\/#primaryimage"},"thumbnailUrl":"https:\/\/dev.sfveincenter.com\/wp-content\/uploads\/2010\/09\/mesenteric-ischemia.jpg","datePublished":"2018-10-10T04:52:01+00:00","dateModified":"2019-12-18T00:00:05+00:00","description":"La isquemia mesent\u00e9rica ocurre cuando la ateroesclerosis (endurecimiento de las arterias) ocurre en los vasos sangu\u00edneos que suministran sangre a los intestinos.","breadcrumb":{"@id":"https:\/\/dev.sfveincenter.com\/es\/isquemia-mesenterica\/#breadcrumb"},"inLanguage":"es","potentialAction":[{"@type":"ReadAction","target":["https:\/\/dev.sfveincenter.com\/es\/isquemia-mesenterica\/"]}]},{"@type":"ImageObject","inLanguage":"es","@id":"https:\/\/dev.sfveincenter.com\/es\/isquemia-mesenterica\/#primaryimage","url":"https:\/\/dev.sfveincenter.com\/wp-content\/uploads\/2010\/09\/mesenteric-ischemia.jpg","contentUrl":"https:\/\/dev.sfveincenter.com\/wp-content\/uploads\/2010\/09\/mesenteric-ischemia.jpg","width":442,"height":346,"caption":"isquemia mesent\u00e9rica"},{"@type":"BreadcrumbList","@id":"https:\/\/dev.sfveincenter.com\/es\/isquemia-mesenterica\/#breadcrumb","itemListElement":[{"@type":"ListItem","position":1,"name":"Home","item":"https:\/\/dev.sfveincenter.com\/es\/inicio-2\/"},{"@type":"ListItem","position":2,"name":"Isquemia mesent\u00e9rica"}]},{"@type":"WebSite","@id":"https:\/\/dev.sfveincenter.com\/es\/#website","url":"https:\/\/dev.sfveincenter.com\/es\/","name":"San Francisco Vein Doctor | Varicose &amp; Spider Vein Treatment","description":"","publisher":{"@id":"https:\/\/dev.sfveincenter.com\/es\/#organization"},"potentialAction":[{"@type":"SearchAction","target":{"@type":"EntryPoint","urlTemplate":"https:\/\/dev.sfveincenter.com\/es\/?s={search_term_string}"},"query-input":{"@type":"PropertyValueSpecification","valueRequired":true,"valueName":"search_term_string"}}],"inLanguage":"es"},{"@type":"Organization","@id":"https:\/\/dev.sfveincenter.com\/es\/#organization","name":"San Francisco Vein Center - Melinda L Aquino MD","url":"https:\/\/dev.sfveincenter.com\/es\/","logo":{"@type":"ImageObject","inLanguage":"es","@id":"https:\/\/dev.sfveincenter.com\/es\/#\/schema\/logo\/image\/","url":"https:\/\/dev.sfveincenter.com\/wp-content\/uploads\/2021\/02\/cropped-favicon-512x512-1-1.png","contentUrl":"https:\/\/dev.sfveincenter.com\/wp-content\/uploads\/2021\/02\/cropped-favicon-512x512-1-1.png","width":512,"height":512,"caption":"San Francisco Vein Center - Melinda L Aquino MD"},"image":{"@id":"https:\/\/dev.sfveincenter.com\/es\/#\/schema\/logo\/image\/"},"sameAs":["https:\/\/www.facebook.com\/sfveincenter","https:\/\/x.com\/sfveincenter","https:\/\/www.youtube.com\/channel\/UCH75q26Kq5lThH_Xptt8imQ","https:\/\/x.com\/SFVeinCenter"]}]}},"_links":{"self":[{"href":"https:\/\/dev.sfveincenter.com\/es\/wp-json\/wp\/v2\/pages\/3065","targetHints":{"allow":["GET"]}}],"collection":[{"href":"https:\/\/dev.sfveincenter.com\/es\/wp-json\/wp\/v2\/pages"}],"about":[{"href":"https:\/\/dev.sfveincenter.com\/es\/wp-json\/wp\/v2\/types\/page"}],"author":[{"embeddable":true,"href":"https:\/\/dev.sfveincenter.com\/es\/wp-json\/wp\/v2\/users\/5"}],"replies":[{"embeddable":true,"href":"https:\/\/dev.sfveincenter.com\/es\/wp-json\/wp\/v2\/comments?post=3065"}],"version-history":[{"count":0,"href":"https:\/\/dev.sfveincenter.com\/es\/wp-json\/wp\/v2\/pages\/3065\/revisions"}],"wp:featuredmedia":[{"embeddable":true,"href":"https:\/\/dev.sfveincenter.com\/es\/wp-json\/wp\/v2\/media\/1951"}],"wp:attachment":[{"href":"https:\/\/dev.sfveincenter.com\/es\/wp-json\/wp\/v2\/media?parent=3065"}],"curies":[{"name":"wp","href":"https:\/\/api.w.org\/{rel}","templated":true}]}}