{"id":3066,"date":"2018-10-09T21:53:07","date_gmt":"2018-10-10T04:53:07","guid":{"rendered":"http:\/\/54.70.23.198\/claudicacion\/"},"modified":"2024-11-08T13:42:01","modified_gmt":"2024-11-08T21:42:01","slug":"claudicacion","status":"publish","type":"page","link":"https:\/\/dev.sfveincenter.com\/es\/claudicacion\/","title":{"rendered":"Claudicaci\u00f3n"},"content":{"rendered":"<p>[et_pb_section fb_built=\u00bb1&#8243; _builder_version=\u00bb4.16&#8243; custom_padding=\u00bb1%|||\u00bb global_colors_info=\u00bb{}\u00bb][et_pb_row _builder_version=\u00bb4.16&#8243; background_size=\u00bbinitial\u00bb background_position=\u00bbtop_left\u00bb background_repeat=\u00bbrepeat\u00bb global_colors_info=\u00bb{}\u00bb][et_pb_column type=\u00bb4_4&#8243; _builder_version=\u00bb4.16&#8243; custom_padding=\u00bb|||\u00bb global_colors_info=\u00bb{}\u00bb custom_padding__hover=\u00bb|||\u00bb][et_pb_text _builder_version=\u00bb4.16&#8243; background_size=\u00bbinitial\u00bb background_position=\u00bbtop_left\u00bb background_repeat=\u00bbrepeat\u00bb z_index_tablet=\u00bb500&#8243; global_colors_info=\u00bb{}\u00bb]<\/p>\n<h1 style=\"text-align: center;\">Claudicaci\u00f3n<\/h1>\n<p><img loading=\"lazy\" decoding=\"async\" class=\"alignright wp-image-765 size-full\" style=\"padding-top: 15px;\" src=\"https:\/\/dev.sfveincenter.com\/wp-content\/uploads\/2010\/09\/atherosclerosis.gif\" alt=\"claudicaci\u00f3n\" width=\"386\" height=\"401\">La claudicaci\u00f3n se utiliza para describir el dolor c\u00f3lico en las piernas de los pacientes con enfermedad arterial perif\u00e9rica. Se convierte a menudo despu\u00e9s de caminar cierta distancia. El dolor generalmente se resuelve con reposo y es predecible. Los pacientes tienden a tener este dolor despu\u00e9s de caminar una cierta distancia y ajustar sus vidas en consecuencia. El dolor puede ser severo pero desaparece despu\u00e9s de descansar s\u00f3lo unos minutos.<\/p>\n<p><strong><em>Claudicaci\u00f3n<\/em><\/strong> se produce porque las arterias de la pierna son tan estrechas que, cuando la pierna necesita m\u00e1s sangre para hacer ejercicio, simplemente no hay un paso lo suficientemente ancho para que pase la sangre. Esto causa una escasez de la entrega de la sangre que es dolorosa. En la mayor\u00eda de los casos, los pacientes no tienen dolor sin actividad. Cuando caminan, se requiere m\u00e1s sangre para suministrar ox\u00edgeno a los tejidos. Sus recipientes estrechos no pueden entregar el flujo de sangre requerido y el dolor sobreviene. Esto es claudicaci\u00f3n. Cuando la actividad se detiene, la sangre se entrega de nuevo en cantidades adecuadas a los tejidos y el dolor desaparece.<\/p>\n<h2>Causas y riesgos<\/h2>\n<p>La claudicaci\u00f3n es un s\u00edntoma de la enfermedad arterial perif\u00e9rica (PAD) que es causada por ateroesclerosis. Por lo tanto, los factores que aumentan el riesgo de aterosclerosis son los mismos que aumentan el riesgo de <em>claudicaci\u00f3n.<\/em><\/p>\n<p>Los factores de riesgo para la aterosclerosis son:<\/p>\n<ul>\n<li>Fumar<\/li>\n<li>Niveles altos de colesterol en la sangre<\/li>\n<li>Presi\u00f3n arterial alta<\/li>\n<li>Obesidad<\/li>\n<li>Tener antecedentes familiares de enfermedad card\u00edaca o vascular<\/li>\n<\/ul>\n<h2>Diagn\u00f3stico<\/h2>\n<p>Una de las maneras m\u00e1s importantes de diagnosticar la claudicaci\u00f3n es con una buena historia y un examen f\u00edsico. Otros tipos de dolor pueden imitar la claudicaci\u00f3n, por lo que a veces puede tomar a un cirujano vascular experimentado para determinar si la claudicaci\u00f3n est\u00e1 o no efectivamente presente.<\/p>\n<p>Despu\u00e9s de un examen, si sospechamos que el pad y la claudicaci\u00f3n, un cirujano puede ordenar otras pruebas tales como:<\/p>\n<ul>\n<li>\u00cdndice tobillo-brazo (ABI) que compara la presi\u00f3n arterial en los brazos y las piernas.<\/li>\n<li>Grabaci\u00f3n del volumen del pulso que mide el volumen de sangre en los varios puntos en las piernas.<\/li>\n<li>Ultrasonido D\u00faplex que muestra el flujo sangu\u00edneo en los vasos en la pierna, y puede detectar la ubicaci\u00f3n y el n\u00famero de estrechamientos espec\u00edficos.<\/li>\n<li>Ex\u00e1menes de sangre para el colesterol, el alto nivel de az\u00facar en la sangre u otros marcadores para la enfermedad arterial.<\/li>\n<li>Angiograf\u00eda por resonancia magn\u00e9tica (MRA), que es un MRI avanzado que puede mostrar los vasos sangu\u00edneos en las piernas.<\/li>\n<li>Angiograf\u00eda por tomograf\u00eda computarizada (CTA), que es una tomograf\u00eda computarizada avanzada que puede generar im\u00e1genes de sus vasos sangu\u00edneos en 3D.<\/li>\n<li>Angiograf\u00eda-un procedimiento m\u00e1s invasivo en el que las arterias se inyectan con tinte y se obtienen im\u00e1genes.<\/li>\n<\/ul>\n<h2>Tratamiento<\/h2>\n<p>La almohadilla es una condici\u00f3n muy seria porque indica que la aterosclerosis significativa est\u00e1 presente en el cuerpo. Recuerde, la ateroesclerosis es la condici\u00f3n que m\u00e1s a menudo lleva a condiciones graves y mortales como ataques card\u00edacos y derrames cerebrales!<\/p>\n<p>Por lo tanto, nos tomamos la PAD muy en serio y trabajamos con los pacientes para controlar estrictamente sus factores de riesgo de enfermedad ateroscler\u00f3tica. Tratamos agresivamente la presi\u00f3n arterial alta, la diabetes y el colesterol alto. Le ayudamos con un plan real para el ejercicio regular y una dieta saludable, a menudo refiri\u00e9ndose a un dietista cuando sea necesario. Si usted es fumador, trabajamos con usted para dejar de fumar a toda costa. Cuando es apropiado, le ponemos a prueba otras afecciones, como aneurismas a\u00f3rticos, enfermedad de la arteria car\u00f3tida y cardiopat\u00eda, por lo que descubrimos estas afecciones y las tratamos antes de que se vuelvan peligrosas. Agregamos medicaciones que se saben para ser beneficiosas en pacientes con el coj\u00edn, tal como aspirin y Plavix en ciertos pacientes.<\/p>\n<h3 style=\"padding-left: 30px;\">Tratamientos conservador<\/h3>\n<p style=\"padding-left: 30px;\">La claudicaci\u00f3n, sorprendentemente, no siempre se trata con cirug\u00eda. De hecho, s\u00f3lo una minor\u00eda de pacientes con claudicaci\u00f3n requerir\u00e1 cualquier procedimiento. La mayor\u00eda de los pacientes pueden evitar la cirug\u00eda haciendo dos cosas: ejercicio regular (5 veces por semana, caminar hasta el punto de dolor, luego reanudar una vez que el dolor se disipa) y dejar de fumar. Pero por supuesto, esto puede ser m\u00e1s dif\u00edcil de lo que parece! Muchos pacientes investigan si las <a href=\"https:\/\/dev.sfveincenter.com\/es\/medias-de-compresion\/\">medias de la compresi\u00f3n<\/a> son un tratamiento viable para la claudicaci\u00f3n. No lo son. Las medias de compresi\u00f3n pueden empeorar la afecci\u00f3n impidiendo el flujo sangu\u00edneo.<\/p>\n<h3 style=\"padding-left: 30px;\">Medicaci\u00f3n<\/h3>\n<p style=\"padding-left: 30px;\">Es un trabajo <a href=\"https:\/\/dev.sfveincenter.com\/es\/cirujano-vascular-doctor-aquino\/\">del cirujano vascular<\/a> asegurarse de que los pacientes con claudicaci\u00f3n son administrados m\u00e9dicamente por el tratamiento de la presi\u00f3n arterial alta, la diabetes, el colesterol alto, y alentar a los pacientes a mantener un peso saludable. Tambi\u00e9n comenzamos t\u00edpicamente los inhibidores de la plaqueta, como aspirina, o Plavix, porque esto es beneficioso en pacientes con claudication. Tambi\u00e9n nos cercioramos de t\u00edpicamente que el paciente tenga un cardi\u00f3logo, porque la presencia de claudication indica la enfermedad ateroscler\u00f3tica, que se encuentra a menudo tambi\u00e9n en el coraz\u00f3n, y puede ser muy peligrosa. De esta manera, todo un equipo de m\u00e9dicos ayuda a cada paciente a minimizar el riesgo de aterosclerosis y a vivir sus vidas m\u00e1s saludables.<\/p>\n<h3 style=\"padding-left: 30px;\">Cirug\u00eda<\/h3>\n<p style=\"padding-left: 30px;\">Si la claudicaci\u00f3n persiste, entonces hay obviamente opciones para el tratamiento, usualmente en forma de procedimientos m\u00ednimamente invasivos, pero esto s\u00f3lo se requiere en aproximadamente el 10 por ciento de las personas con claudicaci\u00f3n. Los procedimientos usualmente requieren anestesia general y usualmente involucran algunos d\u00edas en el hospital. Para ciertos pacientes, esta es la mejor opci\u00f3n para tratar la claudicaci\u00f3n.<\/p>\n<p>[\/et_pb_text][\/et_pb_column][\/et_pb_row][\/et_pb_section]<\/p>\n","protected":false},"excerpt":{"rendered":"<p>Claudicaci\u00f3n La claudicaci\u00f3n se utiliza para describir el dolor c\u00f3lico en las piernas de los pacientes con enfermedad arterial perif\u00e9rica. Se convierte a menudo despu\u00e9s de caminar cierta distancia. El dolor generalmente se resuelve con reposo y es predecible. Los pacientes tienden a tener este dolor despu\u00e9s de caminar una cierta distancia y ajustar sus [&hellip;]<\/p>\n","protected":false},"author":5,"featured_media":1952,"parent":0,"menu_order":8,"comment_status":"closed","ping_status":"closed","template":"","meta":{"_et_pb_use_builder":"on","_et_pb_old_content":"","_et_gb_content_width":"","footnotes":""},"class_list":["post-3066","page","type-page","status-publish","has-post-thumbnail","hentry"],"yoast_head":"<!-- This site is optimized with the Yoast SEO Premium plugin v23.9 (Yoast SEO v26.8) - https:\/\/yoast.com\/product\/yoast-seo-premium-wordpress\/ -->\n<title>Claudicaci\u00f3n | Cirujano vascular San Francisco<\/title>\n<meta name=\"description\" content=\"La claudicaci\u00f3n es el dolor en las piernas de las personas con enfermedad arterial perif\u00e9rica. El dolor suele desaparecer con el reposo.\" \/>\n<meta name=\"robots\" content=\"noindex, follow, max-snippet:-1, max-image-preview:large, max-video-preview:-1\" \/>\n<meta property=\"og:locale\" content=\"es_ES\" \/>\n<meta property=\"og:type\" content=\"article\" \/>\n<meta property=\"og:title\" content=\"Claudicaci\u00f3n\" \/>\n<meta property=\"og:description\" content=\"La claudicaci\u00f3n es el dolor en las piernas de las personas con enfermedad arterial perif\u00e9rica. El dolor suele desaparecer con el reposo.\" \/>\n<meta property=\"og:url\" content=\"https:\/\/dev.sfveincenter.com\/es\/claudicacion\/\" \/>\n<meta property=\"og:site_name\" content=\"San Francisco Vein Doctor | Varicose &amp; Spider Vein Treatment\" \/>\n<meta property=\"article:publisher\" content=\"https:\/\/www.facebook.com\/sfveincenter\" \/>\n<meta property=\"article:modified_time\" content=\"2024-11-08T21:42:01+00:00\" \/>\n<meta property=\"og:image\" content=\"https:\/\/dev.sfveincenter.com\/wp-content\/uploads\/2010\/09\/atherosclerosis.gif\" \/>\n\t<meta property=\"og:image:width\" content=\"386\" \/>\n\t<meta property=\"og:image:height\" content=\"401\" \/>\n\t<meta property=\"og:image:type\" content=\"image\/gif\" \/>\n<meta name=\"twitter:card\" content=\"summary_large_image\" \/>\n<meta name=\"twitter:site\" content=\"@sfveincenter\" \/>\n<meta name=\"twitter:label1\" content=\"Tiempo de lectura\" \/>\n\t<meta name=\"twitter:data1\" content=\"5 minutos\" \/>\n<script type=\"application\/ld+json\" class=\"yoast-schema-graph\">{\"@context\":\"https:\/\/schema.org\",\"@graph\":[{\"@type\":\"WebPage\",\"@id\":\"https:\/\/dev.sfveincenter.com\/es\/claudicacion\/\",\"url\":\"https:\/\/dev.sfveincenter.com\/es\/claudicacion\/\",\"name\":\"Claudicaci\u00f3n | Cirujano vascular San Francisco\",\"isPartOf\":{\"@id\":\"https:\/\/dev.sfveincenter.com\/es\/#website\"},\"primaryImageOfPage\":{\"@id\":\"https:\/\/dev.sfveincenter.com\/es\/claudicacion\/#primaryimage\"},\"image\":{\"@id\":\"https:\/\/dev.sfveincenter.com\/es\/claudicacion\/#primaryimage\"},\"thumbnailUrl\":\"https:\/\/dev.sfveincenter.com\/wp-content\/uploads\/2010\/09\/atherosclerosis.gif\",\"datePublished\":\"2018-10-10T04:53:07+00:00\",\"dateModified\":\"2024-11-08T21:42:01+00:00\",\"description\":\"La claudicaci\u00f3n es el dolor en las piernas de las personas con enfermedad arterial perif\u00e9rica. El dolor suele desaparecer con el reposo.\",\"breadcrumb\":{\"@id\":\"https:\/\/dev.sfveincenter.com\/es\/claudicacion\/#breadcrumb\"},\"inLanguage\":\"es\",\"potentialAction\":[{\"@type\":\"ReadAction\",\"target\":[\"https:\/\/dev.sfveincenter.com\/es\/claudicacion\/\"]}]},{\"@type\":\"ImageObject\",\"inLanguage\":\"es\",\"@id\":\"https:\/\/dev.sfveincenter.com\/es\/claudicacion\/#primaryimage\",\"url\":\"https:\/\/dev.sfveincenter.com\/wp-content\/uploads\/2010\/09\/atherosclerosis.gif\",\"contentUrl\":\"https:\/\/dev.sfveincenter.com\/wp-content\/uploads\/2010\/09\/atherosclerosis.gif\",\"width\":386,\"height\":401,\"caption\":\"atherosclerosis\"},{\"@type\":\"BreadcrumbList\",\"@id\":\"https:\/\/dev.sfveincenter.com\/es\/claudicacion\/#breadcrumb\",\"itemListElement\":[{\"@type\":\"ListItem\",\"position\":1,\"name\":\"Home\",\"item\":\"https:\/\/dev.sfveincenter.com\/es\/inicio-2\/\"},{\"@type\":\"ListItem\",\"position\":2,\"name\":\"Claudicaci\u00f3n\"}]},{\"@type\":\"WebSite\",\"@id\":\"https:\/\/dev.sfveincenter.com\/es\/#website\",\"url\":\"https:\/\/dev.sfveincenter.com\/es\/\",\"name\":\"San Francisco Vein Doctor | Varicose &amp; Spider Vein Treatment\",\"description\":\"\",\"publisher\":{\"@id\":\"https:\/\/dev.sfveincenter.com\/es\/#organization\"},\"potentialAction\":[{\"@type\":\"SearchAction\",\"target\":{\"@type\":\"EntryPoint\",\"urlTemplate\":\"https:\/\/dev.sfveincenter.com\/es\/?s={search_term_string}\"},\"query-input\":{\"@type\":\"PropertyValueSpecification\",\"valueRequired\":true,\"valueName\":\"search_term_string\"}}],\"inLanguage\":\"es\"},{\"@type\":\"Organization\",\"@id\":\"https:\/\/dev.sfveincenter.com\/es\/#organization\",\"name\":\"San Francisco Vein Center - Melinda L Aquino MD\",\"url\":\"https:\/\/dev.sfveincenter.com\/es\/\",\"logo\":{\"@type\":\"ImageObject\",\"inLanguage\":\"es\",\"@id\":\"https:\/\/dev.sfveincenter.com\/es\/#\/schema\/logo\/image\/\",\"url\":\"https:\/\/dev.sfveincenter.com\/wp-content\/uploads\/2021\/02\/cropped-favicon-512x512-1-1.png\",\"contentUrl\":\"https:\/\/dev.sfveincenter.com\/wp-content\/uploads\/2021\/02\/cropped-favicon-512x512-1-1.png\",\"width\":512,\"height\":512,\"caption\":\"San Francisco Vein Center - Melinda L Aquino MD\"},\"image\":{\"@id\":\"https:\/\/dev.sfveincenter.com\/es\/#\/schema\/logo\/image\/\"},\"sameAs\":[\"https:\/\/www.facebook.com\/sfveincenter\",\"https:\/\/x.com\/sfveincenter\",\"https:\/\/www.youtube.com\/channel\/UCH75q26Kq5lThH_Xptt8imQ\",\"https:\/\/x.com\/SFVeinCenter\"]}]}<\/script>\n<!-- \/ Yoast SEO Premium plugin. -->","yoast_head_json":{"title":"Claudicaci\u00f3n | Cirujano vascular San Francisco","description":"La claudicaci\u00f3n es el dolor en las piernas de las personas con enfermedad arterial perif\u00e9rica. El dolor suele desaparecer con el reposo.","robots":{"index":"noindex","follow":"follow","max-snippet":"max-snippet:-1","max-image-preview":"max-image-preview:large","max-video-preview":"max-video-preview:-1"},"og_locale":"es_ES","og_type":"article","og_title":"Claudicaci\u00f3n","og_description":"La claudicaci\u00f3n es el dolor en las piernas de las personas con enfermedad arterial perif\u00e9rica. El dolor suele desaparecer con el reposo.","og_url":"https:\/\/dev.sfveincenter.com\/es\/claudicacion\/","og_site_name":"San Francisco Vein Doctor | Varicose &amp; Spider Vein Treatment","article_publisher":"https:\/\/www.facebook.com\/sfveincenter","article_modified_time":"2024-11-08T21:42:01+00:00","og_image":[{"width":386,"height":401,"url":"https:\/\/dev.sfveincenter.com\/wp-content\/uploads\/2010\/09\/atherosclerosis.gif","type":"image\/gif"}],"twitter_card":"summary_large_image","twitter_site":"@sfveincenter","twitter_misc":{"Tiempo de lectura":"5 minutos"},"schema":{"@context":"https:\/\/schema.org","@graph":[{"@type":"WebPage","@id":"https:\/\/dev.sfveincenter.com\/es\/claudicacion\/","url":"https:\/\/dev.sfveincenter.com\/es\/claudicacion\/","name":"Claudicaci\u00f3n | Cirujano vascular San Francisco","isPartOf":{"@id":"https:\/\/dev.sfveincenter.com\/es\/#website"},"primaryImageOfPage":{"@id":"https:\/\/dev.sfveincenter.com\/es\/claudicacion\/#primaryimage"},"image":{"@id":"https:\/\/dev.sfveincenter.com\/es\/claudicacion\/#primaryimage"},"thumbnailUrl":"https:\/\/dev.sfveincenter.com\/wp-content\/uploads\/2010\/09\/atherosclerosis.gif","datePublished":"2018-10-10T04:53:07+00:00","dateModified":"2024-11-08T21:42:01+00:00","description":"La claudicaci\u00f3n es el dolor en las piernas de las personas con enfermedad arterial perif\u00e9rica. El dolor suele desaparecer con el reposo.","breadcrumb":{"@id":"https:\/\/dev.sfveincenter.com\/es\/claudicacion\/#breadcrumb"},"inLanguage":"es","potentialAction":[{"@type":"ReadAction","target":["https:\/\/dev.sfveincenter.com\/es\/claudicacion\/"]}]},{"@type":"ImageObject","inLanguage":"es","@id":"https:\/\/dev.sfveincenter.com\/es\/claudicacion\/#primaryimage","url":"https:\/\/dev.sfveincenter.com\/wp-content\/uploads\/2010\/09\/atherosclerosis.gif","contentUrl":"https:\/\/dev.sfveincenter.com\/wp-content\/uploads\/2010\/09\/atherosclerosis.gif","width":386,"height":401,"caption":"atherosclerosis"},{"@type":"BreadcrumbList","@id":"https:\/\/dev.sfveincenter.com\/es\/claudicacion\/#breadcrumb","itemListElement":[{"@type":"ListItem","position":1,"name":"Home","item":"https:\/\/dev.sfveincenter.com\/es\/inicio-2\/"},{"@type":"ListItem","position":2,"name":"Claudicaci\u00f3n"}]},{"@type":"WebSite","@id":"https:\/\/dev.sfveincenter.com\/es\/#website","url":"https:\/\/dev.sfveincenter.com\/es\/","name":"San Francisco Vein Doctor | Varicose &amp; Spider Vein Treatment","description":"","publisher":{"@id":"https:\/\/dev.sfveincenter.com\/es\/#organization"},"potentialAction":[{"@type":"SearchAction","target":{"@type":"EntryPoint","urlTemplate":"https:\/\/dev.sfveincenter.com\/es\/?s={search_term_string}"},"query-input":{"@type":"PropertyValueSpecification","valueRequired":true,"valueName":"search_term_string"}}],"inLanguage":"es"},{"@type":"Organization","@id":"https:\/\/dev.sfveincenter.com\/es\/#organization","name":"San Francisco Vein Center - Melinda L Aquino MD","url":"https:\/\/dev.sfveincenter.com\/es\/","logo":{"@type":"ImageObject","inLanguage":"es","@id":"https:\/\/dev.sfveincenter.com\/es\/#\/schema\/logo\/image\/","url":"https:\/\/dev.sfveincenter.com\/wp-content\/uploads\/2021\/02\/cropped-favicon-512x512-1-1.png","contentUrl":"https:\/\/dev.sfveincenter.com\/wp-content\/uploads\/2021\/02\/cropped-favicon-512x512-1-1.png","width":512,"height":512,"caption":"San Francisco Vein Center - Melinda L Aquino MD"},"image":{"@id":"https:\/\/dev.sfveincenter.com\/es\/#\/schema\/logo\/image\/"},"sameAs":["https:\/\/www.facebook.com\/sfveincenter","https:\/\/x.com\/sfveincenter","https:\/\/www.youtube.com\/channel\/UCH75q26Kq5lThH_Xptt8imQ","https:\/\/x.com\/SFVeinCenter"]}]}},"_links":{"self":[{"href":"https:\/\/dev.sfveincenter.com\/es\/wp-json\/wp\/v2\/pages\/3066","targetHints":{"allow":["GET"]}}],"collection":[{"href":"https:\/\/dev.sfveincenter.com\/es\/wp-json\/wp\/v2\/pages"}],"about":[{"href":"https:\/\/dev.sfveincenter.com\/es\/wp-json\/wp\/v2\/types\/page"}],"author":[{"embeddable":true,"href":"https:\/\/dev.sfveincenter.com\/es\/wp-json\/wp\/v2\/users\/5"}],"replies":[{"embeddable":true,"href":"https:\/\/dev.sfveincenter.com\/es\/wp-json\/wp\/v2\/comments?post=3066"}],"version-history":[{"count":0,"href":"https:\/\/dev.sfveincenter.com\/es\/wp-json\/wp\/v2\/pages\/3066\/revisions"}],"wp:featuredmedia":[{"embeddable":true,"href":"https:\/\/dev.sfveincenter.com\/es\/wp-json\/wp\/v2\/media\/1952"}],"wp:attachment":[{"href":"https:\/\/dev.sfveincenter.com\/es\/wp-json\/wp\/v2\/media?parent=3066"}],"curies":[{"name":"wp","href":"https:\/\/api.w.org\/{rel}","templated":true}]}}