{"id":3068,"date":"2018-10-09T21:55:40","date_gmt":"2018-10-10T04:55:40","guid":{"rendered":"http:\/\/54.70.23.198\/enfermedad-arterial\/"},"modified":"2024-11-08T14:15:33","modified_gmt":"2024-11-08T22:15:33","slug":"enfermedad-arterial","status":"publish","type":"page","link":"https:\/\/dev.sfveincenter.com\/es\/enfermedad-arterial\/","title":{"rendered":"Enfermedad arterial"},"content":{"rendered":"<p>[et_pb_section fb_built=\u00bb1&#8243; _builder_version=\u00bb4.16&#8243; custom_padding=\u00bb1%|||\u00bb global_colors_info=\u00bb{}\u00bb][et_pb_row _builder_version=\u00bb4.16&#8243; background_size=\u00bbinitial\u00bb background_position=\u00bbtop_left\u00bb background_repeat=\u00bbrepeat\u00bb global_colors_info=\u00bb{}\u00bb][et_pb_column type=\u00bb4_4&#8243; _builder_version=\u00bb4.16&#8243; custom_padding=\u00bb|||\u00bb global_colors_info=\u00bb{}\u00bb custom_padding__hover=\u00bb|||\u00bb][et_pb_text _builder_version=\u00bb4.19.2&#8243; background_size=\u00bbinitial\u00bb background_position=\u00bbtop_left\u00bb background_repeat=\u00bbrepeat\u00bb global_colors_info=\u00bb{}\u00bb]<\/p>\n<h1 style=\"text-align: center;\">Enfermedad arterial<\/h1>\n<p>Adem\u00e1s del tratamiento de los <strong>trastornos de las venas<\/strong>,el <a href=\"https:\/\/dev.sfveincenter.com\/es\/cirujano-vascular-doctor-aquino\/\">Dr. Aquino<\/a> trata un espectro completo de enfermedades arteriales. De hecho, el tratamiento de las obstrucciones arteriales avanzadas y los aneurismas constituye la participaci\u00f3n de los leones en la pr\u00e1ctica del Dr. Aquino. Ella es bien sabido para su cirug\u00eda vascular abierta as\u00ed como sus habilidades endovascular avanzadas.<\/p>\n<div id=\"attachment_1960\" style=\"width: 210px\" class=\"wp-caption alignright\"><img loading=\"lazy\" decoding=\"async\" aria-describedby=\"caption-attachment-1960\" class=\"wp-image-754 size-full\" style=\"margin-bottom: 20px;\" src=\"https:\/\/dev.sfveincenter.com\/wp-content\/uploads\/2010\/09\/arterial-system.png\" alt=\"enfermedad arterial\" width=\"200\" height=\"283\"><p id=\"caption-attachment-1960\" class=\"wp-caption-text\">Enfermedad arterial<\/p><\/div>\n<p>La mayor\u00eda de las enfermedades arteriales est\u00e1n relacionadas con la aterosclerosis, que es un endurecimiento de las arterias. La aterosclerosis es causada por muchos de los vicios m\u00e1s comunes en la sociedad occidental. Los alimentos ricos y el consumo excesivo de alimentos junto con un estilo de vida sedentario pueden conducir a <a href=\"https:\/\/dev.sfveincenter.com\/es\/insuficiencia-venosa\/\">vasos da\u00f1adas<\/a> y condiciones como colesterol alto, obesidad, presi\u00f3n arterial alta y diabetes. Todos estos son factores de riesgo para la aterosclerosis. Fumar o tener una historia pasada de fumar tambi\u00e9n pone uno en un riesgo tremendamente creciente de ateroesclerosis. De hecho, el proceso de aterosclerosis que causa <em>la enfermedad arterial perif\u00e9rica<\/em> tambi\u00e9n causa enfermedades del coraz\u00f3n y ataques card\u00edacos que son las principales causas de muerte en los Estados Unidos.<\/p>\n<p>En nuestra pr\u00e1ctica de <strong><em>cirug\u00eda vascular<\/em><\/strong>, sabemos que el tratamiento de la enfermedad arterial tambi\u00e9n significa tratar a los pacientes. Nuestro trabajo principal es evaluar a los pacientes desde una perspectiva quir\u00fargica. Sin embargo, tambi\u00e9n somos agresivos sobre el control de los factores de riesgo para la enfermedad vascular. Los cirujanos vasculares tratan de frenar o detener su progreso en el cuerpo. Trabajamos con usted para disminuir la presi\u00f3n arterial alta y los niveles de colesterol. Tambi\u00e9n le ayudamos a adoptar un estilo de vida saludable y a dejar de fumar si fuma. Dado que los pacientes con enfermedad arterial perif\u00e9rica avanzada est\u00e1n en riesgo de cardiopat\u00eda, nos aseguramos de comunicarnos con su cardi\u00f3logo y su m\u00e9dico de cabecera. Estamos utilizando para trabajar juntos como un equipo para mantenerlo lo m\u00e1s saludable posible.<\/p>\n<p>Creemos que nuestro trabajo final es tratar a todo el paciente, y asociarnos con cada paciente para optimizar su salud para mejor.<\/p>\n<p>Algunas enfermedades arteriales Dr. Aquino Treats son:<\/p>\n<ul>\n<li><a href=\"https:\/\/dev.sfveincenter.com\/es\/aneurisma-aortico\/\">Arotic aneurismas<\/a><\/li>\n<li><a href=\"https:\/\/dev.sfveincenter.com\/es\/estenosis-enfermedad-de-carotida-arteria\/\">Enfermedad de la arteria car\u00f3tida<\/a><\/li>\n<li><a href=\"https:\/\/dev.sfveincenter.com\/es\/claudicacion\/\">Claudicaci\u00f3n<\/a><\/li>\n<li><a href=\"https:\/\/dev.sfveincenter.com\/es\/isquemia-mesenterica\/\">Isquemia mesent\u00e9rica<\/a><\/li>\n<li><a href=\"https:\/\/dev.sfveincenter.com\/es\/estenosis-de-la-arteria-renal\/\">Estenosis de la arteria renal<\/a><\/li>\n<li><a href=\"https:\/\/dev.sfveincenter.com\/es\/accesos-vasculares-para-hemodialisis\/\">Cirug\u00eda de acceso a di\u00e1lisis<\/a><\/li>\n<\/ul>\n<p>[\/et_pb_text][\/et_pb_column][\/et_pb_row][\/et_pb_section]<\/p>\n","protected":false},"excerpt":{"rendered":"<p>Enfermedad arterial Adem\u00e1s del tratamiento de los trastornos de las venas,el Dr. Aquino trata un espectro completo de enfermedades arteriales. De hecho, el tratamiento de las obstrucciones arteriales avanzadas y los aneurismas constituye la participaci\u00f3n de los leones en la pr\u00e1ctica del Dr. Aquino. Ella es bien sabido para su cirug\u00eda vascular abierta as\u00ed como [&hellip;]<\/p>\n","protected":false},"author":5,"featured_media":1960,"parent":0,"menu_order":3,"comment_status":"closed","ping_status":"closed","template":"","meta":{"_et_pb_use_builder":"on","_et_pb_old_content":"","_et_gb_content_width":"","footnotes":""},"class_list":["post-3068","page","type-page","status-publish","has-post-thumbnail","hentry"],"yoast_head":"<!-- This site is optimized with the Yoast SEO Premium plugin v23.9 (Yoast SEO v26.8) - https:\/\/yoast.com\/product\/yoast-seo-premium-wordpress\/ -->\n<title>Enfermedad Arterial | Cirujano Vascular San Francisco<\/title>\n<meta name=\"description\" content=\"Las enfermedades arteriales incluyen aneurismas a\u00f3rticos, enfermedad de la arteria car\u00f3tida, claudicaci\u00f3n y estenosis de la arteria renal\" \/>\n<meta name=\"robots\" content=\"noindex, follow, max-snippet:-1, max-image-preview:large, max-video-preview:-1\" \/>\n<meta property=\"og:locale\" content=\"es_ES\" \/>\n<meta property=\"og:type\" content=\"article\" \/>\n<meta property=\"og:title\" content=\"Enfermedad arterial\" \/>\n<meta property=\"og:description\" content=\"Las enfermedades arteriales incluyen aneurismas a\u00f3rticos, enfermedad de la arteria car\u00f3tida, claudicaci\u00f3n y estenosis de la arteria renal\" \/>\n<meta property=\"og:url\" content=\"https:\/\/dev.sfveincenter.com\/es\/enfermedad-arterial\/\" \/>\n<meta property=\"og:site_name\" content=\"San Francisco Vein Doctor | Varicose &amp; Spider Vein Treatment\" \/>\n<meta property=\"article:publisher\" content=\"https:\/\/www.facebook.com\/sfveincenter\" \/>\n<meta property=\"article:modified_time\" content=\"2024-11-08T22:15:33+00:00\" \/>\n<meta property=\"og:image\" content=\"https:\/\/dev.sfveincenter.com\/wp-content\/uploads\/2010\/09\/arterial-system.png\" \/>\n\t<meta property=\"og:image:width\" content=\"200\" \/>\n\t<meta property=\"og:image:height\" content=\"283\" \/>\n\t<meta property=\"og:image:type\" content=\"image\/png\" \/>\n<meta name=\"twitter:card\" content=\"summary_large_image\" \/>\n<meta name=\"twitter:site\" content=\"@sfveincenter\" \/>\n<meta name=\"twitter:label1\" content=\"Tiempo de lectura\" \/>\n\t<meta name=\"twitter:data1\" content=\"2 minutos\" \/>\n<script type=\"application\/ld+json\" class=\"yoast-schema-graph\">{\"@context\":\"https:\/\/schema.org\",\"@graph\":[{\"@type\":\"WebPage\",\"@id\":\"https:\/\/dev.sfveincenter.com\/es\/enfermedad-arterial\/\",\"url\":\"https:\/\/dev.sfveincenter.com\/es\/enfermedad-arterial\/\",\"name\":\"Enfermedad Arterial | Cirujano Vascular San Francisco\",\"isPartOf\":{\"@id\":\"https:\/\/dev.sfveincenter.com\/es\/#website\"},\"primaryImageOfPage\":{\"@id\":\"https:\/\/dev.sfveincenter.com\/es\/enfermedad-arterial\/#primaryimage\"},\"image\":{\"@id\":\"https:\/\/dev.sfveincenter.com\/es\/enfermedad-arterial\/#primaryimage\"},\"thumbnailUrl\":\"https:\/\/dev.sfveincenter.com\/wp-content\/uploads\/2010\/09\/arterial-system.png\",\"datePublished\":\"2018-10-10T04:55:40+00:00\",\"dateModified\":\"2024-11-08T22:15:33+00:00\",\"description\":\"Las enfermedades arteriales incluyen aneurismas a\u00f3rticos, enfermedad de la arteria car\u00f3tida, claudicaci\u00f3n y estenosis de la arteria renal\",\"breadcrumb\":{\"@id\":\"https:\/\/dev.sfveincenter.com\/es\/enfermedad-arterial\/#breadcrumb\"},\"inLanguage\":\"es\",\"potentialAction\":[{\"@type\":\"ReadAction\",\"target\":[\"https:\/\/dev.sfveincenter.com\/es\/enfermedad-arterial\/\"]}]},{\"@type\":\"ImageObject\",\"inLanguage\":\"es\",\"@id\":\"https:\/\/dev.sfveincenter.com\/es\/enfermedad-arterial\/#primaryimage\",\"url\":\"https:\/\/dev.sfveincenter.com\/wp-content\/uploads\/2010\/09\/arterial-system.png\",\"contentUrl\":\"https:\/\/dev.sfveincenter.com\/wp-content\/uploads\/2010\/09\/arterial-system.png\",\"width\":200,\"height\":283,\"caption\":\"sistema arterial\"},{\"@type\":\"BreadcrumbList\",\"@id\":\"https:\/\/dev.sfveincenter.com\/es\/enfermedad-arterial\/#breadcrumb\",\"itemListElement\":[{\"@type\":\"ListItem\",\"position\":1,\"name\":\"Home\",\"item\":\"https:\/\/dev.sfveincenter.com\/es\/inicio-2\/\"},{\"@type\":\"ListItem\",\"position\":2,\"name\":\"Enfermedad arterial\"}]},{\"@type\":\"WebSite\",\"@id\":\"https:\/\/dev.sfveincenter.com\/es\/#website\",\"url\":\"https:\/\/dev.sfveincenter.com\/es\/\",\"name\":\"San Francisco Vein Doctor | Varicose &amp; Spider Vein Treatment\",\"description\":\"\",\"publisher\":{\"@id\":\"https:\/\/dev.sfveincenter.com\/es\/#organization\"},\"potentialAction\":[{\"@type\":\"SearchAction\",\"target\":{\"@type\":\"EntryPoint\",\"urlTemplate\":\"https:\/\/dev.sfveincenter.com\/es\/?s={search_term_string}\"},\"query-input\":{\"@type\":\"PropertyValueSpecification\",\"valueRequired\":true,\"valueName\":\"search_term_string\"}}],\"inLanguage\":\"es\"},{\"@type\":\"Organization\",\"@id\":\"https:\/\/dev.sfveincenter.com\/es\/#organization\",\"name\":\"San Francisco Vein Center - Melinda L Aquino MD\",\"url\":\"https:\/\/dev.sfveincenter.com\/es\/\",\"logo\":{\"@type\":\"ImageObject\",\"inLanguage\":\"es\",\"@id\":\"https:\/\/dev.sfveincenter.com\/es\/#\/schema\/logo\/image\/\",\"url\":\"https:\/\/dev.sfveincenter.com\/wp-content\/uploads\/2021\/02\/cropped-favicon-512x512-1-1.png\",\"contentUrl\":\"https:\/\/dev.sfveincenter.com\/wp-content\/uploads\/2021\/02\/cropped-favicon-512x512-1-1.png\",\"width\":512,\"height\":512,\"caption\":\"San Francisco Vein Center - Melinda L Aquino MD\"},\"image\":{\"@id\":\"https:\/\/dev.sfveincenter.com\/es\/#\/schema\/logo\/image\/\"},\"sameAs\":[\"https:\/\/www.facebook.com\/sfveincenter\",\"https:\/\/x.com\/sfveincenter\",\"https:\/\/www.youtube.com\/channel\/UCH75q26Kq5lThH_Xptt8imQ\",\"https:\/\/x.com\/SFVeinCenter\"]}]}<\/script>\n<!-- \/ Yoast SEO Premium plugin. -->","yoast_head_json":{"title":"Enfermedad Arterial | Cirujano Vascular San Francisco","description":"Las enfermedades arteriales incluyen aneurismas a\u00f3rticos, enfermedad de la arteria car\u00f3tida, claudicaci\u00f3n y estenosis de la arteria renal","robots":{"index":"noindex","follow":"follow","max-snippet":"max-snippet:-1","max-image-preview":"max-image-preview:large","max-video-preview":"max-video-preview:-1"},"og_locale":"es_ES","og_type":"article","og_title":"Enfermedad arterial","og_description":"Las enfermedades arteriales incluyen aneurismas a\u00f3rticos, enfermedad de la arteria car\u00f3tida, claudicaci\u00f3n y estenosis de la arteria renal","og_url":"https:\/\/dev.sfveincenter.com\/es\/enfermedad-arterial\/","og_site_name":"San Francisco Vein Doctor | Varicose &amp; Spider Vein Treatment","article_publisher":"https:\/\/www.facebook.com\/sfveincenter","article_modified_time":"2024-11-08T22:15:33+00:00","og_image":[{"width":200,"height":283,"url":"https:\/\/dev.sfveincenter.com\/wp-content\/uploads\/2010\/09\/arterial-system.png","type":"image\/png"}],"twitter_card":"summary_large_image","twitter_site":"@sfveincenter","twitter_misc":{"Tiempo de lectura":"2 minutos"},"schema":{"@context":"https:\/\/schema.org","@graph":[{"@type":"WebPage","@id":"https:\/\/dev.sfveincenter.com\/es\/enfermedad-arterial\/","url":"https:\/\/dev.sfveincenter.com\/es\/enfermedad-arterial\/","name":"Enfermedad Arterial | Cirujano Vascular San Francisco","isPartOf":{"@id":"https:\/\/dev.sfveincenter.com\/es\/#website"},"primaryImageOfPage":{"@id":"https:\/\/dev.sfveincenter.com\/es\/enfermedad-arterial\/#primaryimage"},"image":{"@id":"https:\/\/dev.sfveincenter.com\/es\/enfermedad-arterial\/#primaryimage"},"thumbnailUrl":"https:\/\/dev.sfveincenter.com\/wp-content\/uploads\/2010\/09\/arterial-system.png","datePublished":"2018-10-10T04:55:40+00:00","dateModified":"2024-11-08T22:15:33+00:00","description":"Las enfermedades arteriales incluyen aneurismas a\u00f3rticos, enfermedad de la arteria car\u00f3tida, claudicaci\u00f3n y estenosis de la arteria renal","breadcrumb":{"@id":"https:\/\/dev.sfveincenter.com\/es\/enfermedad-arterial\/#breadcrumb"},"inLanguage":"es","potentialAction":[{"@type":"ReadAction","target":["https:\/\/dev.sfveincenter.com\/es\/enfermedad-arterial\/"]}]},{"@type":"ImageObject","inLanguage":"es","@id":"https:\/\/dev.sfveincenter.com\/es\/enfermedad-arterial\/#primaryimage","url":"https:\/\/dev.sfveincenter.com\/wp-content\/uploads\/2010\/09\/arterial-system.png","contentUrl":"https:\/\/dev.sfveincenter.com\/wp-content\/uploads\/2010\/09\/arterial-system.png","width":200,"height":283,"caption":"sistema arterial"},{"@type":"BreadcrumbList","@id":"https:\/\/dev.sfveincenter.com\/es\/enfermedad-arterial\/#breadcrumb","itemListElement":[{"@type":"ListItem","position":1,"name":"Home","item":"https:\/\/dev.sfveincenter.com\/es\/inicio-2\/"},{"@type":"ListItem","position":2,"name":"Enfermedad arterial"}]},{"@type":"WebSite","@id":"https:\/\/dev.sfveincenter.com\/es\/#website","url":"https:\/\/dev.sfveincenter.com\/es\/","name":"San Francisco Vein Doctor | Varicose &amp; Spider Vein Treatment","description":"","publisher":{"@id":"https:\/\/dev.sfveincenter.com\/es\/#organization"},"potentialAction":[{"@type":"SearchAction","target":{"@type":"EntryPoint","urlTemplate":"https:\/\/dev.sfveincenter.com\/es\/?s={search_term_string}"},"query-input":{"@type":"PropertyValueSpecification","valueRequired":true,"valueName":"search_term_string"}}],"inLanguage":"es"},{"@type":"Organization","@id":"https:\/\/dev.sfveincenter.com\/es\/#organization","name":"San Francisco Vein Center - Melinda L Aquino MD","url":"https:\/\/dev.sfveincenter.com\/es\/","logo":{"@type":"ImageObject","inLanguage":"es","@id":"https:\/\/dev.sfveincenter.com\/es\/#\/schema\/logo\/image\/","url":"https:\/\/dev.sfveincenter.com\/wp-content\/uploads\/2021\/02\/cropped-favicon-512x512-1-1.png","contentUrl":"https:\/\/dev.sfveincenter.com\/wp-content\/uploads\/2021\/02\/cropped-favicon-512x512-1-1.png","width":512,"height":512,"caption":"San Francisco Vein Center - Melinda L Aquino MD"},"image":{"@id":"https:\/\/dev.sfveincenter.com\/es\/#\/schema\/logo\/image\/"},"sameAs":["https:\/\/www.facebook.com\/sfveincenter","https:\/\/x.com\/sfveincenter","https:\/\/www.youtube.com\/channel\/UCH75q26Kq5lThH_Xptt8imQ","https:\/\/x.com\/SFVeinCenter"]}]}},"_links":{"self":[{"href":"https:\/\/dev.sfveincenter.com\/es\/wp-json\/wp\/v2\/pages\/3068","targetHints":{"allow":["GET"]}}],"collection":[{"href":"https:\/\/dev.sfveincenter.com\/es\/wp-json\/wp\/v2\/pages"}],"about":[{"href":"https:\/\/dev.sfveincenter.com\/es\/wp-json\/wp\/v2\/types\/page"}],"author":[{"embeddable":true,"href":"https:\/\/dev.sfveincenter.com\/es\/wp-json\/wp\/v2\/users\/5"}],"replies":[{"embeddable":true,"href":"https:\/\/dev.sfveincenter.com\/es\/wp-json\/wp\/v2\/comments?post=3068"}],"version-history":[{"count":0,"href":"https:\/\/dev.sfveincenter.com\/es\/wp-json\/wp\/v2\/pages\/3068\/revisions"}],"wp:featuredmedia":[{"embeddable":true,"href":"https:\/\/dev.sfveincenter.com\/es\/wp-json\/wp\/v2\/media\/1960"}],"wp:attachment":[{"href":"https:\/\/dev.sfveincenter.com\/es\/wp-json\/wp\/v2\/media?parent=3068"}],"curies":[{"name":"wp","href":"https:\/\/api.w.org\/{rel}","templated":true}]}}