{"id":3069,"date":"2018-10-09T21:57:34","date_gmt":"2018-10-10T04:57:34","guid":{"rendered":"http:\/\/54.70.23.198\/coagulo-de-sangre-tvp\/"},"modified":"2024-11-08T13:53:47","modified_gmt":"2024-11-08T21:53:47","slug":"coagulo-de-sangre-tvp","status":"publish","type":"page","link":"https:\/\/dev.sfveincenter.com\/es\/coagulo-de-sangre-tvp\/","title":{"rendered":"Trombosis venosa profunda"},"content":{"rendered":"<p>[et_pb_section fb_built=\u00bb1&#8243; _builder_version=\u00bb4.16&#8243; custom_padding=\u00bb1%|||\u00bb global_colors_info=\u00bb{}\u00bb][et_pb_row _builder_version=\u00bb4.16&#8243; background_size=\u00bbinitial\u00bb background_position=\u00bbtop_left\u00bb background_repeat=\u00bbrepeat\u00bb global_colors_info=\u00bb{}\u00bb][et_pb_column type=\u00bb4_4&#8243; _builder_version=\u00bb4.16&#8243; custom_padding=\u00bb|||\u00bb global_colors_info=\u00bb{}\u00bb custom_padding__hover=\u00bb|||\u00bb][et_pb_text _builder_version=\u00bb4.17.4&#8243; z_index_tablet=\u00bb500&#8243; global_colors_info=\u00bb{}\u00bb]<\/p>\n<h1 style=\"text-align: center;\">Trombosis venosa profunda (TVP) &#8211; Co\u00e1gulo de sangre<\/h1>\n<p><img loading=\"lazy\" decoding=\"async\" class=\"alignright wp-image-8514 size-medium\" src=\"https:\/\/dev.sfveincenter.com\/wp-content\/uploads\/2022\/06\/dvt-blod-clot-300x180.jpg\" alt=\"TVP Trombosis venosa profunda\" width=\"300\" height=\"180\">La trombosis venosa profunda (TVP) es cuando se desarrolla un <em><strong>co\u00e1gulo de sangre<\/strong><\/em> (trombosis) en las venas profundas de la pierna. Las personas susceptibles a la TVP son aquellas que han sido sedentarias o han tenido lesiones. La trombosis venosa profunda es peligrosa porque un co\u00e1gulo de sangre puede romperse de su localizaci\u00f3n y viajar a trav\u00e9s de las venas a otras partes del cuerpo causando da\u00f1o serio y a veces fatal al coraz\u00f3n o a los pulmones. Obtenga m\u00e1s informaci\u00f3n sobre la TVP, su prevenci\u00f3n y su tratamiento.<\/p>\n<h2>Riesgos para la TVP: co\u00e1gulo de sangre en la pierna<\/h2>\n<p>Los pacientes que est\u00e1n en riesgo de co\u00e1gulos de sangre (TVP) son los que:<\/p>\n<ul>\n<li>han estado sentados o acostados por per\u00edodos prolongados de tiempo sin moverse-como aquellos que han estado en un largo viaje en avi\u00f3n o en coche o alguien que est\u00e1 postrado en cama.<\/li>\n<li>tienen insuficiencia venosa o <a href=\"https:\/\/dev.sfveincenter.com\/es\/\">venas da\u00f1adas<\/a><\/li>\n<li>tiene una afecci\u00f3n en la que su sangre es propensa a los co\u00e1gulos, a veces asociada con un trastorno sangu\u00edneo, c\u00e1ncer o deshidrataci\u00f3n extrema.<\/li>\n<li>han tenido cirug\u00eda reciente, especialmente cirug\u00eda ortop\u00e9dica en la cadera o la rodilla.<\/li>\n<li>han tenido traumas como una lesi\u00f3n p\u00e9lvica o una pierna rota.<\/li>\n<li>tiene una lesi\u00f3n espinal y par\u00e1lisis.<\/li>\n<\/ul>\n<h2 style=\"text-align: left;\">Peligros de la TVP<\/h2>\n<p>Una TVP es peligrosa porque los <em>co\u00e1gulos sangu\u00edneos<\/em> que se desarrollan en las piernas pueden romperse y flotar en otras partes del cuerpo donde pueden afectar tanto al coraz\u00f3n como a los pulmones. La sangre fluye de las venas viaja hacia el lado derecho del coraz\u00f3n y hacia los pulmones donde recoge el ox\u00edgeno. Vuelve al coraz\u00f3n y es bombeado de nuevo hacia fuera en el cuerpo para entregar el ox\u00edgeno. Si los co\u00e1gulos sangu\u00edneos flotan en los pulmones y se atascan, se denomina \u00abembolia pulmonar\u00bb o \u00abPE\u00bb. y puede ser muy peligroso-incluso fatal.<\/p>\n<p>La TVP tambi\u00e9n puede da\u00f1ar las venas de la pierna, especialmente si el co\u00e1gulo es extenso. En este caso, el<a href=\"https:\/\/dev.sfveincenter.com\/es\/\"><strong> venas da\u00f1adas<\/strong><\/a> puede ser grave porque el sistema venoso profundo es grande y responsable de llevar la mayor parte de la sangre al coraz\u00f3n en contra de la gravedad. Si estas venas profundas se obstruyen con un <em>co\u00e1gulo de sangre<\/em>, el co\u00e1gulo puede lesionar las v\u00e1lvulas con el tiempo conduciendo a un sistema venoso ineficaz. Los pacientes entonces pueden tener hinchaz\u00f3n debilitante y la escasez venosa severa en su pierna que lleva a los cambios y a las \u00falceras de la piel. Tambi\u00e9n pueden tener dolor severo llamado s\u00edndrome post-phlebitic. Es una complicaci\u00f3n temida de TVP extensa que puede ocurrir incluso con terapia adecuada de la anticoagulaci\u00f3n. Si el co\u00e1gulo es extenso o si no es posible un tratamiento anticoagulante, los pacientes pueden ser referidos a un cirujano vascular para una evaluaci\u00f3n adicional y un posible tratamiento quir\u00fargico.<\/p>\n<h2 style=\"text-align: left;\">S\u00edntomas de TVP<\/h2>\n<p>Un <em>co\u00e1gulo de sangre<\/em> trombosis venosa profunda se encuentra m\u00e1s a menudo cuando hay hinchaz\u00f3n de la pierna que implica solamente una pierna. Generalmente se desarrolla m\u00e1s de un d\u00eda o dos y puede ser doloroso. Si se pregunta, el paciente generalmente puede pensar en algo que lo ponga en riesgo como un viaje en avi\u00f3n largo o una cirug\u00eda reciente. Algunos de los s\u00edntomas m\u00e1s comunes de la TVP son:<\/p>\n<ul>\n<li>Hinchaz\u00f3n y opresi\u00f3n de la pierna<\/li>\n<li>Una sensaci\u00f3n parecida a un calambre en la pierna<\/li>\n<li>Dolor al caminar<\/li>\n<li>Decoloraci\u00f3n roja alrededor del \u00e1rea dolorosa<\/li>\n<li>Piel tibia alrededor del \u00e1rea dolorosa<\/li>\n<\/ul>\n<h2>Diagn\u00f3stico de DVT<\/h2>\n<p>Si sospecha de TVP, debe diagnosticarse lo antes posible. El <a href=\"https:\/\/dev.sfveincenter.com\/es\/cirujano-vascular-doctor-aquino\/\">m\u00e9dico de las venas<\/a> debe comenzar haciendo una serie de preguntas para determinar si es probable que el DVD. Si su m\u00e9dico sospecha de TVP, inmediatamente obtendr\u00e1 un ultrasonido. El ultrasonido permite al m\u00e9dico ver el flujo sangu\u00edneo en el sistema venoso y determinar si hay un bloqueo o co\u00e1gulo. Es imperativo que el ultrasonido sea completado tan pronto como sea posible. Tambi\u00e9n hay otras pruebas que el m\u00e9dico puede utilizar para diagnosticar la TVP, como una prueba de atenuaci\u00f3n D y la venograf\u00eda por contraste.<\/p>\n<h2>Tratamiento de TVP<\/h2>\n<p>Si los resultados del ultrasonido muestran un co\u00e1gulo en la pierna, el <a href=\"https:\/\/dev.sfveincenter.com\/es\/trombosis-venosa-profunda-tvp-tratamiento\/\">tratamiento de TVP<\/a> con diluyentes de la sangre se inicia inmediatamente. Su m\u00e9dico le explicar\u00e1 estos medicamentos. Deben ser tomadas y monitoreadas con mucho cuidado. Los anticoagulantes son muy importantes porque permiten que el cuerpo descompone el co\u00e1gulo de sangre lentamente con el tiempo y son efectivos para evitar que el co\u00e1gulo flote en los pulmones (embolia pulmonar).[\/et_pb_text][\/et_pb_column][\/et_pb_row][\/et_pb_section]<\/p>\n","protected":false},"excerpt":{"rendered":"<p>Trombosis venosa profunda (TVP) &#8211; Co\u00e1gulo de sangre La trombosis venosa profunda (TVP) es cuando se desarrolla un co\u00e1gulo de sangre (trombosis) en las venas profundas de la pierna. Las personas susceptibles a la TVP son aquellas que han sido sedentarias o han tenido lesiones. La trombosis venosa profunda es peligrosa porque un co\u00e1gulo de [&hellip;]<\/p>\n","protected":false},"author":5,"featured_media":0,"parent":0,"menu_order":7,"comment_status":"closed","ping_status":"closed","template":"","meta":{"_et_pb_use_builder":"on","_et_pb_old_content":"","_et_gb_content_width":"","footnotes":""},"class_list":["post-3069","page","type-page","status-publish","hentry"],"yoast_head":"<!-- This site is optimized with the Yoast SEO Premium plugin v23.9 (Yoast SEO v26.8) - https:\/\/yoast.com\/product\/yoast-seo-premium-wordpress\/ -->\n<title>Co\u00e1gulos sangu\u00edneos | TVP | Trombosis venosa profunda | M\u00e9dico de las venas<\/title>\n<meta name=\"description\" content=\"La TVP es cuando se forman co\u00e1gulos sangu\u00edneos en las venas. Son muy peligrosos y pueden desplazarse hasta el coraz\u00f3n o los pulmones, lo que afecta a la oxigenaci\u00f3n de la sangre.\" \/>\n<meta name=\"robots\" content=\"noindex, follow, max-snippet:-1, max-image-preview:large, max-video-preview:-1\" \/>\n<meta property=\"og:locale\" content=\"es_ES\" \/>\n<meta property=\"og:type\" content=\"article\" \/>\n<meta property=\"og:title\" content=\"Trombosis venosa profunda\" \/>\n<meta property=\"og:description\" content=\"La TVP es cuando se forman co\u00e1gulos sangu\u00edneos en las venas. Son muy peligrosos y pueden desplazarse hasta el coraz\u00f3n o los pulmones, lo que afecta a la oxigenaci\u00f3n de la sangre.\" \/>\n<meta property=\"og:url\" content=\"https:\/\/dev.sfveincenter.com\/es\/coagulo-de-sangre-tvp\/\" \/>\n<meta property=\"og:site_name\" content=\"San Francisco Vein Doctor | Varicose &amp; Spider Vein Treatment\" \/>\n<meta property=\"article:publisher\" content=\"https:\/\/www.facebook.com\/sfveincenter\" \/>\n<meta property=\"article:modified_time\" content=\"2024-11-08T21:53:47+00:00\" \/>\n<meta property=\"og:image\" content=\"https:\/\/dev.sfveincenter.com\/wp-content\/uploads\/2022\/06\/dvt-blod-clot.jpg\" \/>\n\t<meta property=\"og:image:width\" content=\"1321\" \/>\n\t<meta property=\"og:image:height\" content=\"793\" \/>\n\t<meta property=\"og:image:type\" content=\"image\/jpeg\" \/>\n<meta name=\"twitter:card\" content=\"summary_large_image\" \/>\n<meta name=\"twitter:site\" content=\"@sfveincenter\" \/>\n<meta name=\"twitter:label1\" content=\"Tiempo de lectura\" \/>\n\t<meta name=\"twitter:data1\" content=\"4 minutos\" \/>\n<script type=\"application\/ld+json\" class=\"yoast-schema-graph\">{\"@context\":\"https:\/\/schema.org\",\"@graph\":[{\"@type\":\"WebPage\",\"@id\":\"https:\/\/dev.sfveincenter.com\/es\/coagulo-de-sangre-tvp\/\",\"url\":\"https:\/\/dev.sfveincenter.com\/es\/coagulo-de-sangre-tvp\/\",\"name\":\"Co\u00e1gulos sangu\u00edneos | TVP | Trombosis venosa profunda | M\u00e9dico de las venas\",\"isPartOf\":{\"@id\":\"https:\/\/dev.sfveincenter.com\/es\/#website\"},\"primaryImageOfPage\":{\"@id\":\"https:\/\/dev.sfveincenter.com\/es\/coagulo-de-sangre-tvp\/#primaryimage\"},\"image\":{\"@id\":\"https:\/\/dev.sfveincenter.com\/es\/coagulo-de-sangre-tvp\/#primaryimage\"},\"thumbnailUrl\":\"https:\/\/dev.sfveincenter.com\/wp-content\/uploads\/2022\/06\/dvt-blod-clot-300x180.jpg\",\"datePublished\":\"2018-10-10T04:57:34+00:00\",\"dateModified\":\"2024-11-08T21:53:47+00:00\",\"description\":\"La TVP es cuando se forman co\u00e1gulos sangu\u00edneos en las venas. Son muy peligrosos y pueden desplazarse hasta el coraz\u00f3n o los pulmones, lo que afecta a la oxigenaci\u00f3n de la sangre.\",\"breadcrumb\":{\"@id\":\"https:\/\/dev.sfveincenter.com\/es\/coagulo-de-sangre-tvp\/#breadcrumb\"},\"inLanguage\":\"es\",\"potentialAction\":[{\"@type\":\"ReadAction\",\"target\":[\"https:\/\/dev.sfveincenter.com\/es\/coagulo-de-sangre-tvp\/\"]}]},{\"@type\":\"ImageObject\",\"inLanguage\":\"es\",\"@id\":\"https:\/\/dev.sfveincenter.com\/es\/coagulo-de-sangre-tvp\/#primaryimage\",\"url\":\"https:\/\/dev.sfveincenter.com\/wp-content\/uploads\/2022\/06\/dvt-blod-clot-300x180.jpg\",\"contentUrl\":\"https:\/\/dev.sfveincenter.com\/wp-content\/uploads\/2022\/06\/dvt-blod-clot-300x180.jpg\"},{\"@type\":\"BreadcrumbList\",\"@id\":\"https:\/\/dev.sfveincenter.com\/es\/coagulo-de-sangre-tvp\/#breadcrumb\",\"itemListElement\":[{\"@type\":\"ListItem\",\"position\":1,\"name\":\"Home\",\"item\":\"https:\/\/dev.sfveincenter.com\/es\/inicio-2\/\"},{\"@type\":\"ListItem\",\"position\":2,\"name\":\"Trombosis venosa profunda\"}]},{\"@type\":\"WebSite\",\"@id\":\"https:\/\/dev.sfveincenter.com\/es\/#website\",\"url\":\"https:\/\/dev.sfveincenter.com\/es\/\",\"name\":\"San Francisco Vein Doctor | Varicose &amp; Spider Vein Treatment\",\"description\":\"\",\"publisher\":{\"@id\":\"https:\/\/dev.sfveincenter.com\/es\/#organization\"},\"potentialAction\":[{\"@type\":\"SearchAction\",\"target\":{\"@type\":\"EntryPoint\",\"urlTemplate\":\"https:\/\/dev.sfveincenter.com\/es\/?s={search_term_string}\"},\"query-input\":{\"@type\":\"PropertyValueSpecification\",\"valueRequired\":true,\"valueName\":\"search_term_string\"}}],\"inLanguage\":\"es\"},{\"@type\":\"Organization\",\"@id\":\"https:\/\/dev.sfveincenter.com\/es\/#organization\",\"name\":\"San Francisco Vein Center - Melinda L Aquino MD\",\"url\":\"https:\/\/dev.sfveincenter.com\/es\/\",\"logo\":{\"@type\":\"ImageObject\",\"inLanguage\":\"es\",\"@id\":\"https:\/\/dev.sfveincenter.com\/es\/#\/schema\/logo\/image\/\",\"url\":\"https:\/\/dev.sfveincenter.com\/wp-content\/uploads\/2021\/02\/cropped-favicon-512x512-1-1.png\",\"contentUrl\":\"https:\/\/dev.sfveincenter.com\/wp-content\/uploads\/2021\/02\/cropped-favicon-512x512-1-1.png\",\"width\":512,\"height\":512,\"caption\":\"San Francisco Vein Center - Melinda L Aquino MD\"},\"image\":{\"@id\":\"https:\/\/dev.sfveincenter.com\/es\/#\/schema\/logo\/image\/\"},\"sameAs\":[\"https:\/\/www.facebook.com\/sfveincenter\",\"https:\/\/x.com\/sfveincenter\",\"https:\/\/www.youtube.com\/channel\/UCH75q26Kq5lThH_Xptt8imQ\",\"https:\/\/x.com\/SFVeinCenter\"]}]}<\/script>\n<!-- \/ Yoast SEO Premium plugin. -->","yoast_head_json":{"title":"Co\u00e1gulos sangu\u00edneos | TVP | Trombosis venosa profunda | M\u00e9dico de las venas","description":"La TVP es cuando se forman co\u00e1gulos sangu\u00edneos en las venas. Son muy peligrosos y pueden desplazarse hasta el coraz\u00f3n o los pulmones, lo que afecta a la oxigenaci\u00f3n de la sangre.","robots":{"index":"noindex","follow":"follow","max-snippet":"max-snippet:-1","max-image-preview":"max-image-preview:large","max-video-preview":"max-video-preview:-1"},"og_locale":"es_ES","og_type":"article","og_title":"Trombosis venosa profunda","og_description":"La TVP es cuando se forman co\u00e1gulos sangu\u00edneos en las venas. Son muy peligrosos y pueden desplazarse hasta el coraz\u00f3n o los pulmones, lo que afecta a la oxigenaci\u00f3n de la sangre.","og_url":"https:\/\/dev.sfveincenter.com\/es\/coagulo-de-sangre-tvp\/","og_site_name":"San Francisco Vein Doctor | Varicose &amp; Spider Vein Treatment","article_publisher":"https:\/\/www.facebook.com\/sfveincenter","article_modified_time":"2024-11-08T21:53:47+00:00","og_image":[{"width":1321,"height":793,"url":"https:\/\/dev.sfveincenter.com\/wp-content\/uploads\/2022\/06\/dvt-blod-clot.jpg","type":"image\/jpeg"}],"twitter_card":"summary_large_image","twitter_site":"@sfveincenter","twitter_misc":{"Tiempo de lectura":"4 minutos"},"schema":{"@context":"https:\/\/schema.org","@graph":[{"@type":"WebPage","@id":"https:\/\/dev.sfveincenter.com\/es\/coagulo-de-sangre-tvp\/","url":"https:\/\/dev.sfveincenter.com\/es\/coagulo-de-sangre-tvp\/","name":"Co\u00e1gulos sangu\u00edneos | TVP | Trombosis venosa profunda | M\u00e9dico de las venas","isPartOf":{"@id":"https:\/\/dev.sfveincenter.com\/es\/#website"},"primaryImageOfPage":{"@id":"https:\/\/dev.sfveincenter.com\/es\/coagulo-de-sangre-tvp\/#primaryimage"},"image":{"@id":"https:\/\/dev.sfveincenter.com\/es\/coagulo-de-sangre-tvp\/#primaryimage"},"thumbnailUrl":"https:\/\/dev.sfveincenter.com\/wp-content\/uploads\/2022\/06\/dvt-blod-clot-300x180.jpg","datePublished":"2018-10-10T04:57:34+00:00","dateModified":"2024-11-08T21:53:47+00:00","description":"La TVP es cuando se forman co\u00e1gulos sangu\u00edneos en las venas. Son muy peligrosos y pueden desplazarse hasta el coraz\u00f3n o los pulmones, lo que afecta a la oxigenaci\u00f3n de la sangre.","breadcrumb":{"@id":"https:\/\/dev.sfveincenter.com\/es\/coagulo-de-sangre-tvp\/#breadcrumb"},"inLanguage":"es","potentialAction":[{"@type":"ReadAction","target":["https:\/\/dev.sfveincenter.com\/es\/coagulo-de-sangre-tvp\/"]}]},{"@type":"ImageObject","inLanguage":"es","@id":"https:\/\/dev.sfveincenter.com\/es\/coagulo-de-sangre-tvp\/#primaryimage","url":"https:\/\/dev.sfveincenter.com\/wp-content\/uploads\/2022\/06\/dvt-blod-clot-300x180.jpg","contentUrl":"https:\/\/dev.sfveincenter.com\/wp-content\/uploads\/2022\/06\/dvt-blod-clot-300x180.jpg"},{"@type":"BreadcrumbList","@id":"https:\/\/dev.sfveincenter.com\/es\/coagulo-de-sangre-tvp\/#breadcrumb","itemListElement":[{"@type":"ListItem","position":1,"name":"Home","item":"https:\/\/dev.sfveincenter.com\/es\/inicio-2\/"},{"@type":"ListItem","position":2,"name":"Trombosis venosa profunda"}]},{"@type":"WebSite","@id":"https:\/\/dev.sfveincenter.com\/es\/#website","url":"https:\/\/dev.sfveincenter.com\/es\/","name":"San Francisco Vein Doctor | Varicose &amp; Spider Vein Treatment","description":"","publisher":{"@id":"https:\/\/dev.sfveincenter.com\/es\/#organization"},"potentialAction":[{"@type":"SearchAction","target":{"@type":"EntryPoint","urlTemplate":"https:\/\/dev.sfveincenter.com\/es\/?s={search_term_string}"},"query-input":{"@type":"PropertyValueSpecification","valueRequired":true,"valueName":"search_term_string"}}],"inLanguage":"es"},{"@type":"Organization","@id":"https:\/\/dev.sfveincenter.com\/es\/#organization","name":"San Francisco Vein Center - Melinda L Aquino MD","url":"https:\/\/dev.sfveincenter.com\/es\/","logo":{"@type":"ImageObject","inLanguage":"es","@id":"https:\/\/dev.sfveincenter.com\/es\/#\/schema\/logo\/image\/","url":"https:\/\/dev.sfveincenter.com\/wp-content\/uploads\/2021\/02\/cropped-favicon-512x512-1-1.png","contentUrl":"https:\/\/dev.sfveincenter.com\/wp-content\/uploads\/2021\/02\/cropped-favicon-512x512-1-1.png","width":512,"height":512,"caption":"San Francisco Vein Center - Melinda L Aquino MD"},"image":{"@id":"https:\/\/dev.sfveincenter.com\/es\/#\/schema\/logo\/image\/"},"sameAs":["https:\/\/www.facebook.com\/sfveincenter","https:\/\/x.com\/sfveincenter","https:\/\/www.youtube.com\/channel\/UCH75q26Kq5lThH_Xptt8imQ","https:\/\/x.com\/SFVeinCenter"]}]}},"_links":{"self":[{"href":"https:\/\/dev.sfveincenter.com\/es\/wp-json\/wp\/v2\/pages\/3069","targetHints":{"allow":["GET"]}}],"collection":[{"href":"https:\/\/dev.sfveincenter.com\/es\/wp-json\/wp\/v2\/pages"}],"about":[{"href":"https:\/\/dev.sfveincenter.com\/es\/wp-json\/wp\/v2\/types\/page"}],"author":[{"embeddable":true,"href":"https:\/\/dev.sfveincenter.com\/es\/wp-json\/wp\/v2\/users\/5"}],"replies":[{"embeddable":true,"href":"https:\/\/dev.sfveincenter.com\/es\/wp-json\/wp\/v2\/comments?post=3069"}],"version-history":[{"count":0,"href":"https:\/\/dev.sfveincenter.com\/es\/wp-json\/wp\/v2\/pages\/3069\/revisions"}],"wp:attachment":[{"href":"https:\/\/dev.sfveincenter.com\/es\/wp-json\/wp\/v2\/media?parent=3069"}],"curies":[{"name":"wp","href":"https:\/\/api.w.org\/{rel}","templated":true}]}}