{"id":3071,"date":"2018-10-09T21:59:53","date_gmt":"2018-10-10T04:59:53","guid":{"rendered":"http:\/\/54.70.23.198\/reticular-venas-tratamiento\/"},"modified":"2024-11-21T23:15:14","modified_gmt":"2024-11-22T07:15:14","slug":"tratamiento-de-venas-reticulares","status":"publish","type":"page","link":"https:\/\/dev.sfveincenter.com\/es\/tratamiento-de-venas-reticulares\/","title":{"rendered":"Venas reticulares"},"content":{"rendered":"<p>[et_pb_section fb_built=\u00bb1&#8243; _builder_version=\u00bb4.16&#8243; custom_padding=\u00bb1%|||\u00bb global_colors_info=\u00bb{}\u00bb][et_pb_row _builder_version=\u00bb4.16&#8243; background_size=\u00bbinitial\u00bb background_position=\u00bbtop_left\u00bb background_repeat=\u00bbrepeat\u00bb global_colors_info=\u00bb{}\u00bb][et_pb_column type=\u00bb4_4&#8243; _builder_version=\u00bb4.16&#8243; custom_padding=\u00bb|||\u00bb global_colors_info=\u00bb{}\u00bb custom_padding__hover=\u00bb|||\u00bb][et_pb_text _builder_version=\u00bb4.16&#8243; background_size=\u00bbinitial\u00bb background_position=\u00bbtop_left\u00bb background_repeat=\u00bbrepeat\u00bb global_colors_info=\u00bb{}\u00bb]<\/p>\n<h1 style=\"text-align: center;\">Venas reticulares y tratamientos<\/h1>\n<p><img loading=\"lazy\" decoding=\"async\" class=\"alignright wp-image-746 size-full\" src=\"https:\/\/dev.sfveincenter.com\/wp-content\/uploads\/2010\/09\/comparison-spider-reticular-varicose-veins.jpg\" alt=\"comparaci\u00f3n de venas reticulares con otras venas enfermas\" width=\"200\" height=\"574\" srcset=\"https:\/\/dev.sfveincenter.com\/wp-content\/uploads\/2010\/09\/comparison-spider-reticular-varicose-veins.jpg 200w, https:\/\/dev.sfveincenter.com\/wp-content\/uploads\/2010\/09\/comparison-spider-reticular-varicose-veins-105x300.jpg 105w\" sizes=\"(max-width: 200px) 100vw, 200px\" \/><\/p>\n<p>Las venas reticulares tambi\u00e9n se conocen como venas alimentadoras. Son m\u00e1s grandes que las <a href=\"https:\/\/dev.sfveincenter.com\/es\/eliminacion-de-venas-vasculares-aranas\/\">venas ara\u00f1as,<\/a> pero m\u00e1s peque\u00f1as que las <a href=\"https:\/\/dev.sfveincenter.com\/es\/tratamiento-de-venas-varicosas-varices\/\">varices.<\/a> El tratamiento de las venas reticulares puede ser importante porque a menudo son las venas que alimentan esas molestas redes de ara\u00f1as m\u00e1s peque\u00f1as. Muchos pacientes vienen a la oficina con una historia de los tratamientos fracasados m\u00faltiples para las venas de la ara\u00f1a. Con la presencia de estas venas, es dif\u00edcil tratar las ara\u00f1as m\u00e1s peque\u00f1as hasta que las redes reticulares se tratan primero. Las ara\u00f1as se siguen abr\u00edndo despu\u00e9s de los tratamientos porque estas redes contin\u00faan \u00abalimentando\u00bb las venas a las venas ara\u00f1a m\u00e1s peque\u00f1as.<\/p>\n<h2>S\u00edntomas<\/h2>\n<p>Las venas reticulares tienen un di\u00e1metro de aproximadamente 2-3 mm. Por lo general, se presentan en los muslos internos o en los tobillos. Tambi\u00e9n se pueden formar en la parte posterior de las piernas. A diferencia de las venas varicosas, las venas reticulares no sobresalen necesariamente por encima de la superficie de la piel, pero todav\u00eda pueden ser dolorosas o inc\u00f3modas. Las venas son generalmente de color verde azulado o p\u00farpura y pueden formar \u00e1reas de racimos poco atractivos.<\/p>\n<h2>Causas y factores de riesgo<\/h2>\n<p>Al igual que la mayor\u00eda de la enfermedad venosa, las venas reticulares pueden ser causadas por v\u00e1lvulas <a href=\"https:\/\/dev.sfveincenter.com\/es\/insuficiencia-venosa\/\">venosas fallidas<\/a> conocidas como insuficiencia venosa. Desafortunadamente, esta condici\u00f3n no mejora sin tratamiento. A veces, las venas reticulares pueden no ser causadas por la enfermedad de las venas. En estos casos, algunos factores de riesgo que est\u00e1n asociados con las venas reticulares son la herencia, de pie durante largos per\u00edodos de tiempo, lesiones y obesidad.<\/p>\n<h2>Diagn\u00f3stico<\/h2>\n<p>La mayor\u00eda de las venas reticulares pueden ser diagnosticadas por el paciente. Sin embargo, como la mayor\u00eda de las otras condiciones de las venas, estas venas suelen existir por una raz\u00f3n. A veces hay una insuficiencia venosa subyacente que hace que ocurran. Por lo tanto, es importante determinar si la insuficiencia venosa existe y tratarla primero. Si usted est\u00e1 sufriendo de venas reticulares, el Dr. Aquino ordenar\u00e1 una ecograf\u00eda venosa para determinar si la causa es insuficiencia venosa.<\/p>\n<h2>Tratamiento de venas reticulares<\/h2>\n<p>Las venas reticulares se tratan t\u00edpicamente de la misma manera que las ara\u00f1as vasculares usando <a href=\"https:\/\/dev.sfveincenter.com\/es\/tratamiento-de-venas-vasculares-escleroterapia\/\">inyecciones de escleroterapia<\/a>. Este es un procedimiento simple realizado en la oficina. Se inyecta una soluci\u00f3n especial en las venas que hace que se irriten y luego se cierren. El procedimiento no se considera doloroso y toma 30 minutos por sesi\u00f3n. Durante la sesi\u00f3n, tantas venas se tratan como sea posible. Por lo general, los pacientes esperan alrededor de un mes para ver los resultados. Regresan para tratamientos secuenciales si se necesita m\u00e1s. El n\u00famero de sesiones que se necesitan depende de qu\u00e9 tan bien responda el paciente a las inyecciones y cu\u00e1ntas venas de retuiclar tengan.<\/p>\n<p>[\/et_pb_text][\/et_pb_column][\/et_pb_row][\/et_pb_section]<\/p>\n","protected":false},"excerpt":{"rendered":"<p>Venas reticulares y tratamientos Las venas reticulares tambi\u00e9n se conocen como venas alimentadoras. Son m\u00e1s grandes que las venas ara\u00f1as, pero m\u00e1s peque\u00f1as que las varices. El tratamiento de las venas reticulares puede ser importante porque a menudo son las venas que alimentan esas molestas redes de ara\u00f1as m\u00e1s peque\u00f1as. Muchos pacientes vienen a la [&hellip;]<\/p>\n","protected":false},"author":5,"featured_media":0,"parent":0,"menu_order":3,"comment_status":"closed","ping_status":"closed","template":"","meta":{"_et_pb_use_builder":"on","_et_pb_old_content":"","_et_gb_content_width":"","footnotes":""},"class_list":["post-3071","page","type-page","status-publish","hentry"],"yoast_head":"<!-- This site is optimized with the Yoast SEO Premium plugin v23.9 (Yoast SEO v26.8) - https:\/\/yoast.com\/product\/yoast-seo-premium-wordpress\/ -->\n<title>Tratamiento y eliminaci\u00f3n de las venas reticulares<\/title>\n<meta name=\"description\" content=\"Las venas reticulares son venas da\u00f1adas de tama\u00f1o medio, de 2 a 3 mm de di\u00e1metro, m\u00e1s peque\u00f1as que las varices y m\u00e1s grandes que las ara\u00f1as vasculares.\" \/>\n<meta name=\"robots\" content=\"noindex, follow, max-snippet:-1, max-image-preview:large, max-video-preview:-1\" \/>\n<meta property=\"og:locale\" content=\"es_ES\" \/>\n<meta property=\"og:type\" content=\"article\" \/>\n<meta property=\"og:title\" content=\"Venas reticulares\" \/>\n<meta property=\"og:description\" content=\"Las venas reticulares son venas da\u00f1adas de tama\u00f1o medio, de 2 a 3 mm de di\u00e1metro, m\u00e1s peque\u00f1as que las varices y m\u00e1s grandes que las ara\u00f1as vasculares.\" \/>\n<meta property=\"og:url\" content=\"https:\/\/dev.sfveincenter.com\/es\/tratamiento-de-venas-reticulares\/\" \/>\n<meta property=\"og:site_name\" content=\"San Francisco Vein Doctor | Varicose &amp; Spider Vein Treatment\" \/>\n<meta property=\"article:publisher\" content=\"https:\/\/www.facebook.com\/sfveincenter\" \/>\n<meta property=\"article:modified_time\" content=\"2024-11-22T07:15:14+00:00\" \/>\n<meta property=\"og:image\" content=\"https:\/\/dev.sfveincenter.com\/wp-content\/uploads\/2010\/09\/comparison-spider-reticular-varicose-veins.jpg\" \/>\n\t<meta property=\"og:image:width\" content=\"200\" \/>\n\t<meta property=\"og:image:height\" content=\"574\" \/>\n\t<meta property=\"og:image:type\" content=\"image\/jpeg\" \/>\n<meta name=\"twitter:card\" content=\"summary_large_image\" \/>\n<meta name=\"twitter:site\" content=\"@sfveincenter\" \/>\n<meta name=\"twitter:label1\" content=\"Tiempo de lectura\" \/>\n\t<meta name=\"twitter:data1\" content=\"3 minutos\" \/>\n<script type=\"application\/ld+json\" class=\"yoast-schema-graph\">{\"@context\":\"https:\/\/schema.org\",\"@graph\":[{\"@type\":\"WebPage\",\"@id\":\"https:\/\/dev.sfveincenter.com\/es\/tratamiento-de-venas-reticulares\/\",\"url\":\"https:\/\/dev.sfveincenter.com\/es\/tratamiento-de-venas-reticulares\/\",\"name\":\"Tratamiento y eliminaci\u00f3n de las venas reticulares\",\"isPartOf\":{\"@id\":\"https:\/\/dev.sfveincenter.com\/es\/#website\"},\"primaryImageOfPage\":{\"@id\":\"https:\/\/dev.sfveincenter.com\/es\/tratamiento-de-venas-reticulares\/#primaryimage\"},\"image\":{\"@id\":\"https:\/\/dev.sfveincenter.com\/es\/tratamiento-de-venas-reticulares\/#primaryimage\"},\"thumbnailUrl\":\"https:\/\/dev.sfveincenter.com\/wp-content\/uploads\/2010\/09\/comparison-spider-reticular-varicose-veins.jpg\",\"datePublished\":\"2018-10-10T04:59:53+00:00\",\"dateModified\":\"2024-11-22T07:15:14+00:00\",\"description\":\"Las venas reticulares son venas da\u00f1adas de tama\u00f1o medio, de 2 a 3 mm de di\u00e1metro, m\u00e1s peque\u00f1as que las varices y m\u00e1s grandes que las ara\u00f1as vasculares.\",\"breadcrumb\":{\"@id\":\"https:\/\/dev.sfveincenter.com\/es\/tratamiento-de-venas-reticulares\/#breadcrumb\"},\"inLanguage\":\"es\",\"potentialAction\":[{\"@type\":\"ReadAction\",\"target\":[\"https:\/\/dev.sfveincenter.com\/es\/tratamiento-de-venas-reticulares\/\"]}]},{\"@type\":\"ImageObject\",\"inLanguage\":\"es\",\"@id\":\"https:\/\/dev.sfveincenter.com\/es\/tratamiento-de-venas-reticulares\/#primaryimage\",\"url\":\"https:\/\/dev.sfveincenter.com\/wp-content\/uploads\/2010\/09\/comparison-spider-reticular-varicose-veins.jpg\",\"contentUrl\":\"https:\/\/dev.sfveincenter.com\/wp-content\/uploads\/2010\/09\/comparison-spider-reticular-varicose-veins.jpg\"},{\"@type\":\"BreadcrumbList\",\"@id\":\"https:\/\/dev.sfveincenter.com\/es\/tratamiento-de-venas-reticulares\/#breadcrumb\",\"itemListElement\":[{\"@type\":\"ListItem\",\"position\":1,\"name\":\"Home\",\"item\":\"https:\/\/dev.sfveincenter.com\/es\/inicio-2\/\"},{\"@type\":\"ListItem\",\"position\":2,\"name\":\"Venas reticulares\"}]},{\"@type\":\"WebSite\",\"@id\":\"https:\/\/dev.sfveincenter.com\/es\/#website\",\"url\":\"https:\/\/dev.sfveincenter.com\/es\/\",\"name\":\"San Francisco Vein Doctor | Varicose &amp; Spider Vein Treatment\",\"description\":\"\",\"publisher\":{\"@id\":\"https:\/\/dev.sfveincenter.com\/es\/#organization\"},\"potentialAction\":[{\"@type\":\"SearchAction\",\"target\":{\"@type\":\"EntryPoint\",\"urlTemplate\":\"https:\/\/dev.sfveincenter.com\/es\/?s={search_term_string}\"},\"query-input\":{\"@type\":\"PropertyValueSpecification\",\"valueRequired\":true,\"valueName\":\"search_term_string\"}}],\"inLanguage\":\"es\"},{\"@type\":\"Organization\",\"@id\":\"https:\/\/dev.sfveincenter.com\/es\/#organization\",\"name\":\"San Francisco Vein Center - Melinda L Aquino MD\",\"url\":\"https:\/\/dev.sfveincenter.com\/es\/\",\"logo\":{\"@type\":\"ImageObject\",\"inLanguage\":\"es\",\"@id\":\"https:\/\/dev.sfveincenter.com\/es\/#\/schema\/logo\/image\/\",\"url\":\"https:\/\/dev.sfveincenter.com\/wp-content\/uploads\/2021\/02\/cropped-favicon-512x512-1-1.png\",\"contentUrl\":\"https:\/\/dev.sfveincenter.com\/wp-content\/uploads\/2021\/02\/cropped-favicon-512x512-1-1.png\",\"width\":512,\"height\":512,\"caption\":\"San Francisco Vein Center - Melinda L Aquino MD\"},\"image\":{\"@id\":\"https:\/\/dev.sfveincenter.com\/es\/#\/schema\/logo\/image\/\"},\"sameAs\":[\"https:\/\/www.facebook.com\/sfveincenter\",\"https:\/\/x.com\/sfveincenter\",\"https:\/\/www.youtube.com\/channel\/UCH75q26Kq5lThH_Xptt8imQ\",\"https:\/\/x.com\/SFVeinCenter\"]}]}<\/script>\n<!-- \/ Yoast SEO Premium plugin. -->","yoast_head_json":{"title":"Tratamiento y eliminaci\u00f3n de las venas reticulares","description":"Las venas reticulares son venas da\u00f1adas de tama\u00f1o medio, de 2 a 3 mm de di\u00e1metro, m\u00e1s peque\u00f1as que las varices y m\u00e1s grandes que las ara\u00f1as vasculares.","robots":{"index":"noindex","follow":"follow","max-snippet":"max-snippet:-1","max-image-preview":"max-image-preview:large","max-video-preview":"max-video-preview:-1"},"og_locale":"es_ES","og_type":"article","og_title":"Venas reticulares","og_description":"Las venas reticulares son venas da\u00f1adas de tama\u00f1o medio, de 2 a 3 mm de di\u00e1metro, m\u00e1s peque\u00f1as que las varices y m\u00e1s grandes que las ara\u00f1as vasculares.","og_url":"https:\/\/dev.sfveincenter.com\/es\/tratamiento-de-venas-reticulares\/","og_site_name":"San Francisco Vein Doctor | Varicose &amp; Spider Vein Treatment","article_publisher":"https:\/\/www.facebook.com\/sfveincenter","article_modified_time":"2024-11-22T07:15:14+00:00","og_image":[{"width":200,"height":574,"url":"https:\/\/dev.sfveincenter.com\/wp-content\/uploads\/2010\/09\/comparison-spider-reticular-varicose-veins.jpg","type":"image\/jpeg"}],"twitter_card":"summary_large_image","twitter_site":"@sfveincenter","twitter_misc":{"Tiempo de lectura":"3 minutos"},"schema":{"@context":"https:\/\/schema.org","@graph":[{"@type":"WebPage","@id":"https:\/\/dev.sfveincenter.com\/es\/tratamiento-de-venas-reticulares\/","url":"https:\/\/dev.sfveincenter.com\/es\/tratamiento-de-venas-reticulares\/","name":"Tratamiento y eliminaci\u00f3n de las venas reticulares","isPartOf":{"@id":"https:\/\/dev.sfveincenter.com\/es\/#website"},"primaryImageOfPage":{"@id":"https:\/\/dev.sfveincenter.com\/es\/tratamiento-de-venas-reticulares\/#primaryimage"},"image":{"@id":"https:\/\/dev.sfveincenter.com\/es\/tratamiento-de-venas-reticulares\/#primaryimage"},"thumbnailUrl":"https:\/\/dev.sfveincenter.com\/wp-content\/uploads\/2010\/09\/comparison-spider-reticular-varicose-veins.jpg","datePublished":"2018-10-10T04:59:53+00:00","dateModified":"2024-11-22T07:15:14+00:00","description":"Las venas reticulares son venas da\u00f1adas de tama\u00f1o medio, de 2 a 3 mm de di\u00e1metro, m\u00e1s peque\u00f1as que las varices y m\u00e1s grandes que las ara\u00f1as vasculares.","breadcrumb":{"@id":"https:\/\/dev.sfveincenter.com\/es\/tratamiento-de-venas-reticulares\/#breadcrumb"},"inLanguage":"es","potentialAction":[{"@type":"ReadAction","target":["https:\/\/dev.sfveincenter.com\/es\/tratamiento-de-venas-reticulares\/"]}]},{"@type":"ImageObject","inLanguage":"es","@id":"https:\/\/dev.sfveincenter.com\/es\/tratamiento-de-venas-reticulares\/#primaryimage","url":"https:\/\/dev.sfveincenter.com\/wp-content\/uploads\/2010\/09\/comparison-spider-reticular-varicose-veins.jpg","contentUrl":"https:\/\/dev.sfveincenter.com\/wp-content\/uploads\/2010\/09\/comparison-spider-reticular-varicose-veins.jpg"},{"@type":"BreadcrumbList","@id":"https:\/\/dev.sfveincenter.com\/es\/tratamiento-de-venas-reticulares\/#breadcrumb","itemListElement":[{"@type":"ListItem","position":1,"name":"Home","item":"https:\/\/dev.sfveincenter.com\/es\/inicio-2\/"},{"@type":"ListItem","position":2,"name":"Venas reticulares"}]},{"@type":"WebSite","@id":"https:\/\/dev.sfveincenter.com\/es\/#website","url":"https:\/\/dev.sfveincenter.com\/es\/","name":"San Francisco Vein Doctor | Varicose &amp; Spider Vein Treatment","description":"","publisher":{"@id":"https:\/\/dev.sfveincenter.com\/es\/#organization"},"potentialAction":[{"@type":"SearchAction","target":{"@type":"EntryPoint","urlTemplate":"https:\/\/dev.sfveincenter.com\/es\/?s={search_term_string}"},"query-input":{"@type":"PropertyValueSpecification","valueRequired":true,"valueName":"search_term_string"}}],"inLanguage":"es"},{"@type":"Organization","@id":"https:\/\/dev.sfveincenter.com\/es\/#organization","name":"San Francisco Vein Center - Melinda L Aquino MD","url":"https:\/\/dev.sfveincenter.com\/es\/","logo":{"@type":"ImageObject","inLanguage":"es","@id":"https:\/\/dev.sfveincenter.com\/es\/#\/schema\/logo\/image\/","url":"https:\/\/dev.sfveincenter.com\/wp-content\/uploads\/2021\/02\/cropped-favicon-512x512-1-1.png","contentUrl":"https:\/\/dev.sfveincenter.com\/wp-content\/uploads\/2021\/02\/cropped-favicon-512x512-1-1.png","width":512,"height":512,"caption":"San Francisco Vein Center - Melinda L Aquino MD"},"image":{"@id":"https:\/\/dev.sfveincenter.com\/es\/#\/schema\/logo\/image\/"},"sameAs":["https:\/\/www.facebook.com\/sfveincenter","https:\/\/x.com\/sfveincenter","https:\/\/www.youtube.com\/channel\/UCH75q26Kq5lThH_Xptt8imQ","https:\/\/x.com\/SFVeinCenter"]}]}},"_links":{"self":[{"href":"https:\/\/dev.sfveincenter.com\/es\/wp-json\/wp\/v2\/pages\/3071","targetHints":{"allow":["GET"]}}],"collection":[{"href":"https:\/\/dev.sfveincenter.com\/es\/wp-json\/wp\/v2\/pages"}],"about":[{"href":"https:\/\/dev.sfveincenter.com\/es\/wp-json\/wp\/v2\/types\/page"}],"author":[{"embeddable":true,"href":"https:\/\/dev.sfveincenter.com\/es\/wp-json\/wp\/v2\/users\/5"}],"replies":[{"embeddable":true,"href":"https:\/\/dev.sfveincenter.com\/es\/wp-json\/wp\/v2\/comments?post=3071"}],"version-history":[{"count":5,"href":"https:\/\/dev.sfveincenter.com\/es\/wp-json\/wp\/v2\/pages\/3071\/revisions"}],"predecessor-version":[{"id":9499,"href":"https:\/\/dev.sfveincenter.com\/es\/wp-json\/wp\/v2\/pages\/3071\/revisions\/9499"}],"wp:attachment":[{"href":"https:\/\/dev.sfveincenter.com\/es\/wp-json\/wp\/v2\/media?parent=3071"}],"curies":[{"name":"wp","href":"https:\/\/api.w.org\/{rel}","templated":true}]}}