{"id":3076,"date":"2018-10-09T22:13:34","date_gmt":"2018-10-10T05:13:34","guid":{"rendered":"http:\/\/54.70.23.198\/san-francisco-vena-especialistas\/"},"modified":"2024-04-25T22:13:20","modified_gmt":"2024-04-26T05:13:20","slug":"especialistas-en-venas-san-francisco","status":"publish","type":"page","link":"https:\/\/dev.sfveincenter.com\/es\/especialistas-en-venas-san-francisco\/","title":{"rendered":"Nuestro cuidado"},"content":{"rendered":"<p>[et_pb_section fb_built=\u00bb1&#8243; admin_label=\u00bbsection\u00bb _builder_version=\u00bb4.16&#8243; custom_padding=\u00bb1%|||\u00bb collapsed=\u00bboff\u00bb global_colors_info=\u00bb{}\u00bb][et_pb_row admin_label=\u00bbrow\u00bb _builder_version=\u00bb4.16&#8243; background_size=\u00bbinitial\u00bb background_position=\u00bbtop_left\u00bb background_repeat=\u00bbrepeat\u00bb global_colors_info=\u00bb{}\u00bb][et_pb_column type=\u00bb4_4&#8243; _builder_version=\u00bb4.16&#8243; custom_padding=\u00bb|||\u00bb global_colors_info=\u00bb{}\u00bb custom_padding__hover=\u00bb|||\u00bb][et_pb_text _builder_version=\u00bb4.22.2&#8243; background_size=\u00bbinitial\u00bb background_position=\u00bbtop_left\u00bb background_repeat=\u00bbrepeat\u00bb hover_enabled=\u00bb0&#8243; global_colors_info=\u00bb{}\u00bb sticky_enabled=\u00bb0&#8243;]<\/p>\n<h1 style=\"text-align: center;\">Somos especialistas en vetas de \u00e1rea de la bah\u00eda<\/h1>\n<p><img loading=\"lazy\" decoding=\"async\" class=\"wp-image-8768 size-medium alignleft\" src=\"https:\/\/dev.sfveincenter.com\/wp-content\/uploads\/2022\/12\/Our-Staff-1-e1670393166470-300x181.jpg\" alt=\"Nuestro personal\" width=\"300\" height=\"181\">En la <a href=\"https:\/\/dev.sfveincenter.com\/es\/\">Cl\u00ednica de Venas<\/a>de San Francisco, creemos que un buen m\u00e9dico no s\u00f3lo es t\u00e9cnicamente excelente, sino tambi\u00e9n compasivo y emp\u00e1tico. La Dra. Aquino y su personal de <strong>especialistas en venas<\/strong> se toman el tiempo para escuchar sus inquietudes y responder cuidadosamente a cada una de sus preguntas. Su plan de cuidado es individualizado bas\u00e1ndose en sus signos, s\u00edntomas e historial m\u00e9dico y se discute a fondo con usted. Sabemos que incluso los procedimientos peque\u00f1os pueden ser aterradores.<\/p>\n<p>Somos especialistas en vetas y nos esforzamos por hacer la experiencia lo m\u00e1s c\u00f3moda posible. Nos tomamos el tiempo para hacer una historia completa y un examen f\u00edsico. De esta manera, somos capaces de formular cuidadosamente un plan de tratamiento individualizado a cada paciente. La comodidad y la conveniencia del paciente es importante para nosotros y diagnosticamos y tratamos la mayor\u00eda de las condiciones de la vena en la oficina.<\/p>\n<h2>Obtenga el tratamiento adecuado para usted<\/h2>\n<p><img loading=\"lazy\" decoding=\"async\" class=\"wp-image-1905 alignright\" src=\"https:\/\/res.cloudinary.com\/dsoca1ub9\/image\/upload\/v1547376527\/sfveincenter-office-reception-2-e1532394149496_doqsof.jpg\" alt=\"San Francisco vena centro de recepci\u00f3n de oficina\" width=\"400\" height=\"242\">Como especialistas en las venas, sabemos que la enfermedad venosa puede ser extremadamente diversa y compleja. Cada paciente muestra los s\u00edntomas de manera diferente y muchas personas pueden tener m\u00e1s de una afecci\u00f3n.<em><strong> Enfermedad de las venas<\/strong><\/em> puede provocar complicaciones como ara\u00f1as vasculares, venas reticulares, venas varicosas o co\u00e1gulos de sangre (trombosis venosa profunda). Estas son todas las condiciones que tratamos.<\/p>\n<p><span style=\"line-height: 19.6px; text-align: justify;\">La mayor\u00eda de los procedimientos utilizados para tratar la enfermedad venosa son m\u00ednimamente invasivos con un tiempo de recuperaci\u00f3n corto y un dolor m\u00ednimo. <\/span>Cuando es necesario, se utilizan m\u00e9todos quir\u00fargicos endovasculares tradicionales. Muchos tratamientos venosos est\u00e1n cubiertos por el <a href=\"https:\/\/dev.sfveincenter.com\/es\/seguro\/\">seguro m\u00e9dico<\/a>. Tanto nuestras cl\u00ednicas de venas de San Francisco como <a href=\"https:\/\/dev.sfveincenter.com\/es\/daly-city\/\">San Mateo<\/a> est\u00e1n equipadas para ofrecer una variedad de los tratamientos de venas m\u00e1s avanzados disponibles, incluyendo:<\/p>\n<ul style=\"text-align: justify;\">\n<li><a href=\"https:\/\/dev.sfveincenter.com\/es\/tratamiento-de-venas-vasculares-escleroterapia\/\">Escleroterapia para ara\u00f1as vasculares<\/a><\/li>\n<li><a href=\"https:\/\/dev.sfveincenter.com\/es\/ablacion-por-radiofrecuencia-rfa\/\">terapia de ablaci\u00f3n por radiofrecuencia para venas varicosas<\/a><\/li>\n<li><a href=\"https:\/\/dev.sfveincenter.com\/es\/endovenosa-laser-terapia-evlt\/\">terapia con l\u00e1ser endovenoso<\/a><\/li>\n<li><a href=\"https:\/\/dev.sfveincenter.com\/es\/cuidado-de-heridas\/\">terapia avanzada de la herida para las \u00falceras venosas<\/a><\/li>\n<\/ul>\n<h2>No todos los especialistas en venas son iguales<\/h2>\n<p><img loading=\"lazy\" decoding=\"async\" class=\"wp-image-1907 alignleft\" src=\"https:\/\/dev.sfveincenter.com\/wp-content\/uploads\/2018\/07\/sfveincenter-office-exam-room-300x225.jpg\" alt=\"Sala de ex\u00e1menes para especialistas en venas\" width=\"400\" height=\"300\">En este d\u00eda y edad, hay muchos tipos de \u00abespecialistas de la vena\u00bb con calificaciones variadas. Algunos procedimientos de la vena implican solamente inyecciones. T\u00e9cnicamente, estos pueden ser hechos por enfermeras, o cualquier tipo de m\u00e9dico. Algunos procedimientos no requieren cirug\u00eda para realizarse en un quir\u00f3fano. \u00c9stos se aprenden a menudo en un \u00abcurso de fin de semana\u00bb por cualquier clase de m\u00e9dico que firma para arriba. Sin embargo, los cirujanos vasculares son diferentes. Estamos entrenados con cinco a\u00f1os de residencia quir\u00fargica seguido por dos a\u00f1os de compa\u00f1erismo en cirug\u00eda en arterias y venas. Tenemos una comprensi\u00f3n verdadera de la anatom\u00eda del sistema venoso y entendemos los diversos matices que cada paciente presenta. Adem\u00e1s, si se requiere cirug\u00eda, los <strong>cirujanos vasculares<\/strong> pueden hacer estos procedimientos y saber cu\u00e1ndo deben realizarse. En otras palabras, tienen el conjunto completo de \u00abherramientas\u00bb a su disposici\u00f3n para tratar a los pacientes con venas.<\/p>\n<p>Adem\u00e1s, creemos que un buen cirujano no s\u00f3lo es t\u00e9cnicamente excelente y bien informado, sino tambi\u00e9n compasivo y emp\u00e1tico. Nuestra oficina es peque\u00f1a, c\u00e1lida y personal. Nos tomamos el tiempo para escuchar sus preocupaciones, y responder a cada una de sus preguntas con cuidado. Su plan de cuidado es <a href=\"https:\/\/dev.sfveincenter.com\/es\/aviso-de-privacidad\/\">confidencial<\/a> e individualizado bas\u00e1ndose en sus signos, s\u00edntomas e historial m\u00e9dico, y se discute a fondo con usted. Sabemos que incluso los peque\u00f1os procedimientos pueden ser aterradores, y nos esforzamos por hacer que la experiencia sea lo m\u00e1s c\u00f3moda y enriquecedora posible.<\/p>\n<p>Apreciamos la oportunidad de ayudarle a lograr los mejores resultados posibles para sus <a href=\"https:\/\/dev.sfveincenter.com\/es\/\">venas varicosas<\/a> y ara\u00f1as. Nuestra misi\u00f3n es impactar su vida para mejor a trav\u00e9s del tratamiento cuidadoso y minucioso de sus <strong>trastornos venosos.<\/strong><\/p>\n<p>[\/et_pb_text][\/et_pb_column][\/et_pb_row][\/et_pb_section]<\/p>\n","protected":false},"excerpt":{"rendered":"<h1>\u00c1rea de la bah\u00eda vena m\u00e9dico<\/h1>\n<p>\u00bfbusca un m\u00e9dico con experiencia en la vena? El centro de venas de San Francisco proporciona un cuidado excelente para los trastornos venosos. Fundado por Melinda L. Aquino MD, un cirujano vascular certificado por la Junta, utilizamos las \u00faltimas t\u00e9cnicas m\u00ednimamente invasivas y tratamos un espectro completo de los trastornos venosos de las varices y las ara\u00f1as vasculares a la enfermedad venosa severa de estasis con ulceraciones.<\/p>\n","protected":false},"author":5,"featured_media":0,"parent":0,"menu_order":11,"comment_status":"closed","ping_status":"closed","template":"","meta":{"_et_pb_use_builder":"on","_et_pb_old_content":"","_et_gb_content_width":"","footnotes":""},"class_list":["post-3076","page","type-page","status-publish","hentry"],"yoast_head":"<!-- This site is optimized with the Yoast SEO Premium plugin v23.9 (Yoast SEO v26.8) - https:\/\/yoast.com\/product\/yoast-seo-premium-wordpress\/ -->\n<title>Especialistas en venosa Venas varicosas Venas ara\u00f1as Cirujano Vascular<\/title>\n<meta name=\"description\" content=\"Nuestro personal est\u00e1 formado por especialistas en venas varicosas que ofrecen planes de tratamiento individualizados para varices, ara\u00f1as vasculares y enfermedad coronaria arterial.\" \/>\n<meta name=\"robots\" content=\"noindex, follow, max-snippet:-1, max-image-preview:large, max-video-preview:-1\" \/>\n<meta property=\"og:locale\" content=\"es_ES\" \/>\n<meta property=\"og:type\" content=\"article\" \/>\n<meta property=\"og:title\" content=\"Nuestro cuidado\" \/>\n<meta property=\"og:description\" content=\"Nuestro personal est\u00e1 formado por especialistas en venas varicosas que ofrecen planes de tratamiento individualizados para varices, ara\u00f1as vasculares y enfermedad coronaria arterial.\" \/>\n<meta property=\"og:url\" content=\"https:\/\/dev.sfveincenter.com\/es\/especialistas-en-venas-san-francisco\/\" \/>\n<meta property=\"og:site_name\" content=\"San Francisco Vein Doctor | Varicose &amp; Spider Vein Treatment\" \/>\n<meta property=\"article:publisher\" content=\"https:\/\/www.facebook.com\/sfveincenter\" \/>\n<meta property=\"article:modified_time\" content=\"2024-04-26T05:13:20+00:00\" \/>\n<meta property=\"og:image\" content=\"https:\/\/dev.sfveincenter.com\/wp-content\/uploads\/2022\/12\/Our-Staff-1-e1670393166470-300x181.jpg\" \/>\n<meta name=\"twitter:card\" content=\"summary_large_image\" \/>\n<meta name=\"twitter:site\" content=\"@sfveincenter\" \/>\n<meta name=\"twitter:label1\" content=\"Tiempo de lectura\" \/>\n\t<meta name=\"twitter:data1\" content=\"4 minutos\" \/>\n<script type=\"application\/ld+json\" class=\"yoast-schema-graph\">{\"@context\":\"https:\/\/schema.org\",\"@graph\":[{\"@type\":\"WebPage\",\"@id\":\"https:\/\/dev.sfveincenter.com\/es\/especialistas-en-venas-san-francisco\/\",\"url\":\"https:\/\/dev.sfveincenter.com\/es\/especialistas-en-venas-san-francisco\/\",\"name\":\"Especialistas en venosa Venas varicosas Venas ara\u00f1as Cirujano Vascular\",\"isPartOf\":{\"@id\":\"https:\/\/dev.sfveincenter.com\/es\/#website\"},\"primaryImageOfPage\":{\"@id\":\"https:\/\/dev.sfveincenter.com\/es\/especialistas-en-venas-san-francisco\/#primaryimage\"},\"image\":{\"@id\":\"https:\/\/dev.sfveincenter.com\/es\/especialistas-en-venas-san-francisco\/#primaryimage\"},\"thumbnailUrl\":\"https:\/\/dev.sfveincenter.com\/wp-content\/uploads\/2022\/12\/Our-Staff-1-e1670393166470-300x181.jpg\",\"datePublished\":\"2018-10-10T05:13:34+00:00\",\"dateModified\":\"2024-04-26T05:13:20+00:00\",\"description\":\"Nuestro personal est\u00e1 formado por especialistas en venas varicosas que ofrecen planes de tratamiento individualizados para varices, ara\u00f1as vasculares y enfermedad coronaria arterial.\",\"breadcrumb\":{\"@id\":\"https:\/\/dev.sfveincenter.com\/es\/especialistas-en-venas-san-francisco\/#breadcrumb\"},\"inLanguage\":\"es\",\"potentialAction\":[{\"@type\":\"ReadAction\",\"target\":[\"https:\/\/dev.sfveincenter.com\/es\/especialistas-en-venas-san-francisco\/\"]}]},{\"@type\":\"ImageObject\",\"inLanguage\":\"es\",\"@id\":\"https:\/\/dev.sfveincenter.com\/es\/especialistas-en-venas-san-francisco\/#primaryimage\",\"url\":\"https:\/\/dev.sfveincenter.com\/wp-content\/uploads\/2022\/12\/Our-Staff-1-e1670393166470-300x181.jpg\",\"contentUrl\":\"https:\/\/dev.sfveincenter.com\/wp-content\/uploads\/2022\/12\/Our-Staff-1-e1670393166470-300x181.jpg\"},{\"@type\":\"BreadcrumbList\",\"@id\":\"https:\/\/dev.sfveincenter.com\/es\/especialistas-en-venas-san-francisco\/#breadcrumb\",\"itemListElement\":[{\"@type\":\"ListItem\",\"position\":1,\"name\":\"Home\",\"item\":\"https:\/\/dev.sfveincenter.com\/es\/inicio-2\/\"},{\"@type\":\"ListItem\",\"position\":2,\"name\":\"Nuestro cuidado\"}]},{\"@type\":\"WebSite\",\"@id\":\"https:\/\/dev.sfveincenter.com\/es\/#website\",\"url\":\"https:\/\/dev.sfveincenter.com\/es\/\",\"name\":\"San Francisco Vein Doctor | Varicose &amp; Spider Vein Treatment\",\"description\":\"\",\"publisher\":{\"@id\":\"https:\/\/dev.sfveincenter.com\/es\/#organization\"},\"potentialAction\":[{\"@type\":\"SearchAction\",\"target\":{\"@type\":\"EntryPoint\",\"urlTemplate\":\"https:\/\/dev.sfveincenter.com\/es\/?s={search_term_string}\"},\"query-input\":{\"@type\":\"PropertyValueSpecification\",\"valueRequired\":true,\"valueName\":\"search_term_string\"}}],\"inLanguage\":\"es\"},{\"@type\":\"Organization\",\"@id\":\"https:\/\/dev.sfveincenter.com\/es\/#organization\",\"name\":\"San Francisco Vein Center - Melinda L Aquino MD\",\"url\":\"https:\/\/dev.sfveincenter.com\/es\/\",\"logo\":{\"@type\":\"ImageObject\",\"inLanguage\":\"es\",\"@id\":\"https:\/\/dev.sfveincenter.com\/es\/#\/schema\/logo\/image\/\",\"url\":\"https:\/\/dev.sfveincenter.com\/wp-content\/uploads\/2021\/02\/cropped-favicon-512x512-1-1.png\",\"contentUrl\":\"https:\/\/dev.sfveincenter.com\/wp-content\/uploads\/2021\/02\/cropped-favicon-512x512-1-1.png\",\"width\":512,\"height\":512,\"caption\":\"San Francisco Vein Center - Melinda L Aquino MD\"},\"image\":{\"@id\":\"https:\/\/dev.sfveincenter.com\/es\/#\/schema\/logo\/image\/\"},\"sameAs\":[\"https:\/\/www.facebook.com\/sfveincenter\",\"https:\/\/x.com\/sfveincenter\",\"https:\/\/www.youtube.com\/channel\/UCH75q26Kq5lThH_Xptt8imQ\",\"https:\/\/x.com\/SFVeinCenter\"]}]}<\/script>\n<!-- \/ Yoast SEO Premium plugin. -->","yoast_head_json":{"title":"Especialistas en venosa Venas varicosas Venas ara\u00f1as Cirujano Vascular","description":"Nuestro personal est\u00e1 formado por especialistas en venas varicosas que ofrecen planes de tratamiento individualizados para varices, ara\u00f1as vasculares y enfermedad coronaria arterial.","robots":{"index":"noindex","follow":"follow","max-snippet":"max-snippet:-1","max-image-preview":"max-image-preview:large","max-video-preview":"max-video-preview:-1"},"og_locale":"es_ES","og_type":"article","og_title":"Nuestro cuidado","og_description":"Nuestro personal est\u00e1 formado por especialistas en venas varicosas que ofrecen planes de tratamiento individualizados para varices, ara\u00f1as vasculares y enfermedad coronaria arterial.","og_url":"https:\/\/dev.sfveincenter.com\/es\/especialistas-en-venas-san-francisco\/","og_site_name":"San Francisco Vein Doctor | Varicose &amp; Spider Vein Treatment","article_publisher":"https:\/\/www.facebook.com\/sfveincenter","article_modified_time":"2024-04-26T05:13:20+00:00","og_image":[{"url":"https:\/\/dev.sfveincenter.com\/wp-content\/uploads\/2022\/12\/Our-Staff-1-e1670393166470-300x181.jpg","type":"","width":"","height":""}],"twitter_card":"summary_large_image","twitter_site":"@sfveincenter","twitter_misc":{"Tiempo de lectura":"4 minutos"},"schema":{"@context":"https:\/\/schema.org","@graph":[{"@type":"WebPage","@id":"https:\/\/dev.sfveincenter.com\/es\/especialistas-en-venas-san-francisco\/","url":"https:\/\/dev.sfveincenter.com\/es\/especialistas-en-venas-san-francisco\/","name":"Especialistas en venosa Venas varicosas Venas ara\u00f1as Cirujano Vascular","isPartOf":{"@id":"https:\/\/dev.sfveincenter.com\/es\/#website"},"primaryImageOfPage":{"@id":"https:\/\/dev.sfveincenter.com\/es\/especialistas-en-venas-san-francisco\/#primaryimage"},"image":{"@id":"https:\/\/dev.sfveincenter.com\/es\/especialistas-en-venas-san-francisco\/#primaryimage"},"thumbnailUrl":"https:\/\/dev.sfveincenter.com\/wp-content\/uploads\/2022\/12\/Our-Staff-1-e1670393166470-300x181.jpg","datePublished":"2018-10-10T05:13:34+00:00","dateModified":"2024-04-26T05:13:20+00:00","description":"Nuestro personal est\u00e1 formado por especialistas en venas varicosas que ofrecen planes de tratamiento individualizados para varices, ara\u00f1as vasculares y enfermedad coronaria arterial.","breadcrumb":{"@id":"https:\/\/dev.sfveincenter.com\/es\/especialistas-en-venas-san-francisco\/#breadcrumb"},"inLanguage":"es","potentialAction":[{"@type":"ReadAction","target":["https:\/\/dev.sfveincenter.com\/es\/especialistas-en-venas-san-francisco\/"]}]},{"@type":"ImageObject","inLanguage":"es","@id":"https:\/\/dev.sfveincenter.com\/es\/especialistas-en-venas-san-francisco\/#primaryimage","url":"https:\/\/dev.sfveincenter.com\/wp-content\/uploads\/2022\/12\/Our-Staff-1-e1670393166470-300x181.jpg","contentUrl":"https:\/\/dev.sfveincenter.com\/wp-content\/uploads\/2022\/12\/Our-Staff-1-e1670393166470-300x181.jpg"},{"@type":"BreadcrumbList","@id":"https:\/\/dev.sfveincenter.com\/es\/especialistas-en-venas-san-francisco\/#breadcrumb","itemListElement":[{"@type":"ListItem","position":1,"name":"Home","item":"https:\/\/dev.sfveincenter.com\/es\/inicio-2\/"},{"@type":"ListItem","position":2,"name":"Nuestro cuidado"}]},{"@type":"WebSite","@id":"https:\/\/dev.sfveincenter.com\/es\/#website","url":"https:\/\/dev.sfveincenter.com\/es\/","name":"San Francisco Vein Doctor | Varicose &amp; Spider Vein Treatment","description":"","publisher":{"@id":"https:\/\/dev.sfveincenter.com\/es\/#organization"},"potentialAction":[{"@type":"SearchAction","target":{"@type":"EntryPoint","urlTemplate":"https:\/\/dev.sfveincenter.com\/es\/?s={search_term_string}"},"query-input":{"@type":"PropertyValueSpecification","valueRequired":true,"valueName":"search_term_string"}}],"inLanguage":"es"},{"@type":"Organization","@id":"https:\/\/dev.sfveincenter.com\/es\/#organization","name":"San Francisco Vein Center - Melinda L Aquino MD","url":"https:\/\/dev.sfveincenter.com\/es\/","logo":{"@type":"ImageObject","inLanguage":"es","@id":"https:\/\/dev.sfveincenter.com\/es\/#\/schema\/logo\/image\/","url":"https:\/\/dev.sfveincenter.com\/wp-content\/uploads\/2021\/02\/cropped-favicon-512x512-1-1.png","contentUrl":"https:\/\/dev.sfveincenter.com\/wp-content\/uploads\/2021\/02\/cropped-favicon-512x512-1-1.png","width":512,"height":512,"caption":"San Francisco Vein Center - Melinda L Aquino MD"},"image":{"@id":"https:\/\/dev.sfveincenter.com\/es\/#\/schema\/logo\/image\/"},"sameAs":["https:\/\/www.facebook.com\/sfveincenter","https:\/\/x.com\/sfveincenter","https:\/\/www.youtube.com\/channel\/UCH75q26Kq5lThH_Xptt8imQ","https:\/\/x.com\/SFVeinCenter"]}]}},"_links":{"self":[{"href":"https:\/\/dev.sfveincenter.com\/es\/wp-json\/wp\/v2\/pages\/3076","targetHints":{"allow":["GET"]}}],"collection":[{"href":"https:\/\/dev.sfveincenter.com\/es\/wp-json\/wp\/v2\/pages"}],"about":[{"href":"https:\/\/dev.sfveincenter.com\/es\/wp-json\/wp\/v2\/types\/page"}],"author":[{"embeddable":true,"href":"https:\/\/dev.sfveincenter.com\/es\/wp-json\/wp\/v2\/users\/5"}],"replies":[{"embeddable":true,"href":"https:\/\/dev.sfveincenter.com\/es\/wp-json\/wp\/v2\/comments?post=3076"}],"version-history":[{"count":0,"href":"https:\/\/dev.sfveincenter.com\/es\/wp-json\/wp\/v2\/pages\/3076\/revisions"}],"wp:attachment":[{"href":"https:\/\/dev.sfveincenter.com\/es\/wp-json\/wp\/v2\/media?parent=3076"}],"curies":[{"name":"wp","href":"https:\/\/api.w.org\/{rel}","templated":true}]}}