{"id":3081,"date":"2018-10-09T22:22:00","date_gmt":"2018-10-10T05:22:00","guid":{"rendered":"http:\/\/54.70.23.198\/enfermedad-de-carotida-arteria\/"},"modified":"2024-11-08T14:25:12","modified_gmt":"2024-11-08T22:25:12","slug":"estenosis-enfermedad-de-carotida-arteria","status":"publish","type":"page","link":"https:\/\/dev.sfveincenter.com\/es\/estenosis-enfermedad-de-carotida-arteria\/","title":{"rendered":"Enfermedad de la arteria car\u00f3tida"},"content":{"rendered":"<p>[et_pb_section fb_built=\u00bb1&#8243; _builder_version=\u00bb4.16&#8243; custom_padding=\u00bb1%|||\u00bb global_colors_info=\u00bb{}\u00bb][et_pb_row _builder_version=\u00bb4.16&#8243; background_size=\u00bbinitial\u00bb background_position=\u00bbtop_left\u00bb background_repeat=\u00bbrepeat\u00bb global_colors_info=\u00bb{}\u00bb][et_pb_column type=\u00bb4_4&#8243; _builder_version=\u00bb4.16&#8243; custom_padding=\u00bb|||\u00bb global_colors_info=\u00bb{}\u00bb custom_padding__hover=\u00bb|||\u00bb][et_pb_text _builder_version=\u00bb4.16&#8243; z_index_tablet=\u00bb500&#8243; global_colors_info=\u00bb{}\u00bb]<\/p>\n<h1 style=\"text-align: center;\">Enfermedad de la arteria car\u00f3tida<\/h1>\n<h2>\u00bfQu\u00e9 es la enfermedad de la arteria car\u00f3tida<\/h2>\n<p>La enfermedad de la arteria car\u00f3tida se presenta cuando las arterias principales de su cuello se estrechan o obstruyen. Estas arterias se llaman las arterias car\u00f3tidas. Le suministran sangre a su cerebro. Tus arterias car\u00f3tidas se extienden desde tu aorta en tu pecho hasta el cerebro dentro de tu cr\u00e1neo. La placa de la arteria car\u00f3tida provoca accidentes cerebrovasculares porque estas arterias enfermas son propensas a formar <a href=\"https:\/\/dev.sfveincenter.com\/es\/coagulo-de-sangre-tvp\/\"><em><strong>co\u00e1gulos de sangre<\/strong><\/em><\/a> en su interior. Los co\u00e1gulos pueden romperse entonces flotar directamente en el cerebro. Un trozo de placa tambi\u00e9n puede romperse y viajar al cerebro donde se alojar\u00e1 en un peque\u00f1o vaso sangu\u00edneo y obstruir el flujo de sangre. Puede causar la muerte de esa parte del cerebro. Esto se llama un derrame cerebral y puede tener consecuencias debilitantes.<\/p>\n<h2>Riesgos<\/h2>\n<p><img loading=\"lazy\" decoding=\"async\" class=\"size-full wp-image-760 alignright\" src=\"https:\/\/dev.sfveincenter.com\/wp-content\/uploads\/2010\/09\/carotid-narrowing.jpg\" alt=\"estrechamiento carot\u00eddeo\" width=\"475\" height=\"412\" srcset=\"https:\/\/dev.sfveincenter.com\/wp-content\/uploads\/2010\/09\/carotid-narrowing.jpg 475w, https:\/\/dev.sfveincenter.com\/wp-content\/uploads\/2010\/09\/carotid-narrowing-300x260.jpg 300w\" sizes=\"(max-width: 475px) 100vw, 475px\" \/>La edad es un factor de riesgo significativo para la enfermedad de la arteria car\u00f3tida. S\u00f3lo el 1 por ciento de los adultos de 50 a 59 han estrechado significativamente las arterias car\u00f3tidas en comparaci\u00f3n con el 10 por ciento de los adultos de 80 a 89 que tienen esta afecci\u00f3n. A medida que envejeces, una sustancia pegajosa llamada placa puede acumularse en las paredes de tus arterias. A medida que se acumule m\u00e1s placa, las arterias se estrechan y endurecen. Este proceso se llama ateroesclerosis. Es un endurecimiento de las arterias.<\/p>\n<p>Otros riesgos para la enfermedad de la arteria car\u00f3tida incluyen diabetes, obesidad, presi\u00f3n arterial alta, tabaquismo, una dieta malsana y niveles de colesterol en la sangre poco saludables.<\/p>\n<h2>S\u00edntomas<\/h2>\n<p>La enfermedad de las arterias car\u00f3tidas no puede causar s\u00edntomas hasta que un paciente tenga un derrame cerebral o fatal. Sin embargo, trabajamos dif\u00edcilmente para detectar a los pacientes que tienen estenosis car\u00f3tida asintom\u00e1tica para prevenir estos movimientos terribles de suceder. En algunos pacientes, el primer signo de enfermedad de la arteria car\u00f3tida es un AIT (ataque isqu\u00e9mico transitorio). Las tias son mini-trazos y tienen s\u00edntomas similares a los derrames cerebrales. Sin embargo, estos s\u00edntomas suelen desaparecer en unas pocas horas y no dejan efectos residuales. Los s\u00edntomas de un TIA incluyen:<\/p>\n<ul>\n<li>sensaci\u00f3n de debilidad, entumecimiento o sensaci\u00f3n de hormigueo en un lado del cuerpo como un brazo o una pierna.<\/li>\n<li>ser incapaz de controlar el movimiento de un brazo o una pierna.<\/li>\n<li>perder la visi\u00f3n en un ojo. Muchas personas describen esta sensaci\u00f3n como una cortina de la ventana que baja.<\/li>\n<li>ser incapaz de hablar con claridad.<\/li>\n<\/ul>\n<p style=\"text-align: justify;\">Estos s\u00edntomas son muy peligrosos, porque a menudo pueden llevar a golpes debilitantes. Los pacientes con estos s\u00edntomas deben ser referidos r\u00e1pidamente a un <a href=\"https:\/\/dev.sfveincenter.com\/es\/cirujano-vascular-doctor-aquino\/\">cirujano vascular<\/a>. La cirug\u00eda a menudo se hace tan pronto como sea posible.<\/p>\n<p style=\"text-align: justify;\">En los pacientes que ya han tenido apoplej\u00edas de su enfermedad de la arteria car\u00f3tida, no siempre se indica la cirug\u00eda. Sin embargo, con trazos m\u00e1s suaves, algunas veces se hace una cirug\u00eda para prevenir un derrame cerebral m\u00e1s debilitante en la l\u00ednea. Tu <em><strong><a href=\"https:\/\/dev.sfveincenter.com\/es\/especialistas-en-venas-san-francisco\/\">especialista en venas<\/a><\/strong><\/em> discutir\u00e1 estos casos individualmente, presentando el an\u00e1lisis de riesgos\/beneficios contigo y con tu familia.<\/p>\n<h2>Diagn\u00f3stico<\/h2>\n<p><img loading=\"lazy\" decoding=\"async\" class=\"alignleft size-full wp-image-761\" src=\"https:\/\/dev.sfveincenter.com\/wp-content\/uploads\/2010\/09\/carotid-ultrasound.jpg\" alt=\"ultrasonido carot\u00eddeo\" width=\"322\" height=\"267\" srcset=\"https:\/\/dev.sfveincenter.com\/wp-content\/uploads\/2010\/09\/carotid-ultrasound.jpg 322w, https:\/\/dev.sfveincenter.com\/wp-content\/uploads\/2010\/09\/carotid-ultrasound-300x249.jpg 300w\" sizes=\"(max-width: 322px) 100vw, 322px\" \/>Sabemos que la enfermedad de la arteria car\u00f3tida es causada por ateroesclerosis. La acumulaci\u00f3n de ateroesclerosis en las arterias car\u00f3tidas es un problema de salud grave porque puede causar un derrame cerebral. Por lo tanto, los pacientes con antecedentes de aterosclerosis significativa a menudo son scree ned para la enfermedad de la arteria car\u00f3tida utilizando una <a href=\"https:\/\/dev.sfveincenter.com\/es\/insuficiencia-venosa\/#ultrasound\">ecograf\u00eda.<\/a> Muchos casos de la enfermedad de la arteria car\u00f3tida se descubren de esta manera, antes de que el resultado desastroso del movimiento pueda ocurrir. En nuestra oficina, examinamos a todos los candidatos apropiados para la enfermedad car\u00f3tida con el fin de contraer la enfermedad antes de que se convierta en peligroso. La ecograf\u00eda d\u00faplex es la prueba m\u00e1s com\u00fan para diagnosticar la enfermedad de las arterias car\u00f3tidas. es una prueba muy buena porque es m\u00ednimamente invasiva, da una excelente informaci\u00f3n sobre el flujo sangu\u00edneo, puede determinar el grado de estrechamiento. En muchos casos, el <a href=\"https:\/\/dev.sfveincenter.com\/es\/\">cirujano de venas<\/a> puede operar bas\u00e1ndose \u00fanicamente en los resultados de la ecograf\u00eda. En algunos casos, se puede necesitar m\u00e1s informaci\u00f3n y el cirujano puede referirlo a una tomograf\u00eda computarizada, una resonancia magn\u00e9tica o un angiograma.<\/p>\n<h2>Tratamiento<\/h2>\n<p>El tratamiento para la enfermedad de la arteria car\u00f3tida depende de algunas cuestiones clave: la severidad de la placa, la presencia de s\u00edntomas de la enfermedad y su salud general.<\/p>\n<h3 style=\"padding-left: 30px;\">Control<\/h3>\n<p style=\"padding-left: 30px;\">El primer paso en el tratamiento de la enfermedad carot\u00eddea es el control de algunas condiciones de salud clave que pueden exacerbar la afecci\u00f3n. Como primer paso, trabajaremos con usted y su doctor de cuidado primario para controlar su presi\u00f3n arterial, sus niveles de glucosa si usted tiene diabetes, y su colesterol. Los f\u00e1rmacos como el Plavix o la aspirina se utilizan habitualmente para disminuir el riesgo de formaci\u00f3n de co\u00e1gulos. Los f\u00e1rmacos que reducen el colesterol llamados estatinas tambi\u00e9n se utilizan con frecuencia. Estos f\u00e1rmacos pueden reducir los riesgos de complicaciones derivadas de la enfermedad de la arteria car\u00f3tida.<\/p>\n<h3 style=\"padding-left: 30px;\">Cirug\u00eda de la arteria car\u00f3tida (endarterectom\u00eda carot\u00eddea)<\/h3>\n<p style=\"padding-left: 30px;\"><img loading=\"lazy\" decoding=\"async\" class=\"size-full wp-image-762 alignright\" src=\"https:\/\/dev.sfveincenter.com\/wp-content\/uploads\/2010\/09\/carotid-endarterectomy.jpg\" alt=\"endarterectom\u00eda carot\u00eddea\" width=\"375\" height=\"509\" srcset=\"https:\/\/dev.sfveincenter.com\/wp-content\/uploads\/2010\/09\/carotid-endarterectomy.jpg 375w, https:\/\/dev.sfveincenter.com\/wp-content\/uploads\/2010\/09\/carotid-endarterectomy-221x300.jpg 221w\" sizes=\"(max-width: 375px) 100vw, 375px\" \/>Para ciertos pacientes, se requiere cirug\u00eda. Su cirujano hablar\u00e1 detalladamente de su caso espec\u00edfico. La cirug\u00eda se realiza t\u00edpicamente si el vaso se estrecha gravemente o si est\u00e1 teniendo s\u00edntomas del vaso angosto como los que se han discutido anteriormente.<\/p>\n<p style=\"padding-left: 30px;\">La cirug\u00eda para el estrechamiento de la arteria car\u00f3tida se denomina \u00abendarterectom\u00eda carot\u00eddea\u00bb. Consiste en sacar la placa en la arteria y coser la arteria de nuevo. Esto se hace a menudo usando una t\u00e9cnica de \u00abremiendo\u00bb que hace la arteria levemente m\u00e1s grande. Despu\u00e9s de la endarterectom\u00eda carot\u00eddea, el vaso est\u00e1 m\u00e1s abierto y hay un riesgo mucho menor de accidente cerebrovascular. La cirug\u00eda se realiza a trav\u00e9s de una peque\u00f1a incisi\u00f3n en el cuello. Es generalmente una cirug\u00eda segura y los pacientes suelen ser capaces de ir a casa al d\u00eda siguiente. Debido a la naturaleza de la placa en la arteria car\u00f3tida, todav\u00eda hay un peque\u00f1o riesgo de accidente cerebrovascular. Sin embargo, el beneficio de la endarterectom\u00eda carot\u00eddea en estos pacientes compensa el riesgo de accidentes cerebrovasculares de la cirug\u00eda.<\/p>\n<h3 style=\"padding-left: 30px;\">Stent carot\u00eddeo<\/h3>\n<p style=\"padding-left: 30px;\">La colocaci\u00f3n de stents carot\u00eddeos es un procedimiento bastante nuevo para tratar la enfermedad de la arteria car\u00f3tida. Es un procedimiento m\u00ednimamente invasivo en el que se hace una punci\u00f3n en la ingle. Un cat\u00e9ter largo se entrega a la arteria en el cuello mediante t\u00e9cnicas avanzadas de rayos x llamadas fluoroscopia. El estrechamiento de la arteria se trata con un tubo met\u00e1lico llamado stent, que se coloca en el vaso angosto y se expande con un bal\u00f3n. A continuaci\u00f3n, se retira el bal\u00f3n y se deja el stent en su lugar.<\/p>\n<p style=\"padding-left: 30px;\"><img loading=\"lazy\" decoding=\"async\" class=\"size-full wp-image-763 alignleft\" src=\"https:\/\/dev.sfveincenter.com\/wp-content\/uploads\/2010\/09\/carotid-stent.jpg\" alt=\"stent carot\u00eddeo\" width=\"469\" height=\"388\" srcset=\"https:\/\/dev.sfveincenter.com\/wp-content\/uploads\/2010\/09\/carotid-stent.jpg 469w, https:\/\/dev.sfveincenter.com\/wp-content\/uploads\/2010\/09\/carotid-stent-300x248.jpg 300w\" sizes=\"(max-width: 469px) 100vw, 469px\" \/>Los stents carot\u00eddeos son efectivos, pero el procedimiento tambi\u00e9n conlleva cierto riesgo de accidente cerebrovascular. Aunque esto es una alternativa a la cirug\u00eda car\u00f3tida, en este momento, los resultados de este procedimiento no est\u00e1n tan bien estudiados. Por ahora, la colocaci\u00f3n de stents carot\u00eddeos est\u00e1 reservada s\u00f3lo a ciertos pacientes, como los pacientes que est\u00e1n extremadamente enfermos, o a los pacientes que han tenido una cirug\u00eda de cuello anterior, lo que hace que la endarterectom\u00eda carot\u00eddea sea m\u00e1s peligrosa.<\/p>\n<p style=\"padding-left: 30px;\">En \u00faltima instancia, su m\u00e9dico ser\u00e1 capaz de discutir esta opci\u00f3n con usted por fin. Los stents carot\u00eddeos han sido aprobados para pacientes sintom\u00e1ticos considerados de alto riesgo para el procedimiento quir\u00fargico de endarterectom\u00eda carot\u00eddea, o para pacientes que han aceptado participar en estudios cl\u00ednicos en curso dise\u00f1ados para determinar su efectividad.<\/p>\n<p>[\/et_pb_text][\/et_pb_column][\/et_pb_row][\/et_pb_section]<\/p>\n","protected":false},"excerpt":{"rendered":"<p>Enfermedad de la arteria car\u00f3tida \u00bfQu\u00e9 es la enfermedad de la arteria car\u00f3tida La enfermedad de la arteria car\u00f3tida se presenta cuando las arterias principales de su cuello se estrechan o obstruyen. Estas arterias se llaman las arterias car\u00f3tidas. Le suministran sangre a su cerebro. Tus arterias car\u00f3tidas se extienden desde tu aorta en tu [&hellip;]<\/p>\n","protected":false},"author":5,"featured_media":0,"parent":0,"menu_order":0,"comment_status":"closed","ping_status":"closed","template":"","meta":{"_et_pb_use_builder":"on","_et_pb_old_content":"","_et_gb_content_width":"","footnotes":""},"class_list":["post-3081","page","type-page","status-publish","hentry"],"yoast_head":"<!-- This site is optimized with the Yoast SEO Premium plugin v23.9 (Yoast SEO v26.8) - https:\/\/yoast.com\/product\/yoast-seo-premium-wordpress\/ -->\n<title>Enfermedad Arterial Carot\u00eddea | Placa | S\u00edntomas de Ictus<\/title>\n<meta name=\"description\" content=\"La arteriopat\u00eda carot\u00eddea es una obstrucci\u00f3n de las arterias car\u00f3tidas del cuello que suministran ox\u00edgeno cr\u00edtico al cerebro.\" \/>\n<meta name=\"robots\" content=\"noindex, follow, max-snippet:-1, max-image-preview:large, max-video-preview:-1\" \/>\n<meta property=\"og:locale\" content=\"es_ES\" \/>\n<meta property=\"og:type\" content=\"article\" \/>\n<meta property=\"og:title\" content=\"Enfermedad de la arteria car\u00f3tida\" \/>\n<meta property=\"og:description\" content=\"La arteriopat\u00eda carot\u00eddea es una obstrucci\u00f3n de las arterias car\u00f3tidas del cuello que suministran ox\u00edgeno cr\u00edtico al cerebro.\" \/>\n<meta property=\"og:url\" content=\"https:\/\/dev.sfveincenter.com\/es\/estenosis-enfermedad-de-carotida-arteria\/\" \/>\n<meta property=\"og:site_name\" content=\"San Francisco Vein Doctor | Varicose &amp; Spider Vein Treatment\" \/>\n<meta property=\"article:publisher\" content=\"https:\/\/www.facebook.com\/sfveincenter\" \/>\n<meta property=\"article:modified_time\" content=\"2024-11-08T22:25:12+00:00\" \/>\n<meta property=\"og:image\" content=\"https:\/\/dev.sfveincenter.com\/wp-content\/uploads\/2010\/09\/carotid-narrowing.jpg\" \/>\n\t<meta property=\"og:image:width\" content=\"475\" \/>\n\t<meta property=\"og:image:height\" content=\"412\" \/>\n\t<meta property=\"og:image:type\" content=\"image\/jpeg\" \/>\n<meta name=\"twitter:card\" content=\"summary_large_image\" \/>\n<meta name=\"twitter:site\" content=\"@sfveincenter\" \/>\n<meta name=\"twitter:label1\" content=\"Tiempo de lectura\" \/>\n\t<meta name=\"twitter:data1\" content=\"7 minutos\" \/>\n<script type=\"application\/ld+json\" class=\"yoast-schema-graph\">{\"@context\":\"https:\/\/schema.org\",\"@graph\":[{\"@type\":\"WebPage\",\"@id\":\"https:\/\/dev.sfveincenter.com\/es\/estenosis-enfermedad-de-carotida-arteria\/\",\"url\":\"https:\/\/dev.sfveincenter.com\/es\/estenosis-enfermedad-de-carotida-arteria\/\",\"name\":\"Enfermedad Arterial Carot\u00eddea | Placa | S\u00edntomas de Ictus\",\"isPartOf\":{\"@id\":\"https:\/\/dev.sfveincenter.com\/es\/#website\"},\"primaryImageOfPage\":{\"@id\":\"https:\/\/dev.sfveincenter.com\/es\/estenosis-enfermedad-de-carotida-arteria\/#primaryimage\"},\"image\":{\"@id\":\"https:\/\/dev.sfveincenter.com\/es\/estenosis-enfermedad-de-carotida-arteria\/#primaryimage\"},\"thumbnailUrl\":\"https:\/\/dev.sfveincenter.com\/wp-content\/uploads\/2010\/09\/carotid-narrowing.jpg\",\"datePublished\":\"2018-10-10T05:22:00+00:00\",\"dateModified\":\"2024-11-08T22:25:12+00:00\",\"description\":\"La arteriopat\u00eda carot\u00eddea es una obstrucci\u00f3n de las arterias car\u00f3tidas del cuello que suministran ox\u00edgeno cr\u00edtico al cerebro.\",\"breadcrumb\":{\"@id\":\"https:\/\/dev.sfveincenter.com\/es\/estenosis-enfermedad-de-carotida-arteria\/#breadcrumb\"},\"inLanguage\":\"es\",\"potentialAction\":[{\"@type\":\"ReadAction\",\"target\":[\"https:\/\/dev.sfveincenter.com\/es\/estenosis-enfermedad-de-carotida-arteria\/\"]}]},{\"@type\":\"ImageObject\",\"inLanguage\":\"es\",\"@id\":\"https:\/\/dev.sfveincenter.com\/es\/estenosis-enfermedad-de-carotida-arteria\/#primaryimage\",\"url\":\"https:\/\/dev.sfveincenter.com\/wp-content\/uploads\/2010\/09\/carotid-narrowing.jpg\",\"contentUrl\":\"https:\/\/dev.sfveincenter.com\/wp-content\/uploads\/2010\/09\/carotid-narrowing.jpg\"},{\"@type\":\"BreadcrumbList\",\"@id\":\"https:\/\/dev.sfveincenter.com\/es\/estenosis-enfermedad-de-carotida-arteria\/#breadcrumb\",\"itemListElement\":[{\"@type\":\"ListItem\",\"position\":1,\"name\":\"Home\",\"item\":\"https:\/\/dev.sfveincenter.com\/es\/inicio-2\/\"},{\"@type\":\"ListItem\",\"position\":2,\"name\":\"Enfermedad de la arteria car\u00f3tida\"}]},{\"@type\":\"WebSite\",\"@id\":\"https:\/\/dev.sfveincenter.com\/es\/#website\",\"url\":\"https:\/\/dev.sfveincenter.com\/es\/\",\"name\":\"San Francisco Vein Doctor | Varicose &amp; Spider Vein Treatment\",\"description\":\"\",\"publisher\":{\"@id\":\"https:\/\/dev.sfveincenter.com\/es\/#organization\"},\"potentialAction\":[{\"@type\":\"SearchAction\",\"target\":{\"@type\":\"EntryPoint\",\"urlTemplate\":\"https:\/\/dev.sfveincenter.com\/es\/?s={search_term_string}\"},\"query-input\":{\"@type\":\"PropertyValueSpecification\",\"valueRequired\":true,\"valueName\":\"search_term_string\"}}],\"inLanguage\":\"es\"},{\"@type\":\"Organization\",\"@id\":\"https:\/\/dev.sfveincenter.com\/es\/#organization\",\"name\":\"San Francisco Vein Center - Melinda L Aquino MD\",\"url\":\"https:\/\/dev.sfveincenter.com\/es\/\",\"logo\":{\"@type\":\"ImageObject\",\"inLanguage\":\"es\",\"@id\":\"https:\/\/dev.sfveincenter.com\/es\/#\/schema\/logo\/image\/\",\"url\":\"https:\/\/dev.sfveincenter.com\/wp-content\/uploads\/2021\/02\/cropped-favicon-512x512-1-1.png\",\"contentUrl\":\"https:\/\/dev.sfveincenter.com\/wp-content\/uploads\/2021\/02\/cropped-favicon-512x512-1-1.png\",\"width\":512,\"height\":512,\"caption\":\"San Francisco Vein Center - Melinda L Aquino MD\"},\"image\":{\"@id\":\"https:\/\/dev.sfveincenter.com\/es\/#\/schema\/logo\/image\/\"},\"sameAs\":[\"https:\/\/www.facebook.com\/sfveincenter\",\"https:\/\/x.com\/sfveincenter\",\"https:\/\/www.youtube.com\/channel\/UCH75q26Kq5lThH_Xptt8imQ\",\"https:\/\/x.com\/SFVeinCenter\"]}]}<\/script>\n<!-- \/ Yoast SEO Premium plugin. -->","yoast_head_json":{"title":"Enfermedad Arterial Carot\u00eddea | Placa | S\u00edntomas de Ictus","description":"La arteriopat\u00eda carot\u00eddea es una obstrucci\u00f3n de las arterias car\u00f3tidas del cuello que suministran ox\u00edgeno cr\u00edtico al cerebro.","robots":{"index":"noindex","follow":"follow","max-snippet":"max-snippet:-1","max-image-preview":"max-image-preview:large","max-video-preview":"max-video-preview:-1"},"og_locale":"es_ES","og_type":"article","og_title":"Enfermedad de la arteria car\u00f3tida","og_description":"La arteriopat\u00eda carot\u00eddea es una obstrucci\u00f3n de las arterias car\u00f3tidas del cuello que suministran ox\u00edgeno cr\u00edtico al cerebro.","og_url":"https:\/\/dev.sfveincenter.com\/es\/estenosis-enfermedad-de-carotida-arteria\/","og_site_name":"San Francisco Vein Doctor | Varicose &amp; Spider Vein Treatment","article_publisher":"https:\/\/www.facebook.com\/sfveincenter","article_modified_time":"2024-11-08T22:25:12+00:00","og_image":[{"width":475,"height":412,"url":"https:\/\/dev.sfveincenter.com\/wp-content\/uploads\/2010\/09\/carotid-narrowing.jpg","type":"image\/jpeg"}],"twitter_card":"summary_large_image","twitter_site":"@sfveincenter","twitter_misc":{"Tiempo de lectura":"7 minutos"},"schema":{"@context":"https:\/\/schema.org","@graph":[{"@type":"WebPage","@id":"https:\/\/dev.sfveincenter.com\/es\/estenosis-enfermedad-de-carotida-arteria\/","url":"https:\/\/dev.sfveincenter.com\/es\/estenosis-enfermedad-de-carotida-arteria\/","name":"Enfermedad Arterial Carot\u00eddea | Placa | S\u00edntomas de Ictus","isPartOf":{"@id":"https:\/\/dev.sfveincenter.com\/es\/#website"},"primaryImageOfPage":{"@id":"https:\/\/dev.sfveincenter.com\/es\/estenosis-enfermedad-de-carotida-arteria\/#primaryimage"},"image":{"@id":"https:\/\/dev.sfveincenter.com\/es\/estenosis-enfermedad-de-carotida-arteria\/#primaryimage"},"thumbnailUrl":"https:\/\/dev.sfveincenter.com\/wp-content\/uploads\/2010\/09\/carotid-narrowing.jpg","datePublished":"2018-10-10T05:22:00+00:00","dateModified":"2024-11-08T22:25:12+00:00","description":"La arteriopat\u00eda carot\u00eddea es una obstrucci\u00f3n de las arterias car\u00f3tidas del cuello que suministran ox\u00edgeno cr\u00edtico al cerebro.","breadcrumb":{"@id":"https:\/\/dev.sfveincenter.com\/es\/estenosis-enfermedad-de-carotida-arteria\/#breadcrumb"},"inLanguage":"es","potentialAction":[{"@type":"ReadAction","target":["https:\/\/dev.sfveincenter.com\/es\/estenosis-enfermedad-de-carotida-arteria\/"]}]},{"@type":"ImageObject","inLanguage":"es","@id":"https:\/\/dev.sfveincenter.com\/es\/estenosis-enfermedad-de-carotida-arteria\/#primaryimage","url":"https:\/\/dev.sfveincenter.com\/wp-content\/uploads\/2010\/09\/carotid-narrowing.jpg","contentUrl":"https:\/\/dev.sfveincenter.com\/wp-content\/uploads\/2010\/09\/carotid-narrowing.jpg"},{"@type":"BreadcrumbList","@id":"https:\/\/dev.sfveincenter.com\/es\/estenosis-enfermedad-de-carotida-arteria\/#breadcrumb","itemListElement":[{"@type":"ListItem","position":1,"name":"Home","item":"https:\/\/dev.sfveincenter.com\/es\/inicio-2\/"},{"@type":"ListItem","position":2,"name":"Enfermedad de la arteria car\u00f3tida"}]},{"@type":"WebSite","@id":"https:\/\/dev.sfveincenter.com\/es\/#website","url":"https:\/\/dev.sfveincenter.com\/es\/","name":"San Francisco Vein Doctor | Varicose &amp; Spider Vein Treatment","description":"","publisher":{"@id":"https:\/\/dev.sfveincenter.com\/es\/#organization"},"potentialAction":[{"@type":"SearchAction","target":{"@type":"EntryPoint","urlTemplate":"https:\/\/dev.sfveincenter.com\/es\/?s={search_term_string}"},"query-input":{"@type":"PropertyValueSpecification","valueRequired":true,"valueName":"search_term_string"}}],"inLanguage":"es"},{"@type":"Organization","@id":"https:\/\/dev.sfveincenter.com\/es\/#organization","name":"San Francisco Vein Center - Melinda L Aquino MD","url":"https:\/\/dev.sfveincenter.com\/es\/","logo":{"@type":"ImageObject","inLanguage":"es","@id":"https:\/\/dev.sfveincenter.com\/es\/#\/schema\/logo\/image\/","url":"https:\/\/dev.sfveincenter.com\/wp-content\/uploads\/2021\/02\/cropped-favicon-512x512-1-1.png","contentUrl":"https:\/\/dev.sfveincenter.com\/wp-content\/uploads\/2021\/02\/cropped-favicon-512x512-1-1.png","width":512,"height":512,"caption":"San Francisco Vein Center - Melinda L Aquino MD"},"image":{"@id":"https:\/\/dev.sfveincenter.com\/es\/#\/schema\/logo\/image\/"},"sameAs":["https:\/\/www.facebook.com\/sfveincenter","https:\/\/x.com\/sfveincenter","https:\/\/www.youtube.com\/channel\/UCH75q26Kq5lThH_Xptt8imQ","https:\/\/x.com\/SFVeinCenter"]}]}},"_links":{"self":[{"href":"https:\/\/dev.sfveincenter.com\/es\/wp-json\/wp\/v2\/pages\/3081","targetHints":{"allow":["GET"]}}],"collection":[{"href":"https:\/\/dev.sfveincenter.com\/es\/wp-json\/wp\/v2\/pages"}],"about":[{"href":"https:\/\/dev.sfveincenter.com\/es\/wp-json\/wp\/v2\/types\/page"}],"author":[{"embeddable":true,"href":"https:\/\/dev.sfveincenter.com\/es\/wp-json\/wp\/v2\/users\/5"}],"replies":[{"embeddable":true,"href":"https:\/\/dev.sfveincenter.com\/es\/wp-json\/wp\/v2\/comments?post=3081"}],"version-history":[{"count":0,"href":"https:\/\/dev.sfveincenter.com\/es\/wp-json\/wp\/v2\/pages\/3081\/revisions"}],"wp:attachment":[{"href":"https:\/\/dev.sfveincenter.com\/es\/wp-json\/wp\/v2\/media?parent=3081"}],"curies":[{"name":"wp","href":"https:\/\/api.w.org\/{rel}","templated":true}]}}