{"id":3082,"date":"2018-10-09T22:23:16","date_gmt":"2018-10-10T05:23:16","guid":{"rendered":"http:\/\/54.70.23.198\/aneurisma-aortico\/"},"modified":"2024-11-08T13:36:32","modified_gmt":"2024-11-08T21:36:32","slug":"aneurisma-aortico","status":"publish","type":"page","link":"https:\/\/dev.sfveincenter.com\/es\/aneurisma-aortico\/","title":{"rendered":"Aneurisma a\u00f3rtico"},"content":{"rendered":"<p>[et_pb_section fb_built=\u00bb1&#8243; _builder_version=\u00bb4.16&#8243; custom_padding=\u00bb1%|||\u00bb global_colors_info=\u00bb{}\u00bb][et_pb_row _builder_version=\u00bb4.16&#8243; background_size=\u00bbinitial\u00bb background_position=\u00bbtop_left\u00bb background_repeat=\u00bbrepeat\u00bb global_colors_info=\u00bb{}\u00bb][et_pb_column type=\u00bb4_4&#8243; _builder_version=\u00bb4.16&#8243; custom_padding=\u00bb|||\u00bb global_colors_info=\u00bb{}\u00bb custom_padding__hover=\u00bb|||\u00bb][et_pb_text _builder_version=\u00bb4.16&#8243; z_index_tablet=\u00bb500&#8243; global_colors_info=\u00bb{}\u00bb]<\/p>\n<h1 style=\"text-align: center;\">Aneurisma a\u00f3rtico<\/h1>\n<h2>\u00bfQu\u00e9 es un aneurisma a\u00f3rtico?<\/h2>\n<p><img loading=\"lazy\" decoding=\"async\" class=\"alignright\" src=\"\/wp-content\/uploads\/2010\/09\/aortic-aneurysm.jpg\" alt=\"aneurisma-a\u00f3rtico\" width=\"379\" height=\"370\">Un <strong>aneurisma a\u00f3rtico<\/strong> es una hinchaz\u00f3n de la aorta &#8211; la arteria m\u00e1s grande en el cuerpo que sale directamente del coraz\u00f3n. Parte de este vaso sangu\u00edneo puede debilitarse, lo que hace que el vaso se agrande como un globo con el tiempo. Si no se detecta esta afecci\u00f3n, la aorta puede continuar agrandando hasta que eventualmente se rompa o estalle. Esto es peligroso y a menudo fatal. Desafortunadamente, la mayor\u00eda de las veces estas personas ni siquiera llegar al hospital antes de que expire. Los aneurismas a\u00f3rticos ocurren con mayor frecuencia en la porci\u00f3n de la aorta dentro del abdomen. Estos se llaman aneurismas a\u00f3rticos abdominales. Alrededor del 25% del tiempo tambi\u00e9n implican la porci\u00f3n de la aorta localizada dentro del pecho o del abdomen superior. Estos aneurismas tambi\u00e9n pueden requerir cirug\u00eda para la reparaci\u00f3n y se denominan aneurismas thoracoabdominal o aneurismas tor\u00e1cicos dependiendo de su ubicaci\u00f3n.<\/p>\n<h2>Causas y factores de riesgo<\/h2>\n<p>No se sabe enteramente por qu\u00e9 ocurren los aneurismas. Ciertas personas corren un mayor riesgo de sufrir esta afecci\u00f3n, incluidas las que tienen los siguientes factores de riesgo.<\/p>\n<ul>\n<li><strong>Edad:<\/strong> Los aneurismas a\u00f3rticos abdominales son m\u00e1s propensos a ocurrir cuanto m\u00e1s edad se obtiene. Las personas que obtienen aneurismas a\u00f3rticos suelen ser mayores de 60.<\/li>\n<li>Consumo de <strong>tabaco:<\/strong> El tabaco es un gran factor de riesgo para los aneurismas a\u00f3rticos. Cuanto m\u00e1s largo sea el uso, mayor ser\u00e1 el riesgo. Esto incluye fumar tabaco, as\u00ed como masticar.<\/li>\n<li><strong>Presi\u00f3n arterial alta:<\/strong> La presi\u00f3n arterial alta aumenta las probabilidades de desarrollar un aneurisma. La presi\u00f3n puede contribuir a da\u00f1ar los vasos sangu\u00edneos.<\/li>\n<li><strong>Aterosclerosis:<\/strong> Otro factor que puede contribuir al da\u00f1o del vaso sangu\u00edneo es la aterosclerosis. Esta acumulaci\u00f3n de grasa y otras sustancias puede da\u00f1ar el revestimiento de un vaso sangu\u00edneo.<\/li>\n<li><strong>Siendo var\u00f3n:<\/strong> Los hombres tienen cinco a diez veces m\u00e1s probabilidades de desarrollar un aneurisma a\u00f3rtico. Por otro lado, las mujeres tienen un mayor riesgo de ruptura de los aneurismas.<\/li>\n<li><strong>Raza:<\/strong> Los aneurismas a\u00f3rticos son m\u00e1s comunes en los cauc\u00e1sicos que en otras razas.<\/li>\n<li><strong>Historia familiar:<\/strong> Las personas que tienen antecedentes familiares de aneurisma a\u00f3rtico corren un mayor riesgo. Esto es especialmente cierto si alguien en la familia inmediata tuvo un aneurisma. Las personas que tienen antecedentes familiares de aneurismas tienden a desarrollar aneurismas a una edad m\u00e1s temprana y est\u00e1n en mayor riesgo de ruptura.<\/li>\n<\/ul>\n<h2>S\u00edntomas<\/h2>\n<p>Desafortunadamente, los <strong>aneurismas a\u00f3rticos<\/strong> est\u00e1n en silencio. Rara vez causan s\u00edntomas como el dolor hasta que est\u00e1n a punto de romperse. Si un aneurisma est\u00e1 a punto de romperse, puede causar un dolor puls\u00e1til en el abdomen o en la espalda. Una vez que se rompen, a menudo causan desmayos y dolor de espalda o de lado severo.<\/p>\n<h2>Diagn\u00f3stico<\/h2>\n<p>Afortunadamente, los aneurismas a\u00f3rticos usualmente crecen lentamente a aproximadamente medio cent\u00edmetro por a\u00f1o. Una vez detectado, hay a menudo tiempo para reparar el aneurisma antes de que estalle. Porque los aneurysms a\u00f3rticos no producen generalmente s\u00edntomas, se diagnostican a menudo cuando los doctores est\u00e1n buscando otros problemas. Por ejemplo, un paciente en un accidente menor del veh\u00edculo de motor que consigue una exploraci\u00f3n abdominal del CT. Los aneurismas a\u00f3rticos tambi\u00e9n se pueden diagnosticar cl\u00ednicamente cuando un m\u00e9dico realiza un examen del abdomen. Sin embargo, dado que la aorta se encuentra justo en frente de la columna vertebral, es dif\u00edcil de sentir. Los aneurismas a\u00f3rticos s\u00f3lo pueden ser detectados por examen f\u00edsico alrededor del 50% del tiempo. La forma m\u00e1s com\u00fan de aneurismas a\u00f3rticos se diagnostica es con un ultrasonido abdominal. Si se necesita m\u00e1s im\u00e1genes, se puede ordenar una tomograf\u00eda computarizada. Esto muestra la aorta con mayor detalle y da mediciones exactas del tama\u00f1o del aneurisma. Esta prueba tambi\u00e9n le permite al m\u00e9dico saber qu\u00e9 opciones quir\u00fargicas est\u00e1n disponibles. Dado que los pacientes con aterosclerosis est\u00e1n en mayor riesgo, la mayor\u00eda de los pacientes con <a href=\"https:\/\/dev.sfveincenter.com\/es\/cirujano-vascular-doctor-aquino\/\">cirug\u00eda vascular<\/a> que tienen m\u00faltiples factores de riesgo (como antecedentes de tabaquismo, edad avanzada, aterosclerosis, antecedentes familiares, etc.) recibir\u00e1n una ecograf\u00eda para Aneurisma. Como parte del programa Welcome to Medicare, los pacientes varones de la edad de 65 a 75, que alguna vez han fumado, son elegibles para un ultrasonido de una sola vez para detectar aneurismas abdominales. Los que tienen antecedentes familiares de aneurismas a\u00f3rticos o m\u00faltiples factores de riesgo tambi\u00e9n deben considerar la obtenci\u00f3n de un ultrasonido para detectar esta enfermedad.<\/p>\n<h2>Tratamiento<\/h2>\n<p>Los aneurismas a\u00f3rticos generalmente se reparan una vez que alcanzan un tama\u00f1o de 5 cent\u00edmetros en di\u00e1metro m\u00e1ximo. Una aorta normal tiene unos dos cent\u00edmetros de di\u00e1metro. Si un paciente sabe que \u00e9l o ella tiene un aneurysm y comienza a tener dolor abdominal sospechoso, el aneurysm se repara en aquel momento incluso si es levemente m\u00e1s peque\u00f1o de 5 cent\u00edmetros. El tratamiento para los aneurismas es la <em><strong>cirug\u00eda de aneurisma a\u00f3rtico<\/strong><\/em>. Hay dos opciones quir\u00fargicas:<\/p>\n<h3 style=\"padding-left: 30px;\">Cirug\u00eda abierta<\/h3>\n<p><img loading=\"lazy\" decoding=\"async\" class=\"alignright\" src=\"https:\/\/dev.sfveincenter.com\/wp-content\/uploads\/2010\/09\/open-surgery-for-aortic-aneurysm.jpg\" alt=\"Cirug\u00eda abierta para el aneurisma a\u00f3rtico\" width=\"193\" height=\"317\">En la cirug\u00eda abierta, se hace una incisi\u00f3n en el abdomen y la parte hinchada de la aorta es reemplazada por una aorta artificial. Se hace de un material tejido durable y se cose en lugar. La cirug\u00eda a\u00f3rtica abierta usualmente requiere varios d\u00edas en el hospital y puede requerir tiempo adicional para la recuperaci\u00f3n.<\/p>\n<p>Algunos de los riesgos incluyen complicaciones card\u00edacas y pulmonares, como neumon\u00eda y ataques card\u00edacos, infecciones de la herida, infecciones urinarias y un suministro deficiente de sangre a los intestinos, que se denomina isquemia col\u00f3nica. Independientemente de los riesgos, en algunos pacientes esta es la mejor opci\u00f3n para reparar el vaso sangu\u00edneo. Despu\u00e9s de que este procedimiento se acaba y la recuperaci\u00f3n es completa se necesitan pocas pruebas de seguimiento para mirar la aorta.<\/p>\n<h3 style=\"padding-left: 30px;\">Reparaci\u00f3n endovascular<\/h3>\n<p><img loading=\"lazy\" decoding=\"async\" class=\"size-full wp-image-758 alignleft\" src=\"https:\/\/dev.sfveincenter.com\/wp-content\/uploads\/2010\/09\/endovascular-aortic-stent.jpg\" alt=\"stent a\u00f3rtico endovascular\" width=\"375\" height=\"376\" srcset=\"https:\/\/dev.sfveincenter.com\/wp-content\/uploads\/2010\/09\/endovascular-aortic-stent.jpg 375w, https:\/\/dev.sfveincenter.com\/wp-content\/uploads\/2010\/09\/endovascular-aortic-stent-300x300.jpg 300w, https:\/\/dev.sfveincenter.com\/wp-content\/uploads\/2010\/09\/endovascular-aortic-stent-150x150.jpg 150w\" sizes=\"(max-width: 375px) 100vw, 375px\" \/>La segunda opci\u00f3n para reparar un aneurisma a\u00f3rtico es la reparaci\u00f3n endovascular. Se trata de una cirug\u00eda mucho menos invasiva en la que se realizan dos peque\u00f1as incisiones en la ingle. Se inserta un stent grande en la aorta que cubre la porci\u00f3n enferma del vaso y elimina el riesgo de ruptura. La recuperaci\u00f3n es generalmente mucho m\u00e1s r\u00e1pida pero todav\u00eda hay riesgos con cada cirug\u00eda. Una vez terminado este procedimiento, los pacientes necesitar\u00e1n tomograf\u00edas regulares y\/o ecograf\u00edas para asegurarse de que el stent sigue siendo estable y no hay flujo sangu\u00edneo dentro del aneurisma a\u00f3rtico.<\/p>\n<p>[\/et_pb_text][\/et_pb_column][\/et_pb_row][\/et_pb_section]<\/p>\n","protected":false},"excerpt":{"rendered":"<p>Aneurisma a\u00f3rtico \u00bfQu\u00e9 es un aneurisma a\u00f3rtico? Un aneurisma a\u00f3rtico es una hinchaz\u00f3n de la aorta &#8211; la arteria m\u00e1s grande en el cuerpo que sale directamente del coraz\u00f3n. Parte de este vaso sangu\u00edneo puede debilitarse, lo que hace que el vaso se agrande como un globo con el tiempo. Si no se detecta esta [&hellip;]<\/p>\n","protected":false},"author":5,"featured_media":0,"parent":0,"menu_order":0,"comment_status":"closed","ping_status":"closed","template":"","meta":{"_et_pb_use_builder":"on","_et_pb_old_content":"","_et_gb_content_width":"","footnotes":""},"class_list":["post-3082","page","type-page","status-publish","hentry"],"yoast_head":"<!-- This site is optimized with the Yoast SEO Premium plugin v23.9 (Yoast SEO v26.8) - https:\/\/yoast.com\/product\/yoast-seo-premium-wordpress\/ -->\n<title>Aneurisma a\u00f3rtico | Cirujano vascular San Francisco<\/title>\n<meta name=\"description\" content=\"Un aneurisma a\u00f3rtico es una hinchaz\u00f3n de la aorta. Si no se trata esta afecci\u00f3n, se puede agrandar hasta que se rompa o estalle.\" \/>\n<meta name=\"robots\" content=\"noindex, follow, max-snippet:-1, max-image-preview:large, max-video-preview:-1\" \/>\n<meta property=\"og:locale\" content=\"es_ES\" \/>\n<meta property=\"og:type\" content=\"article\" \/>\n<meta property=\"og:title\" content=\"Aneurisma a\u00f3rtico\" \/>\n<meta property=\"og:description\" content=\"Un aneurisma a\u00f3rtico es una hinchaz\u00f3n de la aorta. Si no se trata esta afecci\u00f3n, se puede agrandar hasta que se rompa o estalle.\" \/>\n<meta property=\"og:url\" content=\"https:\/\/dev.sfveincenter.com\/es\/aneurisma-aortico\/\" \/>\n<meta property=\"og:site_name\" content=\"San Francisco Vein Doctor | Varicose &amp; Spider Vein Treatment\" \/>\n<meta property=\"article:publisher\" content=\"https:\/\/www.facebook.com\/sfveincenter\" \/>\n<meta property=\"article:modified_time\" content=\"2024-11-08T21:36:32+00:00\" \/>\n<meta property=\"og:image\" content=\"https:\/\/dev.sfveincenter.com\/wp-content\/uploads\/2010\/09\/open-surgery-for-aortic-aneurysm.jpg\" \/>\n<meta name=\"twitter:card\" content=\"summary_large_image\" \/>\n<meta name=\"twitter:site\" content=\"@sfveincenter\" \/>\n<meta name=\"twitter:label1\" content=\"Tiempo de lectura\" \/>\n\t<meta name=\"twitter:data1\" content=\"6 minutos\" \/>\n<script type=\"application\/ld+json\" class=\"yoast-schema-graph\">{\"@context\":\"https:\/\/schema.org\",\"@graph\":[{\"@type\":\"WebPage\",\"@id\":\"https:\/\/dev.sfveincenter.com\/es\/aneurisma-aortico\/\",\"url\":\"https:\/\/dev.sfveincenter.com\/es\/aneurisma-aortico\/\",\"name\":\"Aneurisma a\u00f3rtico | Cirujano vascular San Francisco\",\"isPartOf\":{\"@id\":\"https:\/\/dev.sfveincenter.com\/es\/#website\"},\"primaryImageOfPage\":{\"@id\":\"https:\/\/dev.sfveincenter.com\/es\/aneurisma-aortico\/#primaryimage\"},\"image\":{\"@id\":\"https:\/\/dev.sfveincenter.com\/es\/aneurisma-aortico\/#primaryimage\"},\"thumbnailUrl\":\"https:\/\/dev.sfveincenter.com\/wp-content\/uploads\/2010\/09\/open-surgery-for-aortic-aneurysm.jpg\",\"datePublished\":\"2018-10-10T05:23:16+00:00\",\"dateModified\":\"2024-11-08T21:36:32+00:00\",\"description\":\"Un aneurisma a\u00f3rtico es una hinchaz\u00f3n de la aorta. Si no se trata esta afecci\u00f3n, se puede agrandar hasta que se rompa o estalle.\",\"breadcrumb\":{\"@id\":\"https:\/\/dev.sfveincenter.com\/es\/aneurisma-aortico\/#breadcrumb\"},\"inLanguage\":\"es\",\"potentialAction\":[{\"@type\":\"ReadAction\",\"target\":[\"https:\/\/dev.sfveincenter.com\/es\/aneurisma-aortico\/\"]}]},{\"@type\":\"ImageObject\",\"inLanguage\":\"es\",\"@id\":\"https:\/\/dev.sfveincenter.com\/es\/aneurisma-aortico\/#primaryimage\",\"url\":\"https:\/\/dev.sfveincenter.com\/wp-content\/uploads\/2010\/09\/open-surgery-for-aortic-aneurysm.jpg\",\"contentUrl\":\"https:\/\/dev.sfveincenter.com\/wp-content\/uploads\/2010\/09\/open-surgery-for-aortic-aneurysm.jpg\"},{\"@type\":\"BreadcrumbList\",\"@id\":\"https:\/\/dev.sfveincenter.com\/es\/aneurisma-aortico\/#breadcrumb\",\"itemListElement\":[{\"@type\":\"ListItem\",\"position\":1,\"name\":\"Home\",\"item\":\"https:\/\/dev.sfveincenter.com\/es\/inicio-2\/\"},{\"@type\":\"ListItem\",\"position\":2,\"name\":\"Aneurisma a\u00f3rtico\"}]},{\"@type\":\"WebSite\",\"@id\":\"https:\/\/dev.sfveincenter.com\/es\/#website\",\"url\":\"https:\/\/dev.sfveincenter.com\/es\/\",\"name\":\"San Francisco Vein Doctor | Varicose &amp; Spider Vein Treatment\",\"description\":\"\",\"publisher\":{\"@id\":\"https:\/\/dev.sfveincenter.com\/es\/#organization\"},\"potentialAction\":[{\"@type\":\"SearchAction\",\"target\":{\"@type\":\"EntryPoint\",\"urlTemplate\":\"https:\/\/dev.sfveincenter.com\/es\/?s={search_term_string}\"},\"query-input\":{\"@type\":\"PropertyValueSpecification\",\"valueRequired\":true,\"valueName\":\"search_term_string\"}}],\"inLanguage\":\"es\"},{\"@type\":\"Organization\",\"@id\":\"https:\/\/dev.sfveincenter.com\/es\/#organization\",\"name\":\"San Francisco Vein Center - Melinda L Aquino MD\",\"url\":\"https:\/\/dev.sfveincenter.com\/es\/\",\"logo\":{\"@type\":\"ImageObject\",\"inLanguage\":\"es\",\"@id\":\"https:\/\/dev.sfveincenter.com\/es\/#\/schema\/logo\/image\/\",\"url\":\"https:\/\/dev.sfveincenter.com\/wp-content\/uploads\/2021\/02\/cropped-favicon-512x512-1-1.png\",\"contentUrl\":\"https:\/\/dev.sfveincenter.com\/wp-content\/uploads\/2021\/02\/cropped-favicon-512x512-1-1.png\",\"width\":512,\"height\":512,\"caption\":\"San Francisco Vein Center - Melinda L Aquino MD\"},\"image\":{\"@id\":\"https:\/\/dev.sfveincenter.com\/es\/#\/schema\/logo\/image\/\"},\"sameAs\":[\"https:\/\/www.facebook.com\/sfveincenter\",\"https:\/\/x.com\/sfveincenter\",\"https:\/\/www.youtube.com\/channel\/UCH75q26Kq5lThH_Xptt8imQ\",\"https:\/\/x.com\/SFVeinCenter\"]}]}<\/script>\n<!-- \/ Yoast SEO Premium plugin. -->","yoast_head_json":{"title":"Aneurisma a\u00f3rtico | Cirujano vascular San Francisco","description":"Un aneurisma a\u00f3rtico es una hinchaz\u00f3n de la aorta. Si no se trata esta afecci\u00f3n, se puede agrandar hasta que se rompa o estalle.","robots":{"index":"noindex","follow":"follow","max-snippet":"max-snippet:-1","max-image-preview":"max-image-preview:large","max-video-preview":"max-video-preview:-1"},"og_locale":"es_ES","og_type":"article","og_title":"Aneurisma a\u00f3rtico","og_description":"Un aneurisma a\u00f3rtico es una hinchaz\u00f3n de la aorta. Si no se trata esta afecci\u00f3n, se puede agrandar hasta que se rompa o estalle.","og_url":"https:\/\/dev.sfveincenter.com\/es\/aneurisma-aortico\/","og_site_name":"San Francisco Vein Doctor | Varicose &amp; Spider Vein Treatment","article_publisher":"https:\/\/www.facebook.com\/sfveincenter","article_modified_time":"2024-11-08T21:36:32+00:00","og_image":[{"url":"https:\/\/dev.sfveincenter.com\/wp-content\/uploads\/2010\/09\/open-surgery-for-aortic-aneurysm.jpg","type":"","width":"","height":""}],"twitter_card":"summary_large_image","twitter_site":"@sfveincenter","twitter_misc":{"Tiempo de lectura":"6 minutos"},"schema":{"@context":"https:\/\/schema.org","@graph":[{"@type":"WebPage","@id":"https:\/\/dev.sfveincenter.com\/es\/aneurisma-aortico\/","url":"https:\/\/dev.sfveincenter.com\/es\/aneurisma-aortico\/","name":"Aneurisma a\u00f3rtico | Cirujano vascular San Francisco","isPartOf":{"@id":"https:\/\/dev.sfveincenter.com\/es\/#website"},"primaryImageOfPage":{"@id":"https:\/\/dev.sfveincenter.com\/es\/aneurisma-aortico\/#primaryimage"},"image":{"@id":"https:\/\/dev.sfveincenter.com\/es\/aneurisma-aortico\/#primaryimage"},"thumbnailUrl":"https:\/\/dev.sfveincenter.com\/wp-content\/uploads\/2010\/09\/open-surgery-for-aortic-aneurysm.jpg","datePublished":"2018-10-10T05:23:16+00:00","dateModified":"2024-11-08T21:36:32+00:00","description":"Un aneurisma a\u00f3rtico es una hinchaz\u00f3n de la aorta. Si no se trata esta afecci\u00f3n, se puede agrandar hasta que se rompa o estalle.","breadcrumb":{"@id":"https:\/\/dev.sfveincenter.com\/es\/aneurisma-aortico\/#breadcrumb"},"inLanguage":"es","potentialAction":[{"@type":"ReadAction","target":["https:\/\/dev.sfveincenter.com\/es\/aneurisma-aortico\/"]}]},{"@type":"ImageObject","inLanguage":"es","@id":"https:\/\/dev.sfveincenter.com\/es\/aneurisma-aortico\/#primaryimage","url":"https:\/\/dev.sfveincenter.com\/wp-content\/uploads\/2010\/09\/open-surgery-for-aortic-aneurysm.jpg","contentUrl":"https:\/\/dev.sfveincenter.com\/wp-content\/uploads\/2010\/09\/open-surgery-for-aortic-aneurysm.jpg"},{"@type":"BreadcrumbList","@id":"https:\/\/dev.sfveincenter.com\/es\/aneurisma-aortico\/#breadcrumb","itemListElement":[{"@type":"ListItem","position":1,"name":"Home","item":"https:\/\/dev.sfveincenter.com\/es\/inicio-2\/"},{"@type":"ListItem","position":2,"name":"Aneurisma a\u00f3rtico"}]},{"@type":"WebSite","@id":"https:\/\/dev.sfveincenter.com\/es\/#website","url":"https:\/\/dev.sfveincenter.com\/es\/","name":"San Francisco Vein Doctor | Varicose &amp; Spider Vein Treatment","description":"","publisher":{"@id":"https:\/\/dev.sfveincenter.com\/es\/#organization"},"potentialAction":[{"@type":"SearchAction","target":{"@type":"EntryPoint","urlTemplate":"https:\/\/dev.sfveincenter.com\/es\/?s={search_term_string}"},"query-input":{"@type":"PropertyValueSpecification","valueRequired":true,"valueName":"search_term_string"}}],"inLanguage":"es"},{"@type":"Organization","@id":"https:\/\/dev.sfveincenter.com\/es\/#organization","name":"San Francisco Vein Center - Melinda L Aquino MD","url":"https:\/\/dev.sfveincenter.com\/es\/","logo":{"@type":"ImageObject","inLanguage":"es","@id":"https:\/\/dev.sfveincenter.com\/es\/#\/schema\/logo\/image\/","url":"https:\/\/dev.sfveincenter.com\/wp-content\/uploads\/2021\/02\/cropped-favicon-512x512-1-1.png","contentUrl":"https:\/\/dev.sfveincenter.com\/wp-content\/uploads\/2021\/02\/cropped-favicon-512x512-1-1.png","width":512,"height":512,"caption":"San Francisco Vein Center - Melinda L Aquino MD"},"image":{"@id":"https:\/\/dev.sfveincenter.com\/es\/#\/schema\/logo\/image\/"},"sameAs":["https:\/\/www.facebook.com\/sfveincenter","https:\/\/x.com\/sfveincenter","https:\/\/www.youtube.com\/channel\/UCH75q26Kq5lThH_Xptt8imQ","https:\/\/x.com\/SFVeinCenter"]}]}},"_links":{"self":[{"href":"https:\/\/dev.sfveincenter.com\/es\/wp-json\/wp\/v2\/pages\/3082","targetHints":{"allow":["GET"]}}],"collection":[{"href":"https:\/\/dev.sfveincenter.com\/es\/wp-json\/wp\/v2\/pages"}],"about":[{"href":"https:\/\/dev.sfveincenter.com\/es\/wp-json\/wp\/v2\/types\/page"}],"author":[{"embeddable":true,"href":"https:\/\/dev.sfveincenter.com\/es\/wp-json\/wp\/v2\/users\/5"}],"replies":[{"embeddable":true,"href":"https:\/\/dev.sfveincenter.com\/es\/wp-json\/wp\/v2\/comments?post=3082"}],"version-history":[{"count":0,"href":"https:\/\/dev.sfveincenter.com\/es\/wp-json\/wp\/v2\/pages\/3082\/revisions"}],"wp:attachment":[{"href":"https:\/\/dev.sfveincenter.com\/es\/wp-json\/wp\/v2\/media?parent=3082"}],"curies":[{"name":"wp","href":"https:\/\/api.w.org\/{rel}","templated":true}]}}