{"id":3086,"date":"2018-10-09T22:28:25","date_gmt":"2018-10-10T05:28:25","guid":{"rendered":"http:\/\/54.70.23.198\/cirujano-vascular-doctor-aquino\/"},"modified":"2024-11-09T18:45:11","modified_gmt":"2024-11-10T02:45:11","slug":"cirujano-vascular-doctor-aquino","status":"publish","type":"page","link":"https:\/\/dev.sfveincenter.com\/es\/cirujano-vascular-doctor-aquino\/","title":{"rendered":"Acerca de Melinda L Aquino MD"},"content":{"rendered":"<p>[et_pb_section fb_built=\u00bb1&#8243; _builder_version=\u00bb4.16&#8243; custom_padding=\u00bb1%|||\u00bb global_colors_info=\u00bb{}\u00bb][et_pb_row _builder_version=\u00bb4.16&#8243; background_size=\u00bbinitial\u00bb background_position=\u00bbtop_left\u00bb background_repeat=\u00bbrepeat\u00bb global_colors_info=\u00bb{}\u00bb][et_pb_column type=\u00bb4_4&#8243; _builder_version=\u00bb4.16&#8243; custom_padding=\u00bb|||\u00bb global_colors_info=\u00bb{}\u00bb custom_padding__hover=\u00bb|||\u00bb][et_pb_text _builder_version=\u00bb4.16&#8243; _module_preset=\u00bbdefault\u00bb global_colors_info=\u00bb{}\u00bb]<\/p>\n<h1 style=\"text-align: center;\">Melinda L Aquino MD-cirujano vascular y cirujano general<\/h1>\n<p>[\/et_pb_text][et_pb_text _builder_version=\u00bb4.27.0&#8243; _module_preset=\u00bbdefault\u00bb hover_enabled=\u00bb0&#8243; global_colors_info=\u00bb{}\u00bb sticky_enabled=\u00bb0&#8243;]<div id=\"attachment_9273\" style=\"width: 310px\" class=\"wp-caption alignleft\"><img loading=\"lazy\" decoding=\"async\" aria-describedby=\"caption-attachment-9273\" class=\"wp-image-9272 size-medium\" src=\"https:\/\/dev.sfveincenter.com\/wp-content\/uploads\/2024\/11\/melinda-aquino-md-300x300.jpg\" alt=\"Dra. Melinda Aquino\" width=\"300\" height=\"300\"><p id=\"caption-attachment-9273\" class=\"wp-caption-text\">Dra. Melinda Aquino<\/p><\/div><\/p>\n<p>Melinda L. Aquino MD es una <strong>cirujana vascular<\/strong> que sirve el \u00e1rea de la Bah\u00eda de San Francisco. Es junta certificada en cirug\u00eda vascular y cirug\u00eda general. El Dr. Aquino se dedica a ayudar a los pacientes a verse y sentirse mejor mientras mejoran y preservan la salud de las <em>venas.<\/em> Su gravamen de pacientes implica un an\u00e1lisis detallado que utiliza historia m\u00e9dica, una examinaci\u00f3n cuidadosa, y a menudo un examen del ultrasonido. Esta informaci\u00f3n detallada y los a\u00f1os de experiencia del Dr. Aquino le ayudan a formular un plan de tratamiento \u00f3ptimo personalizado para cada paciente.<\/p>\n<p>El Dr. Aquino practica todas las \u00e1reas de la cirug\u00eda vascular. Sin embargo, ella tiene un inter\u00e9s extenso en desordenes venosos tales como <a href=\"https:\/\/dev.sfveincenter.com\/es\/tratamiento-de-venas-varicosas-varices\/\">varices<\/a> y <a href=\"https:\/\/dev.sfveincenter.com\/es\/tratamiento-de-venas-vasculares-escleroterapia\/\">venas vasculares<\/a>. La tecnolog\u00eda y la investigaci\u00f3n empujan los tratamientos para cambiar y evolucionar. El Dr. Aquino se esfuerza por mantenerse al d\u00eda con las t\u00e9cnicas m\u00e1s recientes y m\u00e1s confiables. Ella busca educar y traer conciencia de los trastornos de las venas y las opciones de curas. Las \u00e1reas de las \u00e1reas de la cirug\u00eda vascular que su pr\u00e1ctica abarca son:<\/p>\n<ul>\n<li>cirug\u00eda de vena m\u00ednimamente invasiva<\/li>\n<li>cirug\u00eda endovascular<\/li>\n<li>cirug\u00eda abierta tradicional<\/li>\n<\/ul>\n<h2>Educaci\u00f3n<\/h2>\n<p>La Dra. Aquino complet\u00f3 su licenciatura en la Universidad de Georgetown y su M.D. en la Escuela de Medicina de la <a href=\"https:\/\/medicine.iu.edu\/\">Universidad de Indiana.<\/a> Complet\u00f3 su residencia de cirug\u00eda general en <a href=\"https:\/\/www.bmc.org\/\">Boston Medical Center (Boston University)<\/a> y continu\u00f3 como fellow de Smithwick de Cirug\u00eda Vascular, entrenando bajo James Menzoian, MD. El Dr. Aquino fue al Centro M\u00e9dico de <a href=\"https:\/\/www.evms.edu\/\">Virginia Oriental<\/a> para hacer una beca especializada en cirug\u00eda endovascular. Ella ha estado sirviendo el Bay Area incluyendo San Francisco, San Mateo, Marin, y the East Bay desde 2006.<\/p>\n<h2>Certificaciones y afiliaciones<\/h2>\n<p>Las afiliaciones hospitalarias del Dr. Aquino en el \u00e1rea de la bah\u00eda de San Francisco y en las \u00e1reas de San Mateo son:<\/p>\n<ul>\n<li><a href=\"https:\/\/www.sutterhealth.org\/mills\">Centro M\u00e9dico Mills-Peninsula<\/a><\/li>\n<li><a href=\"https:\/\/www.ahmchealth.com\/smc\/\" target=\"_blank\" rel=\"noopener noreferrer\">Seton Medical Center<\/a><\/li>\n<li><a href=\"https:\/\/sfcommunityhospitals.ucsfhealth.org\/st-marys\" target=\"_blank\" rel=\"noopener noreferrer\">St Mary&#8217;s Medical Center<\/a><\/li>\n<li><a href=\"https:\/\/sfcommunityhospitals.ucsfhealth.org\/saint-francis\" target=\"_blank\" rel=\"noopener noreferrer\">St. Francis Memorial Hospital<\/a><\/li>\n<\/ul>\n<p>Dr. Aquino is a member of the <a href=\"https:\/\/vascular.org\" target=\"_blank\" rel=\"noopener noreferrer\">Society for Vascular Surgery<\/a>, the <a href=\"https:\/\/www.sfmms.org\" target=\"_blank\" rel=\"noopener noreferrer\">San Francisco Marin Medical Society<\/a> where she serves on the board of directors and executive committee, and the <a href=\"http:\/\/sanfranciscosurgical.org\/\" target=\"_blank\" rel=\"noopener noreferrer\">San Francisco Surgical Society<\/a>.<\/p>\n<h2>Blog articles<\/h2>\n<p>El Dr. Aquino escribe una variedad de <a href=\"https:\/\/dev.sfveincenter.com\/es\/blog\/\">art\u00edculos de blog<\/a> cada pocos meses. Ella escribe t\u00edpicamente estos art\u00edculos basados en preguntas que sus pacientes piden. Si\u00e9ntase libre de verlos.<\/p>\n<h2>Pulse<\/h2>\n<p>Leer <a href=\"https:\/\/dev.sfveincenter.com\/es\/pulse\/\">art\u00edculos de prensa<\/a> sobre Melinda L Aquino MD<\/p>\n<p>[\/et_pb_text][\/et_pb_column][\/et_pb_row][\/et_pb_section]<\/p>\n","protected":false},"excerpt":{"rendered":"<p>Melinda L Aquino MD-cirujano vascular y cirujano generalMelinda L. Aquino MD es una cirujana vascular que sirve el \u00e1rea de la Bah\u00eda de San Francisco. Es junta certificada en cirug\u00eda vascular y cirug\u00eda general. El Dr. Aquino se dedica a ayudar a los pacientes a verse y sentirse mejor mientras mejoran y preservan la salud [&hellip;]<\/p>\n","protected":false},"author":5,"featured_media":0,"parent":0,"menu_order":0,"comment_status":"closed","ping_status":"closed","template":"","meta":{"_et_pb_use_builder":"on","_et_pb_old_content":"","_et_gb_content_width":"","footnotes":""},"class_list":["post-3086","page","type-page","status-publish","hentry"],"yoast_head":"<!-- This site is optimized with the Yoast SEO Premium plugin v23.9 (Yoast SEO v26.8) - https:\/\/yoast.com\/product\/yoast-seo-premium-wordpress\/ -->\n<title>Cirujano vascular | Varices | Ara\u00f1as vasculares | M\u00e9dico de venas varicosas<\/title>\n<meta name=\"description\" content=\"Melinda L Aquino MD es un cirujano vascular en el \u00c1rea de la Bah\u00eda de San Francisco. Como m\u00e9dico de venas, se centra en las venas varicosas y ara\u00f1as vasculares.\" \/>\n<meta name=\"robots\" content=\"noindex, follow, max-snippet:-1, max-image-preview:large, max-video-preview:-1\" \/>\n<meta property=\"og:locale\" content=\"es_ES\" \/>\n<meta property=\"og:type\" content=\"article\" \/>\n<meta property=\"og:title\" content=\"Acerca de Melinda L Aquino MD\" \/>\n<meta property=\"og:description\" content=\"Melinda L Aquino MD es un cirujano vascular en el \u00c1rea de la Bah\u00eda de San Francisco. Como m\u00e9dico de venas, se centra en las venas varicosas y ara\u00f1as vasculares.\" \/>\n<meta property=\"og:url\" content=\"https:\/\/dev.sfveincenter.com\/es\/cirujano-vascular-doctor-aquino\/\" \/>\n<meta property=\"og:site_name\" content=\"San Francisco Vein Doctor | Varicose &amp; Spider Vein Treatment\" \/>\n<meta property=\"article:publisher\" content=\"https:\/\/www.facebook.com\/sfveincenter\" \/>\n<meta property=\"article:modified_time\" content=\"2024-11-10T02:45:11+00:00\" \/>\n<meta property=\"og:image\" content=\"https:\/\/dev.sfveincenter.com\/wp-content\/uploads\/2024\/11\/melinda-aquino-md.jpg\" \/>\n\t<meta property=\"og:image:width\" content=\"1610\" \/>\n\t<meta property=\"og:image:height\" content=\"1609\" \/>\n\t<meta property=\"og:image:type\" content=\"image\/jpeg\" \/>\n<meta name=\"twitter:card\" content=\"summary_large_image\" \/>\n<meta name=\"twitter:site\" content=\"@sfveincenter\" \/>\n<meta name=\"twitter:label1\" content=\"Tiempo de lectura\" \/>\n\t<meta name=\"twitter:data1\" content=\"3 minutos\" \/>\n<script type=\"application\/ld+json\" class=\"yoast-schema-graph\">{\"@context\":\"https:\/\/schema.org\",\"@graph\":[{\"@type\":\"WebPage\",\"@id\":\"https:\/\/dev.sfveincenter.com\/es\/cirujano-vascular-doctor-aquino\/\",\"url\":\"https:\/\/dev.sfveincenter.com\/es\/cirujano-vascular-doctor-aquino\/\",\"name\":\"Cirujano vascular | Varices | Ara\u00f1as vasculares | M\u00e9dico de venas varicosas\",\"isPartOf\":{\"@id\":\"https:\/\/dev.sfveincenter.com\/es\/#website\"},\"primaryImageOfPage\":{\"@id\":\"https:\/\/dev.sfveincenter.com\/es\/cirujano-vascular-doctor-aquino\/#primaryimage\"},\"image\":{\"@id\":\"https:\/\/dev.sfveincenter.com\/es\/cirujano-vascular-doctor-aquino\/#primaryimage\"},\"thumbnailUrl\":\"https:\/\/dev.sfveincenter.com\/wp-content\/uploads\/2024\/11\/melinda-aquino-md-300x300.jpg\",\"datePublished\":\"2018-10-10T05:28:25+00:00\",\"dateModified\":\"2024-11-10T02:45:11+00:00\",\"description\":\"Melinda L Aquino MD es un cirujano vascular en el \u00c1rea de la Bah\u00eda de San Francisco. Como m\u00e9dico de venas, se centra en las venas varicosas y ara\u00f1as vasculares.\",\"breadcrumb\":{\"@id\":\"https:\/\/dev.sfveincenter.com\/es\/cirujano-vascular-doctor-aquino\/#breadcrumb\"},\"inLanguage\":\"es\",\"potentialAction\":[{\"@type\":\"ReadAction\",\"target\":[\"https:\/\/dev.sfveincenter.com\/es\/cirujano-vascular-doctor-aquino\/\"]}]},{\"@type\":\"ImageObject\",\"inLanguage\":\"es\",\"@id\":\"https:\/\/dev.sfveincenter.com\/es\/cirujano-vascular-doctor-aquino\/#primaryimage\",\"url\":\"https:\/\/dev.sfveincenter.com\/wp-content\/uploads\/2024\/11\/melinda-aquino-md-300x300.jpg\",\"contentUrl\":\"https:\/\/dev.sfveincenter.com\/wp-content\/uploads\/2024\/11\/melinda-aquino-md-300x300.jpg\"},{\"@type\":\"BreadcrumbList\",\"@id\":\"https:\/\/dev.sfveincenter.com\/es\/cirujano-vascular-doctor-aquino\/#breadcrumb\",\"itemListElement\":[{\"@type\":\"ListItem\",\"position\":1,\"name\":\"Home\",\"item\":\"https:\/\/dev.sfveincenter.com\/es\/inicio-2\/\"},{\"@type\":\"ListItem\",\"position\":2,\"name\":\"Acerca de Melinda L Aquino MD\"}]},{\"@type\":\"WebSite\",\"@id\":\"https:\/\/dev.sfveincenter.com\/es\/#website\",\"url\":\"https:\/\/dev.sfveincenter.com\/es\/\",\"name\":\"San Francisco Vein Doctor | Varicose &amp; Spider Vein Treatment\",\"description\":\"\",\"publisher\":{\"@id\":\"https:\/\/dev.sfveincenter.com\/es\/#organization\"},\"potentialAction\":[{\"@type\":\"SearchAction\",\"target\":{\"@type\":\"EntryPoint\",\"urlTemplate\":\"https:\/\/dev.sfveincenter.com\/es\/?s={search_term_string}\"},\"query-input\":{\"@type\":\"PropertyValueSpecification\",\"valueRequired\":true,\"valueName\":\"search_term_string\"}}],\"inLanguage\":\"es\"},{\"@type\":\"Organization\",\"@id\":\"https:\/\/dev.sfveincenter.com\/es\/#organization\",\"name\":\"San Francisco Vein Center - Melinda L Aquino MD\",\"url\":\"https:\/\/dev.sfveincenter.com\/es\/\",\"logo\":{\"@type\":\"ImageObject\",\"inLanguage\":\"es\",\"@id\":\"https:\/\/dev.sfveincenter.com\/es\/#\/schema\/logo\/image\/\",\"url\":\"https:\/\/dev.sfveincenter.com\/wp-content\/uploads\/2021\/02\/cropped-favicon-512x512-1-1.png\",\"contentUrl\":\"https:\/\/dev.sfveincenter.com\/wp-content\/uploads\/2021\/02\/cropped-favicon-512x512-1-1.png\",\"width\":512,\"height\":512,\"caption\":\"San Francisco Vein Center - Melinda L Aquino MD\"},\"image\":{\"@id\":\"https:\/\/dev.sfveincenter.com\/es\/#\/schema\/logo\/image\/\"},\"sameAs\":[\"https:\/\/www.facebook.com\/sfveincenter\",\"https:\/\/x.com\/sfveincenter\",\"https:\/\/www.youtube.com\/channel\/UCH75q26Kq5lThH_Xptt8imQ\",\"https:\/\/x.com\/SFVeinCenter\"]}]}<\/script>\n<!-- \/ Yoast SEO Premium plugin. -->","yoast_head_json":{"title":"Cirujano vascular | Varices | Ara\u00f1as vasculares | M\u00e9dico de venas varicosas","description":"Melinda L Aquino MD es un cirujano vascular en el \u00c1rea de la Bah\u00eda de San Francisco. Como m\u00e9dico de venas, se centra en las venas varicosas y ara\u00f1as vasculares.","robots":{"index":"noindex","follow":"follow","max-snippet":"max-snippet:-1","max-image-preview":"max-image-preview:large","max-video-preview":"max-video-preview:-1"},"og_locale":"es_ES","og_type":"article","og_title":"Acerca de Melinda L Aquino MD","og_description":"Melinda L Aquino MD es un cirujano vascular en el \u00c1rea de la Bah\u00eda de San Francisco. Como m\u00e9dico de venas, se centra en las venas varicosas y ara\u00f1as vasculares.","og_url":"https:\/\/dev.sfveincenter.com\/es\/cirujano-vascular-doctor-aquino\/","og_site_name":"San Francisco Vein Doctor | Varicose &amp; Spider Vein Treatment","article_publisher":"https:\/\/www.facebook.com\/sfveincenter","article_modified_time":"2024-11-10T02:45:11+00:00","og_image":[{"width":1610,"height":1609,"url":"https:\/\/dev.sfveincenter.com\/wp-content\/uploads\/2024\/11\/melinda-aquino-md.jpg","type":"image\/jpeg"}],"twitter_card":"summary_large_image","twitter_site":"@sfveincenter","twitter_misc":{"Tiempo de lectura":"3 minutos"},"schema":{"@context":"https:\/\/schema.org","@graph":[{"@type":"WebPage","@id":"https:\/\/dev.sfveincenter.com\/es\/cirujano-vascular-doctor-aquino\/","url":"https:\/\/dev.sfveincenter.com\/es\/cirujano-vascular-doctor-aquino\/","name":"Cirujano vascular | Varices | Ara\u00f1as vasculares | M\u00e9dico de venas varicosas","isPartOf":{"@id":"https:\/\/dev.sfveincenter.com\/es\/#website"},"primaryImageOfPage":{"@id":"https:\/\/dev.sfveincenter.com\/es\/cirujano-vascular-doctor-aquino\/#primaryimage"},"image":{"@id":"https:\/\/dev.sfveincenter.com\/es\/cirujano-vascular-doctor-aquino\/#primaryimage"},"thumbnailUrl":"https:\/\/dev.sfveincenter.com\/wp-content\/uploads\/2024\/11\/melinda-aquino-md-300x300.jpg","datePublished":"2018-10-10T05:28:25+00:00","dateModified":"2024-11-10T02:45:11+00:00","description":"Melinda L Aquino MD es un cirujano vascular en el \u00c1rea de la Bah\u00eda de San Francisco. Como m\u00e9dico de venas, se centra en las venas varicosas y ara\u00f1as vasculares.","breadcrumb":{"@id":"https:\/\/dev.sfveincenter.com\/es\/cirujano-vascular-doctor-aquino\/#breadcrumb"},"inLanguage":"es","potentialAction":[{"@type":"ReadAction","target":["https:\/\/dev.sfveincenter.com\/es\/cirujano-vascular-doctor-aquino\/"]}]},{"@type":"ImageObject","inLanguage":"es","@id":"https:\/\/dev.sfveincenter.com\/es\/cirujano-vascular-doctor-aquino\/#primaryimage","url":"https:\/\/dev.sfveincenter.com\/wp-content\/uploads\/2024\/11\/melinda-aquino-md-300x300.jpg","contentUrl":"https:\/\/dev.sfveincenter.com\/wp-content\/uploads\/2024\/11\/melinda-aquino-md-300x300.jpg"},{"@type":"BreadcrumbList","@id":"https:\/\/dev.sfveincenter.com\/es\/cirujano-vascular-doctor-aquino\/#breadcrumb","itemListElement":[{"@type":"ListItem","position":1,"name":"Home","item":"https:\/\/dev.sfveincenter.com\/es\/inicio-2\/"},{"@type":"ListItem","position":2,"name":"Acerca de Melinda L Aquino MD"}]},{"@type":"WebSite","@id":"https:\/\/dev.sfveincenter.com\/es\/#website","url":"https:\/\/dev.sfveincenter.com\/es\/","name":"San Francisco Vein Doctor | Varicose &amp; Spider Vein Treatment","description":"","publisher":{"@id":"https:\/\/dev.sfveincenter.com\/es\/#organization"},"potentialAction":[{"@type":"SearchAction","target":{"@type":"EntryPoint","urlTemplate":"https:\/\/dev.sfveincenter.com\/es\/?s={search_term_string}"},"query-input":{"@type":"PropertyValueSpecification","valueRequired":true,"valueName":"search_term_string"}}],"inLanguage":"es"},{"@type":"Organization","@id":"https:\/\/dev.sfveincenter.com\/es\/#organization","name":"San Francisco Vein Center - Melinda L Aquino MD","url":"https:\/\/dev.sfveincenter.com\/es\/","logo":{"@type":"ImageObject","inLanguage":"es","@id":"https:\/\/dev.sfveincenter.com\/es\/#\/schema\/logo\/image\/","url":"https:\/\/dev.sfveincenter.com\/wp-content\/uploads\/2021\/02\/cropped-favicon-512x512-1-1.png","contentUrl":"https:\/\/dev.sfveincenter.com\/wp-content\/uploads\/2021\/02\/cropped-favicon-512x512-1-1.png","width":512,"height":512,"caption":"San Francisco Vein Center - Melinda L Aquino MD"},"image":{"@id":"https:\/\/dev.sfveincenter.com\/es\/#\/schema\/logo\/image\/"},"sameAs":["https:\/\/www.facebook.com\/sfveincenter","https:\/\/x.com\/sfveincenter","https:\/\/www.youtube.com\/channel\/UCH75q26Kq5lThH_Xptt8imQ","https:\/\/x.com\/SFVeinCenter"]}]}},"_links":{"self":[{"href":"https:\/\/dev.sfveincenter.com\/es\/wp-json\/wp\/v2\/pages\/3086","targetHints":{"allow":["GET"]}}],"collection":[{"href":"https:\/\/dev.sfveincenter.com\/es\/wp-json\/wp\/v2\/pages"}],"about":[{"href":"https:\/\/dev.sfveincenter.com\/es\/wp-json\/wp\/v2\/types\/page"}],"author":[{"embeddable":true,"href":"https:\/\/dev.sfveincenter.com\/es\/wp-json\/wp\/v2\/users\/5"}],"replies":[{"embeddable":true,"href":"https:\/\/dev.sfveincenter.com\/es\/wp-json\/wp\/v2\/comments?post=3086"}],"version-history":[{"count":0,"href":"https:\/\/dev.sfveincenter.com\/es\/wp-json\/wp\/v2\/pages\/3086\/revisions"}],"wp:attachment":[{"href":"https:\/\/dev.sfveincenter.com\/es\/wp-json\/wp\/v2\/media?parent=3086"}],"curies":[{"name":"wp","href":"https:\/\/api.w.org\/{rel}","templated":true}]}}