{"id":5035,"date":"2019-05-04T17:30:38","date_gmt":"2019-05-05T00:30:38","guid":{"rendered":"https:\/\/dev.sfveincenter.com\/?page_id=5035"},"modified":"2024-04-25T22:12:45","modified_gmt":"2024-04-26T05:12:45","slug":"venaseal-cierre","status":"publish","type":"page","link":"https:\/\/dev.sfveincenter.com\/es\/venaseal-cierre\/","title":{"rendered":"VenaSeal cierre"},"content":{"rendered":"<p>[et_pb_section fb_built=\u00bb1&#8243; admin_label=\u00bbSection\u00bb _builder_version=\u00bb4.16&#8243; global_colors_info=\u00bb{}\u00bb][et_pb_row _builder_version=\u00bb4.16&#8243; background_size=\u00bbinitial\u00bb background_position=\u00bbtop_left\u00bb background_repeat=\u00bbrepeat\u00bb global_colors_info=\u00bb{}\u00bb][et_pb_column type=\u00bb4_4&#8243; _builder_version=\u00bb4.16&#8243; custom_padding=\u00bb|||\u00bb global_colors_info=\u00bb{}\u00bb custom_padding__hover=\u00bb|||\u00bb][et_pb_text _builder_version=\u00bb4.22.2&#8243; hover_enabled=\u00bb0&#8243; z_index_tablet=\u00bb500&#8243; global_colors_info=\u00bb{}\u00bb sticky_enabled=\u00bb0&#8243;]<\/p>\n<h1 style=\"text-align: center;\">VenaSeal cierre<\/h1>\n<p>[\/et_pb_text][\/et_pb_column][\/et_pb_row][et_pb_row _builder_version=\u00bb4.16&#8243; background_size=\u00bbinitial\u00bb background_position=\u00bbtop_left\u00bb background_repeat=\u00bbrepeat\u00bb global_colors_info=\u00bb{}\u00bb column_structure=\u00bb1_2,1_2&#8243;][et_pb_column type=\u00bb1_2&#8243; _builder_version=\u00bb4.16&#8243; custom_padding=\u00bb|||\u00bb global_colors_info=\u00bb{}\u00bb custom_padding__hover=\u00bb|||\u00bb][et_pb_text _builder_version=\u00bb4.22.2&#8243; hover_enabled=\u00bb0&#8243; z_index_tablet=\u00bb500&#8243; global_colors_info=\u00bb{}\u00bb sticky_enabled=\u00bb0&#8243;]<\/p>\n<p>Cierre VenaSeal es uno de los \u00faltimos avances para el tratamiento de las <a href=\"https:\/\/dev.sfveincenter.com\/es\/tratamiento-de-venas-varicosas-varices\/\">venas varicosas<\/a>. Este dispositivo, que obtuvo la aprobaci\u00f3n de la FDA en 2015, utiliza un adhesivo m\u00e9dico avanzado (cianoacrilato) para cerrar la vena saphenosa mayor o menor. Esencialmente, el resultado final del cierre de VenaSeal es exactamente el mismo que la <a href=\"https:\/\/dev.sfveincenter.com\/es\/ablacion-por-radiofrecuencia-rfa\/\">ablaci\u00f3n por radiofrecuencia<\/a> o la ablaci\u00f3n l\u00e1ser.<\/p>\n<p>[\/et_pb_text][\/et_pb_column][et_pb_column type=\u00bb1_2&#8243; _builder_version=\u00bb4.16&#8243; custom_padding=\u00bb|||\u00bb global_colors_info=\u00bb{}\u00bb custom_padding__hover=\u00bb|||\u00bb][et_pb_text admin_label=\u00bbText\u00bb _builder_version=\u00bb4.16&#8243; z_index_tablet=\u00bb500&#8243; box_shadow_horizontal_tablet=\u00bb0px\u00bb box_shadow_vertical_tablet=\u00bb0px\u00bb box_shadow_blur_tablet=\u00bb40px\u00bb box_shadow_spread_tablet=\u00bb0px\u00bb global_colors_info=\u00bb{}\u00bb]<\/p>\n<p><iframe src=\"https:\/\/www.youtube.com\/embed\/8ap9XOV-GKg?rel=0;start=10&amp;end=130\" allowfullscreen=\"allowfullscreen\"><\/iframe><\/p>\n<p>[\/et_pb_text][\/et_pb_column][\/et_pb_row][et_pb_row _builder_version=\u00bb4.16&#8243; background_size=\u00bbinitial\u00bb background_position=\u00bbtop_left\u00bb background_repeat=\u00bbrepeat\u00bb global_colors_info=\u00bb{}\u00bb][et_pb_column type=\u00bb4_4&#8243; _builder_version=\u00bb4.16&#8243; custom_padding=\u00bb|||\u00bb global_colors_info=\u00bb{}\u00bb custom_padding__hover=\u00bb|||\u00bb][et_pb_text admin_label=\u00bbText\u00bb _builder_version=\u00bb4.16&#8243; z_index_tablet=\u00bb500&#8243; global_colors_info=\u00bb{}\u00bb]<\/p>\n<h2>\u00bfEn qu\u00e9 se diferencia el cierre de Venaseal?<\/h2>\n<p>La principal diferencia con el procedimiento de cierre VenaSeal es que no requiere el uso de anestesia tumescente para realizar el procedimiento en las venas. En la ablaci\u00f3n por radiofrecuencia y la ablaci\u00f3n por l\u00e1ser, se genera calor y, por lo tanto, sin anestesia, estos procedimientos ser\u00edan dolorosos. Por lo tanto, durante los tratamientos de ablaci\u00f3n con l\u00e1ser y radiofrecuencia, el <a href=\"https:\/\/dev.sfveincenter.com\/es\/cirujano-vascular-doctor-aquino\/\">m\u00e9dico de venas<\/a> tiene que inyectar una anestesia local d\u00e9bil alrededor de toda la longitud de la vena tratada. Esta parte del procedimiento de cierre de Venaseal implica varias inyecciones de aguja, y un poco de presi\u00f3n.<\/p>\n<p>[\/et_pb_text][\/et_pb_column][\/et_pb_row][et_pb_row _builder_version=\u00bb4.16&#8243; background_size=\u00bbinitial\u00bb background_position=\u00bbtop_left\u00bb background_repeat=\u00bbrepeat\u00bb global_colors_info=\u00bb{}\u00bb][et_pb_column type=\u00bb4_4&#8243; _builder_version=\u00bb4.16&#8243; custom_padding=\u00bb|||\u00bb global_colors_info=\u00bb{}\u00bb custom_padding__hover=\u00bb|||\u00bb][et_pb_text _builder_version=\u00bb4.16&#8243; z_index_tablet=\u00bb500&#8243; global_colors_info=\u00bb{}\u00bb]<\/p>\n<p>Por otro lado, el procedimiento de cierre VenaSeal utiliza un adhesivo m\u00e9dico para sellar la vena. A diferencia de la ablaci\u00f3n por radiofrecuencia o la <strong>ablaci\u00f3n por l\u00e1ser<\/strong>, la inyecci\u00f3n del adhesivo no duele, y por lo tanto no requiere anestesia tumescente para el tratamiento. Esto acorta el tiempo de tratamiento, y disminuye el dolor del procedimiento.<\/p>\n<h2>Candidatos<\/h2>\n<p>El cierre VenaSeal es una excelente opci\u00f3n para los pacientes que temen las agujas y las inyecciones. Tambi\u00e9n es importante que la aseguradora del paciente apruebe VenaSeal. Hasta ahora, la mayor\u00eda de las compa\u00f1\u00edas de seguros han aceptado esto como una alternativa v\u00e1lida para el cierre de venas, pero algunos todav\u00eda est\u00e1n indeciso para pagar la etiqueta de precio m\u00e1s alto para esta nueva tecnolog\u00eda.<\/p>\n<p>Los candidatos a VenaSeal no son diferentes a los candidatos que recibir\u00e1n cualquier otra forma de procedimiento de cierre de venas. Necesitan una ecograf\u00eda para determinar que de hecho tienen insuficiencia venosa.<\/p>\n<h2>Recuperaci\u00f3n<\/h2>\n<p>La recuperaci\u00f3n del procedimiento VenaSeal es similar a la ablaci\u00f3n por radiofrecuencia o ablaci\u00f3n l\u00e1ser, con casi todos los pacientes que regresan inmediatamente a sus actividades normales, y a las actividades extenuantes dentro de varios d\u00edas.<\/p>\n<h2>Riesgos y efectos secundarios<\/h2>\n<p>VenaSeal puede tener los mismos riesgos que la ablaci\u00f3n por radiofrecuencia o la ablaci\u00f3n por l\u00e1ser. Estos incluyen sangrado, hematomas, trombosis venosa profunda, lesi\u00f3n en la vena, o ruptura, hiperpigmentaci\u00f3n, o fracaso de la vena para sellar.<\/p>\n<p>Sin embargo, VenaSeal plantea un riesgo de 5 reacciones al\u00e9rgicas a los cianoacrilatos, como urticaria, asma, fiebre del heno y shock anafil\u00e1ctico. Estos se tratan t\u00edpicamente con agentes como Benadryl o esteroides orales, y por lo general no son severos. Los pacientes con alergias conocidas a cianoacrilatos no deben tener este procedimiento.<\/p>\n<p>Adem\u00e1s, a diferencia de la ablaci\u00f3n por l\u00e1ser o RFA, VenaSeal tiene el potencial de embolizaci\u00f3n (una pieza del pegamento que se rompe y migra al sistema venoso), aunque esto es extremadamente raro. El pegamento tambi\u00e9n puede causar problemas en el lugar de la inyecci\u00f3n, aunque esto tambi\u00e9n es bastante raro.<\/p>\n<h2>Tasa de \u00e9xito<\/h2>\n<p>El procedimiento VenaSeal recibi\u00f3 la aprobaci\u00f3n de la FDA en febrero de 2015. Se han realizado varios estudios con el fin de validar su eficacia, y en este punto la mayor\u00eda de los estudios fueron dise\u00f1ados para mostrar la no inferioridad (no necesariamente superioridad) en comparaci\u00f3n con los tratamientos tradicionales. En este punto, los datos muestran que este procedimiento es al menos equivalente en t\u00e9rminos de seguridad y eficacia, a los tratamientos tradicionales de RFA o ablaci\u00f3n por l\u00e1ser<\/p>\n<p>[\/et_pb_text][\/et_pb_column][\/et_pb_row][\/et_pb_section]<\/p>\n","protected":false},"excerpt":{"rendered":"<p>VenaSeal cierreCierre VenaSeal es uno de los \u00faltimos avances para el tratamiento de las venas varicosas. Este dispositivo, que obtuvo la aprobaci\u00f3n de la FDA en 2015, utiliza un adhesivo m\u00e9dico avanzado (cianoacrilato) para cerrar la vena saphenosa mayor o menor. Esencialmente, el resultado final del cierre de VenaSeal es exactamente el mismo que la [&hellip;]<\/p>\n","protected":false},"author":5,"featured_media":0,"parent":0,"menu_order":0,"comment_status":"closed","ping_status":"closed","template":"","meta":{"_et_pb_use_builder":"on","_et_pb_old_content":"","_et_gb_content_width":"","footnotes":""},"class_list":["post-5035","page","type-page","status-publish","hentry"],"yoast_head":"<!-- This site is optimized with the Yoast SEO Premium plugin v23.9 (Yoast SEO v26.8) - https:\/\/yoast.com\/product\/yoast-seo-premium-wordpress\/ -->\n<title>Cierre de Venaseal ? Tratamiento de las venas varicosas Venas da\u00f1adas<\/title>\n<meta name=\"description\" content=\"El tratamiento VenaSeal es el avance m\u00e1s moderno para las venas varicosas. Utiliza adhesivo-no tumescente y sin cat\u00e9ter t\u00e9rmico.\" \/>\n<meta name=\"robots\" content=\"noindex, follow, max-snippet:-1, max-image-preview:large, max-video-preview:-1\" \/>\n<meta property=\"og:locale\" content=\"es_ES\" \/>\n<meta property=\"og:type\" content=\"article\" \/>\n<meta property=\"og:title\" content=\"VenaSeal cierre\" \/>\n<meta property=\"og:description\" content=\"El tratamiento VenaSeal es el avance m\u00e1s moderno para las venas varicosas. Utiliza adhesivo-no tumescente y sin cat\u00e9ter t\u00e9rmico.\" \/>\n<meta property=\"og:url\" content=\"https:\/\/dev.sfveincenter.com\/es\/venaseal-cierre\/\" \/>\n<meta property=\"og:site_name\" content=\"San Francisco Vein Doctor | Varicose &amp; Spider Vein Treatment\" \/>\n<meta property=\"article:publisher\" content=\"https:\/\/www.facebook.com\/sfveincenter\" \/>\n<meta property=\"article:modified_time\" content=\"2024-04-26T05:12:45+00:00\" \/>\n<meta name=\"twitter:card\" content=\"summary_large_image\" \/>\n<meta name=\"twitter:site\" content=\"@sfveincenter\" \/>\n<meta name=\"twitter:label1\" content=\"Tiempo de lectura\" \/>\n\t<meta name=\"twitter:data1\" content=\"5 minutos\" \/>\n<script type=\"application\/ld+json\" class=\"yoast-schema-graph\">{\"@context\":\"https:\/\/schema.org\",\"@graph\":[{\"@type\":\"WebPage\",\"@id\":\"https:\/\/dev.sfveincenter.com\/es\/venaseal-cierre\/\",\"url\":\"https:\/\/dev.sfveincenter.com\/es\/venaseal-cierre\/\",\"name\":\"Cierre de Venaseal ? Tratamiento de las venas varicosas Venas da\u00f1adas\",\"isPartOf\":{\"@id\":\"https:\/\/dev.sfveincenter.com\/es\/#website\"},\"datePublished\":\"2019-05-05T00:30:38+00:00\",\"dateModified\":\"2024-04-26T05:12:45+00:00\",\"description\":\"El tratamiento VenaSeal es el avance m\u00e1s moderno para las venas varicosas. Utiliza adhesivo-no tumescente y sin cat\u00e9ter t\u00e9rmico.\",\"breadcrumb\":{\"@id\":\"https:\/\/dev.sfveincenter.com\/es\/venaseal-cierre\/#breadcrumb\"},\"inLanguage\":\"es\",\"potentialAction\":[{\"@type\":\"ReadAction\",\"target\":[\"https:\/\/dev.sfveincenter.com\/es\/venaseal-cierre\/\"]}]},{\"@type\":\"BreadcrumbList\",\"@id\":\"https:\/\/dev.sfveincenter.com\/es\/venaseal-cierre\/#breadcrumb\",\"itemListElement\":[{\"@type\":\"ListItem\",\"position\":1,\"name\":\"Home\",\"item\":\"https:\/\/dev.sfveincenter.com\/es\/inicio-2\/\"},{\"@type\":\"ListItem\",\"position\":2,\"name\":\"VenaSeal cierre\"}]},{\"@type\":\"WebSite\",\"@id\":\"https:\/\/dev.sfveincenter.com\/es\/#website\",\"url\":\"https:\/\/dev.sfveincenter.com\/es\/\",\"name\":\"San Francisco Vein Doctor | Varicose &amp; Spider Vein Treatment\",\"description\":\"\",\"publisher\":{\"@id\":\"https:\/\/dev.sfveincenter.com\/es\/#organization\"},\"potentialAction\":[{\"@type\":\"SearchAction\",\"target\":{\"@type\":\"EntryPoint\",\"urlTemplate\":\"https:\/\/dev.sfveincenter.com\/es\/?s={search_term_string}\"},\"query-input\":{\"@type\":\"PropertyValueSpecification\",\"valueRequired\":true,\"valueName\":\"search_term_string\"}}],\"inLanguage\":\"es\"},{\"@type\":\"Organization\",\"@id\":\"https:\/\/dev.sfveincenter.com\/es\/#organization\",\"name\":\"San Francisco Vein Center - Melinda L Aquino MD\",\"url\":\"https:\/\/dev.sfveincenter.com\/es\/\",\"logo\":{\"@type\":\"ImageObject\",\"inLanguage\":\"es\",\"@id\":\"https:\/\/dev.sfveincenter.com\/es\/#\/schema\/logo\/image\/\",\"url\":\"https:\/\/dev.sfveincenter.com\/wp-content\/uploads\/2021\/02\/cropped-favicon-512x512-1-1.png\",\"contentUrl\":\"https:\/\/dev.sfveincenter.com\/wp-content\/uploads\/2021\/02\/cropped-favicon-512x512-1-1.png\",\"width\":512,\"height\":512,\"caption\":\"San Francisco Vein Center - Melinda L Aquino MD\"},\"image\":{\"@id\":\"https:\/\/dev.sfveincenter.com\/es\/#\/schema\/logo\/image\/\"},\"sameAs\":[\"https:\/\/www.facebook.com\/sfveincenter\",\"https:\/\/x.com\/sfveincenter\",\"https:\/\/www.youtube.com\/channel\/UCH75q26Kq5lThH_Xptt8imQ\",\"https:\/\/x.com\/SFVeinCenter\"]}]}<\/script>\n<!-- \/ Yoast SEO Premium plugin. -->","yoast_head_json":{"title":"Cierre de Venaseal ? Tratamiento de las venas varicosas Venas da\u00f1adas","description":"El tratamiento VenaSeal es el avance m\u00e1s moderno para las venas varicosas. Utiliza adhesivo-no tumescente y sin cat\u00e9ter t\u00e9rmico.","robots":{"index":"noindex","follow":"follow","max-snippet":"max-snippet:-1","max-image-preview":"max-image-preview:large","max-video-preview":"max-video-preview:-1"},"og_locale":"es_ES","og_type":"article","og_title":"VenaSeal cierre","og_description":"El tratamiento VenaSeal es el avance m\u00e1s moderno para las venas varicosas. Utiliza adhesivo-no tumescente y sin cat\u00e9ter t\u00e9rmico.","og_url":"https:\/\/dev.sfveincenter.com\/es\/venaseal-cierre\/","og_site_name":"San Francisco Vein Doctor | Varicose &amp; Spider Vein Treatment","article_publisher":"https:\/\/www.facebook.com\/sfveincenter","article_modified_time":"2024-04-26T05:12:45+00:00","twitter_card":"summary_large_image","twitter_site":"@sfveincenter","twitter_misc":{"Tiempo de lectura":"5 minutos"},"schema":{"@context":"https:\/\/schema.org","@graph":[{"@type":"WebPage","@id":"https:\/\/dev.sfveincenter.com\/es\/venaseal-cierre\/","url":"https:\/\/dev.sfveincenter.com\/es\/venaseal-cierre\/","name":"Cierre de Venaseal ? Tratamiento de las venas varicosas Venas da\u00f1adas","isPartOf":{"@id":"https:\/\/dev.sfveincenter.com\/es\/#website"},"datePublished":"2019-05-05T00:30:38+00:00","dateModified":"2024-04-26T05:12:45+00:00","description":"El tratamiento VenaSeal es el avance m\u00e1s moderno para las venas varicosas. Utiliza adhesivo-no tumescente y sin cat\u00e9ter t\u00e9rmico.","breadcrumb":{"@id":"https:\/\/dev.sfveincenter.com\/es\/venaseal-cierre\/#breadcrumb"},"inLanguage":"es","potentialAction":[{"@type":"ReadAction","target":["https:\/\/dev.sfveincenter.com\/es\/venaseal-cierre\/"]}]},{"@type":"BreadcrumbList","@id":"https:\/\/dev.sfveincenter.com\/es\/venaseal-cierre\/#breadcrumb","itemListElement":[{"@type":"ListItem","position":1,"name":"Home","item":"https:\/\/dev.sfveincenter.com\/es\/inicio-2\/"},{"@type":"ListItem","position":2,"name":"VenaSeal cierre"}]},{"@type":"WebSite","@id":"https:\/\/dev.sfveincenter.com\/es\/#website","url":"https:\/\/dev.sfveincenter.com\/es\/","name":"San Francisco Vein Doctor | Varicose &amp; Spider Vein Treatment","description":"","publisher":{"@id":"https:\/\/dev.sfveincenter.com\/es\/#organization"},"potentialAction":[{"@type":"SearchAction","target":{"@type":"EntryPoint","urlTemplate":"https:\/\/dev.sfveincenter.com\/es\/?s={search_term_string}"},"query-input":{"@type":"PropertyValueSpecification","valueRequired":true,"valueName":"search_term_string"}}],"inLanguage":"es"},{"@type":"Organization","@id":"https:\/\/dev.sfveincenter.com\/es\/#organization","name":"San Francisco Vein Center - Melinda L Aquino MD","url":"https:\/\/dev.sfveincenter.com\/es\/","logo":{"@type":"ImageObject","inLanguage":"es","@id":"https:\/\/dev.sfveincenter.com\/es\/#\/schema\/logo\/image\/","url":"https:\/\/dev.sfveincenter.com\/wp-content\/uploads\/2021\/02\/cropped-favicon-512x512-1-1.png","contentUrl":"https:\/\/dev.sfveincenter.com\/wp-content\/uploads\/2021\/02\/cropped-favicon-512x512-1-1.png","width":512,"height":512,"caption":"San Francisco Vein Center - Melinda L Aquino MD"},"image":{"@id":"https:\/\/dev.sfveincenter.com\/es\/#\/schema\/logo\/image\/"},"sameAs":["https:\/\/www.facebook.com\/sfveincenter","https:\/\/x.com\/sfveincenter","https:\/\/www.youtube.com\/channel\/UCH75q26Kq5lThH_Xptt8imQ","https:\/\/x.com\/SFVeinCenter"]}]}},"_links":{"self":[{"href":"https:\/\/dev.sfveincenter.com\/es\/wp-json\/wp\/v2\/pages\/5035","targetHints":{"allow":["GET"]}}],"collection":[{"href":"https:\/\/dev.sfveincenter.com\/es\/wp-json\/wp\/v2\/pages"}],"about":[{"href":"https:\/\/dev.sfveincenter.com\/es\/wp-json\/wp\/v2\/types\/page"}],"author":[{"embeddable":true,"href":"https:\/\/dev.sfveincenter.com\/es\/wp-json\/wp\/v2\/users\/5"}],"replies":[{"embeddable":true,"href":"https:\/\/dev.sfveincenter.com\/es\/wp-json\/wp\/v2\/comments?post=5035"}],"version-history":[{"count":0,"href":"https:\/\/dev.sfveincenter.com\/es\/wp-json\/wp\/v2\/pages\/5035\/revisions"}],"wp:attachment":[{"href":"https:\/\/dev.sfveincenter.com\/es\/wp-json\/wp\/v2\/media?parent=5035"}],"curies":[{"name":"wp","href":"https:\/\/api.w.org\/{rel}","templated":true}]}}