{"id":5368,"date":"2019-09-29T15:31:58","date_gmt":"2019-09-29T22:31:58","guid":{"rendered":"https:\/\/dev.sfveincenter.com\/politica-de-privacidad-del-sitio-web\/"},"modified":"2024-04-25T22:13:02","modified_gmt":"2024-04-26T05:13:02","slug":"politica-de-privacidad-del-sitio-web","status":"publish","type":"page","link":"https:\/\/dev.sfveincenter.com\/es\/politica-de-privacidad-del-sitio-web\/","title":{"rendered":"Pol\u00edtica de privacidad del sitio web"},"content":{"rendered":"<p>Fecha de entrada en vigor: 29 de septiembre de 2019<\/p>\n<p>San Francisco Vein Center (\u00abnosotros\u00bb, \u00abnosotros\u00bb o \u00abnuestro\u00bb) opera el sitio web de https:\/\/dev.sfveincenter.com (en adelante, el \u00abServicio\u00bb).<\/p>\n<p>Esta p\u00e1gina le informa de nuestras pol\u00edticas con respecto a la recopilaci\u00f3n, uso y divulgaci\u00f3n de datos personales cuando utiliza nuestro Servicio y las opciones que ha asociado con esos datos.<\/p>\n<p>Utilizamos sus datos para proporcionar y mejorar el Servicio. Al utilizar el Servicio, usted acepta la recopilaci\u00f3n y el uso de la informaci\u00f3n de acuerdo con esta pol\u00edtica. A menos que se defina lo contrario en esta Pol\u00edtica de Privacidad, los t\u00e9rminos utilizados en esta Pol\u00edtica de Privacidad tienen el mismo significado que en nuestros T\u00e9rminos y Condiciones, accesibles desde https:\/\/dev.sfveincenter.com<\/p>\n<h2>Definiciones<\/h2>\n<ul>\n<li><strong>Servicio<\/strong> El servicio es el sitio web de https:\/\/dev.sfveincenter.com operado por San Francisco Vein Center<\/li>\n<li><strong>Datos personales<\/strong> Datos personales se refiere a datos sobre una persona viva que puede ser identificada a partir de esos datos (o de aquellos y otra informaci\u00f3n ya sea en nuestra posesi\u00f3n o que es probable que entre en nuestra posesi\u00f3n).<\/li>\n<li><strong>Datos de uso<\/strong> Los datos de uso son datos recopilados autom\u00e1ticamente ya sea generados por el uso del Servicio o desde la propia infraestructura del Servicio (por ejemplo, la duraci\u00f3n de una visita a la p\u00e1gina).<\/li>\n<li><strong>Galletas<\/strong> Las cookies son peque\u00f1os archivos almacenados en su dispositivo (ordenador o dispositivo m\u00f3vil).<\/li>\n<\/ul>\n<h2>Recopilaci\u00f3n y uso de informaci\u00f3n<\/h2>\n<p>Recopilamos varios tipos diferentes de informaci\u00f3n para diversos prop\u00f3sitos para proporcionarle y mejorar nuestro Servicio.<\/p>\n<h3>Tipos de datos recopilados<\/h3>\n<h4>Datos personales<\/h4>\n<p>Al utilizar nuestro Servicio, es posible que le pidamos que nos proporcione cierta informaci\u00f3n de identificaci\u00f3n personal que se puede utilizar para ponerse en contacto con usted o identificarlo (\u00abDatos personales\u00bb). La informaci\u00f3n de identificaci\u00f3n personal puede incluir, pero no se limita a:<\/p>\n<ul>\n<li>Direcci\u00f3n de correo electr\u00f3nico<\/li>\n<li>Nombre y apellido<\/li>\n<li>N\u00famero de tel\u00e9fono<\/li>\n<li>Direcci\u00f3n, Estado, Provincia, C\u00f3digo postal, Ciudad<\/li>\n<li>Cookies y datos de uso<\/li>\n<\/ul>\n<h4>Datos de uso<\/h4>\n<p>Tambi\u00e9n podemos recopilar informaci\u00f3n sobre c\u00f3mo se accede y se utiliza el Servicio (\u00abDatos de uso\u00bb). Estos Datos de Uso pueden incluir informaci\u00f3n como la direcci\u00f3n del Protocolo de Internet de su computadora (por ejemplo, direcci\u00f3n IP), tipo de navegador, versi\u00f3n del navegador, las p\u00e1ginas de nuestro Servicio que visita, la hora y fecha de su visita, el tiempo invertido en esas p\u00e1ginas, el dispositivo \u00fanico identificadores y otros datos de diagn\u00f3stico.<\/p>\n<h4>Datos de seguimiento y cookies<\/h4>\n<p>Utilizamos cookies y tecnolog\u00edas de seguimiento similares para realizar un seguimiento de la actividad en nuestro Servicio y contamos con cierta informaci\u00f3n.<\/p>\n<p>Las cookies son archivos con una peque\u00f1a cantidad de datos que pueden incluir un identificador \u00fanico an\u00f3nimo. Las cookies se env\u00edan a su navegador desde un sitio web y se almacenan en su dispositivo. Tambi\u00e9n se utilizan otras tecnolog\u00edas de seguimiento, como balizas, etiquetas y scripts, para recopilar y realizar un seguimiento de la informaci\u00f3n y para mejorar y analizar nuestro Servicio.<\/p>\n<p>Puede indicar a su navegador que rechace todas las cookies o que indique cu\u00e1ndo se env\u00eda una cookie. Sin embargo, si no acepta las cookies, es posible que no pueda utilizar algunas partes de nuestro Servicio.<\/p>\n<p>Ejemplos de Cookies que utilizamos:<\/p>\n<ul>\n<li><strong>Cookies de sesi\u00f3n.<\/strong> Utilizamos cookies de sesi\u00f3n para operar nuestro Servicio.<\/li>\n<li><strong>Cookies de preferencia.<\/strong> Utilizamos cookies de preferencias para recordar sus preferencias y varios ajustes.<\/li>\n<li><strong>Cookies de seguridad.<\/strong> Utilizamos cookies de seguridad por motivos de seguridad.<\/li>\n<\/ul>\n<h2>Uso de datos<\/h2>\n<p>San Francisco Vein Center utiliza los datos recopilados para diversos fines:<\/p>\n<ul>\n<li>Proporcionar y mantener nuestro Servicio<\/li>\n<li>Para permitirle participar en funciones interactivas de nuestro Servicio cuando lo decida<\/li>\n<li>Recopilar an\u00e1lisis o informaci\u00f3n valiosa para que podamos mejorar nuestro Servicio<\/li>\n<li>Para supervisar el uso de nuestro Servicio<\/li>\n<li>Detectar, prevenir y abordar problemas t\u00e9cnicos<\/li>\n<\/ul>\n<h2>Transferencia de Datos<\/h2>\n<p>Su informaci\u00f3n, incluidos los Datos personales, puede transferirse y mantenerse en equipos ubicados fuera de su estado, provincia, pa\u00eds u otra jurisdicci\u00f3n gubernamental donde las leyes de protecci\u00f3n de datos pueden diferir de las de su jurisdicci\u00f3n.<\/p>\n<p>Si se encuentra fuera de Estados Unidos y decide proporcionarnos informaci\u00f3n, tenga en cuenta que transferimos los datos, incluidos los datos personales, a Estados Unidos y los procesamos all\u00ed.<\/p>\n<p>Su consentimiento a esta Pol\u00edtica de Privacidad seguido de su env\u00edo de dicha informaci\u00f3n representa su aceptaci\u00f3n de dicha transferencia.<\/p>\n<p>San Francisco Vein Center tomar\u00e1 todas las medidas razonablemente necesarias para garantizar que sus datos sean tratados de forma segura y de acuerdo con esta Pol\u00edtica de Privacidad y no se realizar\u00e1 ninguna transferencia de sus Datos Personales a una organizaci\u00f3n o a un pa\u00eds a menos que haya controles en su lugar, incluida la seguridad de sus datos y otra informaci\u00f3n personal.<\/p>\n<h2>Divulgaci\u00f3n de datos<\/h2>\n<h3>Requisitos legales<\/h3>\n<p>San Francisco Vein Center puede divulgar sus Datos personales en la creencia de buena fe de que dicha acci\u00f3n es necesaria para:<\/p>\n<ul>\n<li>Para cumplir con una obligaci\u00f3n legal<\/li>\n<li>Proteger y defender los derechos o la propiedad del San Francisco Vein Center<\/li>\n<li>Para prevenir o investigar posibles irregularidades en relaci\u00f3n con el Servicio<\/li>\n<li>Proteger la seguridad personal de los usuarios del Servicio o del p\u00fablico<\/li>\n<li>Para protegerse contra la responsabilidad legal<\/li>\n<\/ul>\n<h2>Seguridad de los datos<\/h2>\n<p>La seguridad de sus datos es importante para nosotros, pero recuerde que ning\u00fan m\u00e9todo de transmisi\u00f3n a trav\u00e9s de Internet o m\u00e9todo de almacenamiento electr\u00f3nico es 100 seguro. Aunque nos esforzamos por utilizar medios comercialmente aceptables para proteger sus Datos personales, no podemos garantizar su seguridad absoluta.<\/p>\n<h2>Proveedores de servicios<\/h2>\n<p>Podemos emplear a terceras empresas e individuos para facilitar nuestro Servicio (\u00abProveedores de Servicios\u00bb), proporcionar el Servicio en nuestro nombre, realizar servicios relacionados con el Servicio o ayudarnos a analizar c\u00f3mo se utiliza nuestro Servicio.<\/p>\n<p>Estos terceros tienen acceso a sus Datos personales \u00fanicamente para realizar estas tareas en nuestro nombre y est\u00e1n obligados a no divulgarlos ni utilizarlos para ning\u00fan otro prop\u00f3sito.<\/p>\n<h3>Pagos<\/h3>\n<p>Podemos proporcionar productos y\/o servicios de pago dentro del Servicio. En ese caso, utilizamos servicios de terceros para el procesamiento de pagos (por ejemplo, procesadores de pagos).<\/p>\n<p>No almacenaremos ni recopilaremos los datos de su tarjeta de pago. Dicha informaci\u00f3n se proporciona directamente a nuestros procesadores de pagos externos cuyo uso de su informaci\u00f3n personal se rige por su Pol\u00edtica de privacidad. Estos procesadores de pago se adhieren a los est\u00e1ndares establecidos por PCI-DSS gestionados por el PCI Security Standards Council, que es un esfuerzo conjunto de marcas como Visa, MasterCard, American<br \/>\nExpresar y descubrir. Los requisitos de PCI-DSS ayudan a garantizar el manejo seguro de la informaci\u00f3n de pago.<\/p>\n<p>Los procesadores de pago con los que trabajamos son:<\/p>\n<ul>\n<li><strong>Authorize.net<\/strong> Su pol\u00edtica de privacidad se puede ver en <a href=\"https:\/\/www.authorize.net\/company\/privacy\/\">https:\/\/www.authorize.net\/company\/privacy\/<\/a><\/li>\n<\/ul>\n<h2>Enlaces a otros sitios<\/h2>\n<p>Nuestro Servicio puede contener enlaces a otros sitios que no son operados por nosotros. Si hace clic en un enlace de terceros, se le dirigir\u00e1 al sitio de ese tercero. Le recomendamos encarecidamente que revise la Pol\u00edtica de privacidad de cada sitio que visite.<\/p>\n<p>No tenemos control ni asumimos ninguna responsabilidad por el contenido, las pol\u00edticas de privacidad o las pr\u00e1cticas de los sitios o servicios de terceros.<\/p>\n<h2>Privacidad de los ni\u00f1os<\/h2>\n<p>Nuestro Servicio no se dirige a menores de 18 a\u00f1os (\u00abNi\u00f1os\u00bb).<\/p>\n<p>No recopilamos a sabiendas informaci\u00f3n de identificaci\u00f3n personal de ninguna persona menor de 18 a\u00f1os. Si usted es un padre o tutor y es consciente de que su hijo nos ha proporcionado Datos personales, p\u00f3ngase en contacto con nosotros. Si nos damos cuenta de que hemos recopilado Datos personales de ni\u00f1os sin verificaci\u00f3n del consentimiento de los padres, tomamos medidas para eliminar esa informaci\u00f3n de nuestros servidores.<\/p>\n<h2>Cambios en esta Pol\u00edtica de Privacidad<\/h2>\n<p>Podemos actualizar nuestra Pol\u00edtica de privacidad de vez en cuando. Le notificaremos de cualquier cambio publicando la nueva Pol\u00edtica de Privacidad en esta p\u00e1gina.<\/p>\n<p>Le avisaremos por correo electr\u00f3nico y\/o un aviso destacado en nuestro Servicio, antes de que el cambio entre en vigor y actualizaremos la \u00abfecha de vigencia\u00bb en la parte superior de esta Pol\u00edtica de Privacidad.<\/p>\n<p>Se recomienda revisar esta Pol\u00edtica de Privacidad peri\u00f3dicamente para cualquier cambio. Los cambios a esta Pol\u00edtica de Privacidad entran en vigor cuando se publican en esta p\u00e1gina.<\/p>\n<h2>cont\u00e1ctenos<\/h2>\n<p>Si tienes alguna pregunta sobre esta Pol\u00edtica de Privacidad, ponte en contacto con nosotros 415-752-1122.<\/p>\n","protected":false},"excerpt":{"rendered":"<p>Fecha de entrada en vigor: 29 de septiembre de 2019 San Francisco Vein Center (\u00abnosotros\u00bb, \u00abnosotros\u00bb o \u00abnuestro\u00bb) opera el sitio web de https:\/\/dev.sfveincenter.com (en adelante, el \u00abServicio\u00bb). Esta p\u00e1gina le informa de nuestras pol\u00edticas con respecto a la recopilaci\u00f3n, uso y divulgaci\u00f3n de datos personales cuando utiliza nuestro Servicio y las opciones que ha [&hellip;]<\/p>\n","protected":false},"author":5,"featured_media":0,"parent":0,"menu_order":0,"comment_status":"closed","ping_status":"closed","template":"","meta":{"_et_pb_use_builder":"","_et_pb_old_content":"","_et_gb_content_width":"","footnotes":""},"class_list":["post-5368","page","type-page","status-publish","hentry"],"yoast_head":"<!-- This site is optimized with the Yoast SEO Premium plugin v23.9 (Yoast SEO v26.8) - https:\/\/yoast.com\/product\/yoast-seo-premium-wordpress\/ -->\n<title>Centro de venas de San Francisco | Pol\u00edtica de privacidad del sitio web<\/title>\n<meta name=\"description\" content=\"Esta p\u00e1gina le informa de nuestras pol\u00edticas con respecto a la recopilaci\u00f3n, uso y divulgaci\u00f3n de datos personales cuando utiliza nuestro Servicio.\" \/>\n<meta name=\"robots\" content=\"noindex, follow, max-snippet:-1, max-image-preview:large, max-video-preview:-1\" \/>\n<meta property=\"og:locale\" content=\"es_ES\" \/>\n<meta property=\"og:type\" content=\"article\" \/>\n<meta property=\"og:title\" content=\"Pol\u00edtica de privacidad del sitio web\" \/>\n<meta property=\"og:description\" content=\"Esta p\u00e1gina le informa de nuestras pol\u00edticas con respecto a la recopilaci\u00f3n, uso y divulgaci\u00f3n de datos personales cuando utiliza nuestro Servicio.\" \/>\n<meta property=\"og:url\" content=\"https:\/\/dev.sfveincenter.com\/es\/politica-de-privacidad-del-sitio-web\/\" \/>\n<meta property=\"og:site_name\" content=\"San Francisco Vein Doctor | Varicose &amp; Spider Vein Treatment\" \/>\n<meta property=\"article:publisher\" content=\"https:\/\/www.facebook.com\/sfveincenter\" \/>\n<meta property=\"article:modified_time\" content=\"2024-04-26T05:13:02+00:00\" \/>\n<meta name=\"twitter:card\" content=\"summary_large_image\" \/>\n<meta name=\"twitter:site\" content=\"@sfveincenter\" \/>\n<meta name=\"twitter:label1\" content=\"Tiempo de lectura\" \/>\n\t<meta name=\"twitter:data1\" content=\"7 minutos\" \/>\n<script type=\"application\/ld+json\" class=\"yoast-schema-graph\">{\"@context\":\"https:\/\/schema.org\",\"@graph\":[{\"@type\":\"WebPage\",\"@id\":\"https:\/\/dev.sfveincenter.com\/es\/politica-de-privacidad-del-sitio-web\/\",\"url\":\"https:\/\/dev.sfveincenter.com\/es\/politica-de-privacidad-del-sitio-web\/\",\"name\":\"Centro de venas de San Francisco | Pol\u00edtica de privacidad del sitio web\",\"isPartOf\":{\"@id\":\"https:\/\/dev.sfveincenter.com\/es\/#website\"},\"datePublished\":\"2019-09-29T22:31:58+00:00\",\"dateModified\":\"2024-04-26T05:13:02+00:00\",\"description\":\"Esta p\u00e1gina le informa de nuestras pol\u00edticas con respecto a la recopilaci\u00f3n, uso y divulgaci\u00f3n de datos personales cuando utiliza nuestro Servicio.\",\"breadcrumb\":{\"@id\":\"https:\/\/dev.sfveincenter.com\/es\/politica-de-privacidad-del-sitio-web\/#breadcrumb\"},\"inLanguage\":\"es\",\"potentialAction\":[{\"@type\":\"ReadAction\",\"target\":[\"https:\/\/dev.sfveincenter.com\/es\/politica-de-privacidad-del-sitio-web\/\"]}]},{\"@type\":\"BreadcrumbList\",\"@id\":\"https:\/\/dev.sfveincenter.com\/es\/politica-de-privacidad-del-sitio-web\/#breadcrumb\",\"itemListElement\":[{\"@type\":\"ListItem\",\"position\":1,\"name\":\"Home\",\"item\":\"https:\/\/dev.sfveincenter.com\/es\/inicio-2\/\"},{\"@type\":\"ListItem\",\"position\":2,\"name\":\"Pol\u00edtica de privacidad del sitio web\"}]},{\"@type\":\"WebSite\",\"@id\":\"https:\/\/dev.sfveincenter.com\/es\/#website\",\"url\":\"https:\/\/dev.sfveincenter.com\/es\/\",\"name\":\"San Francisco Vein Doctor | Varicose &amp; Spider Vein Treatment\",\"description\":\"\",\"publisher\":{\"@id\":\"https:\/\/dev.sfveincenter.com\/es\/#organization\"},\"potentialAction\":[{\"@type\":\"SearchAction\",\"target\":{\"@type\":\"EntryPoint\",\"urlTemplate\":\"https:\/\/dev.sfveincenter.com\/es\/?s={search_term_string}\"},\"query-input\":{\"@type\":\"PropertyValueSpecification\",\"valueRequired\":true,\"valueName\":\"search_term_string\"}}],\"inLanguage\":\"es\"},{\"@type\":\"Organization\",\"@id\":\"https:\/\/dev.sfveincenter.com\/es\/#organization\",\"name\":\"San Francisco Vein Center - Melinda L Aquino MD\",\"url\":\"https:\/\/dev.sfveincenter.com\/es\/\",\"logo\":{\"@type\":\"ImageObject\",\"inLanguage\":\"es\",\"@id\":\"https:\/\/dev.sfveincenter.com\/es\/#\/schema\/logo\/image\/\",\"url\":\"https:\/\/dev.sfveincenter.com\/wp-content\/uploads\/2021\/02\/cropped-favicon-512x512-1-1.png\",\"contentUrl\":\"https:\/\/dev.sfveincenter.com\/wp-content\/uploads\/2021\/02\/cropped-favicon-512x512-1-1.png\",\"width\":512,\"height\":512,\"caption\":\"San Francisco Vein Center - Melinda L Aquino MD\"},\"image\":{\"@id\":\"https:\/\/dev.sfveincenter.com\/es\/#\/schema\/logo\/image\/\"},\"sameAs\":[\"https:\/\/www.facebook.com\/sfveincenter\",\"https:\/\/x.com\/sfveincenter\",\"https:\/\/www.youtube.com\/channel\/UCH75q26Kq5lThH_Xptt8imQ\",\"https:\/\/x.com\/SFVeinCenter\"]}]}<\/script>\n<!-- \/ Yoast SEO Premium plugin. -->","yoast_head_json":{"title":"Centro de venas de San Francisco | Pol\u00edtica de privacidad del sitio web","description":"Esta p\u00e1gina le informa de nuestras pol\u00edticas con respecto a la recopilaci\u00f3n, uso y divulgaci\u00f3n de datos personales cuando utiliza nuestro Servicio.","robots":{"index":"noindex","follow":"follow","max-snippet":"max-snippet:-1","max-image-preview":"max-image-preview:large","max-video-preview":"max-video-preview:-1"},"og_locale":"es_ES","og_type":"article","og_title":"Pol\u00edtica de privacidad del sitio web","og_description":"Esta p\u00e1gina le informa de nuestras pol\u00edticas con respecto a la recopilaci\u00f3n, uso y divulgaci\u00f3n de datos personales cuando utiliza nuestro Servicio.","og_url":"https:\/\/dev.sfveincenter.com\/es\/politica-de-privacidad-del-sitio-web\/","og_site_name":"San Francisco Vein Doctor | Varicose &amp; Spider Vein Treatment","article_publisher":"https:\/\/www.facebook.com\/sfveincenter","article_modified_time":"2024-04-26T05:13:02+00:00","twitter_card":"summary_large_image","twitter_site":"@sfveincenter","twitter_misc":{"Tiempo de lectura":"7 minutos"},"schema":{"@context":"https:\/\/schema.org","@graph":[{"@type":"WebPage","@id":"https:\/\/dev.sfveincenter.com\/es\/politica-de-privacidad-del-sitio-web\/","url":"https:\/\/dev.sfveincenter.com\/es\/politica-de-privacidad-del-sitio-web\/","name":"Centro de venas de San Francisco | Pol\u00edtica de privacidad del sitio web","isPartOf":{"@id":"https:\/\/dev.sfveincenter.com\/es\/#website"},"datePublished":"2019-09-29T22:31:58+00:00","dateModified":"2024-04-26T05:13:02+00:00","description":"Esta p\u00e1gina le informa de nuestras pol\u00edticas con respecto a la recopilaci\u00f3n, uso y divulgaci\u00f3n de datos personales cuando utiliza nuestro Servicio.","breadcrumb":{"@id":"https:\/\/dev.sfveincenter.com\/es\/politica-de-privacidad-del-sitio-web\/#breadcrumb"},"inLanguage":"es","potentialAction":[{"@type":"ReadAction","target":["https:\/\/dev.sfveincenter.com\/es\/politica-de-privacidad-del-sitio-web\/"]}]},{"@type":"BreadcrumbList","@id":"https:\/\/dev.sfveincenter.com\/es\/politica-de-privacidad-del-sitio-web\/#breadcrumb","itemListElement":[{"@type":"ListItem","position":1,"name":"Home","item":"https:\/\/dev.sfveincenter.com\/es\/inicio-2\/"},{"@type":"ListItem","position":2,"name":"Pol\u00edtica de privacidad del sitio web"}]},{"@type":"WebSite","@id":"https:\/\/dev.sfveincenter.com\/es\/#website","url":"https:\/\/dev.sfveincenter.com\/es\/","name":"San Francisco Vein Doctor | Varicose &amp; Spider Vein Treatment","description":"","publisher":{"@id":"https:\/\/dev.sfveincenter.com\/es\/#organization"},"potentialAction":[{"@type":"SearchAction","target":{"@type":"EntryPoint","urlTemplate":"https:\/\/dev.sfveincenter.com\/es\/?s={search_term_string}"},"query-input":{"@type":"PropertyValueSpecification","valueRequired":true,"valueName":"search_term_string"}}],"inLanguage":"es"},{"@type":"Organization","@id":"https:\/\/dev.sfveincenter.com\/es\/#organization","name":"San Francisco Vein Center - Melinda L Aquino MD","url":"https:\/\/dev.sfveincenter.com\/es\/","logo":{"@type":"ImageObject","inLanguage":"es","@id":"https:\/\/dev.sfveincenter.com\/es\/#\/schema\/logo\/image\/","url":"https:\/\/dev.sfveincenter.com\/wp-content\/uploads\/2021\/02\/cropped-favicon-512x512-1-1.png","contentUrl":"https:\/\/dev.sfveincenter.com\/wp-content\/uploads\/2021\/02\/cropped-favicon-512x512-1-1.png","width":512,"height":512,"caption":"San Francisco Vein Center - Melinda L Aquino MD"},"image":{"@id":"https:\/\/dev.sfveincenter.com\/es\/#\/schema\/logo\/image\/"},"sameAs":["https:\/\/www.facebook.com\/sfveincenter","https:\/\/x.com\/sfveincenter","https:\/\/www.youtube.com\/channel\/UCH75q26Kq5lThH_Xptt8imQ","https:\/\/x.com\/SFVeinCenter"]}]}},"_links":{"self":[{"href":"https:\/\/dev.sfveincenter.com\/es\/wp-json\/wp\/v2\/pages\/5368","targetHints":{"allow":["GET"]}}],"collection":[{"href":"https:\/\/dev.sfveincenter.com\/es\/wp-json\/wp\/v2\/pages"}],"about":[{"href":"https:\/\/dev.sfveincenter.com\/es\/wp-json\/wp\/v2\/types\/page"}],"author":[{"embeddable":true,"href":"https:\/\/dev.sfveincenter.com\/es\/wp-json\/wp\/v2\/users\/5"}],"replies":[{"embeddable":true,"href":"https:\/\/dev.sfveincenter.com\/es\/wp-json\/wp\/v2\/comments?post=5368"}],"version-history":[{"count":0,"href":"https:\/\/dev.sfveincenter.com\/es\/wp-json\/wp\/v2\/pages\/5368\/revisions"}],"wp:attachment":[{"href":"https:\/\/dev.sfveincenter.com\/es\/wp-json\/wp\/v2\/media?parent=5368"}],"curies":[{"name":"wp","href":"https:\/\/api.w.org\/{rel}","templated":true}]}}