{"id":5371,"date":"2019-09-29T15:35:54","date_gmt":"2019-09-29T22:35:54","guid":{"rendered":"https:\/\/dev.sfveincenter.com\/terminos-de-uso-del-sitio-web\/"},"modified":"2021-02-25T20:40:04","modified_gmt":"2021-02-26T04:40:04","slug":"terminos-de-uso-del-sitio-web","status":"publish","type":"page","link":"https:\/\/dev.sfveincenter.com\/es\/terminos-de-uso-del-sitio-web\/","title":{"rendered":"T\u00e9rminos de uso del sitio web"},"content":{"rendered":"<p>\u00faltima actualizaci\u00f3n: 29 de septiembre de 2019<\/p>\n<p>Lea atentamente estos T\u00e9rminos y Condiciones (\u00abT\u00e9rminos\u00bb, \u00abT\u00e9rminos y Condiciones\u00bb) antes de utilizar el sitio web de https:\/\/dev.sfveincenter.com (el \u00abServicio\u00bb) operado por San Francisco Vein Center &#8211; Melinda L Aquino MD (\u00abnosotros\u00bb, \u00abnosotros\u00bb o \u00abnuestro\u00bb).<\/p>\n<p>Su acceso y uso del Servicio est\u00e1 condicionado a su aceptaci\u00f3n y cumplimiento de estos T\u00e9rminos. Estos T\u00e9rminos se aplican a todos los visitantes, usuarios y otras personas que deseen acceder o utilizar el Servicio.<\/p>\n<p>Al acceder o utilizar el Servicio, usted acepta estar sujeto a estos T\u00e9rminos. Si no est\u00e1 de acuerdo con alguna parte de los t\u00e9rminos, no tiene permiso para acceder al Servicio.<\/p>\n<h2>Propiedad Intelectual<\/h2>\n<p>El Servicio y su contenido, caracter\u00edsticas y funcionalidad originales son y seguir\u00e1n siendo propiedad exclusiva de San Francisco Vein Center &#8211; Melinda L Aquino MD y sus licenciantes. El Servicio est\u00e1 protegido por derechos de autor, marcas comerciales y otras leyes tanto de los Estados Unidos como de otros pa\u00edses. Nuestras marcas comerciales y su marca comercial no pueden utilizarse en relaci\u00f3n con ning\u00fan producto o servicio sin el consentimiento previo por escrito de San Francisco Vein Center &#8211; Melinda L Aquino MD.<\/p>\n<h2>Enlaces a otros sitios web<\/h2>\n<p>Nuestro Servicio puede contener enlaces a sitios web o servicios de terceros que no son propiedad ni est\u00e1n controlados por San Francisco Vein Center &#8211; Melinda L Aquino MD<\/p>\n<p>San Francisco Vein Center &#8211; Melinda L Aquino MD no tiene control sobre, y no asume ninguna responsabilidad por el contenido, las pol\u00edticas de privacidad o las pr\u00e1cticas de los sitios web o servicios de terceros. No garantizamos las ofertas de ninguna de estas entidades\/individuos o sus sitios web.<\/p>\n<p>Usted reconoce y acepta que San Francisco Vein Center &#8211; Melinda L Aquino MD no ser\u00e1 responsable, directa o indirectamente, de cualquier da\u00f1o o p\u00e9rdida causado o presuntamente causado por o en relaci\u00f3n con el uso o la confianza en dicho contenido , bienes o servicios disponibles en o a trav\u00e9s de dichos sitios web o servicios de terceros.<\/p>\n<p>Le recomendamos encarecidamente que lea los t\u00e9rminos y condiciones y las pol\u00edticas de privacidad de los sitios web o servicios de terceros que visite.<\/p>\n<h2>Indemnizaci\u00f3n<\/h2>\n<p>Usted acepta defender, indemnizar y eximir de responsabilidad a San Francisco Vein Center &#8211; Melinda L Aquino MD y sus licenciatarios y licenciantes, y sus empleados, contratistas, agentes, funcionarios y directores, de y contra cualquier reclamo, da\u00f1o, obligaci\u00f3n, p\u00e9rdida, pasivos, costos o deuda, y gastos (incluyendo pero no limitado a honorarios de abogados), resultantes de o a) su uso y acceso al Servicio, o b) un incumplimiento de estos T\u00e9rminos.<\/p>\n<h2>Limitaci\u00f3n de responsabilidad<\/h2>\n<p>En ning\u00fan caso San Francisco Vein Center &#8211; Melinda L Aquino MD, ni sus directores, empleados, socios, agentes, proveedores o afiliados, ser\u00e1n responsables de ning\u00fan da\u00f1o indirecto, incidental, especial, consecuente o punitivo, incluyendo, sin limitaci\u00f3n, la p\u00e9rdida de beneficios, datos, uso, biendeo u otras p\u00e9rdidas intangibles, resultantes de (i) su acceso o uso o incapacidad para acceder o utilizar el Servicio; (ii) cualquier conducta o contenido de cualquier tercero en el Servicio; (iii) cualquier contenido obtenido del Servicio; Y (iv) acceso no autorizado, uso o alteraci\u00f3n de sus transmisiones o contenido, ya sea basado en garant\u00eda, contrato, agravio (incluyendo negligencia) o cualquier otra teor\u00eda legal, si hemos sido informados o no de la posibilidad de dicho da\u00f1o, e incluso si un conjunto de remedios en adelante en este documento se encuentra que ha fallado en su prop\u00f3sito esencial.<\/p>\n<h2>Renuncia<\/h2>\n<p>Su uso del Servicio es bajo su propio riesgo. El Servicio se proporciona \u00abTAL CUAL\u00bb y \u00abTAL CUAL\u00bb. El Servicio se proporciona sin garant\u00edas de ning\u00fan tipo, ya sean expresas o impl\u00edcitas, incluidas, entre otras, las garant\u00edas impl\u00edcitas de comerciabilidad, idoneidad para un prop\u00f3sito particular, no infracci\u00f3n o curso de rendimiento.<\/p>\n<p>San Francisco Vein Center &#8211; Melinda L Aquino MD sus subsidiarias, afiliadas y sus licenciantes no garantizan que a) el Servicio funcionar\u00e1 ininterrumpidamente, seguro o disponible en cualquier momento o lugar en particular; b) cualquier error o defecto ser\u00e1 corregido; c) el Servicio est\u00e1 libre de virus u otros componentes da\u00f1inos; O d) los resultados del uso del Servicio cumplir\u00e1n con sus requisitos.<\/p>\n<h2>Exclusiones<\/h2>\n<p>Algunas jurisdicciones no permiten la exclusi\u00f3n de ciertas garant\u00edas o la exclusi\u00f3n o limitaci\u00f3n de responsabilidad por da\u00f1os consecuentes o incidentales, por lo que las limitaciones anteriores pueden no aplicarse a usted.<\/p>\n<h2>Ley aplicable<\/h2>\n<p>Estos T\u00e9rminos se regir\u00e1n e interpretar\u00e1n de acuerdo con las leyes de California, Estados Unidos, sin tener en cuenta sus disposiciones de conflicto de leyes.<\/p>\n<p>Nuestra incapacidad para hacer cumplir cualquier derecho o disposici\u00f3n de estos T\u00e9rminos no se considerar\u00e1 una renuncia a esos derechos. Si alguna disposici\u00f3n de estos T\u00e9rminos es considerada inv\u00e1lida o inaplicable por un tribunal, las disposiciones restantes de estos T\u00e9rminos permanecer\u00e1n en vigor. Estos T\u00e9rminos constituyen el acuerdo completo entre nosotros con respecto a nuestro Servicio, y reemplazan y reemplazan cualquier acuerdo anterior que podamos haber tenido entre nosotros con respecto al Servicio.<\/p>\n<h2>Cambios<\/h2>\n<p>Nos reservamos el derecho, a nuestra entera discreci\u00f3n, de modificar o reemplazar estos T\u00e9rminos en cualquier momento. Si una revisi\u00f3n es material, proporcionaremos al menos 30 d\u00edas de anticipaci\u00f3n antes de que entren en vigor los nuevos t\u00e9rminos. Lo que constituye un cambio material se determinar\u00e1 a nuestra entera discreci\u00f3n.<\/p>\n<p>Al continuar accediendo o utilizando nuestro Servicio despu\u00e9s de que cualquier revisi\u00f3n entre en vigencia, usted acepta estar sujeto a los t\u00e9rminos revisados. Si no est\u00e1 de acuerdo con los nuevos t\u00e9rminos, ya no est\u00e1 autorizado a utilizar el Servicio.<\/p>\n<h2>cont\u00e1ctenos<\/h2>\n<p>Si tiene alguna pregunta sobre estos T\u00e9rminos, p\u00f3ngase en contacto con nosotros en info@dev.sfveincenter.com<\/p>\n","protected":false},"excerpt":{"rendered":"<p>\u00faltima actualizaci\u00f3n: 29 de septiembre de 2019 Lea atentamente estos T\u00e9rminos y Condiciones (\u00abT\u00e9rminos\u00bb, \u00abT\u00e9rminos y Condiciones\u00bb) antes de utilizar el sitio web de https:\/\/dev.sfveincenter.com (el \u00abServicio\u00bb) operado por San Francisco Vein Center &#8211; Melinda L Aquino MD (\u00abnosotros\u00bb, \u00abnosotros\u00bb o \u00abnuestro\u00bb). Su acceso y uso del Servicio est\u00e1 condicionado a su aceptaci\u00f3n y cumplimiento [&hellip;]<\/p>\n","protected":false},"author":5,"featured_media":0,"parent":0,"menu_order":0,"comment_status":"closed","ping_status":"closed","template":"","meta":{"_et_pb_use_builder":"","_et_pb_old_content":"","_et_gb_content_width":"","footnotes":""},"class_list":["post-5371","page","type-page","status-publish","hentry"],"yoast_head":"<!-- This site is optimized with the Yoast SEO Premium plugin v23.9 (Yoast SEO v26.8) - https:\/\/yoast.com\/product\/yoast-seo-premium-wordpress\/ -->\n<title>Centro de venas de San Francisco | Condiciones de uso del sitio web<\/title>\n<meta name=\"description\" content=\"Al acceder a este sitio, acepta estos T\u00e9rminos. Si no est\u00e1 de acuerdo con alguna parte de los t\u00e9rminos, no tiene permiso para acceder al Servicio.\" \/>\n<meta name=\"robots\" content=\"noindex, follow, max-snippet:-1, max-image-preview:large, max-video-preview:-1\" \/>\n<meta property=\"og:locale\" content=\"es_ES\" \/>\n<meta property=\"og:type\" content=\"article\" \/>\n<meta property=\"og:title\" content=\"T\u00e9rminos de uso del sitio web\" \/>\n<meta property=\"og:description\" content=\"Al acceder a este sitio, acepta estos T\u00e9rminos. Si no est\u00e1 de acuerdo con alguna parte de los t\u00e9rminos, no tiene permiso para acceder al Servicio.\" \/>\n<meta property=\"og:url\" content=\"https:\/\/dev.sfveincenter.com\/es\/terminos-de-uso-del-sitio-web\/\" \/>\n<meta property=\"og:site_name\" content=\"San Francisco Vein Doctor | Varicose &amp; Spider Vein Treatment\" \/>\n<meta property=\"article:publisher\" content=\"https:\/\/www.facebook.com\/sfveincenter\" \/>\n<meta property=\"article:modified_time\" content=\"2021-02-26T04:40:04+00:00\" \/>\n<meta name=\"twitter:card\" content=\"summary_large_image\" \/>\n<meta name=\"twitter:site\" content=\"@sfveincenter\" \/>\n<meta name=\"twitter:label1\" content=\"Tiempo de lectura\" \/>\n\t<meta name=\"twitter:data1\" content=\"5 minutos\" \/>\n<script type=\"application\/ld+json\" class=\"yoast-schema-graph\">{\"@context\":\"https:\/\/schema.org\",\"@graph\":[{\"@type\":\"WebPage\",\"@id\":\"https:\/\/dev.sfveincenter.com\/es\/terminos-de-uso-del-sitio-web\/\",\"url\":\"https:\/\/dev.sfveincenter.com\/es\/terminos-de-uso-del-sitio-web\/\",\"name\":\"Centro de venas de San Francisco | Condiciones de uso del sitio web\",\"isPartOf\":{\"@id\":\"https:\/\/dev.sfveincenter.com\/es\/#website\"},\"datePublished\":\"2019-09-29T22:35:54+00:00\",\"dateModified\":\"2021-02-26T04:40:04+00:00\",\"description\":\"Al acceder a este sitio, acepta estos T\u00e9rminos. Si no est\u00e1 de acuerdo con alguna parte de los t\u00e9rminos, no tiene permiso para acceder al Servicio.\",\"breadcrumb\":{\"@id\":\"https:\/\/dev.sfveincenter.com\/es\/terminos-de-uso-del-sitio-web\/#breadcrumb\"},\"inLanguage\":\"es\",\"potentialAction\":[{\"@type\":\"ReadAction\",\"target\":[\"https:\/\/dev.sfveincenter.com\/es\/terminos-de-uso-del-sitio-web\/\"]}]},{\"@type\":\"BreadcrumbList\",\"@id\":\"https:\/\/dev.sfveincenter.com\/es\/terminos-de-uso-del-sitio-web\/#breadcrumb\",\"itemListElement\":[{\"@type\":\"ListItem\",\"position\":1,\"name\":\"Home\",\"item\":\"https:\/\/dev.sfveincenter.com\/es\/inicio-2\/\"},{\"@type\":\"ListItem\",\"position\":2,\"name\":\"T\u00e9rminos de uso del sitio web\"}]},{\"@type\":\"WebSite\",\"@id\":\"https:\/\/dev.sfveincenter.com\/es\/#website\",\"url\":\"https:\/\/dev.sfveincenter.com\/es\/\",\"name\":\"San Francisco Vein Doctor | Varicose &amp; Spider Vein Treatment\",\"description\":\"\",\"publisher\":{\"@id\":\"https:\/\/dev.sfveincenter.com\/es\/#organization\"},\"potentialAction\":[{\"@type\":\"SearchAction\",\"target\":{\"@type\":\"EntryPoint\",\"urlTemplate\":\"https:\/\/dev.sfveincenter.com\/es\/?s={search_term_string}\"},\"query-input\":{\"@type\":\"PropertyValueSpecification\",\"valueRequired\":true,\"valueName\":\"search_term_string\"}}],\"inLanguage\":\"es\"},{\"@type\":\"Organization\",\"@id\":\"https:\/\/dev.sfveincenter.com\/es\/#organization\",\"name\":\"San Francisco Vein Center - Melinda L Aquino MD\",\"url\":\"https:\/\/dev.sfveincenter.com\/es\/\",\"logo\":{\"@type\":\"ImageObject\",\"inLanguage\":\"es\",\"@id\":\"https:\/\/dev.sfveincenter.com\/es\/#\/schema\/logo\/image\/\",\"url\":\"https:\/\/dev.sfveincenter.com\/wp-content\/uploads\/2021\/02\/cropped-favicon-512x512-1-1.png\",\"contentUrl\":\"https:\/\/dev.sfveincenter.com\/wp-content\/uploads\/2021\/02\/cropped-favicon-512x512-1-1.png\",\"width\":512,\"height\":512,\"caption\":\"San Francisco Vein Center - Melinda L Aquino MD\"},\"image\":{\"@id\":\"https:\/\/dev.sfveincenter.com\/es\/#\/schema\/logo\/image\/\"},\"sameAs\":[\"https:\/\/www.facebook.com\/sfveincenter\",\"https:\/\/x.com\/sfveincenter\",\"https:\/\/www.youtube.com\/channel\/UCH75q26Kq5lThH_Xptt8imQ\",\"https:\/\/x.com\/SFVeinCenter\"]}]}<\/script>\n<!-- \/ Yoast SEO Premium plugin. -->","yoast_head_json":{"title":"Centro de venas de San Francisco | Condiciones de uso del sitio web","description":"Al acceder a este sitio, acepta estos T\u00e9rminos. Si no est\u00e1 de acuerdo con alguna parte de los t\u00e9rminos, no tiene permiso para acceder al Servicio.","robots":{"index":"noindex","follow":"follow","max-snippet":"max-snippet:-1","max-image-preview":"max-image-preview:large","max-video-preview":"max-video-preview:-1"},"og_locale":"es_ES","og_type":"article","og_title":"T\u00e9rminos de uso del sitio web","og_description":"Al acceder a este sitio, acepta estos T\u00e9rminos. Si no est\u00e1 de acuerdo con alguna parte de los t\u00e9rminos, no tiene permiso para acceder al Servicio.","og_url":"https:\/\/dev.sfveincenter.com\/es\/terminos-de-uso-del-sitio-web\/","og_site_name":"San Francisco Vein Doctor | Varicose &amp; Spider Vein Treatment","article_publisher":"https:\/\/www.facebook.com\/sfveincenter","article_modified_time":"2021-02-26T04:40:04+00:00","twitter_card":"summary_large_image","twitter_site":"@sfveincenter","twitter_misc":{"Tiempo de lectura":"5 minutos"},"schema":{"@context":"https:\/\/schema.org","@graph":[{"@type":"WebPage","@id":"https:\/\/dev.sfveincenter.com\/es\/terminos-de-uso-del-sitio-web\/","url":"https:\/\/dev.sfveincenter.com\/es\/terminos-de-uso-del-sitio-web\/","name":"Centro de venas de San Francisco | Condiciones de uso del sitio web","isPartOf":{"@id":"https:\/\/dev.sfveincenter.com\/es\/#website"},"datePublished":"2019-09-29T22:35:54+00:00","dateModified":"2021-02-26T04:40:04+00:00","description":"Al acceder a este sitio, acepta estos T\u00e9rminos. Si no est\u00e1 de acuerdo con alguna parte de los t\u00e9rminos, no tiene permiso para acceder al Servicio.","breadcrumb":{"@id":"https:\/\/dev.sfveincenter.com\/es\/terminos-de-uso-del-sitio-web\/#breadcrumb"},"inLanguage":"es","potentialAction":[{"@type":"ReadAction","target":["https:\/\/dev.sfveincenter.com\/es\/terminos-de-uso-del-sitio-web\/"]}]},{"@type":"BreadcrumbList","@id":"https:\/\/dev.sfveincenter.com\/es\/terminos-de-uso-del-sitio-web\/#breadcrumb","itemListElement":[{"@type":"ListItem","position":1,"name":"Home","item":"https:\/\/dev.sfveincenter.com\/es\/inicio-2\/"},{"@type":"ListItem","position":2,"name":"T\u00e9rminos de uso del sitio web"}]},{"@type":"WebSite","@id":"https:\/\/dev.sfveincenter.com\/es\/#website","url":"https:\/\/dev.sfveincenter.com\/es\/","name":"San Francisco Vein Doctor | Varicose &amp; Spider Vein Treatment","description":"","publisher":{"@id":"https:\/\/dev.sfveincenter.com\/es\/#organization"},"potentialAction":[{"@type":"SearchAction","target":{"@type":"EntryPoint","urlTemplate":"https:\/\/dev.sfveincenter.com\/es\/?s={search_term_string}"},"query-input":{"@type":"PropertyValueSpecification","valueRequired":true,"valueName":"search_term_string"}}],"inLanguage":"es"},{"@type":"Organization","@id":"https:\/\/dev.sfveincenter.com\/es\/#organization","name":"San Francisco Vein Center - Melinda L Aquino MD","url":"https:\/\/dev.sfveincenter.com\/es\/","logo":{"@type":"ImageObject","inLanguage":"es","@id":"https:\/\/dev.sfveincenter.com\/es\/#\/schema\/logo\/image\/","url":"https:\/\/dev.sfveincenter.com\/wp-content\/uploads\/2021\/02\/cropped-favicon-512x512-1-1.png","contentUrl":"https:\/\/dev.sfveincenter.com\/wp-content\/uploads\/2021\/02\/cropped-favicon-512x512-1-1.png","width":512,"height":512,"caption":"San Francisco Vein Center - Melinda L Aquino MD"},"image":{"@id":"https:\/\/dev.sfveincenter.com\/es\/#\/schema\/logo\/image\/"},"sameAs":["https:\/\/www.facebook.com\/sfveincenter","https:\/\/x.com\/sfveincenter","https:\/\/www.youtube.com\/channel\/UCH75q26Kq5lThH_Xptt8imQ","https:\/\/x.com\/SFVeinCenter"]}]}},"_links":{"self":[{"href":"https:\/\/dev.sfveincenter.com\/es\/wp-json\/wp\/v2\/pages\/5371","targetHints":{"allow":["GET"]}}],"collection":[{"href":"https:\/\/dev.sfveincenter.com\/es\/wp-json\/wp\/v2\/pages"}],"about":[{"href":"https:\/\/dev.sfveincenter.com\/es\/wp-json\/wp\/v2\/types\/page"}],"author":[{"embeddable":true,"href":"https:\/\/dev.sfveincenter.com\/es\/wp-json\/wp\/v2\/users\/5"}],"replies":[{"embeddable":true,"href":"https:\/\/dev.sfveincenter.com\/es\/wp-json\/wp\/v2\/comments?post=5371"}],"version-history":[{"count":0,"href":"https:\/\/dev.sfveincenter.com\/es\/wp-json\/wp\/v2\/pages\/5371\/revisions"}],"wp:attachment":[{"href":"https:\/\/dev.sfveincenter.com\/es\/wp-json\/wp\/v2\/media?parent=5371"}],"curies":[{"name":"wp","href":"https:\/\/api.w.org\/{rel}","templated":true}]}}