{"id":7854,"date":"2021-06-17T14:14:37","date_gmt":"2021-06-17T21:14:37","guid":{"rendered":"https:\/\/dev.sfveincenter.com\/lugares-tratamientos-de-venas-varicosas-y-aranas-vasculares-en-san-mateo\/"},"modified":"2021-06-17T15:34:48","modified_gmt":"2021-06-17T22:34:48","slug":"lugares-tratamientos-de-venas-varicosas-y-aranas-vasculares-en-san-mateo","status":"publish","type":"page","link":"https:\/\/dev.sfveincenter.com\/es\/lugares-tratamientos-de-venas-varicosas-y-aranas-vasculares-en-san-mateo\/","title":{"rendered":"Lugares &#8211; Tratamientos de venas varicosas y ara\u00f1as vasculares en San Mateo"},"content":{"rendered":"<p>[et_pb_section fb_built=\u00bb1&#8243; _builder_version=\u00bb3.22&#8243;][et_pb_row _builder_version=\u00bb3.25&#8243; background_size=\u00bbinitial\u00bb background_position=\u00bbtop_left\u00bb background_repeat=\u00bbrepeat\u00bb collapsed=\u00bboff\u00bb][et_pb_column type=\u00bb4_4&#8243; _builder_version=\u00bb3.25&#8243; custom_padding=\u00bb|||\u00bb custom_padding__hover=\u00bb|||\u00bb][et_pb_text _builder_version=\u00bb4.9.0&#8243; background_size=\u00bbinitial\u00bb background_position=\u00bbtop_left\u00bb background_repeat=\u00bbrepeat\u00bb hover_enabled=\u00bb0&#8243; sticky_enabled=\u00bb0&#8243;]<\/p>\n<h1 style=\"text-align: center;\">Tratamientos de venas varicosas y ara\u00f1as vasculares en San Mateo<\/h1>\n<p><img loading=\"lazy\" decoding=\"async\" class=\"wp-image-7846 size-medium alignright\" src=\"https:\/\/dev.sfveincenter.com\/wp-content\/uploads\/2021\/06\/san-mateo-300x198.png\" alt=\"Tratamiento de venas varicosas de San Mateo\" width=\"300\" height=\"198\">Ubicada a solo 30 millas de San Jos\u00e9, San Mateo es una ciudad rica en historia. Puede descubrir la belleza natural de la costa del Pac\u00edfico mientras disfruta del encanto urbano de Silicon Valley. San Mateo, conocida por sus playas, senderos y parques nacionales, es su hogar para muchos que disfrutan del aire libre.<\/p>\n<p>Con cielos azules y un clima estacional deseable, nuestros pacientes identifican con mayor frecuencia sus venas varicosas o ara\u00f1as vasculares mientras exploran los alrededores. Sin embargo, estas condiciones ahora se tratan f\u00e1cilmente con nuevos avances m\u00e9dicos.<\/p>\n<h2>\u00bfQu\u00e9 causa las venas varicosas?<\/h2>\n<p>M\u00e1s de 25 millones de estadounidenses se ven afectados por las venas varicosas que pueden causar un gran dolor y malestar. Las venas varicosas no son s\u00f3lo cosm\u00e9ticas. Son causadas por una condici\u00f3n llamada<a href=\"https:\/\/dev.sfveincenter.com\/es\/insuficiencia-venosa\/\"> insuficiencia venosa<\/a> que se puede diagnosticar y tratar.<a href=\"https:\/\/dev.sfveincenter.com\/es\/eliminacion-de-venas-vasculares-aranas\/\"> venas de ara\u00f1a<\/a> a menudo se confunden con<a href=\"https:\/\/dev.sfveincenter.com\/es\/tratamiento-de-venas-varicosas-varices\/\"> venas varicosas<\/a> . Las ara\u00f1as vasculares son venas enfermas m\u00e1s peque\u00f1as que tambi\u00e9n pueden ser causadas por insuficiencia venosa y tratadas. Si bien generalmente son menos graves que las venas varicosas, un m\u00e9dico puede tratar las ara\u00f1as vasculares mediante escleroterapia.<\/p>\n<h2>Tipos de tratamientos de las venas<\/h2>\n<p>Los tratamientos y terapias para las venas varicosas han mejorado dram\u00e1ticamente en los \u00faltimos a\u00f1os. Estos tratamientos incluyen ablaciones de venas, flebectom\u00edas e inyecciones. Todos son efectivos cuando se realizan correctamente para abordar la afecci\u00f3n espec\u00edfica de un paciente. Es importante estar completamente diagnosticado para determinar el mejor tratamiento para su afecci\u00f3n. Los tratamientos espec\u00edficos son:<\/p>\n<ul>\n<li><a href=\"https:\/\/dev.sfveincenter.com\/es\/ablacion-por-radiofrecuencia-rfa\/\">Ablaci\u00f3n por radiofrecuencia<\/a><\/li>\n<li><a href=\"https:\/\/dev.sfveincenter.com\/es\/endovenosa-laser-terapia-evlt\/\">Terapia con l\u00e1ser endovenoso<\/a><\/li>\n<li><a href=\"https:\/\/dev.sfveincenter.com\/es\/venaseal-cierre\/\">VenaSeal cierre<\/a><\/li>\n<li><a href=\"https:\/\/dev.sfveincenter.com\/es\/flebectomia-ambulatoria\/\">Pu\u00f1alada flebectom\u00eda<\/a><\/li>\n<li><a href=\"https:\/\/dev.sfveincenter.com\/es\/tratamiento-de-venas-vasculares-escleroterapia\/\">Escleroterapia<\/a><\/li>\n<\/ul>\n<h2>Diferentes especialistas que tratan las venas en San Mateo<\/h2>\n<p>Hay varios proveedores diferentes en San Mateo que pueden tratar las venas varicosas o ara\u00f1as vasculares. La mayor\u00eda de los proveedores est\u00e1n m\u00e9dicamente autorizados para realizar alg\u00fan tipo de tratamiento. Sin embargo, eso no significa que sean los m\u00e1s calificados. Para casi todas las afecciones de las venas, especialmente los casos complicados, un cirujano vascular es el m\u00e1s calificado. Trabajan con todo el sistema vascular y pueden realizar todas las opciones de tratamiento, mientras que algunos especialistas solo realizan ciertos tratamientos. Los especialistas que tienen opciones limitadas disponibles tienen m\u00e1s probabilidades de usar un tratamiento que puede no ser el mejor.<\/p>\n<p>Otro factor importante al considerar el tratamiento es si el proveedor es un cirujano. Las ablaciones de venas se realizan con relativa rapidez (por lo general, en aproximadamente 45 a 60 minutos) y generalmente se realizan en un consultorio. Sin embargo, algunos procedimientos se realizan mejor en un quir\u00f3fano y requieren un cirujano con privilegios de admisi\u00f3n en un hospital.<\/p>\n<h3>Mientras busca especialistas en venas, puede encontrar:<\/h3>\n<ul>\n<li>Cirujanos vasculares<\/li>\n<li>Radi\u00f3logos intervencionistas<\/li>\n<li>Dermat\u00f3logos<\/li>\n<li>Fleb\u00f3logos<\/li>\n<li>Internistas y m\u00e9dicos de atenci\u00f3n primaria<\/li>\n<li>Spas m\u00e9dicos<\/li>\n<\/ul>\n<h2>\u00bfCu\u00e1les son los pasos para el tratamiento de las venas varicosas?<\/h2>\n<ol>\n<li><strong>Visita inicial:<\/strong> Durante su visita inicial, el m\u00e9dico le har\u00e1 una serie de preguntas sobre sus s\u00edntomas y c\u00f3mo afectan sus actividades diarias. Algunos s\u00edntomas comunes pueden incluir hinchaz\u00f3n y dolor. El m\u00e9dico tambi\u00e9n examinar\u00e1 sus antecedentes familiares de venas varicosas, as\u00ed como otros factores que pueden ser importantes. Por \u00faltimo, le realizar\u00e1 un examen f\u00edsico de las piernas que le ayudar\u00e1 a llegar a un diagn\u00f3stico.<\/li>\n<li><strong>Diagn\u00f3stico de venas varicosas:<\/strong> Si se sospecha de insuficiencia venosa, una ecograf\u00eda es la mejor herramienta para hacer un diagn\u00f3stico. Las venas varicosas son causadas principalmente por insuficiencia venosa, lo que significa que las venas no transportan sangre de manera efectiva de regreso al coraz\u00f3n. La presi\u00f3n sobre las paredes de las venas puede causar debilidad que a su vez hace que las venas se abulten y se vuelvan varicosas. El ultrasonido se usar\u00e1 para probar las v\u00e1lvulas en sus venas. Tambi\u00e9n se utilizar\u00e1 para tomar las medidas necesarias para obtener la autorizaci\u00f3n y el tratamiento del seguro.<\/li>\n<li><strong>Tratamiento individualizado para varices:<\/strong> El m\u00e9dico discutir\u00e1 todas las opciones de tratamiento disponibles que podr\u00edan ser adecuadas para usted. Sus circunstancias particulares generalmente son diferentes a las de cualquier otra persona, y cada paciente es tratado con un plan personalizado. Algunos pacientes aprender\u00e1n que no tienen insuficiencia venosa y pueden ser tratados con inyecciones de escleroterapia simples para ara\u00f1as vasculares o medias de compresi\u00f3n.<\/li>\n<li><strong>Varices: Tipos de tratamiento:<\/strong> El San Francisco Vein Center utiliza todas las opciones de tratamiento, incluidos los tratamientos conservadores, como las medias de compresi\u00f3n. Cuando el tratamiento conservador no es suficiente, casi todos los dem\u00e1s procedimientos se realizan de forma rutinaria en el consultorio. En circunstancias m\u00e1s raras, puede ser necesario realizar algunos tratamientos en un quir\u00f3fano. Tener un m\u00e9dico experto en venas que tambi\u00e9n sea cirujano garantizar\u00e1 que todos los tratamientos est\u00e9n disponibles.<\/li>\n<li><strong>Visita de seguimiento de las venas varicosas:<\/strong> Como ocurre con la mayor\u00eda de los procedimientos m\u00e9dicos, se programar\u00e1 una visita de seguimiento dentro de una semana despu\u00e9s de su procedimiento. En esta visita, el m\u00e9dico puede asegurarse de que se est\u00e9 curando adecuadamente y de que las venas se hayan cerrado con \u00e9xito. Para las ara\u00f1as vasculares, las visitas de seguimiento generalmente no son necesarias y se programan tratamientos adicionales seg\u00fan sea necesario.<\/li>\n<\/ol>\n<p>&nbsp;<\/p>\n<h2>Tratamiento de ara\u00f1as vasculares en San Mateo<\/h2>\n<p>El tratamiento de las ara\u00f1as vasculares es un procedimiento mucho menos invasivo que utiliza agujas diminutas para cerrar las ara\u00f1as vasculares enfermas. Este es m\u00e1s un procedimiento cosm\u00e9tico que generalmente no est\u00e1 cubierto por el seguro. En algunos casos, las compa\u00f1\u00edas de seguros pagan el tratamiento de las ara\u00f1as vasculares cuando se combina con la ablaci\u00f3n de las venas varicosas. Las sesiones duran 30 minutos. Para los pacientes que tienen preguntas, recomendamos una consulta antes de recibir tratamiento. Para obtener m\u00e1s informaci\u00f3n, consulte nuestras p\u00e1ginas sobre<a href=\"https:\/\/dev.sfveincenter.com\/es\/eliminacion-de-venas-vasculares-aranas\/\"> venas de ara\u00f1a<\/a> .<\/p>\n<h2>\u00bfMi seguro cubre el tratamiento de las venas varicosas?<\/h2>\n<p>Algunos centros de tratamiento de venas no aceptan seguro, por lo que es importante que primero verifique que su proveedor acepte el seguro y est\u00e9 en la red de su plan. Casi todos los planes de seguro cubrir\u00e1n visitas al consultorio y procedimientos de diagn\u00f3stico como ecograf\u00edas. Obtener la autorizaci\u00f3n para un procedimiento de vena puede ser complejo. Las compa\u00f1\u00edas de seguros tienen diferentes requisitos. El personal del San Francisco Vein Center ha obtenido autorizaciones para miles de procedimientos y puede garantizar que se cumplan todos los requisitos para que las reclamaciones se procesen sin problemas.<\/p>\n<p>[\/et_pb_text][\/et_pb_column][\/et_pb_row][et_pb_row column_structure=\u00bb1_2,1_2&#8243; _builder_version=\u00bb4.4.2&#8243;][et_pb_column type=\u00bb1_2&#8243; _builder_version=\u00bb4.4.2&#8243;][et_pb_text _builder_version=\u00bb4.9.0&#8243;]<\/p>\n<h2>Programar una cita con un m\u00e9dico de venas en San Mateo<\/h2>\n<p>El tratamiento de las venas varicosas o ara\u00f1as vasculares comienza con una visita al consultorio. Pero algunos pacientes primero tienen preguntas. Nuestro personal puede responder cualquier pregunta que necesite antes de realizar una visita. No dude en comunicarse con nuestro equipo para<a href=\"https:\/\/dev.sfveincenter.com\/es\/solicitud-de-cita\/\"> reservar una cita<\/a> o llame al 415-752-1122. Es hora de encontrar alivio de la incomodidad y el dolor que est\u00e1n causando sus venas varicosas. <\/p>\n<p>[\/et_pb_text][\/et_pb_column][et_pb_column type=\u00bb1_2&#8243; _builder_version=\u00bb4.4.2&#8243;][et_pb_map address=\u00bb1850 Sullivan Ave Suite 300, Daly City, CA 94015, USA\u00bb zoom_level=\u00bb17&#8243; address_lat=\u00bb37.6807129&#8243; address_lng=\u00bb-122.4747197&#8243; _builder_version=\u00bb4.9.0&#8243;][\/et_pb_map][\/et_pb_column][\/et_pb_row][\/et_pb_section]<\/p>\n","protected":false},"excerpt":{"rendered":"<p>Tratamientos de venas varicosas y ara\u00f1as vasculares en San Mateo Ubicada a solo 30 millas de San Jos\u00e9, San Mateo es una ciudad rica en historia. Puede descubrir la belleza natural de la costa del Pac\u00edfico mientras disfruta del encanto urbano de Silicon Valley. San Mateo, conocida por sus playas, senderos y parques nacionales, es [&hellip;]<\/p>\n","protected":false},"author":5,"featured_media":0,"parent":0,"menu_order":0,"comment_status":"closed","ping_status":"closed","template":"","meta":{"_et_pb_use_builder":"on","_et_pb_old_content":"","_et_gb_content_width":"","footnotes":""},"class_list":["post-7854","page","type-page","status-publish","hentry"],"yoast_head":"<!-- This site is optimized with the Yoast SEO Premium plugin v23.9 (Yoast SEO v26.8) - https:\/\/yoast.com\/product\/yoast-seo-premium-wordpress\/ -->\n<title>Tratamientos de ara\u00f1as vasculares y venas varicosas en San Mateo<\/title>\n<meta name=\"description\" content=\"San Mateo - Los especialistas en venas y los cirujanos vasculares tratan las venas varicosas y las ara\u00f1as vasculares mediante varios procedimientos.\" \/>\n<meta name=\"robots\" content=\"noindex, follow, max-snippet:-1, max-image-preview:large, max-video-preview:-1\" \/>\n<meta property=\"og:locale\" content=\"es_ES\" \/>\n<meta property=\"og:type\" content=\"article\" \/>\n<meta property=\"og:title\" content=\"Lugares - Tratamientos de venas varicosas y ara\u00f1as vasculares en San Mateo\" \/>\n<meta property=\"og:description\" content=\"San Mateo - Los especialistas en venas y los cirujanos vasculares tratan las venas varicosas y las ara\u00f1as vasculares mediante varios procedimientos.\" \/>\n<meta property=\"og:url\" content=\"https:\/\/dev.sfveincenter.com\/es\/lugares-tratamientos-de-venas-varicosas-y-aranas-vasculares-en-san-mateo\/\" \/>\n<meta property=\"og:site_name\" content=\"San Francisco Vein Doctor | Varicose &amp; Spider Vein Treatment\" \/>\n<meta property=\"article:publisher\" content=\"https:\/\/www.facebook.com\/sfveincenter\" \/>\n<meta property=\"article:modified_time\" content=\"2021-06-17T22:34:48+00:00\" \/>\n<meta property=\"og:image\" content=\"https:\/\/dev.sfveincenter.com\/wp-content\/uploads\/2021\/06\/san-mateo-300x198.png\" \/>\n<meta name=\"twitter:card\" content=\"summary_large_image\" \/>\n<meta name=\"twitter:site\" content=\"@sfveincenter\" \/>\n<meta name=\"twitter:label1\" content=\"Tiempo de lectura\" \/>\n\t<meta name=\"twitter:data1\" content=\"7 minutos\" \/>\n<script type=\"application\/ld+json\" class=\"yoast-schema-graph\">{\"@context\":\"https:\/\/schema.org\",\"@graph\":[{\"@type\":\"WebPage\",\"@id\":\"https:\/\/dev.sfveincenter.com\/es\/lugares-tratamientos-de-venas-varicosas-y-aranas-vasculares-en-san-mateo\/\",\"url\":\"https:\/\/dev.sfveincenter.com\/es\/lugares-tratamientos-de-venas-varicosas-y-aranas-vasculares-en-san-mateo\/\",\"name\":\"Tratamientos de ara\u00f1as vasculares y venas varicosas en San Mateo\",\"isPartOf\":{\"@id\":\"https:\/\/dev.sfveincenter.com\/es\/#website\"},\"primaryImageOfPage\":{\"@id\":\"https:\/\/dev.sfveincenter.com\/es\/lugares-tratamientos-de-venas-varicosas-y-aranas-vasculares-en-san-mateo\/#primaryimage\"},\"image\":{\"@id\":\"https:\/\/dev.sfveincenter.com\/es\/lugares-tratamientos-de-venas-varicosas-y-aranas-vasculares-en-san-mateo\/#primaryimage\"},\"thumbnailUrl\":\"https:\/\/dev.sfveincenter.com\/wp-content\/uploads\/2021\/06\/san-mateo-300x198.png\",\"datePublished\":\"2021-06-17T21:14:37+00:00\",\"dateModified\":\"2021-06-17T22:34:48+00:00\",\"description\":\"San Mateo - Los especialistas en venas y los cirujanos vasculares tratan las venas varicosas y las ara\u00f1as vasculares mediante varios procedimientos.\",\"breadcrumb\":{\"@id\":\"https:\/\/dev.sfveincenter.com\/es\/lugares-tratamientos-de-venas-varicosas-y-aranas-vasculares-en-san-mateo\/#breadcrumb\"},\"inLanguage\":\"es\",\"potentialAction\":[{\"@type\":\"ReadAction\",\"target\":[\"https:\/\/dev.sfveincenter.com\/es\/lugares-tratamientos-de-venas-varicosas-y-aranas-vasculares-en-san-mateo\/\"]}]},{\"@type\":\"ImageObject\",\"inLanguage\":\"es\",\"@id\":\"https:\/\/dev.sfveincenter.com\/es\/lugares-tratamientos-de-venas-varicosas-y-aranas-vasculares-en-san-mateo\/#primaryimage\",\"url\":\"https:\/\/dev.sfveincenter.com\/wp-content\/uploads\/2021\/06\/san-mateo-300x198.png\",\"contentUrl\":\"https:\/\/dev.sfveincenter.com\/wp-content\/uploads\/2021\/06\/san-mateo-300x198.png\"},{\"@type\":\"BreadcrumbList\",\"@id\":\"https:\/\/dev.sfveincenter.com\/es\/lugares-tratamientos-de-venas-varicosas-y-aranas-vasculares-en-san-mateo\/#breadcrumb\",\"itemListElement\":[{\"@type\":\"ListItem\",\"position\":1,\"name\":\"Home\",\"item\":\"https:\/\/dev.sfveincenter.com\/es\/inicio-2\/\"},{\"@type\":\"ListItem\",\"position\":2,\"name\":\"Lugares &#8211; Tratamientos de venas varicosas y ara\u00f1as vasculares en San Mateo\"}]},{\"@type\":\"WebSite\",\"@id\":\"https:\/\/dev.sfveincenter.com\/es\/#website\",\"url\":\"https:\/\/dev.sfveincenter.com\/es\/\",\"name\":\"San Francisco Vein Doctor | Varicose &amp; Spider Vein Treatment\",\"description\":\"\",\"publisher\":{\"@id\":\"https:\/\/dev.sfveincenter.com\/es\/#organization\"},\"potentialAction\":[{\"@type\":\"SearchAction\",\"target\":{\"@type\":\"EntryPoint\",\"urlTemplate\":\"https:\/\/dev.sfveincenter.com\/es\/?s={search_term_string}\"},\"query-input\":{\"@type\":\"PropertyValueSpecification\",\"valueRequired\":true,\"valueName\":\"search_term_string\"}}],\"inLanguage\":\"es\"},{\"@type\":\"Organization\",\"@id\":\"https:\/\/dev.sfveincenter.com\/es\/#organization\",\"name\":\"San Francisco Vein Center - Melinda L Aquino MD\",\"url\":\"https:\/\/dev.sfveincenter.com\/es\/\",\"logo\":{\"@type\":\"ImageObject\",\"inLanguage\":\"es\",\"@id\":\"https:\/\/dev.sfveincenter.com\/es\/#\/schema\/logo\/image\/\",\"url\":\"https:\/\/dev.sfveincenter.com\/wp-content\/uploads\/2021\/02\/cropped-favicon-512x512-1-1.png\",\"contentUrl\":\"https:\/\/dev.sfveincenter.com\/wp-content\/uploads\/2021\/02\/cropped-favicon-512x512-1-1.png\",\"width\":512,\"height\":512,\"caption\":\"San Francisco Vein Center - Melinda L Aquino MD\"},\"image\":{\"@id\":\"https:\/\/dev.sfveincenter.com\/es\/#\/schema\/logo\/image\/\"},\"sameAs\":[\"https:\/\/www.facebook.com\/sfveincenter\",\"https:\/\/x.com\/sfveincenter\",\"https:\/\/www.youtube.com\/channel\/UCH75q26Kq5lThH_Xptt8imQ\",\"https:\/\/x.com\/SFVeinCenter\"]}]}<\/script>\n<!-- \/ Yoast SEO Premium plugin. -->","yoast_head_json":{"title":"Tratamientos de ara\u00f1as vasculares y venas varicosas en San Mateo","description":"San Mateo - Los especialistas en venas y los cirujanos vasculares tratan las venas varicosas y las ara\u00f1as vasculares mediante varios procedimientos.","robots":{"index":"noindex","follow":"follow","max-snippet":"max-snippet:-1","max-image-preview":"max-image-preview:large","max-video-preview":"max-video-preview:-1"},"og_locale":"es_ES","og_type":"article","og_title":"Lugares - Tratamientos de venas varicosas y ara\u00f1as vasculares en San Mateo","og_description":"San Mateo - Los especialistas en venas y los cirujanos vasculares tratan las venas varicosas y las ara\u00f1as vasculares mediante varios procedimientos.","og_url":"https:\/\/dev.sfveincenter.com\/es\/lugares-tratamientos-de-venas-varicosas-y-aranas-vasculares-en-san-mateo\/","og_site_name":"San Francisco Vein Doctor | Varicose &amp; Spider Vein Treatment","article_publisher":"https:\/\/www.facebook.com\/sfveincenter","article_modified_time":"2021-06-17T22:34:48+00:00","og_image":[{"url":"https:\/\/dev.sfveincenter.com\/wp-content\/uploads\/2021\/06\/san-mateo-300x198.png","type":"","width":"","height":""}],"twitter_card":"summary_large_image","twitter_site":"@sfveincenter","twitter_misc":{"Tiempo de lectura":"7 minutos"},"schema":{"@context":"https:\/\/schema.org","@graph":[{"@type":"WebPage","@id":"https:\/\/dev.sfveincenter.com\/es\/lugares-tratamientos-de-venas-varicosas-y-aranas-vasculares-en-san-mateo\/","url":"https:\/\/dev.sfveincenter.com\/es\/lugares-tratamientos-de-venas-varicosas-y-aranas-vasculares-en-san-mateo\/","name":"Tratamientos de ara\u00f1as vasculares y venas varicosas en San Mateo","isPartOf":{"@id":"https:\/\/dev.sfveincenter.com\/es\/#website"},"primaryImageOfPage":{"@id":"https:\/\/dev.sfveincenter.com\/es\/lugares-tratamientos-de-venas-varicosas-y-aranas-vasculares-en-san-mateo\/#primaryimage"},"image":{"@id":"https:\/\/dev.sfveincenter.com\/es\/lugares-tratamientos-de-venas-varicosas-y-aranas-vasculares-en-san-mateo\/#primaryimage"},"thumbnailUrl":"https:\/\/dev.sfveincenter.com\/wp-content\/uploads\/2021\/06\/san-mateo-300x198.png","datePublished":"2021-06-17T21:14:37+00:00","dateModified":"2021-06-17T22:34:48+00:00","description":"San Mateo - Los especialistas en venas y los cirujanos vasculares tratan las venas varicosas y las ara\u00f1as vasculares mediante varios procedimientos.","breadcrumb":{"@id":"https:\/\/dev.sfveincenter.com\/es\/lugares-tratamientos-de-venas-varicosas-y-aranas-vasculares-en-san-mateo\/#breadcrumb"},"inLanguage":"es","potentialAction":[{"@type":"ReadAction","target":["https:\/\/dev.sfveincenter.com\/es\/lugares-tratamientos-de-venas-varicosas-y-aranas-vasculares-en-san-mateo\/"]}]},{"@type":"ImageObject","inLanguage":"es","@id":"https:\/\/dev.sfveincenter.com\/es\/lugares-tratamientos-de-venas-varicosas-y-aranas-vasculares-en-san-mateo\/#primaryimage","url":"https:\/\/dev.sfveincenter.com\/wp-content\/uploads\/2021\/06\/san-mateo-300x198.png","contentUrl":"https:\/\/dev.sfveincenter.com\/wp-content\/uploads\/2021\/06\/san-mateo-300x198.png"},{"@type":"BreadcrumbList","@id":"https:\/\/dev.sfveincenter.com\/es\/lugares-tratamientos-de-venas-varicosas-y-aranas-vasculares-en-san-mateo\/#breadcrumb","itemListElement":[{"@type":"ListItem","position":1,"name":"Home","item":"https:\/\/dev.sfveincenter.com\/es\/inicio-2\/"},{"@type":"ListItem","position":2,"name":"Lugares &#8211; Tratamientos de venas varicosas y ara\u00f1as vasculares en San Mateo"}]},{"@type":"WebSite","@id":"https:\/\/dev.sfveincenter.com\/es\/#website","url":"https:\/\/dev.sfveincenter.com\/es\/","name":"San Francisco Vein Doctor | Varicose &amp; Spider Vein Treatment","description":"","publisher":{"@id":"https:\/\/dev.sfveincenter.com\/es\/#organization"},"potentialAction":[{"@type":"SearchAction","target":{"@type":"EntryPoint","urlTemplate":"https:\/\/dev.sfveincenter.com\/es\/?s={search_term_string}"},"query-input":{"@type":"PropertyValueSpecification","valueRequired":true,"valueName":"search_term_string"}}],"inLanguage":"es"},{"@type":"Organization","@id":"https:\/\/dev.sfveincenter.com\/es\/#organization","name":"San Francisco Vein Center - Melinda L Aquino MD","url":"https:\/\/dev.sfveincenter.com\/es\/","logo":{"@type":"ImageObject","inLanguage":"es","@id":"https:\/\/dev.sfveincenter.com\/es\/#\/schema\/logo\/image\/","url":"https:\/\/dev.sfveincenter.com\/wp-content\/uploads\/2021\/02\/cropped-favicon-512x512-1-1.png","contentUrl":"https:\/\/dev.sfveincenter.com\/wp-content\/uploads\/2021\/02\/cropped-favicon-512x512-1-1.png","width":512,"height":512,"caption":"San Francisco Vein Center - Melinda L Aquino MD"},"image":{"@id":"https:\/\/dev.sfveincenter.com\/es\/#\/schema\/logo\/image\/"},"sameAs":["https:\/\/www.facebook.com\/sfveincenter","https:\/\/x.com\/sfveincenter","https:\/\/www.youtube.com\/channel\/UCH75q26Kq5lThH_Xptt8imQ","https:\/\/x.com\/SFVeinCenter"]}]}},"_links":{"self":[{"href":"https:\/\/dev.sfveincenter.com\/es\/wp-json\/wp\/v2\/pages\/7854","targetHints":{"allow":["GET"]}}],"collection":[{"href":"https:\/\/dev.sfveincenter.com\/es\/wp-json\/wp\/v2\/pages"}],"about":[{"href":"https:\/\/dev.sfveincenter.com\/es\/wp-json\/wp\/v2\/types\/page"}],"author":[{"embeddable":true,"href":"https:\/\/dev.sfveincenter.com\/es\/wp-json\/wp\/v2\/users\/5"}],"replies":[{"embeddable":true,"href":"https:\/\/dev.sfveincenter.com\/es\/wp-json\/wp\/v2\/comments?post=7854"}],"version-history":[{"count":0,"href":"https:\/\/dev.sfveincenter.com\/es\/wp-json\/wp\/v2\/pages\/7854\/revisions"}],"wp:attachment":[{"href":"https:\/\/dev.sfveincenter.com\/es\/wp-json\/wp\/v2\/media?parent=7854"}],"curies":[{"name":"wp","href":"https:\/\/api.w.org\/{rel}","templated":true}]}}