{"id":7907,"date":"2021-06-17T18:15:30","date_gmt":"2021-06-18T01:15:30","guid":{"rendered":"https:\/\/dev.sfveincenter.com\/lugares-tratamientos-de-varices-y-aranas-vasculares-en-san-rafael\/"},"modified":"2024-11-08T14:32:12","modified_gmt":"2024-11-08T22:32:12","slug":"lugares-tratamientos-de-varices-y-aranas-vasculares-en-san-rafael","status":"publish","type":"page","link":"https:\/\/dev.sfveincenter.com\/es\/lugares-tratamientos-de-varices-y-aranas-vasculares-en-san-rafael\/","title":{"rendered":"Lugares &#8211; Tratamientos de varices y ara\u00f1as vasculares en San Rafael"},"content":{"rendered":"<p>[et_pb_section fb_built=\u00bb1&#8243; _builder_version=\u00bb4.16&#8243; global_colors_info=\u00bb{}\u00bb][et_pb_row _builder_version=\u00bb4.16&#8243; background_size=\u00bbinitial\u00bb background_position=\u00bbtop_left\u00bb background_repeat=\u00bbrepeat\u00bb collapsed=\u00bboff\u00bb global_colors_info=\u00bb{}\u00bb][et_pb_column type=\u00bb4_4&#8243; _builder_version=\u00bb4.16&#8243; custom_padding=\u00bb|||\u00bb global_colors_info=\u00bb{}\u00bb custom_padding__hover=\u00bb|||\u00bb][et_pb_text _builder_version=\u00bb4.16&#8243; background_size=\u00bbinitial\u00bb background_position=\u00bbtop_left\u00bb background_repeat=\u00bbrepeat\u00bb global_colors_info=\u00bb{}\u00bb]<\/p>\n<h1 style=\"text-align: center;\">Tratamiento de ara\u00f1as vasculares y varices en San Rafael<\/h1>\n<p><img loading=\"lazy\" decoding=\"async\" class=\"wp-image-7896 alignleft size-medium\" src=\"https:\/\/dev.sfveincenter.com\/wp-content\/uploads\/2021\/06\/san-rafael-legs-300x200.png\" alt=\"Tratamiento de Escleroterapia y Varices San Rafael\" width=\"300\" height=\"200\">Como sede del condado de Mar\u00edn, San Rafael es el hogar de una poblaci\u00f3n diversa. Los inviernos suaves brindan a los residentes la opci\u00f3n de disfrutar de actividades al aire libre durante todo el a\u00f1o: McNear&#8217;s Beach, Peacock Gap Golf Club, China Camp State Park y m\u00e1s. Disfrutar de lugares al aire libre como estos puede ser un desaf\u00edo si padece venas varicosas o ara\u00f1as vasculares y desea sentirse seguro y c\u00f3modo.<\/p>\n<p>La insuficiencia venosa es una condici\u00f3n que afecta a millones de personas en los Estados Unidos, incluidos los residentes de San Rafael. Esta enfermedad es la causa subyacente de las venas varicosas que resultan en malestar, preocupaciones cosm\u00e9ticas e incluso dolor. Por lo general, las ara\u00f1as vasculares pueden ser otro s\u00edntoma potencial de insuficiencia venosa.<\/p>\n<p>A veces, la enfermedad de las venas puede ser puramente cosm\u00e9tica, lo que hace que las personas se sientan cohibidas por la apariencia de sus piernas. Pero cuando no se tratan, las venas varicosas pueden empeorar y eventualmente interferir con su estilo de vida. Las personas activas en San Rafael y las comunidades cercanas buscan tratamiento en las venas para verse y sentirse mejor y poder seguir disfrutando de las actividades deportivas y de acondicionamiento f\u00edsico.<\/p>\n<h2>Opciones de tratamiento de las venas varicosas<\/h2>\n<p>Si tiene venas varicosas, la buena noticia es que hay una variedad de nuevos tratamientos disponibles con soluciones r\u00e1pidas y efectivas para que se recupere nuevamente. La mayor\u00eda de estos procedimientos requieren un tiempo de inactividad m\u00ednimo o nulo y se pueden realizar en un consultorio o en una cl\u00ednica ambulatoria.<\/p>\n<p>Los residentes de San Rafael prefieren los tratamientos de venas no invasivos para que puedan volver a sus actividades favoritas lo antes posible. Existen varios procedimientos para tratar tanto las ara\u00f1as vasculares como las varices. Un especialista puede diagnosticar y elegir el mejor tratamiento para usted. Los procedimientos incluyen <a href=\"https:\/\/dev.sfveincenter.com\/es\/endovenosa-laser-terapia-evlt\/\">terapia con l\u00e1ser endovenoso (EVLT)<\/a> , <a href=\"https:\/\/dev.sfveincenter.com\/es\/tratamiento-de-venas-vasculares-escleroterapia\/\">escleroterapia<\/a> , <a href=\"https:\/\/dev.sfveincenter.com\/es\/ablacion-por-radiofrecuencia-rfa\/\">ablaci\u00f3n por radiofrecuencia (RFA)<\/a> y <a href=\"https:\/\/dev.sfveincenter.com\/es\/venaseal-cierre\/\">cierre VenaSeal<\/a> .<\/p>\n<h2>Consejos para seleccionar tratamientos de venas en San Rafael<\/h2>\n<p>Puede buscar tratamiento para las venas varicosas o ara\u00f1as vasculares en San Rafael. Sin embargo, muchos pacientes viajan a la ciudad para trabajar con especialistas en venas. Quiere un resultado positivo, por eso es esencial elegir un m\u00e9dico calificado. A continuaci\u00f3n, se ofrecen algunos consejos que le ayudar\u00e1n:<\/p>\n<ul>\n<li><strong>Cirujano frente a no cirujano:<\/strong> algunos m\u00e9dicos que tratan las venas no son cirujanos. Como resultado, tienen opciones de tratamiento limitadas. Se recomienda que elija un cirujano que pueda realizar el espectro completo de tratamientos disponibles. Los m\u00e9dicos que no pueden realizar ciertos tratamientos pueden elegir soluciones que sean menos efectivas o que no lo sean en absoluto.<\/li>\n<li><strong>Privilegios de admisi\u00f3n al hospital:<\/strong> algunos m\u00e9dicos no tienen privilegios para admitir pacientes en el hospital. Esto no solo reduce sus opciones de tratamiento, sino que tambi\u00e9n evita que puedan tratarlo por complicaciones posoperatorias que pueden requerir una instalaci\u00f3n hospitalaria. Aseg\u00farese de buscar un m\u00e9dico de venas que tenga privilegios de admisi\u00f3n en un hospital.<\/li>\n<li><strong>Reputaci\u00f3n y calificaciones de la oficina:<\/strong> Haga su tarea y verifique la reputaci\u00f3n de la cl\u00ednica que est\u00e1 considerando. Adem\u00e1s de leer rese\u00f1as en l\u00ednea sobre el m\u00e9dico, solicite informaci\u00f3n sobre la certificaci\u00f3n de la junta del m\u00e9dico.<\/li>\n<\/ul>\n<h2>Consulta para el tratamiento de las venas varicosas<\/h2>\n<p>Una consulta es siempre el primer paso si est\u00e1 listo o desea obtener m\u00e1s informaci\u00f3n sobre<a href=\"https:\/\/dev.sfveincenter.com\/es\/insuficiencia-venosa\/\"> tratamientos de venas<\/a> . El San Francisco Vein Center ofrece registro de pacientes en l\u00ednea y programaci\u00f3n de citas flexible para adaptarse a usted. Cuando acuda a una consulta, el m\u00e9dico le realizar\u00e1 un examen completo, le preguntar\u00e1 sobre su historial m\u00e9dico y sus s\u00edntomas, y puede utilizar una ecograf\u00eda para diagnosticar y determinar un plan de tratamiento.<\/p>\n<p>Somos proactivos para apoyar los objetivos de cada paciente, dedicando mucho tiempo para responder preguntas y ayudarlo a comparar las opciones de tratamiento. Adem\u00e1s, las citas de seguimiento garantizan el \u00e9xito continuo de su tratamiento.<\/p>\n<p>Si necesita un tratamiento de ara\u00f1as vasculares (escleroterapia), puede programar una cita de tratamiento sin programar una consulta. Esta opci\u00f3n est\u00e1 disponible para pacientes que se han sometido a escleroterapia anteriormente y, por lo general, no tienen insuficiencia venosa u otras afecciones subyacentes. Leer m\u00e1s sobre<a href=\"https:\/\/dev.sfveincenter.com\/es\/tratamiento-de-venas-vasculares-escleroterapia\/\"> escleroterapia aqu\u00ed<\/a> en nuestra p\u00e1gina web.<\/p>\n<h2>Costo de los tratamientos de venas<\/h2>\n<p>Muchos planes de seguro cubren ecograf\u00edas de diagn\u00f3stico, visitas al consultorio y tratamientos para las venas varicosas. San Francisco Vein Center no es miembro de<a href=\"http:\/\/www.mymarinhealth.org\"> Salud de Marin<\/a> , pero aceptamos todos los principales proveedores de seguros.<\/p>\n<p>Cuando se necesitan procedimientos cosm\u00e9ticos para las ara\u00f1as vasculares, el seguro generalmente no cubre los tratamientos. Cada situaci\u00f3n es \u00fanica, por lo que es mejor trabajar con su proveedor de seguros y nuestro personal capacitado para comprender su<a href=\"https:\/\/dev.sfveincenter.com\/es\/seguro\/\"> seguro<\/a> cobertura.<\/p>\n<p>[\/et_pb_text][\/et_pb_column][\/et_pb_row][et_pb_row column_structure=\u00bb1_2,1_2&#8243; _builder_version=\u00bb4.16&#8243; global_colors_info=\u00bb{}\u00bb][et_pb_column type=\u00bb1_2&#8243; _builder_version=\u00bb4.16&#8243; global_colors_info=\u00bb{}\u00bb][et_pb_text _builder_version=\u00bb4.16&#8243; global_colors_info=\u00bb{}\u00bb]<\/p>\n<h2>Programe con un m\u00e9dico de venas cerca de San Rafael<\/h2>\n<p>Es hora de encontrar alivio de la incomodidad y el dolor que est\u00e1n causando sus venas varicosas. Tambi\u00e9n proporcionamos soluciones cosm\u00e9ticas para las ara\u00f1as vasculares. Si se encuentra en San Rafael, comun\u00edquese con nuestro equipo en el<a href=\"https:\/\/dev.sfveincenter.com\/es\/san-francisco\/\"> Centro de venas de San Francisco<\/a> para reservar una cita: 415-752-1122.<\/p>\n<p>[\/et_pb_text][\/et_pb_column][et_pb_column type=\u00bb1_2&#8243; _builder_version=\u00bb4.16&#8243; global_colors_info=\u00bb{}\u00bb][et_pb_map address=\u00bb2250 Hayes St #612, San Francisco, CA 94117, USA\u00bb zoom_level=\u00bb17&#8243; address_lat=\u00bb37.773481939699&#8243; address_lng=\u00bb-122.45430619339&#8243; _builder_version=\u00bb4.16&#8243; global_colors_info=\u00bb{}\u00bb][\/et_pb_map][\/et_pb_column][\/et_pb_row][\/et_pb_section]<\/p>\n","protected":false},"excerpt":{"rendered":"<p>Tratamiento de ara\u00f1as vasculares y varices en San Rafael Como sede del condado de Mar\u00edn, San Rafael es el hogar de una poblaci\u00f3n diversa. Los inviernos suaves brindan a los residentes la opci\u00f3n de disfrutar de actividades al aire libre durante todo el a\u00f1o: McNear&#8217;s Beach, Peacock Gap Golf Club, China Camp State Park y [&hellip;]<\/p>\n","protected":false},"author":5,"featured_media":0,"parent":0,"menu_order":0,"comment_status":"closed","ping_status":"closed","template":"","meta":{"_et_pb_use_builder":"on","_et_pb_old_content":"","_et_gb_content_width":"","footnotes":""},"class_list":["post-7907","page","type-page","status-publish","hentry"],"yoast_head":"<!-- This site is optimized with the Yoast SEO Premium plugin v23.9 (Yoast SEO v26.8) - https:\/\/yoast.com\/product\/yoast-seo-premium-wordpress\/ -->\n<title>Tratamiento varices ara\u00f1as vasculares San Rafael | s\u00edntomas<\/title>\n<meta name=\"description\" content=\"Tratamientos para ara\u00f1as vasculares y varices en San Rafael | Compruebe si tiene s\u00edntomas causados por insuficiencia venosa.\" \/>\n<meta name=\"robots\" content=\"noindex, follow, max-snippet:-1, max-image-preview:large, max-video-preview:-1\" \/>\n<meta property=\"og:locale\" content=\"es_ES\" \/>\n<meta property=\"og:type\" content=\"article\" \/>\n<meta property=\"og:title\" content=\"Lugares - Tratamientos de varices y ara\u00f1as vasculares en San Rafael\" \/>\n<meta property=\"og:description\" content=\"Tratamientos para ara\u00f1as vasculares y varices en San Rafael | Compruebe si tiene s\u00edntomas causados por insuficiencia venosa.\" \/>\n<meta property=\"og:url\" content=\"https:\/\/dev.sfveincenter.com\/es\/lugares-tratamientos-de-varices-y-aranas-vasculares-en-san-rafael\/\" \/>\n<meta property=\"og:site_name\" content=\"San Francisco Vein Doctor | Varicose &amp; Spider Vein Treatment\" \/>\n<meta property=\"article:publisher\" content=\"https:\/\/www.facebook.com\/sfveincenter\" \/>\n<meta property=\"article:modified_time\" content=\"2024-11-08T22:32:12+00:00\" \/>\n<meta property=\"og:image\" content=\"https:\/\/dev.sfveincenter.com\/wp-content\/uploads\/2021\/06\/san-rafael-legs-1024x683.png\" \/>\n\t<meta property=\"og:image:width\" content=\"1024\" \/>\n\t<meta property=\"og:image:height\" content=\"683\" \/>\n\t<meta property=\"og:image:type\" content=\"image\/png\" \/>\n<meta name=\"twitter:card\" content=\"summary_large_image\" \/>\n<meta name=\"twitter:site\" content=\"@sfveincenter\" \/>\n<meta name=\"twitter:label1\" content=\"Tiempo de lectura\" \/>\n\t<meta name=\"twitter:data1\" content=\"5 minutos\" \/>\n<script type=\"application\/ld+json\" class=\"yoast-schema-graph\">{\"@context\":\"https:\/\/schema.org\",\"@graph\":[{\"@type\":\"WebPage\",\"@id\":\"https:\/\/dev.sfveincenter.com\/es\/lugares-tratamientos-de-varices-y-aranas-vasculares-en-san-rafael\/\",\"url\":\"https:\/\/dev.sfveincenter.com\/es\/lugares-tratamientos-de-varices-y-aranas-vasculares-en-san-rafael\/\",\"name\":\"Tratamiento varices ara\u00f1as vasculares San Rafael | s\u00edntomas\",\"isPartOf\":{\"@id\":\"https:\/\/dev.sfveincenter.com\/es\/#website\"},\"primaryImageOfPage\":{\"@id\":\"https:\/\/dev.sfveincenter.com\/es\/lugares-tratamientos-de-varices-y-aranas-vasculares-en-san-rafael\/#primaryimage\"},\"image\":{\"@id\":\"https:\/\/dev.sfveincenter.com\/es\/lugares-tratamientos-de-varices-y-aranas-vasculares-en-san-rafael\/#primaryimage\"},\"thumbnailUrl\":\"https:\/\/dev.sfveincenter.com\/wp-content\/uploads\/2021\/06\/san-rafael-legs-300x200.png\",\"datePublished\":\"2021-06-18T01:15:30+00:00\",\"dateModified\":\"2024-11-08T22:32:12+00:00\",\"description\":\"Tratamientos para ara\u00f1as vasculares y varices en San Rafael | Compruebe si tiene s\u00edntomas causados por insuficiencia venosa.\",\"breadcrumb\":{\"@id\":\"https:\/\/dev.sfveincenter.com\/es\/lugares-tratamientos-de-varices-y-aranas-vasculares-en-san-rafael\/#breadcrumb\"},\"inLanguage\":\"es\",\"potentialAction\":[{\"@type\":\"ReadAction\",\"target\":[\"https:\/\/dev.sfveincenter.com\/es\/lugares-tratamientos-de-varices-y-aranas-vasculares-en-san-rafael\/\"]}]},{\"@type\":\"ImageObject\",\"inLanguage\":\"es\",\"@id\":\"https:\/\/dev.sfveincenter.com\/es\/lugares-tratamientos-de-varices-y-aranas-vasculares-en-san-rafael\/#primaryimage\",\"url\":\"https:\/\/dev.sfveincenter.com\/wp-content\/uploads\/2021\/06\/san-rafael-legs-300x200.png\",\"contentUrl\":\"https:\/\/dev.sfveincenter.com\/wp-content\/uploads\/2021\/06\/san-rafael-legs-300x200.png\"},{\"@type\":\"BreadcrumbList\",\"@id\":\"https:\/\/dev.sfveincenter.com\/es\/lugares-tratamientos-de-varices-y-aranas-vasculares-en-san-rafael\/#breadcrumb\",\"itemListElement\":[{\"@type\":\"ListItem\",\"position\":1,\"name\":\"Home\",\"item\":\"https:\/\/dev.sfveincenter.com\/es\/inicio-2\/\"},{\"@type\":\"ListItem\",\"position\":2,\"name\":\"Lugares &#8211; Tratamientos de varices y ara\u00f1as vasculares en San Rafael\"}]},{\"@type\":\"WebSite\",\"@id\":\"https:\/\/dev.sfveincenter.com\/es\/#website\",\"url\":\"https:\/\/dev.sfveincenter.com\/es\/\",\"name\":\"San Francisco Vein Doctor | Varicose &amp; Spider Vein Treatment\",\"description\":\"\",\"publisher\":{\"@id\":\"https:\/\/dev.sfveincenter.com\/es\/#organization\"},\"potentialAction\":[{\"@type\":\"SearchAction\",\"target\":{\"@type\":\"EntryPoint\",\"urlTemplate\":\"https:\/\/dev.sfveincenter.com\/es\/?s={search_term_string}\"},\"query-input\":{\"@type\":\"PropertyValueSpecification\",\"valueRequired\":true,\"valueName\":\"search_term_string\"}}],\"inLanguage\":\"es\"},{\"@type\":\"Organization\",\"@id\":\"https:\/\/dev.sfveincenter.com\/es\/#organization\",\"name\":\"San Francisco Vein Center - Melinda L Aquino MD\",\"url\":\"https:\/\/dev.sfveincenter.com\/es\/\",\"logo\":{\"@type\":\"ImageObject\",\"inLanguage\":\"es\",\"@id\":\"https:\/\/dev.sfveincenter.com\/es\/#\/schema\/logo\/image\/\",\"url\":\"https:\/\/dev.sfveincenter.com\/wp-content\/uploads\/2021\/02\/cropped-favicon-512x512-1-1.png\",\"contentUrl\":\"https:\/\/dev.sfveincenter.com\/wp-content\/uploads\/2021\/02\/cropped-favicon-512x512-1-1.png\",\"width\":512,\"height\":512,\"caption\":\"San Francisco Vein Center - Melinda L Aquino MD\"},\"image\":{\"@id\":\"https:\/\/dev.sfveincenter.com\/es\/#\/schema\/logo\/image\/\"},\"sameAs\":[\"https:\/\/www.facebook.com\/sfveincenter\",\"https:\/\/x.com\/sfveincenter\",\"https:\/\/www.youtube.com\/channel\/UCH75q26Kq5lThH_Xptt8imQ\",\"https:\/\/x.com\/SFVeinCenter\"]}]}<\/script>\n<!-- \/ Yoast SEO Premium plugin. -->","yoast_head_json":{"title":"Tratamiento varices ara\u00f1as vasculares San Rafael | s\u00edntomas","description":"Tratamientos para ara\u00f1as vasculares y varices en San Rafael | Compruebe si tiene s\u00edntomas causados por insuficiencia venosa.","robots":{"index":"noindex","follow":"follow","max-snippet":"max-snippet:-1","max-image-preview":"max-image-preview:large","max-video-preview":"max-video-preview:-1"},"og_locale":"es_ES","og_type":"article","og_title":"Lugares - Tratamientos de varices y ara\u00f1as vasculares en San Rafael","og_description":"Tratamientos para ara\u00f1as vasculares y varices en San Rafael | Compruebe si tiene s\u00edntomas causados por insuficiencia venosa.","og_url":"https:\/\/dev.sfveincenter.com\/es\/lugares-tratamientos-de-varices-y-aranas-vasculares-en-san-rafael\/","og_site_name":"San Francisco Vein Doctor | Varicose &amp; Spider Vein Treatment","article_publisher":"https:\/\/www.facebook.com\/sfveincenter","article_modified_time":"2024-11-08T22:32:12+00:00","og_image":[{"width":1024,"height":683,"url":"https:\/\/dev.sfveincenter.com\/wp-content\/uploads\/2021\/06\/san-rafael-legs-1024x683.png","type":"image\/png"}],"twitter_card":"summary_large_image","twitter_site":"@sfveincenter","twitter_misc":{"Tiempo de lectura":"5 minutos"},"schema":{"@context":"https:\/\/schema.org","@graph":[{"@type":"WebPage","@id":"https:\/\/dev.sfveincenter.com\/es\/lugares-tratamientos-de-varices-y-aranas-vasculares-en-san-rafael\/","url":"https:\/\/dev.sfveincenter.com\/es\/lugares-tratamientos-de-varices-y-aranas-vasculares-en-san-rafael\/","name":"Tratamiento varices ara\u00f1as vasculares San Rafael | s\u00edntomas","isPartOf":{"@id":"https:\/\/dev.sfveincenter.com\/es\/#website"},"primaryImageOfPage":{"@id":"https:\/\/dev.sfveincenter.com\/es\/lugares-tratamientos-de-varices-y-aranas-vasculares-en-san-rafael\/#primaryimage"},"image":{"@id":"https:\/\/dev.sfveincenter.com\/es\/lugares-tratamientos-de-varices-y-aranas-vasculares-en-san-rafael\/#primaryimage"},"thumbnailUrl":"https:\/\/dev.sfveincenter.com\/wp-content\/uploads\/2021\/06\/san-rafael-legs-300x200.png","datePublished":"2021-06-18T01:15:30+00:00","dateModified":"2024-11-08T22:32:12+00:00","description":"Tratamientos para ara\u00f1as vasculares y varices en San Rafael | Compruebe si tiene s\u00edntomas causados por insuficiencia venosa.","breadcrumb":{"@id":"https:\/\/dev.sfveincenter.com\/es\/lugares-tratamientos-de-varices-y-aranas-vasculares-en-san-rafael\/#breadcrumb"},"inLanguage":"es","potentialAction":[{"@type":"ReadAction","target":["https:\/\/dev.sfveincenter.com\/es\/lugares-tratamientos-de-varices-y-aranas-vasculares-en-san-rafael\/"]}]},{"@type":"ImageObject","inLanguage":"es","@id":"https:\/\/dev.sfveincenter.com\/es\/lugares-tratamientos-de-varices-y-aranas-vasculares-en-san-rafael\/#primaryimage","url":"https:\/\/dev.sfveincenter.com\/wp-content\/uploads\/2021\/06\/san-rafael-legs-300x200.png","contentUrl":"https:\/\/dev.sfveincenter.com\/wp-content\/uploads\/2021\/06\/san-rafael-legs-300x200.png"},{"@type":"BreadcrumbList","@id":"https:\/\/dev.sfveincenter.com\/es\/lugares-tratamientos-de-varices-y-aranas-vasculares-en-san-rafael\/#breadcrumb","itemListElement":[{"@type":"ListItem","position":1,"name":"Home","item":"https:\/\/dev.sfveincenter.com\/es\/inicio-2\/"},{"@type":"ListItem","position":2,"name":"Lugares &#8211; Tratamientos de varices y ara\u00f1as vasculares en San Rafael"}]},{"@type":"WebSite","@id":"https:\/\/dev.sfveincenter.com\/es\/#website","url":"https:\/\/dev.sfveincenter.com\/es\/","name":"San Francisco Vein Doctor | Varicose &amp; Spider Vein Treatment","description":"","publisher":{"@id":"https:\/\/dev.sfveincenter.com\/es\/#organization"},"potentialAction":[{"@type":"SearchAction","target":{"@type":"EntryPoint","urlTemplate":"https:\/\/dev.sfveincenter.com\/es\/?s={search_term_string}"},"query-input":{"@type":"PropertyValueSpecification","valueRequired":true,"valueName":"search_term_string"}}],"inLanguage":"es"},{"@type":"Organization","@id":"https:\/\/dev.sfveincenter.com\/es\/#organization","name":"San Francisco Vein Center - Melinda L Aquino MD","url":"https:\/\/dev.sfveincenter.com\/es\/","logo":{"@type":"ImageObject","inLanguage":"es","@id":"https:\/\/dev.sfveincenter.com\/es\/#\/schema\/logo\/image\/","url":"https:\/\/dev.sfveincenter.com\/wp-content\/uploads\/2021\/02\/cropped-favicon-512x512-1-1.png","contentUrl":"https:\/\/dev.sfveincenter.com\/wp-content\/uploads\/2021\/02\/cropped-favicon-512x512-1-1.png","width":512,"height":512,"caption":"San Francisco Vein Center - Melinda L Aquino MD"},"image":{"@id":"https:\/\/dev.sfveincenter.com\/es\/#\/schema\/logo\/image\/"},"sameAs":["https:\/\/www.facebook.com\/sfveincenter","https:\/\/x.com\/sfveincenter","https:\/\/www.youtube.com\/channel\/UCH75q26Kq5lThH_Xptt8imQ","https:\/\/x.com\/SFVeinCenter"]}]}},"_links":{"self":[{"href":"https:\/\/dev.sfveincenter.com\/es\/wp-json\/wp\/v2\/pages\/7907","targetHints":{"allow":["GET"]}}],"collection":[{"href":"https:\/\/dev.sfveincenter.com\/es\/wp-json\/wp\/v2\/pages"}],"about":[{"href":"https:\/\/dev.sfveincenter.com\/es\/wp-json\/wp\/v2\/types\/page"}],"author":[{"embeddable":true,"href":"https:\/\/dev.sfveincenter.com\/es\/wp-json\/wp\/v2\/users\/5"}],"replies":[{"embeddable":true,"href":"https:\/\/dev.sfveincenter.com\/es\/wp-json\/wp\/v2\/comments?post=7907"}],"version-history":[{"count":0,"href":"https:\/\/dev.sfveincenter.com\/es\/wp-json\/wp\/v2\/pages\/7907\/revisions"}],"wp:attachment":[{"href":"https:\/\/dev.sfveincenter.com\/es\/wp-json\/wp\/v2\/media?parent=7907"}],"curies":[{"name":"wp","href":"https:\/\/api.w.org\/{rel}","templated":true}]}}