{"id":8081,"date":"2021-10-29T09:11:24","date_gmt":"2021-10-29T16:11:24","guid":{"rendered":"https:\/\/dev.sfveincenter.com\/lugares-tratamiento-de-venas-varicosas-y-aranas-vasculares-en-berkeley-emeryville-y-albany\/"},"modified":"2021-11-16T16:20:26","modified_gmt":"2021-11-17T00:20:26","slug":"lugares-tratamiento-de-venas-varicosas-y-aranas-vasculares-en-berkeley-emeryville-y-albany","status":"publish","type":"page","link":"https:\/\/dev.sfveincenter.com\/es\/lugares-tratamiento-de-venas-varicosas-y-aranas-vasculares-en-berkeley-emeryville-y-albany\/","title":{"rendered":"Lugares: tratamiento de venas varicosas y ara\u00f1as vasculares en Berkeley, Emeryville y Albany"},"content":{"rendered":"<p>[et_pb_section fb_built=\u00bb1&#8243; _builder_version=\u00bb4.11.2&#8243; _module_preset=\u00bbdefault\u00bb global_colors_info=\u00bb{}\u00bb][et_pb_row _builder_version=\u00bb4.11.2&#8243; _module_preset=\u00bbdefault\u00bb global_colors_info=\u00bb{}\u00bb][et_pb_column type=\u00bb4_4&#8243; _builder_version=\u00bb4.11.2&#8243; _module_preset=\u00bbdefault\u00bb global_colors_info=\u00bb{}\u00bb][et_pb_text _builder_version=\u00bb4.11.2&#8243; _module_preset=\u00bbdefault\u00bb hover_enabled=\u00bb0&#8243; global_colors_info=\u00bb{}\u00bb sticky_enabled=\u00bb0&#8243;]<\/p>\n<h1 style=\"text-align: center;\">Tratamiento de venas y ara\u00f1as vasculares &#8211; Berkeley | Emeryville | Albany<\/h1>\n<p><img loading=\"lazy\" decoding=\"async\" class=\"wp-image-8021 alignright size-medium\" src=\"https:\/\/dev.sfveincenter.com\/wp-content\/uploads\/2021\/10\/berkeley-everyville-veins-300x186.png\" alt=\"Tratamiento de las venas de Berkeley y Emeryville\" width=\"300\" height=\"186\">Berkeley y sus \u00e1reas inmediatas de Albany y Emeryville ofrecen una multitud de actividades. Emeryville es sin duda el mejor lugar para encontrar cualquier tienda grande que pueda necesitar, mientras que las tres ciudades ofrecen una amplia variedad de restaurantes que sirven comida de todo el mundo. Para los excursionistas, Berkeley Hills y Tilden Park son excelentes destinos. Y para aquellos que buscan actividades culturales y art\u00edsticas, est\u00e1 el Berkeley Repertory Theatre e innumerables museos desde Albany hasta Rockridge. Vayas donde vayas, tu salida requerir\u00e1 mucho trabajo en las piernas, y aquellos que sufren de <a href=\"https:\/\/dev.sfveincenter.com\/es\/tratamiento-de-venas-varicosas-varices\/\">venas varicosas<\/a> o <a href=\"https:\/\/dev.sfveincenter.com\/es\/eliminacion-de-venas-vasculares-aranas\/\">ara\u00f1as vasculares<\/a> podr\u00edan desear haberse quedado en casa.<\/p>\n<p>Millones de personas en los Estados Unidos sufren de <a href=\"https:\/\/www.webmd.com\/dvt\/dvt-venous-insufficiency\" target=\"_blank\" rel=\"noopener\">insuficiencia venosa<\/a> , que es la enfermedad que da lugar a las venas varicosas y ara\u00f1as vasculares. Algunos piensan que las venas varicosas son cosm\u00e9ticas, pero son una condici\u00f3n m\u00e9dica real causada por una enfermedad. Las venas varicosas y las ara\u00f1as vasculares no solo pueden provocar complicaciones de salud m\u00e1s graves, sino que tambi\u00e9n pueden debilitar la imagen de uno mismo. Sus s\u00edntomas, como dolor e hinchaz\u00f3n, pueden impedirle realizar las actividades que ama.<\/p>\n<h2>\u00bfQu\u00e9 tipo de tratamientos para las venas?<\/h2>\n<p>Los tratamientos para las varices han avanzado notablemente. Ahora incluyen m\u00e9todos no invasivos que le permitir\u00e1n volver a caminar sin preocuparse de que sus piernas se destaquen. Todos los tratamientos modernos para las venas suelen tardar menos de una hora. Hay muchas opciones de tratamiento disponibles para adaptarse a sus condiciones espec\u00edficas. Todos ellos requieren muy poco o ning\u00fan tiempo de inactividad, por lo que puede sentirse c\u00f3modo en su recuperaci\u00f3n. Uno de los avances m\u00e1s notables en el tratamiento de las venas es que ya rara vez es necesario realizarlos en un hospital. Se pueden realizar en la comodidad del consultorio de su m\u00e9dico o en una cl\u00ednica ambulatoria.<\/p>\n<p>Aseg\u00farese de hablar con un especialista que pueda diagnosticar todas las afecciones de las venas y sugerir la mejor opci\u00f3n de tratamiento para su estilo de vida. Los posibles procedimientos incluyen la terapia con l\u00e1ser endovenoso (EVLT), la escleroterapia, la ablaci\u00f3n por radiofrecuencia (RFA) y el cierre VenaSeal.<\/p>\n<h2>\u00bfA qui\u00e9n deber\u00edas acudir?<\/h2>\n<p>Hay varios factores a considerar al elegir a su especialista para tratar las ara\u00f1as vasculares o las varices. Los diferentes m\u00e9dicos tienen diferentes fortalezas y es esencial conseguir uno que funcione para usted. Algunas Muchas personas viajan a ciudades cercanas donde saben que recibir\u00e1n la mejor atenci\u00f3n disponible. Pero, \u00bfc\u00f3mo saber con qu\u00e9 m\u00e9dico acudir?<\/p>\n<p><strong>Tipo de m\u00e9dico:<\/strong> No todos los m\u00e9dicos que tratan las venas varicosas tienen la capacitaci\u00f3n o autorizaci\u00f3n para realizar todas las opciones de tratamiento. Esto a veces puede llevar a que los m\u00e9dicos realicen procedimientos que no son \u00f3ptimos. Cualquiera que elija para tratar sus piernas, aseg\u00farese de que no se especialicen solo en las venas. Es vital visitar a un m\u00e9dico que se especialice en todo el sistema vascular, como un cirujano vascular. Adem\u00e1s, los cirujanos tienen acceso a la gama completa de opciones de tratamiento. Esto puede ser especialmente cr\u00edtico en caso de que surjan complicaciones posteriores al procedimiento. Los no cirujanos tienen limitaciones en lo que pueden hacer en comparaci\u00f3n con los cirujanos.<\/p>\n<p><strong>Situaci\u00f3n cl\u00ednica:<\/strong> aseg\u00farese de que su proveedor est\u00e9 certificado por la junta y lea las rese\u00f1as de la cl\u00ednica para evaluar las experiencias de otros pacientes. No dude en solicitar m\u00e1s informaci\u00f3n a la cl\u00ednica con respecto a las credenciales y la experiencia. Adem\u00e1s, verifique si el m\u00e9dico en ejercicio tiene privilegios para admitir pacientes en el hospital. Hacerlo garantiza que todas las opciones disponibles para tratar las complicaciones posteriores al tratamiento permanezcan abiertas, sin importar cu\u00e1n peque\u00f1a sea la posibilidad.<\/p>\n<h2>\u00bfCu\u00e1les son los pr\u00f3ximos pasos hacia el tratamiento de las venas?<\/h2>\n<p>Si est\u00e1 preocupado por sus venas varicosas o ara\u00f1as vasculares y desea hablar con un profesional, una consulta es siempre el primer paso para llevar una vida m\u00e1s activa. El San Francisco Vein Center ofrece citas flexibles y registro de pacientes en l\u00ednea dise\u00f1ado para adaptarse a su horario. Durante su primera cita, realizamos un examen completo que puede incluir una ecograf\u00eda. Aprendemos sobre su historial m\u00e9dico para formar un plan de tratamiento y diagn\u00f3stico preciso y detallado.<\/p>\n<p>Casi todos los procedimientos relacionados con las venas tienen poco o ning\u00fan per\u00edodo de recuperaci\u00f3n y se realizan en el consultorio para brindar un entorno c\u00f3modo para el paciente. El cuidado esmerado es nuestro objetivo. Las citas de seguimiento est\u00e1n programadas para monitorear el \u00e9xito de su tratamiento y para preguntas o inquietudes que pueda tener m\u00e1s adelante.<\/p>\n<p>Para los pacientes que buscan tratamiento para las ara\u00f1as vasculares (escleroterapia), se pueden programar citas sin una consulta. Esto generalmente est\u00e1 disponible para personas que se han sometido a escleroterapia previamente y entienden que no tienen insuficiencia venosa u otras afecciones subyacentes.<\/p>\n<h2>Costos asociados con el tratamiento de las venas<\/h2>\n<p>La buena noticia es que el seguro a menudo cubre todas las etapas del tratamiento: desde consultas y ecograf\u00edas hasta visitas al consultorio y seguimientos. Sin embargo, los servicios principalmente cosm\u00e9ticos, como el tratamiento de las ara\u00f1as vasculares, rara vez caen bajo el paraguas de los seguros. Si tiene preguntas sobre su elegibilidad y lo que cubrir\u00e1 su seguro, podemos ayudarlo. Puede consultar la lista de <a href=\"https:\/\/dev.sfveincenter.com\/es\/seguro\/\">compa\u00f1\u00edas de seguros de salud dentro de la red<\/a> con nuestros proveedores o llamarnos al 415-752-1122. No importa el caso, no deber\u00eda tener que vivir con incomodidad.<\/p>\n<p>[\/et_pb_text][\/et_pb_column][\/et_pb_row][et_pb_row column_structure=\u00bb1_2,1_2&#8243; _builder_version=\u00bb4.4.2&#8243; global_colors_info=\u00bb{}\u00bb][et_pb_column type=\u00bb1_2&#8243; _builder_version=\u00bb4.4.2&#8243; global_colors_info=\u00bb{}\u00bb][et_pb_text _builder_version=\u00bb4.11.2&#8243; global_colors_info=\u00bb{}\u00bb]<\/p>\n<h1><b>NUESTRAS OFICINAS EST\u00c1N A CORTA DISTANCIA DE BERKELEY, EMERYVILLE Y ALBANY<\/b><\/h1>\n<p>Las venas varicosas no son s\u00f3lo cosm\u00e9ticas. Pueden tratarse f\u00e1cilmente poniendo fin a cualquier dolor, malestar y fealdad que tenga. Eso comienza con una visita al consultorio. Estamos a poca distancia de Albany, Emeryville y Berkeley. Comun\u00edquese con nuestro equipo para <a href=\"https:\/\/dev.sfveincenter.com\/es\/solicitud-de-cita\/\">reservar una cita<\/a> o llame al 415-752-1122. No permita que las ara\u00f1as vasculares o las venas varicosas le impidan hacer lo que ama.<\/p>\n<p>[\/et_pb_text][\/et_pb_column][et_pb_column type=\u00bb1_2&#8243; _builder_version=\u00bb4.4.2&#8243; global_colors_info=\u00bb{}\u00bb][et_pb_map address=\u00bb2250 Hayes St #612, San Francisco, CA 94117, USA\u00bb zoom_level=\u00bb17&#8243; address_lat=\u00bb37.773481939699&#8243; address_lng=\u00bb-122.45430619339&#8243; _builder_version=\u00bb4.4.2&#8243; global_colors_info=\u00bb{}\u00bb][\/et_pb_map][\/et_pb_column][\/et_pb_row][\/et_pb_section]<\/p>\n","protected":false},"excerpt":{"rendered":"<p>Tratamiento de venas y ara\u00f1as vasculares &#8211; Berkeley | Emeryville | Albany Berkeley y sus \u00e1reas inmediatas de Albany y Emeryville ofrecen una multitud de actividades. Emeryville es sin duda el mejor lugar para encontrar cualquier tienda grande que pueda necesitar, mientras que las tres ciudades ofrecen una amplia variedad de restaurantes que sirven comida [&hellip;]<\/p>\n","protected":false},"author":5,"featured_media":0,"parent":0,"menu_order":0,"comment_status":"closed","ping_status":"closed","template":"","meta":{"_et_pb_use_builder":"on","_et_pb_old_content":"","_et_gb_content_width":"","footnotes":""},"class_list":["post-8081","page","type-page","status-publish","hentry"],"yoast_head":"<!-- This site is optimized with the Yoast SEO Premium plugin v23.9 (Yoast SEO v26.8) - https:\/\/yoast.com\/product\/yoast-seo-premium-wordpress\/ -->\n<title>Varices y ara\u00f1as vasculares - Berkeley | Emeryville | Albany<\/title>\n<meta name=\"description\" content=\"A poca distancia en autom\u00f3vil de Easy Bay, el San Francisco Vein Center personaliza el tratamiento de las venas para satisfacer las necesidades de sus pacientes.\" \/>\n<meta name=\"robots\" content=\"noindex, follow, max-snippet:-1, max-image-preview:large, max-video-preview:-1\" \/>\n<meta property=\"og:locale\" content=\"es_ES\" \/>\n<meta property=\"og:type\" content=\"article\" \/>\n<meta property=\"og:title\" content=\"Lugares: tratamiento de venas varicosas y ara\u00f1as vasculares en Berkeley, Emeryville y Albany\" \/>\n<meta property=\"og:description\" content=\"A poca distancia en autom\u00f3vil de Easy Bay, el San Francisco Vein Center personaliza el tratamiento de las venas para satisfacer las necesidades de sus pacientes.\" \/>\n<meta property=\"og:url\" content=\"https:\/\/dev.sfveincenter.com\/es\/lugares-tratamiento-de-venas-varicosas-y-aranas-vasculares-en-berkeley-emeryville-y-albany\/\" \/>\n<meta property=\"og:site_name\" content=\"San Francisco Vein Doctor | Varicose &amp; Spider Vein Treatment\" \/>\n<meta property=\"article:publisher\" content=\"https:\/\/www.facebook.com\/sfveincenter\" \/>\n<meta property=\"article:modified_time\" content=\"2021-11-17T00:20:26+00:00\" \/>\n<meta property=\"og:image\" content=\"https:\/\/dev.sfveincenter.com\/wp-content\/uploads\/2021\/10\/berkeley-everyville-veins-300x186.png\" \/>\n<meta name=\"twitter:card\" content=\"summary_large_image\" \/>\n<meta name=\"twitter:site\" content=\"@sfveincenter\" \/>\n<meta name=\"twitter:label1\" content=\"Tiempo de lectura\" \/>\n\t<meta name=\"twitter:data1\" content=\"6 minutos\" \/>\n<script type=\"application\/ld+json\" class=\"yoast-schema-graph\">{\"@context\":\"https:\/\/schema.org\",\"@graph\":[{\"@type\":\"WebPage\",\"@id\":\"https:\/\/dev.sfveincenter.com\/es\/lugares-tratamiento-de-venas-varicosas-y-aranas-vasculares-en-berkeley-emeryville-y-albany\/\",\"url\":\"https:\/\/dev.sfveincenter.com\/es\/lugares-tratamiento-de-venas-varicosas-y-aranas-vasculares-en-berkeley-emeryville-y-albany\/\",\"name\":\"Varices y ara\u00f1as vasculares - Berkeley | Emeryville | Albany\",\"isPartOf\":{\"@id\":\"https:\/\/dev.sfveincenter.com\/es\/#website\"},\"primaryImageOfPage\":{\"@id\":\"https:\/\/dev.sfveincenter.com\/es\/lugares-tratamiento-de-venas-varicosas-y-aranas-vasculares-en-berkeley-emeryville-y-albany\/#primaryimage\"},\"image\":{\"@id\":\"https:\/\/dev.sfveincenter.com\/es\/lugares-tratamiento-de-venas-varicosas-y-aranas-vasculares-en-berkeley-emeryville-y-albany\/#primaryimage\"},\"thumbnailUrl\":\"https:\/\/dev.sfveincenter.com\/wp-content\/uploads\/2021\/10\/berkeley-everyville-veins-300x186.png\",\"datePublished\":\"2021-10-29T16:11:24+00:00\",\"dateModified\":\"2021-11-17T00:20:26+00:00\",\"description\":\"A poca distancia en autom\u00f3vil de Easy Bay, el San Francisco Vein Center personaliza el tratamiento de las venas para satisfacer las necesidades de sus pacientes.\",\"breadcrumb\":{\"@id\":\"https:\/\/dev.sfveincenter.com\/es\/lugares-tratamiento-de-venas-varicosas-y-aranas-vasculares-en-berkeley-emeryville-y-albany\/#breadcrumb\"},\"inLanguage\":\"es\",\"potentialAction\":[{\"@type\":\"ReadAction\",\"target\":[\"https:\/\/dev.sfveincenter.com\/es\/lugares-tratamiento-de-venas-varicosas-y-aranas-vasculares-en-berkeley-emeryville-y-albany\/\"]}]},{\"@type\":\"ImageObject\",\"inLanguage\":\"es\",\"@id\":\"https:\/\/dev.sfveincenter.com\/es\/lugares-tratamiento-de-venas-varicosas-y-aranas-vasculares-en-berkeley-emeryville-y-albany\/#primaryimage\",\"url\":\"https:\/\/dev.sfveincenter.com\/wp-content\/uploads\/2021\/10\/berkeley-everyville-veins-300x186.png\",\"contentUrl\":\"https:\/\/dev.sfveincenter.com\/wp-content\/uploads\/2021\/10\/berkeley-everyville-veins-300x186.png\"},{\"@type\":\"BreadcrumbList\",\"@id\":\"https:\/\/dev.sfveincenter.com\/es\/lugares-tratamiento-de-venas-varicosas-y-aranas-vasculares-en-berkeley-emeryville-y-albany\/#breadcrumb\",\"itemListElement\":[{\"@type\":\"ListItem\",\"position\":1,\"name\":\"Home\",\"item\":\"https:\/\/dev.sfveincenter.com\/es\/inicio-2\/\"},{\"@type\":\"ListItem\",\"position\":2,\"name\":\"Lugares: tratamiento de venas varicosas y ara\u00f1as vasculares en Berkeley, Emeryville y Albany\"}]},{\"@type\":\"WebSite\",\"@id\":\"https:\/\/dev.sfveincenter.com\/es\/#website\",\"url\":\"https:\/\/dev.sfveincenter.com\/es\/\",\"name\":\"San Francisco Vein Doctor | Varicose &amp; Spider Vein Treatment\",\"description\":\"\",\"publisher\":{\"@id\":\"https:\/\/dev.sfveincenter.com\/es\/#organization\"},\"potentialAction\":[{\"@type\":\"SearchAction\",\"target\":{\"@type\":\"EntryPoint\",\"urlTemplate\":\"https:\/\/dev.sfveincenter.com\/es\/?s={search_term_string}\"},\"query-input\":{\"@type\":\"PropertyValueSpecification\",\"valueRequired\":true,\"valueName\":\"search_term_string\"}}],\"inLanguage\":\"es\"},{\"@type\":\"Organization\",\"@id\":\"https:\/\/dev.sfveincenter.com\/es\/#organization\",\"name\":\"San Francisco Vein Center - Melinda L Aquino MD\",\"url\":\"https:\/\/dev.sfveincenter.com\/es\/\",\"logo\":{\"@type\":\"ImageObject\",\"inLanguage\":\"es\",\"@id\":\"https:\/\/dev.sfveincenter.com\/es\/#\/schema\/logo\/image\/\",\"url\":\"https:\/\/dev.sfveincenter.com\/wp-content\/uploads\/2021\/02\/cropped-favicon-512x512-1-1.png\",\"contentUrl\":\"https:\/\/dev.sfveincenter.com\/wp-content\/uploads\/2021\/02\/cropped-favicon-512x512-1-1.png\",\"width\":512,\"height\":512,\"caption\":\"San Francisco Vein Center - Melinda L Aquino MD\"},\"image\":{\"@id\":\"https:\/\/dev.sfveincenter.com\/es\/#\/schema\/logo\/image\/\"},\"sameAs\":[\"https:\/\/www.facebook.com\/sfveincenter\",\"https:\/\/x.com\/sfveincenter\",\"https:\/\/www.youtube.com\/channel\/UCH75q26Kq5lThH_Xptt8imQ\",\"https:\/\/x.com\/SFVeinCenter\"]}]}<\/script>\n<!-- \/ Yoast SEO Premium plugin. -->","yoast_head_json":{"title":"Varices y ara\u00f1as vasculares - Berkeley | Emeryville | Albany","description":"A poca distancia en autom\u00f3vil de Easy Bay, el San Francisco Vein Center personaliza el tratamiento de las venas para satisfacer las necesidades de sus pacientes.","robots":{"index":"noindex","follow":"follow","max-snippet":"max-snippet:-1","max-image-preview":"max-image-preview:large","max-video-preview":"max-video-preview:-1"},"og_locale":"es_ES","og_type":"article","og_title":"Lugares: tratamiento de venas varicosas y ara\u00f1as vasculares en Berkeley, Emeryville y Albany","og_description":"A poca distancia en autom\u00f3vil de Easy Bay, el San Francisco Vein Center personaliza el tratamiento de las venas para satisfacer las necesidades de sus pacientes.","og_url":"https:\/\/dev.sfveincenter.com\/es\/lugares-tratamiento-de-venas-varicosas-y-aranas-vasculares-en-berkeley-emeryville-y-albany\/","og_site_name":"San Francisco Vein Doctor | Varicose &amp; Spider Vein Treatment","article_publisher":"https:\/\/www.facebook.com\/sfveincenter","article_modified_time":"2021-11-17T00:20:26+00:00","og_image":[{"url":"https:\/\/dev.sfveincenter.com\/wp-content\/uploads\/2021\/10\/berkeley-everyville-veins-300x186.png","type":"","width":"","height":""}],"twitter_card":"summary_large_image","twitter_site":"@sfveincenter","twitter_misc":{"Tiempo de lectura":"6 minutos"},"schema":{"@context":"https:\/\/schema.org","@graph":[{"@type":"WebPage","@id":"https:\/\/dev.sfveincenter.com\/es\/lugares-tratamiento-de-venas-varicosas-y-aranas-vasculares-en-berkeley-emeryville-y-albany\/","url":"https:\/\/dev.sfveincenter.com\/es\/lugares-tratamiento-de-venas-varicosas-y-aranas-vasculares-en-berkeley-emeryville-y-albany\/","name":"Varices y ara\u00f1as vasculares - Berkeley | Emeryville | Albany","isPartOf":{"@id":"https:\/\/dev.sfveincenter.com\/es\/#website"},"primaryImageOfPage":{"@id":"https:\/\/dev.sfveincenter.com\/es\/lugares-tratamiento-de-venas-varicosas-y-aranas-vasculares-en-berkeley-emeryville-y-albany\/#primaryimage"},"image":{"@id":"https:\/\/dev.sfveincenter.com\/es\/lugares-tratamiento-de-venas-varicosas-y-aranas-vasculares-en-berkeley-emeryville-y-albany\/#primaryimage"},"thumbnailUrl":"https:\/\/dev.sfveincenter.com\/wp-content\/uploads\/2021\/10\/berkeley-everyville-veins-300x186.png","datePublished":"2021-10-29T16:11:24+00:00","dateModified":"2021-11-17T00:20:26+00:00","description":"A poca distancia en autom\u00f3vil de Easy Bay, el San Francisco Vein Center personaliza el tratamiento de las venas para satisfacer las necesidades de sus pacientes.","breadcrumb":{"@id":"https:\/\/dev.sfveincenter.com\/es\/lugares-tratamiento-de-venas-varicosas-y-aranas-vasculares-en-berkeley-emeryville-y-albany\/#breadcrumb"},"inLanguage":"es","potentialAction":[{"@type":"ReadAction","target":["https:\/\/dev.sfveincenter.com\/es\/lugares-tratamiento-de-venas-varicosas-y-aranas-vasculares-en-berkeley-emeryville-y-albany\/"]}]},{"@type":"ImageObject","inLanguage":"es","@id":"https:\/\/dev.sfveincenter.com\/es\/lugares-tratamiento-de-venas-varicosas-y-aranas-vasculares-en-berkeley-emeryville-y-albany\/#primaryimage","url":"https:\/\/dev.sfveincenter.com\/wp-content\/uploads\/2021\/10\/berkeley-everyville-veins-300x186.png","contentUrl":"https:\/\/dev.sfveincenter.com\/wp-content\/uploads\/2021\/10\/berkeley-everyville-veins-300x186.png"},{"@type":"BreadcrumbList","@id":"https:\/\/dev.sfveincenter.com\/es\/lugares-tratamiento-de-venas-varicosas-y-aranas-vasculares-en-berkeley-emeryville-y-albany\/#breadcrumb","itemListElement":[{"@type":"ListItem","position":1,"name":"Home","item":"https:\/\/dev.sfveincenter.com\/es\/inicio-2\/"},{"@type":"ListItem","position":2,"name":"Lugares: tratamiento de venas varicosas y ara\u00f1as vasculares en Berkeley, Emeryville y Albany"}]},{"@type":"WebSite","@id":"https:\/\/dev.sfveincenter.com\/es\/#website","url":"https:\/\/dev.sfveincenter.com\/es\/","name":"San Francisco Vein Doctor | Varicose &amp; Spider Vein Treatment","description":"","publisher":{"@id":"https:\/\/dev.sfveincenter.com\/es\/#organization"},"potentialAction":[{"@type":"SearchAction","target":{"@type":"EntryPoint","urlTemplate":"https:\/\/dev.sfveincenter.com\/es\/?s={search_term_string}"},"query-input":{"@type":"PropertyValueSpecification","valueRequired":true,"valueName":"search_term_string"}}],"inLanguage":"es"},{"@type":"Organization","@id":"https:\/\/dev.sfveincenter.com\/es\/#organization","name":"San Francisco Vein Center - Melinda L Aquino MD","url":"https:\/\/dev.sfveincenter.com\/es\/","logo":{"@type":"ImageObject","inLanguage":"es","@id":"https:\/\/dev.sfveincenter.com\/es\/#\/schema\/logo\/image\/","url":"https:\/\/dev.sfveincenter.com\/wp-content\/uploads\/2021\/02\/cropped-favicon-512x512-1-1.png","contentUrl":"https:\/\/dev.sfveincenter.com\/wp-content\/uploads\/2021\/02\/cropped-favicon-512x512-1-1.png","width":512,"height":512,"caption":"San Francisco Vein Center - Melinda L Aquino MD"},"image":{"@id":"https:\/\/dev.sfveincenter.com\/es\/#\/schema\/logo\/image\/"},"sameAs":["https:\/\/www.facebook.com\/sfveincenter","https:\/\/x.com\/sfveincenter","https:\/\/www.youtube.com\/channel\/UCH75q26Kq5lThH_Xptt8imQ","https:\/\/x.com\/SFVeinCenter"]}]}},"_links":{"self":[{"href":"https:\/\/dev.sfveincenter.com\/es\/wp-json\/wp\/v2\/pages\/8081","targetHints":{"allow":["GET"]}}],"collection":[{"href":"https:\/\/dev.sfveincenter.com\/es\/wp-json\/wp\/v2\/pages"}],"about":[{"href":"https:\/\/dev.sfveincenter.com\/es\/wp-json\/wp\/v2\/types\/page"}],"author":[{"embeddable":true,"href":"https:\/\/dev.sfveincenter.com\/es\/wp-json\/wp\/v2\/users\/5"}],"replies":[{"embeddable":true,"href":"https:\/\/dev.sfveincenter.com\/es\/wp-json\/wp\/v2\/comments?post=8081"}],"version-history":[{"count":0,"href":"https:\/\/dev.sfveincenter.com\/es\/wp-json\/wp\/v2\/pages\/8081\/revisions"}],"wp:attachment":[{"href":"https:\/\/dev.sfveincenter.com\/es\/wp-json\/wp\/v2\/media?parent=8081"}],"curies":[{"name":"wp","href":"https:\/\/api.w.org\/{rel}","templated":true}]}}