{"id":8084,"date":"2021-10-29T09:11:56","date_gmt":"2021-10-29T16:11:56","guid":{"rendered":"https:\/\/dev.sfveincenter.com\/lugares-tratamiento-de-venas-varicosas-y-aranas-vasculares-en-oakland\/"},"modified":"2021-11-16T16:20:41","modified_gmt":"2021-11-17T00:20:41","slug":"lugares-tratamiento-de-venas-varicosas-y-aranas-vasculares-en-oakland","status":"publish","type":"page","link":"https:\/\/dev.sfveincenter.com\/es\/lugares-tratamiento-de-venas-varicosas-y-aranas-vasculares-en-oakland\/","title":{"rendered":"Lugares &#8211; Tratamiento de venas varicosas y ara\u00f1as vasculares en Oakland"},"content":{"rendered":"<p>[et_pb_section fb_built=\u00bb1&#8243; _builder_version=\u00bb4.11.2&#8243; _module_preset=\u00bbdefault\u00bb global_colors_info=\u00bb{}\u00bb][et_pb_row _builder_version=\u00bb4.11.2&#8243; _module_preset=\u00bbdefault\u00bb global_colors_info=\u00bb{}\u00bb][et_pb_column type=\u00bb4_4&#8243; _builder_version=\u00bb4.11.2&#8243; _module_preset=\u00bbdefault\u00bb global_colors_info=\u00bb{}\u00bb][et_pb_text _builder_version=\u00bb4.11.2&#8243; _module_preset=\u00bbdefault\u00bb hover_enabled=\u00bb0&#8243; global_colors_info=\u00bb{}\u00bb sticky_enabled=\u00bb0&#8243;]<\/p>\n<h1 style=\"text-align: center;\">OPCIONES DE TRATAMIENTO DE VENAS VARICOSAS Y VENAS ARA\u00d1A EN OAKLAND<\/h1>\n<p><img loading=\"lazy\" decoding=\"async\" class=\"wp-image-8071 size-medium alignright\" src=\"https:\/\/dev.sfveincenter.com\/wp-content\/uploads\/2021\/10\/Oakland-300x188.png\" alt=\"Oakland - Tratamiento de venas\" width=\"300\" height=\"188\">Si est\u00e1 buscando un fin de semana lleno de actividades, Oakland podr\u00eda ser el lugar perfecto para usted. La ciudad revitalizada es el hogar del equipo de b\u00e9isbol profesional Oakland Athletics, el Fox Oakland Theatre, el Chabot Space and Science Center y un sinn\u00famero de otras atracciones locales. La ciudad tambi\u00e9n cuenta con la mayor concentraci\u00f3n de artistas per c\u00e1pita en los Estados Unidos. Los distritos de la ciudad sirven como centros culturales para que los residentes exploren el mundo sin dejar de estar cerca de casa. Sin embargo, incluso aventurarse cerca de casa puede ser una tarea dolorosa si tiene que soportar el dolor causado por <a href=\"https:\/\/dev.sfveincenter.com\/es\/tratamiento-de-venas-varicosas-varices\/\">las venas varicosas<\/a> o <a href=\"https:\/\/dev.sfveincenter.com\/es\/eliminacion-de-venas-vasculares-aranas\/\">ara\u00f1as vasculares<\/a> .<\/p>\n<p><a href=\"https:\/\/dev.sfveincenter.com\/es\/insuficiencia-venosa\/\">La insuficiencia venosa<\/a> afecta a millones de personas en los EE. UU. Y, a menudo, produce venas varicosas o ara\u00f1as vasculares. Las venas varicosas pueden causar malestar, dolor y protuberancias anormales o coloraci\u00f3n en las piernas. Cuando no se tratan, pueden empeorar progresivamente hasta que cambie su estilo de vida. Aquellos en Oakland que experimentan venas varicosas o ara\u00f1as vasculares buscan tratamiento regularmente para asegurarse de que su estilo de vida activo se mantenga en el buen camino.<\/p>\n<h2>Planes de tratamiento de insuficiencia venosa<\/h2>\n<p>Las opciones de tratamiento para las varices y las ara\u00f1as vasculares son numerosas y, por lo general, no invasivas. Los avances recientes en el campo han permitido a los pacientes continuar con su d\u00eda en poco o ning\u00fan tiempo despu\u00e9s de un procedimiento. La mayor\u00eda se puede realizar en menos de una hora y ni siquiera requiere una estad\u00eda en el hospital. Dado que los residentes de Oakland est\u00e1n activos con frecuencia, normalmente eligen uno de estos cuatro planes como una forma de impulsar su recuperaci\u00f3n:<\/p>\n<ul>\n<li><a href=\"https:\/\/dev.sfveincenter.com\/es\/tratamiento-de-venas-vasculares-escleroterapia\/\">Escleroterapia<\/a> : peque\u00f1as inyecciones que funcionan para eliminar las ara\u00f1as vasculares.<\/li>\n<li><a href=\"https:\/\/dev.sfveincenter.com\/es\/endovenosa-laser-terapia-evlt\/\">Terapia con l\u00e1ser endovenoso (EVLT)<\/a> : cierra la vena enferma utilizando energ\u00eda luminosa intensiva: m\u00ednimamente invasiva.<\/li>\n<li><a href=\"https:\/\/dev.sfveincenter.com\/es\/ablacion-por-radiofrecuencia-rfa\/\">Ablaci\u00f3n por radiofrecuencia (RFA)<\/a> : cierra la vena enferma utilizando energ\u00eda t\u00e9rmica: m\u00ednimamente invasiva.<\/li>\n<li><a href=\"https:\/\/dev.sfveincenter.com\/es\/venaseal-cierre\/\">Cierre VenaSeal<\/a> : cierra la vena con un adhesivo especial que no requiere anestesia tumescente local.<\/li>\n<\/ul>\n<p>Si su objetivo es tratar las ara\u00f1as vasculares o las venas varicosas, el primer paso es programar una consulta. Esta cita implicar\u00e1 una verificaci\u00f3n de su historial m\u00e9dico, un examen completo y una posible ecograf\u00eda. Luego, el m\u00e9dico formar\u00e1 un diagn\u00f3stico preciso y un plan de tratamiento \u00fanico para abordar los s\u00edntomas y reducir cualquier riesgo adicional de complicaciones. Casi todos los procedimientos relacionados con las venas tienen poco o ning\u00fan per\u00edodo de recuperaci\u00f3n y se realizan en el consultorio para brindar un entorno c\u00f3modo para el paciente.<\/p>\n<p>A qui\u00e9n elija para recibir tratamiento puede influir en su nivel de atenci\u00f3n. Aseg\u00farese de identificar a un m\u00e9dico certificado por la junta que se especialice en el sistema vascular, como un cirujano vascular. Pueden abordar la causa ra\u00edz de sus venas varicosas o ara\u00f1as vasculares y mantener abiertas sus opciones de tratamiento. Los no cirujanos est\u00e1n limitados en el tipo de tratamientos que pueden realizar. Tenga en cuenta las calificaciones de sus clientes y los privilegios de admisi\u00f3n al hospital. Busque rese\u00f1as positivas de pacientes anteriores que hayan tenido un problema similar para determinar el \u00e9xito del m\u00e9dico en el tratamiento de la insuficiencia venosa. Adem\u00e1s, aseg\u00farese de que el m\u00e9dico pueda tratarlo en un hospital por posibles complicaciones posoperatorias.<\/p>\n<p>Si planea recibir tratamiento para las ara\u00f1as vasculares (escleroterapia), puede omitir la consulta e ir directamente a programar una cita. Esta opci\u00f3n es para pacientes que han recibido escleroterapia previamente y no tienen insuficiencia venosa u otras afecciones subyacentes. Para ver si califica, lea m\u00e1s sobre escleroterapia en nuestro sitio web, o ll\u00e1menos para responder cualquier pregunta.<\/p>\n<h2>Costos del tratamiento de venas<\/h2>\n<p>Aceptamos a todos los principales proveedores de seguros para su consulta y tratamientos posteriores. Puede consultar la lista de compa\u00f1\u00edas de seguros de salud que est\u00e1n dentro de la red. Nuestro personal puede responder cualquier pregunta sobre <a href=\"https:\/\/dev.sfveincenter.com\/es\/seguro\/\">la cobertura del seguro para las venas varicosas<\/a> . Si bien los servicios cosm\u00e9ticos para las ara\u00f1as vasculares generalmente no se incluyen en la red de seguros, nuestro personal lo ayudar\u00e1 a determinar los costos de su bolsillo para que pueda tomar la decisi\u00f3n que mejor se adapte a su estilo de vida.<\/p>\n<h2>\u00bfQuiere ver a un m\u00e9dico de venas en Oakland?<\/h2>\n<p>Si reside en Oakland, tenemos dos oficinas en la bah\u00eda para su conveniencia. Ll\u00e1menos al 415-752-1122 si tiene alguna pregunta sobre el tratamiento de las venas varicosas y ara\u00f1as vasculares. Tenemos opciones de registro en l\u00ednea y citas flexibles similares a las que ofrecen los centros de salud como el <a href=\"https:\/\/www.sutterhealth.org\/find-location\/facility\/alta-bates-summit-medical-center-summit-campus\" target=\"_blank\" rel=\"noopener\">Centro M\u00e9dico Alta Bates Summit<\/a> o <a href=\"http:\/\/www.alamedahealthsystem.org\/\" target=\"_blank\" rel=\"noopener\">el Centro M\u00e9dico del Condado de Alameda<\/a> . No deber\u00eda tener que soportar los dolores y molestias que resultan de la insuficiencia venosa. Si\u00e9ntete mejor contigo mismo. Vuelva a estar activo y a explorar Oakland de una manera que solo sea su conocimiento. Tambi\u00e9n puede solicitar <a href=\"https:\/\/dev.sfveincenter.com\/es\/clarivein\/\">programar su consulta en l\u00ednea<\/a> . Nuestra oficina lo guiar\u00e1 a trav\u00e9s del proceso.<\/p>\n<p>[\/et_pb_text][\/et_pb_column][\/et_pb_row][\/et_pb_section]<\/p>\n","protected":false},"excerpt":{"rendered":"<p>OPCIONES DE TRATAMIENTO DE VENAS VARICOSAS Y VENAS ARA\u00d1A EN OAKLAND Si est\u00e1 buscando un fin de semana lleno de actividades, Oakland podr\u00eda ser el lugar perfecto para usted. La ciudad revitalizada es el hogar del equipo de b\u00e9isbol profesional Oakland Athletics, el Fox Oakland Theatre, el Chabot Space and Science Center y un sinn\u00famero [&hellip;]<\/p>\n","protected":false},"author":5,"featured_media":0,"parent":0,"menu_order":0,"comment_status":"closed","ping_status":"closed","template":"","meta":{"_et_pb_use_builder":"on","_et_pb_old_content":"","_et_gb_content_width":"","footnotes":""},"class_list":["post-8084","page","type-page","status-publish","hentry"],"yoast_head":"<!-- This site is optimized with the Yoast SEO Premium plugin v23.9 (Yoast SEO v26.8) - https:\/\/yoast.com\/product\/yoast-seo-premium-wordpress\/ -->\n<title>Oakland - Tratamiento de ara\u00f1as vasculares y tratamiento de varices<\/title>\n<meta name=\"description\" content=\"Oakland: el tratamiento para las ara\u00f1as vasculares o las venas varicosas comienza con una consulta para determinar si hay insuficiencia venosa.\" \/>\n<meta name=\"robots\" content=\"noindex, follow, max-snippet:-1, max-image-preview:large, max-video-preview:-1\" \/>\n<meta property=\"og:locale\" content=\"es_ES\" \/>\n<meta property=\"og:type\" content=\"article\" \/>\n<meta property=\"og:title\" content=\"Lugares - Tratamiento de venas varicosas y ara\u00f1as vasculares en Oakland\" \/>\n<meta property=\"og:description\" content=\"Oakland: el tratamiento para las ara\u00f1as vasculares o las venas varicosas comienza con una consulta para determinar si hay insuficiencia venosa.\" \/>\n<meta property=\"og:url\" content=\"https:\/\/dev.sfveincenter.com\/es\/lugares-tratamiento-de-venas-varicosas-y-aranas-vasculares-en-oakland\/\" \/>\n<meta property=\"og:site_name\" content=\"San Francisco Vein Doctor | Varicose &amp; Spider Vein Treatment\" \/>\n<meta property=\"article:publisher\" content=\"https:\/\/www.facebook.com\/sfveincenter\" \/>\n<meta property=\"article:modified_time\" content=\"2021-11-17T00:20:41+00:00\" \/>\n<meta property=\"og:image\" content=\"https:\/\/dev.sfveincenter.com\/wp-content\/uploads\/2021\/10\/Oakland-300x188.png\" \/>\n<meta name=\"twitter:card\" content=\"summary_large_image\" \/>\n<meta name=\"twitter:site\" content=\"@sfveincenter\" \/>\n<meta name=\"twitter:label1\" content=\"Tiempo de lectura\" \/>\n\t<meta name=\"twitter:data1\" content=\"5 minutos\" \/>\n<script type=\"application\/ld+json\" class=\"yoast-schema-graph\">{\"@context\":\"https:\/\/schema.org\",\"@graph\":[{\"@type\":\"WebPage\",\"@id\":\"https:\/\/dev.sfveincenter.com\/es\/lugares-tratamiento-de-venas-varicosas-y-aranas-vasculares-en-oakland\/\",\"url\":\"https:\/\/dev.sfveincenter.com\/es\/lugares-tratamiento-de-venas-varicosas-y-aranas-vasculares-en-oakland\/\",\"name\":\"Oakland - Tratamiento de ara\u00f1as vasculares y tratamiento de varices\",\"isPartOf\":{\"@id\":\"https:\/\/dev.sfveincenter.com\/es\/#website\"},\"primaryImageOfPage\":{\"@id\":\"https:\/\/dev.sfveincenter.com\/es\/lugares-tratamiento-de-venas-varicosas-y-aranas-vasculares-en-oakland\/#primaryimage\"},\"image\":{\"@id\":\"https:\/\/dev.sfveincenter.com\/es\/lugares-tratamiento-de-venas-varicosas-y-aranas-vasculares-en-oakland\/#primaryimage\"},\"thumbnailUrl\":\"https:\/\/dev.sfveincenter.com\/wp-content\/uploads\/2021\/10\/Oakland-300x188.png\",\"datePublished\":\"2021-10-29T16:11:56+00:00\",\"dateModified\":\"2021-11-17T00:20:41+00:00\",\"description\":\"Oakland: el tratamiento para las ara\u00f1as vasculares o las venas varicosas comienza con una consulta para determinar si hay insuficiencia venosa.\",\"breadcrumb\":{\"@id\":\"https:\/\/dev.sfveincenter.com\/es\/lugares-tratamiento-de-venas-varicosas-y-aranas-vasculares-en-oakland\/#breadcrumb\"},\"inLanguage\":\"es\",\"potentialAction\":[{\"@type\":\"ReadAction\",\"target\":[\"https:\/\/dev.sfveincenter.com\/es\/lugares-tratamiento-de-venas-varicosas-y-aranas-vasculares-en-oakland\/\"]}]},{\"@type\":\"ImageObject\",\"inLanguage\":\"es\",\"@id\":\"https:\/\/dev.sfveincenter.com\/es\/lugares-tratamiento-de-venas-varicosas-y-aranas-vasculares-en-oakland\/#primaryimage\",\"url\":\"https:\/\/dev.sfveincenter.com\/wp-content\/uploads\/2021\/10\/Oakland-300x188.png\",\"contentUrl\":\"https:\/\/dev.sfveincenter.com\/wp-content\/uploads\/2021\/10\/Oakland-300x188.png\"},{\"@type\":\"BreadcrumbList\",\"@id\":\"https:\/\/dev.sfveincenter.com\/es\/lugares-tratamiento-de-venas-varicosas-y-aranas-vasculares-en-oakland\/#breadcrumb\",\"itemListElement\":[{\"@type\":\"ListItem\",\"position\":1,\"name\":\"Home\",\"item\":\"https:\/\/dev.sfveincenter.com\/es\/inicio-2\/\"},{\"@type\":\"ListItem\",\"position\":2,\"name\":\"Lugares &#8211; Tratamiento de venas varicosas y ara\u00f1as vasculares en Oakland\"}]},{\"@type\":\"WebSite\",\"@id\":\"https:\/\/dev.sfveincenter.com\/es\/#website\",\"url\":\"https:\/\/dev.sfveincenter.com\/es\/\",\"name\":\"San Francisco Vein Doctor | Varicose &amp; Spider Vein Treatment\",\"description\":\"\",\"publisher\":{\"@id\":\"https:\/\/dev.sfveincenter.com\/es\/#organization\"},\"potentialAction\":[{\"@type\":\"SearchAction\",\"target\":{\"@type\":\"EntryPoint\",\"urlTemplate\":\"https:\/\/dev.sfveincenter.com\/es\/?s={search_term_string}\"},\"query-input\":{\"@type\":\"PropertyValueSpecification\",\"valueRequired\":true,\"valueName\":\"search_term_string\"}}],\"inLanguage\":\"es\"},{\"@type\":\"Organization\",\"@id\":\"https:\/\/dev.sfveincenter.com\/es\/#organization\",\"name\":\"San Francisco Vein Center - Melinda L Aquino MD\",\"url\":\"https:\/\/dev.sfveincenter.com\/es\/\",\"logo\":{\"@type\":\"ImageObject\",\"inLanguage\":\"es\",\"@id\":\"https:\/\/dev.sfveincenter.com\/es\/#\/schema\/logo\/image\/\",\"url\":\"https:\/\/dev.sfveincenter.com\/wp-content\/uploads\/2021\/02\/cropped-favicon-512x512-1-1.png\",\"contentUrl\":\"https:\/\/dev.sfveincenter.com\/wp-content\/uploads\/2021\/02\/cropped-favicon-512x512-1-1.png\",\"width\":512,\"height\":512,\"caption\":\"San Francisco Vein Center - Melinda L Aquino MD\"},\"image\":{\"@id\":\"https:\/\/dev.sfveincenter.com\/es\/#\/schema\/logo\/image\/\"},\"sameAs\":[\"https:\/\/www.facebook.com\/sfveincenter\",\"https:\/\/x.com\/sfveincenter\",\"https:\/\/www.youtube.com\/channel\/UCH75q26Kq5lThH_Xptt8imQ\",\"https:\/\/x.com\/SFVeinCenter\"]}]}<\/script>\n<!-- \/ Yoast SEO Premium plugin. -->","yoast_head_json":{"title":"Oakland - Tratamiento de ara\u00f1as vasculares y tratamiento de varices","description":"Oakland: el tratamiento para las ara\u00f1as vasculares o las venas varicosas comienza con una consulta para determinar si hay insuficiencia venosa.","robots":{"index":"noindex","follow":"follow","max-snippet":"max-snippet:-1","max-image-preview":"max-image-preview:large","max-video-preview":"max-video-preview:-1"},"og_locale":"es_ES","og_type":"article","og_title":"Lugares - Tratamiento de venas varicosas y ara\u00f1as vasculares en Oakland","og_description":"Oakland: el tratamiento para las ara\u00f1as vasculares o las venas varicosas comienza con una consulta para determinar si hay insuficiencia venosa.","og_url":"https:\/\/dev.sfveincenter.com\/es\/lugares-tratamiento-de-venas-varicosas-y-aranas-vasculares-en-oakland\/","og_site_name":"San Francisco Vein Doctor | Varicose &amp; Spider Vein Treatment","article_publisher":"https:\/\/www.facebook.com\/sfveincenter","article_modified_time":"2021-11-17T00:20:41+00:00","og_image":[{"url":"https:\/\/dev.sfveincenter.com\/wp-content\/uploads\/2021\/10\/Oakland-300x188.png","type":"","width":"","height":""}],"twitter_card":"summary_large_image","twitter_site":"@sfveincenter","twitter_misc":{"Tiempo de lectura":"5 minutos"},"schema":{"@context":"https:\/\/schema.org","@graph":[{"@type":"WebPage","@id":"https:\/\/dev.sfveincenter.com\/es\/lugares-tratamiento-de-venas-varicosas-y-aranas-vasculares-en-oakland\/","url":"https:\/\/dev.sfveincenter.com\/es\/lugares-tratamiento-de-venas-varicosas-y-aranas-vasculares-en-oakland\/","name":"Oakland - Tratamiento de ara\u00f1as vasculares y tratamiento de varices","isPartOf":{"@id":"https:\/\/dev.sfveincenter.com\/es\/#website"},"primaryImageOfPage":{"@id":"https:\/\/dev.sfveincenter.com\/es\/lugares-tratamiento-de-venas-varicosas-y-aranas-vasculares-en-oakland\/#primaryimage"},"image":{"@id":"https:\/\/dev.sfveincenter.com\/es\/lugares-tratamiento-de-venas-varicosas-y-aranas-vasculares-en-oakland\/#primaryimage"},"thumbnailUrl":"https:\/\/dev.sfveincenter.com\/wp-content\/uploads\/2021\/10\/Oakland-300x188.png","datePublished":"2021-10-29T16:11:56+00:00","dateModified":"2021-11-17T00:20:41+00:00","description":"Oakland: el tratamiento para las ara\u00f1as vasculares o las venas varicosas comienza con una consulta para determinar si hay insuficiencia venosa.","breadcrumb":{"@id":"https:\/\/dev.sfveincenter.com\/es\/lugares-tratamiento-de-venas-varicosas-y-aranas-vasculares-en-oakland\/#breadcrumb"},"inLanguage":"es","potentialAction":[{"@type":"ReadAction","target":["https:\/\/dev.sfveincenter.com\/es\/lugares-tratamiento-de-venas-varicosas-y-aranas-vasculares-en-oakland\/"]}]},{"@type":"ImageObject","inLanguage":"es","@id":"https:\/\/dev.sfveincenter.com\/es\/lugares-tratamiento-de-venas-varicosas-y-aranas-vasculares-en-oakland\/#primaryimage","url":"https:\/\/dev.sfveincenter.com\/wp-content\/uploads\/2021\/10\/Oakland-300x188.png","contentUrl":"https:\/\/dev.sfveincenter.com\/wp-content\/uploads\/2021\/10\/Oakland-300x188.png"},{"@type":"BreadcrumbList","@id":"https:\/\/dev.sfveincenter.com\/es\/lugares-tratamiento-de-venas-varicosas-y-aranas-vasculares-en-oakland\/#breadcrumb","itemListElement":[{"@type":"ListItem","position":1,"name":"Home","item":"https:\/\/dev.sfveincenter.com\/es\/inicio-2\/"},{"@type":"ListItem","position":2,"name":"Lugares &#8211; Tratamiento de venas varicosas y ara\u00f1as vasculares en Oakland"}]},{"@type":"WebSite","@id":"https:\/\/dev.sfveincenter.com\/es\/#website","url":"https:\/\/dev.sfveincenter.com\/es\/","name":"San Francisco Vein Doctor | Varicose &amp; Spider Vein Treatment","description":"","publisher":{"@id":"https:\/\/dev.sfveincenter.com\/es\/#organization"},"potentialAction":[{"@type":"SearchAction","target":{"@type":"EntryPoint","urlTemplate":"https:\/\/dev.sfveincenter.com\/es\/?s={search_term_string}"},"query-input":{"@type":"PropertyValueSpecification","valueRequired":true,"valueName":"search_term_string"}}],"inLanguage":"es"},{"@type":"Organization","@id":"https:\/\/dev.sfveincenter.com\/es\/#organization","name":"San Francisco Vein Center - Melinda L Aquino MD","url":"https:\/\/dev.sfveincenter.com\/es\/","logo":{"@type":"ImageObject","inLanguage":"es","@id":"https:\/\/dev.sfveincenter.com\/es\/#\/schema\/logo\/image\/","url":"https:\/\/dev.sfveincenter.com\/wp-content\/uploads\/2021\/02\/cropped-favicon-512x512-1-1.png","contentUrl":"https:\/\/dev.sfveincenter.com\/wp-content\/uploads\/2021\/02\/cropped-favicon-512x512-1-1.png","width":512,"height":512,"caption":"San Francisco Vein Center - Melinda L Aquino MD"},"image":{"@id":"https:\/\/dev.sfveincenter.com\/es\/#\/schema\/logo\/image\/"},"sameAs":["https:\/\/www.facebook.com\/sfveincenter","https:\/\/x.com\/sfveincenter","https:\/\/www.youtube.com\/channel\/UCH75q26Kq5lThH_Xptt8imQ","https:\/\/x.com\/SFVeinCenter"]}]}},"_links":{"self":[{"href":"https:\/\/dev.sfveincenter.com\/es\/wp-json\/wp\/v2\/pages\/8084","targetHints":{"allow":["GET"]}}],"collection":[{"href":"https:\/\/dev.sfveincenter.com\/es\/wp-json\/wp\/v2\/pages"}],"about":[{"href":"https:\/\/dev.sfveincenter.com\/es\/wp-json\/wp\/v2\/types\/page"}],"author":[{"embeddable":true,"href":"https:\/\/dev.sfveincenter.com\/es\/wp-json\/wp\/v2\/users\/5"}],"replies":[{"embeddable":true,"href":"https:\/\/dev.sfveincenter.com\/es\/wp-json\/wp\/v2\/comments?post=8084"}],"version-history":[{"count":0,"href":"https:\/\/dev.sfveincenter.com\/es\/wp-json\/wp\/v2\/pages\/8084\/revisions"}],"wp:attachment":[{"href":"https:\/\/dev.sfveincenter.com\/es\/wp-json\/wp\/v2\/media?parent=8084"}],"curies":[{"name":"wp","href":"https:\/\/api.w.org\/{rel}","templated":true}]}}