{"id":8149,"date":"2021-11-08T12:32:55","date_gmt":"2021-11-08T20:32:55","guid":{"rendered":"https:\/\/dev.sfveincenter.com\/lugares-tratamiento-de-varices-y-aranas-vasculares-en-alameda\/"},"modified":"2021-11-16T16:20:09","modified_gmt":"2021-11-17T00:20:09","slug":"lugares-tratamiento-de-varices-y-aranas-vasculares-en-alameda","status":"publish","type":"page","link":"https:\/\/dev.sfveincenter.com\/es\/lugares-tratamiento-de-varices-y-aranas-vasculares-en-alameda\/","title":{"rendered":"Lugares &#8211; Tratamiento de varices y ara\u00f1as vasculares en Alameda"},"content":{"rendered":"<p>[et_pb_section fb_built=\u00bb1&#8243; _builder_version=\u00bb4.11.2&#8243; _module_preset=\u00bbdefault\u00bb global_colors_info=\u00bb{}\u00bb][et_pb_row _builder_version=\u00bb4.11.2&#8243; _module_preset=\u00bbdefault\u00bb global_colors_info=\u00bb{}\u00bb][et_pb_column type=\u00bb4_4&#8243; _builder_version=\u00bb4.11.2&#8243; _module_preset=\u00bbdefault\u00bb global_colors_info=\u00bb{}\u00bb][et_pb_text _builder_version=\u00bb4.11.2&#8243; _module_preset=\u00bbdefault\u00bb hover_enabled=\u00bb0&#8243; global_colors_info=\u00bb{}\u00bb sticky_enabled=\u00bb0&#8243;]<\/p>\n<h1 style=\"text-align: center;\">OPORTUNIDADES DE TRATAMIENTO DE VENAS VARICOSAS Y VENAS ARA\u00d1A EN ALAMEDA<\/h1>\n<p><a href=\"https:\/\/dev.sfveincenter.com\/wp-content\/uploads\/2021\/11\/alameda.webp\"><img loading=\"lazy\" decoding=\"async\" class=\"wp-image-8143 size-medium alignright\" src=\"https:\/\/dev.sfveincenter.com\/wp-content\/uploads\/2021\/11\/alameda-300x200.webp\" alt=\"Tratamiento de varices alameda\" width=\"300\" height=\"200\"><\/a>La ciudad de Alameda alberga vistas panor\u00e1micas, edificios hist\u00f3ricos y celebraciones que lo mantendr\u00e1n entretenido durante todo el a\u00f1o. Aquellos que llaman hogar a la ciudad probablemente hayan visitado el distrito comercial hist\u00f3rico de Park Street o el USS Hornet amarrado en la antigua estaci\u00f3n a\u00e9rea naval. Caminar hasta las atracciones puede ser una gran carga para cualquiera que se encuentre en este centro cultural, especialmente si debe soportar el dolor de las venas varicosas o ara\u00f1as vasculares.<\/p>\n<p><a href=\"https:\/\/dev.sfveincenter.com\/es\/insuficiencia-venosa\/\">La insuficiencia venosa<\/a> es la causa subyacente de las afecciones de las venas y afecta a millones de personas en todo el mundo. Aquellos que sufren pueden experimentar <a href=\"https:\/\/dev.sfveincenter.com\/es\/eliminacion-de-venas-vasculares-aranas\/\">ara\u00f1as vasculares<\/a> , una condici\u00f3n principalmente cosm\u00e9tica que puede dejar las piernas descoloridas. <a href=\"https:\/\/dev.sfveincenter.com\/es\/tratamiento-de-venas-varicosas-varices\/\">Las venas varicosas<\/a> son la otra condici\u00f3n causada por insuficiencia venosa. Esta condici\u00f3n m\u00e1s severa puede resultar en una gran incomodidad al estar de pie. Cuando no se atienden, estas aflicciones pueden empeorar progresivamente, pero hay una soluci\u00f3n f\u00e1cil. Aquellas personas que sufren la angustia de las venas varicosas o ara\u00f1as vasculares en Alameda a menudo buscan tratamiento cerca en el San Francisco Vein Center.<\/p>\n<h2>Sus opciones de tratamiento de venas<\/h2>\n<p>Las ablaciones de venas, flebectom\u00edas e inyecciones son algunos de los m\u00e9todos de tratamiento empleados para tratar la insuficiencia venosa. Las terapias han mejorado notablemente a lo largo de los a\u00f1os y casi no requieren tiempo de recuperaci\u00f3n posterior a la operaci\u00f3n. Existen muchos m\u00e9todos de tratamiento diferentes para las venas varicosas y las ara\u00f1as vasculares. El adecuado para cada paciente depende de sus condiciones espec\u00edficas. Algunas de las diferentes opciones de tratamiento son:<\/p>\n<ul>\n<li><a href=\"https:\/\/dev.sfveincenter.com\/es\/ablacion-por-radiofrecuencia-rfa\/\">Ablaci\u00f3n por radiofrecuencia (RFA)<\/a><\/li>\n<li><a href=\"https:\/\/dev.sfveincenter.com\/es\/endovenosa-laser-terapia-evlt\/\">Terapia con l\u00e1ser endovenoso (EVLT)<\/a><\/li>\n<li><a href=\"https:\/\/dev.sfveincenter.com\/es\/venaseal-cierre\/\">VenaSeal cierre<\/a><\/li>\n<li><a href=\"https:\/\/dev.sfveincenter.com\/es\/flebectomia-ambulatoria\/\">Pu\u00f1alada flebectom\u00eda<\/a><\/li>\n<li><a href=\"https:\/\/dev.sfveincenter.com\/es\/tratamiento-de-venas-vasculares-escleroterapia\/\">Escleroterapia<\/a><\/li>\n<\/ul>\n<h2>Elija su especialista en venas<\/h2>\n<p>En Alameda hay varios proveedores que pueden tratar las venas varicosas o ara\u00f1as vasculares. Sin embargo, es vital elegir al m\u00e9dico m\u00e1s calificado: un cirujano vascular. Estos m\u00e9dicos se especializan en todo el sistema vascular y tienen acceso a todas las opciones de tratamiento, mientras que otros especialistas pueden tener limitaciones en los tratamientos que pueden realizar. Los cirujanos tambi\u00e9n tienen privilegios de admisi\u00f3n en el hospital y tienen acceso a la sala de operaciones. Si bien la mayor\u00eda de los procedimientos se realizan en el consultorio y duran solo una hora o menos, algunos pueden requerir un quir\u00f3fano. Es posible que los m\u00e9dicos que no pueden llevar a un paciente a un quir\u00f3fano o centro ambulatorio no puedan realizar el mejor tratamiento. Adem\u00e1s, puede ser necesario contar con un especialista con privilegios de admisi\u00f3n en un hospital para las complicaciones posteriores al procedimiento. De lo contrario, un m\u00e9dico deber\u00e1 entregar a su paciente a otra persona con estos privilegios.<\/p>\n<p>Tambi\u00e9n es importante mirar las rese\u00f1as. T\u00f3mese su tiempo para consultar tanto la cl\u00ednica como el m\u00e9dico para ver c\u00f3mo han respondido otras personas sobre sus servicios. Mire las rese\u00f1as en l\u00ednea y verifique que quien est\u00e1 viendo sea realmente un experto.<\/p>\n<h2>Camino a la recuperaci\u00f3n<\/h2>\n<ul>\n<li><strong>Visita inicial:<\/strong> durante su consulta inicial, el m\u00e9dico revisar\u00e1 sus s\u00edntomas. Estos pueden incluir hinchaz\u00f3n, dolor y decoloraci\u00f3n. El m\u00e9dico tambi\u00e9n verificar\u00e1 su historial m\u00e9dico, ya sea que haya participado en una actividad que podr\u00eda exacerbar el problema o si tiene antecedentes familiares de insuficiencia venosa. Si se sospecha que padece esta afecci\u00f3n, se realizar\u00e1 una ecograf\u00eda para obtener un diagn\u00f3stico completo.<\/li>\n<li><strong>Diagn\u00f3stico:<\/strong> el m\u00e9dico discutir\u00e1 todas las posibles opciones de tratamiento que se ajusten a su combinaci\u00f3n \u00fanica de s\u00edntomas. El San Francisco Vein Center tiene muchas opciones de tratamiento, incluidos m\u00e9todos m\u00ednimamente invasivos como medias de compresi\u00f3n.<\/li>\n<li><strong>Seguimiento:<\/strong> Dentro de una semana despu\u00e9s del tratamiento, se debe realizar otra visita para garantizar el \u00e9xito y la recuperaci\u00f3n completa. Sin embargo, para las ara\u00f1as vasculares, es posible que no sea necesario realizar un seguimiento, y solo se debe hacer otra cita si se necesita un tratamiento adicional.<\/li>\n<\/ul>\n<p>El tratamiento de las ara\u00f1as vasculares es significativamente menos invasivo que la ablaci\u00f3n de las venas varicosas y generalmente se considera un procedimiento cosm\u00e9tico. Sin embargo, si desea realizar una consulta por ara\u00f1as vasculares o cualquier problema de insuficiencia venosa, las citas est\u00e1n disponibles en l\u00ednea con rangos flexibles de fechas y horarios. Las sesiones solo duran 30 minutos y no se necesita consulta.<\/p>\n<h2>Opciones de cobertura de seguro<\/h2>\n<p>Es fundamental verificar de antemano si su proveedor est\u00e1 dentro de la red. Si es as\u00ed, la mayor\u00eda de los planes de seguro cubrir\u00e1n las visitas al consultorio o las ecograf\u00edas que puedan ser necesarias. Para el tratamiento de las venas, todas las compa\u00f1\u00edas de seguros tienen pol\u00edticas diferentes. Llame al San Francisco Vein Center para obtener informaci\u00f3n sobre si su seguro cubre estos procedimientos o visite nuestro sitio web para obtener m\u00e1s informaci\u00f3n sobre <a href=\"https:\/\/dev.sfveincenter.com\/es\/seguro\/\">la cobertura del seguro para las venas varicosas<\/a> . El personal ha obtenido autorizaciones para innumerables procedimientos y garantiza que se cumplan todos los requisitos previos para que las reclamaciones sigan adelante sin contratiempos.<\/p>\n<h2>Obtenga ayuda para las venas varicosas fuera de Alameda<\/h2>\n<p>No dejes que las venas varicosas te dominen. Llame al San Francisco Vein Center al 415-752-1122 o <a href=\"https:\/\/dev.sfveincenter.com\/es\/solicitud-de-cita\/\">solicite una cita en l\u00ednea<\/a> . Estamos a un corto trayecto en coche a trav\u00e9s de la bah\u00eda. Vuelva a explorar, hacer turismo y celebrar. Trate su insuficiencia venosa hoy. Simplemente comienza con una visita al consultorio.<\/p>\n<p>[\/et_pb_text][\/et_pb_column][\/et_pb_row][\/et_pb_section]<\/p>\n","protected":false},"excerpt":{"rendered":"<p>OPORTUNIDADES DE TRATAMIENTO DE VENAS VARICOSAS Y VENAS ARA\u00d1A EN ALAMEDA La ciudad de Alameda alberga vistas panor\u00e1micas, edificios hist\u00f3ricos y celebraciones que lo mantendr\u00e1n entretenido durante todo el a\u00f1o. Aquellos que llaman hogar a la ciudad probablemente hayan visitado el distrito comercial hist\u00f3rico de Park Street o el USS Hornet amarrado en la antigua [&hellip;]<\/p>\n","protected":false},"author":1,"featured_media":0,"parent":0,"menu_order":0,"comment_status":"closed","ping_status":"closed","template":"","meta":{"_et_pb_use_builder":"on","_et_pb_old_content":"","_et_gb_content_width":"","footnotes":""},"class_list":["post-8149","page","type-page","status-publish","hentry"],"yoast_head":"<!-- This site is optimized with the Yoast SEO Premium plugin v23.9 (Yoast SEO v26.8) - https:\/\/yoast.com\/product\/yoast-seo-premium-wordpress\/ -->\n<title>Alameda - tratamiento de ara\u00f1as vasculares y varices<\/title>\n<meta name=\"description\" content=\"Alameda tiene muchas opciones de tratamiento diferentes para las ara\u00f1as vasculares y las venas varicosas. Un m\u00e9dico de la vena puede encontrar el tratamiento adecuado para usted.\" \/>\n<meta name=\"robots\" content=\"noindex, follow, max-snippet:-1, max-image-preview:large, max-video-preview:-1\" \/>\n<meta property=\"og:locale\" content=\"es_ES\" \/>\n<meta property=\"og:type\" content=\"article\" \/>\n<meta property=\"og:title\" content=\"Lugares - Tratamiento de varices y ara\u00f1as vasculares en Alameda\" \/>\n<meta property=\"og:description\" content=\"Alameda tiene muchas opciones de tratamiento diferentes para las ara\u00f1as vasculares y las venas varicosas. Un m\u00e9dico de la vena puede encontrar el tratamiento adecuado para usted.\" \/>\n<meta property=\"og:url\" content=\"https:\/\/dev.sfveincenter.com\/es\/lugares-tratamiento-de-varices-y-aranas-vasculares-en-alameda\/\" \/>\n<meta property=\"og:site_name\" content=\"San Francisco Vein Doctor | Varicose &amp; Spider Vein Treatment\" \/>\n<meta property=\"article:publisher\" content=\"https:\/\/www.facebook.com\/sfveincenter\" \/>\n<meta property=\"article:modified_time\" content=\"2021-11-17T00:20:09+00:00\" \/>\n<meta property=\"og:image\" content=\"https:\/\/dev.sfveincenter.com\/wp-content\/uploads\/2021\/11\/alameda-300x200.webp\" \/>\n<meta name=\"twitter:card\" content=\"summary_large_image\" \/>\n<meta name=\"twitter:site\" content=\"@sfveincenter\" \/>\n<meta name=\"twitter:label1\" content=\"Tiempo de lectura\" \/>\n\t<meta name=\"twitter:data1\" content=\"5 minutos\" \/>\n<script type=\"application\/ld+json\" class=\"yoast-schema-graph\">{\"@context\":\"https:\/\/schema.org\",\"@graph\":[{\"@type\":\"WebPage\",\"@id\":\"https:\/\/dev.sfveincenter.com\/es\/lugares-tratamiento-de-varices-y-aranas-vasculares-en-alameda\/\",\"url\":\"https:\/\/dev.sfveincenter.com\/es\/lugares-tratamiento-de-varices-y-aranas-vasculares-en-alameda\/\",\"name\":\"Alameda - tratamiento de ara\u00f1as vasculares y varices\",\"isPartOf\":{\"@id\":\"https:\/\/dev.sfveincenter.com\/es\/#website\"},\"primaryImageOfPage\":{\"@id\":\"https:\/\/dev.sfveincenter.com\/es\/lugares-tratamiento-de-varices-y-aranas-vasculares-en-alameda\/#primaryimage\"},\"image\":{\"@id\":\"https:\/\/dev.sfveincenter.com\/es\/lugares-tratamiento-de-varices-y-aranas-vasculares-en-alameda\/#primaryimage\"},\"thumbnailUrl\":\"https:\/\/dev.sfveincenter.com\/wp-content\/uploads\/2021\/11\/alameda-300x200.webp\",\"datePublished\":\"2021-11-08T20:32:55+00:00\",\"dateModified\":\"2021-11-17T00:20:09+00:00\",\"description\":\"Alameda tiene muchas opciones de tratamiento diferentes para las ara\u00f1as vasculares y las venas varicosas. Un m\u00e9dico de la vena puede encontrar el tratamiento adecuado para usted.\",\"breadcrumb\":{\"@id\":\"https:\/\/dev.sfveincenter.com\/es\/lugares-tratamiento-de-varices-y-aranas-vasculares-en-alameda\/#breadcrumb\"},\"inLanguage\":\"es\",\"potentialAction\":[{\"@type\":\"ReadAction\",\"target\":[\"https:\/\/dev.sfveincenter.com\/es\/lugares-tratamiento-de-varices-y-aranas-vasculares-en-alameda\/\"]}]},{\"@type\":\"ImageObject\",\"inLanguage\":\"es\",\"@id\":\"https:\/\/dev.sfveincenter.com\/es\/lugares-tratamiento-de-varices-y-aranas-vasculares-en-alameda\/#primaryimage\",\"url\":\"https:\/\/dev.sfveincenter.com\/wp-content\/uploads\/2021\/11\/alameda-300x200.webp\",\"contentUrl\":\"https:\/\/dev.sfveincenter.com\/wp-content\/uploads\/2021\/11\/alameda-300x200.webp\"},{\"@type\":\"BreadcrumbList\",\"@id\":\"https:\/\/dev.sfveincenter.com\/es\/lugares-tratamiento-de-varices-y-aranas-vasculares-en-alameda\/#breadcrumb\",\"itemListElement\":[{\"@type\":\"ListItem\",\"position\":1,\"name\":\"Home\",\"item\":\"https:\/\/dev.sfveincenter.com\/es\/inicio-2\/\"},{\"@type\":\"ListItem\",\"position\":2,\"name\":\"Lugares &#8211; Tratamiento de varices y ara\u00f1as vasculares en Alameda\"}]},{\"@type\":\"WebSite\",\"@id\":\"https:\/\/dev.sfveincenter.com\/es\/#website\",\"url\":\"https:\/\/dev.sfveincenter.com\/es\/\",\"name\":\"San Francisco Vein Doctor | Varicose &amp; Spider Vein Treatment\",\"description\":\"\",\"publisher\":{\"@id\":\"https:\/\/dev.sfveincenter.com\/es\/#organization\"},\"potentialAction\":[{\"@type\":\"SearchAction\",\"target\":{\"@type\":\"EntryPoint\",\"urlTemplate\":\"https:\/\/dev.sfveincenter.com\/es\/?s={search_term_string}\"},\"query-input\":{\"@type\":\"PropertyValueSpecification\",\"valueRequired\":true,\"valueName\":\"search_term_string\"}}],\"inLanguage\":\"es\"},{\"@type\":\"Organization\",\"@id\":\"https:\/\/dev.sfveincenter.com\/es\/#organization\",\"name\":\"San Francisco Vein Center - Melinda L Aquino MD\",\"url\":\"https:\/\/dev.sfveincenter.com\/es\/\",\"logo\":{\"@type\":\"ImageObject\",\"inLanguage\":\"es\",\"@id\":\"https:\/\/dev.sfveincenter.com\/es\/#\/schema\/logo\/image\/\",\"url\":\"https:\/\/dev.sfveincenter.com\/wp-content\/uploads\/2021\/02\/cropped-favicon-512x512-1-1.png\",\"contentUrl\":\"https:\/\/dev.sfveincenter.com\/wp-content\/uploads\/2021\/02\/cropped-favicon-512x512-1-1.png\",\"width\":512,\"height\":512,\"caption\":\"San Francisco Vein Center - Melinda L Aquino MD\"},\"image\":{\"@id\":\"https:\/\/dev.sfveincenter.com\/es\/#\/schema\/logo\/image\/\"},\"sameAs\":[\"https:\/\/www.facebook.com\/sfveincenter\",\"https:\/\/x.com\/sfveincenter\",\"https:\/\/www.youtube.com\/channel\/UCH75q26Kq5lThH_Xptt8imQ\",\"https:\/\/x.com\/SFVeinCenter\"]}]}<\/script>\n<!-- \/ Yoast SEO Premium plugin. -->","yoast_head_json":{"title":"Alameda - tratamiento de ara\u00f1as vasculares y varices","description":"Alameda tiene muchas opciones de tratamiento diferentes para las ara\u00f1as vasculares y las venas varicosas. Un m\u00e9dico de la vena puede encontrar el tratamiento adecuado para usted.","robots":{"index":"noindex","follow":"follow","max-snippet":"max-snippet:-1","max-image-preview":"max-image-preview:large","max-video-preview":"max-video-preview:-1"},"og_locale":"es_ES","og_type":"article","og_title":"Lugares - Tratamiento de varices y ara\u00f1as vasculares en Alameda","og_description":"Alameda tiene muchas opciones de tratamiento diferentes para las ara\u00f1as vasculares y las venas varicosas. Un m\u00e9dico de la vena puede encontrar el tratamiento adecuado para usted.","og_url":"https:\/\/dev.sfveincenter.com\/es\/lugares-tratamiento-de-varices-y-aranas-vasculares-en-alameda\/","og_site_name":"San Francisco Vein Doctor | Varicose &amp; Spider Vein Treatment","article_publisher":"https:\/\/www.facebook.com\/sfveincenter","article_modified_time":"2021-11-17T00:20:09+00:00","og_image":[{"url":"https:\/\/dev.sfveincenter.com\/wp-content\/uploads\/2021\/11\/alameda-300x200.webp","type":"","width":"","height":""}],"twitter_card":"summary_large_image","twitter_site":"@sfveincenter","twitter_misc":{"Tiempo de lectura":"5 minutos"},"schema":{"@context":"https:\/\/schema.org","@graph":[{"@type":"WebPage","@id":"https:\/\/dev.sfveincenter.com\/es\/lugares-tratamiento-de-varices-y-aranas-vasculares-en-alameda\/","url":"https:\/\/dev.sfveincenter.com\/es\/lugares-tratamiento-de-varices-y-aranas-vasculares-en-alameda\/","name":"Alameda - tratamiento de ara\u00f1as vasculares y varices","isPartOf":{"@id":"https:\/\/dev.sfveincenter.com\/es\/#website"},"primaryImageOfPage":{"@id":"https:\/\/dev.sfveincenter.com\/es\/lugares-tratamiento-de-varices-y-aranas-vasculares-en-alameda\/#primaryimage"},"image":{"@id":"https:\/\/dev.sfveincenter.com\/es\/lugares-tratamiento-de-varices-y-aranas-vasculares-en-alameda\/#primaryimage"},"thumbnailUrl":"https:\/\/dev.sfveincenter.com\/wp-content\/uploads\/2021\/11\/alameda-300x200.webp","datePublished":"2021-11-08T20:32:55+00:00","dateModified":"2021-11-17T00:20:09+00:00","description":"Alameda tiene muchas opciones de tratamiento diferentes para las ara\u00f1as vasculares y las venas varicosas. Un m\u00e9dico de la vena puede encontrar el tratamiento adecuado para usted.","breadcrumb":{"@id":"https:\/\/dev.sfveincenter.com\/es\/lugares-tratamiento-de-varices-y-aranas-vasculares-en-alameda\/#breadcrumb"},"inLanguage":"es","potentialAction":[{"@type":"ReadAction","target":["https:\/\/dev.sfveincenter.com\/es\/lugares-tratamiento-de-varices-y-aranas-vasculares-en-alameda\/"]}]},{"@type":"ImageObject","inLanguage":"es","@id":"https:\/\/dev.sfveincenter.com\/es\/lugares-tratamiento-de-varices-y-aranas-vasculares-en-alameda\/#primaryimage","url":"https:\/\/dev.sfveincenter.com\/wp-content\/uploads\/2021\/11\/alameda-300x200.webp","contentUrl":"https:\/\/dev.sfveincenter.com\/wp-content\/uploads\/2021\/11\/alameda-300x200.webp"},{"@type":"BreadcrumbList","@id":"https:\/\/dev.sfveincenter.com\/es\/lugares-tratamiento-de-varices-y-aranas-vasculares-en-alameda\/#breadcrumb","itemListElement":[{"@type":"ListItem","position":1,"name":"Home","item":"https:\/\/dev.sfveincenter.com\/es\/inicio-2\/"},{"@type":"ListItem","position":2,"name":"Lugares &#8211; Tratamiento de varices y ara\u00f1as vasculares en Alameda"}]},{"@type":"WebSite","@id":"https:\/\/dev.sfveincenter.com\/es\/#website","url":"https:\/\/dev.sfveincenter.com\/es\/","name":"San Francisco Vein Doctor | Varicose &amp; Spider Vein Treatment","description":"","publisher":{"@id":"https:\/\/dev.sfveincenter.com\/es\/#organization"},"potentialAction":[{"@type":"SearchAction","target":{"@type":"EntryPoint","urlTemplate":"https:\/\/dev.sfveincenter.com\/es\/?s={search_term_string}"},"query-input":{"@type":"PropertyValueSpecification","valueRequired":true,"valueName":"search_term_string"}}],"inLanguage":"es"},{"@type":"Organization","@id":"https:\/\/dev.sfveincenter.com\/es\/#organization","name":"San Francisco Vein Center - Melinda L Aquino MD","url":"https:\/\/dev.sfveincenter.com\/es\/","logo":{"@type":"ImageObject","inLanguage":"es","@id":"https:\/\/dev.sfveincenter.com\/es\/#\/schema\/logo\/image\/","url":"https:\/\/dev.sfveincenter.com\/wp-content\/uploads\/2021\/02\/cropped-favicon-512x512-1-1.png","contentUrl":"https:\/\/dev.sfveincenter.com\/wp-content\/uploads\/2021\/02\/cropped-favicon-512x512-1-1.png","width":512,"height":512,"caption":"San Francisco Vein Center - Melinda L Aquino MD"},"image":{"@id":"https:\/\/dev.sfveincenter.com\/es\/#\/schema\/logo\/image\/"},"sameAs":["https:\/\/www.facebook.com\/sfveincenter","https:\/\/x.com\/sfveincenter","https:\/\/www.youtube.com\/channel\/UCH75q26Kq5lThH_Xptt8imQ","https:\/\/x.com\/SFVeinCenter"]}]}},"_links":{"self":[{"href":"https:\/\/dev.sfveincenter.com\/es\/wp-json\/wp\/v2\/pages\/8149","targetHints":{"allow":["GET"]}}],"collection":[{"href":"https:\/\/dev.sfveincenter.com\/es\/wp-json\/wp\/v2\/pages"}],"about":[{"href":"https:\/\/dev.sfveincenter.com\/es\/wp-json\/wp\/v2\/types\/page"}],"author":[{"embeddable":true,"href":"https:\/\/dev.sfveincenter.com\/es\/wp-json\/wp\/v2\/users\/1"}],"replies":[{"embeddable":true,"href":"https:\/\/dev.sfveincenter.com\/es\/wp-json\/wp\/v2\/comments?post=8149"}],"version-history":[{"count":0,"href":"https:\/\/dev.sfveincenter.com\/es\/wp-json\/wp\/v2\/pages\/8149\/revisions"}],"wp:attachment":[{"href":"https:\/\/dev.sfveincenter.com\/es\/wp-json\/wp\/v2\/media?parent=8149"}],"curies":[{"name":"wp","href":"https:\/\/api.w.org\/{rel}","templated":true}]}}