{"id":8152,"date":"2021-11-08T12:33:57","date_gmt":"2021-11-08T20:33:57","guid":{"rendered":"https:\/\/dev.sfveincenter.com\/lugares-tratamiento-de-venas-varicosas-y-aranas-vasculares-en-east-bay\/"},"modified":"2024-11-18T14:01:52","modified_gmt":"2024-11-18T22:01:52","slug":"lugares-tratamiento-de-venas-varicosas-y-aranas-vasculares-en-east-bay","status":"publish","type":"page","link":"https:\/\/dev.sfveincenter.com\/es\/lugares-tratamiento-de-venas-varicosas-y-aranas-vasculares-en-east-bay\/","title":{"rendered":"Lugares &#8211; Tratamiento de venas varicosas y ara\u00f1as vasculares en East Bay"},"content":{"rendered":"<p>[et_pb_section fb_built=\u00bb1&#8243; _builder_version=\u00bb4.16&#8243; _module_preset=\u00bbdefault\u00bb global_colors_info=\u00bb{}\u00bb][et_pb_row _builder_version=\u00bb4.16&#8243; _module_preset=\u00bbdefault\u00bb global_colors_info=\u00bb{}\u00bb][et_pb_column type=\u00bb4_4&#8243; _builder_version=\u00bb4.16&#8243; _module_preset=\u00bbdefault\u00bb global_colors_info=\u00bb{}\u00bb][et_pb_text _builder_version=\u00bb4.16&#8243; _module_preset=\u00bbdefault\u00bb global_colors_info=\u00bb{}\u00bb]<\/p>\n<h1>TRATAMIENTOS DE VENAS VARICOSAS Y VENAS ARA\u00d1A EN EAST BAY<\/h1>\n<p><img loading=\"lazy\" decoding=\"async\" class=\"wp-image-8125 alignright size-medium\" src=\"https:\/\/dev.sfveincenter.com\/wp-content\/uploads\/2021\/11\/east-bay-300x169.jpg\" alt=\"Venas varicosas de East Bay\" width=\"300\" height=\"169\">Vivir en East Bay tiene sus ventajas. El Distrito de Parques Regionales de East Bay opera m\u00e1s de cincuenta parques, dej\u00e1ndote con una buena cantidad de opciones para tu escapada esc\u00e9nica local. Muchos de estos parques operan junto a grandes centros urbanos abiertos a fotograf\u00edas y exploraci\u00f3n. Para el intelectual, East Bay tiene un peri\u00f3dico semanal gratuito, el East Bay Express, que ha informado sobre la cultura y la pol\u00edtica de East Bay durante m\u00e1s de 30 a\u00f1os. La historia no se detiene ah\u00ed; Si tiene suerte, puede tomar el Paseo por la Avenida Solano, el festival callejero m\u00e1s grande y antiguo de la zona. Al igual que las que se enumeran aqu\u00ed, muchas de las atracciones de East Bay requieren caminar o estar de pie durante largos per\u00edodos, lo que puede ser un desaf\u00edo si padece <a href=\"https:\/\/dev.sfveincenter.com\/es\/tratamiento-de-venas-varicosas-varices\/\">venas varicosas<\/a> o <a href=\"https:\/\/dev.sfveincenter.com\/es\/eliminacion-de-venas-vasculares-aranas\/\">ara\u00f1as vasculares<\/a> : una afecci\u00f3n causada por <a href=\"https:\/\/dev.sfveincenter.com\/es\/insuficiencia-venosa\/\">insuficiencia venosa<\/a> que afecta a m\u00e1s de 25 millones de personas en los EE. UU.<\/p>\n<p>Las venas varicosas pueden causar malestar, dolor, hinchaz\u00f3n e interferir con las actividades diarias en East Bay. Por otro lado, las ara\u00f1as vasculares son menos graves, pero a\u00fan pueden debilitar la imagen de uno mismo o provocar una lesi\u00f3n peor. Las actividades regulares que alguna vez fueron f\u00e1ciles, como visitar el Bay Area Ridge Trail, pueden volverse onerosas con cualquiera de estas condiciones. Sin embargo, hay noticias positivas y hay opciones de tratamiento disponibles. Un m\u00e9dico puede recomendar uno de estos seg\u00fan sus s\u00edntomas: ablaci\u00f3n por radiofrecuencia (RFA), terapia con l\u00e1ser endovenoso (EVLT), cierre de VenaSeal o escleroterapia.<\/p>\n<h2>Encontrar un especialista para sus tratamientos de venas<\/h2>\n<p>Encontrar un especialista en venas verdaderamente calificado no siempre es f\u00e1cil. A menudo, diferentes tipos de m\u00e9dicos tratan las venas, pero no todas son iguales. Para asegurarse de que est\u00e1 recibiendo al m\u00e9dico que necesita, aqu\u00ed hay algunas cosas que debe buscar.<\/p>\n<p>El m\u00e9dico debe tener las calificaciones adecuadas: el m\u00e9dico que elija debe especializarse en tratamientos de venas. Hay m\u00e9dicos que no necesariamente est\u00e1n capacitados para especializarse en el sistema vascular, sobre todo en las venas. No todos los casos de varices son iguales. Es fundamental que un m\u00e9dico tenga suficiente experiencia para poder identificar el mejor plan de tratamiento. Adem\u00e1s, deben ser cirujanos, ya que no todos los m\u00e9dicos est\u00e1n calificados para utilizar todas las opciones de tratamiento. Si bien el tratamiento es r\u00e1pido (45-60 minutos) y generalmente sencillo, para algunos, el tratamiento en un quir\u00f3fano o en un entorno ambulatorio es necesario. No todos los m\u00e9dicos tienen acceso a estas instalaciones. Si ocurren complicaciones, usted quiere un m\u00e9dico que tenga privilegios de admisi\u00f3n en un hospital. Por lo tanto, es mejor utilizar un cirujano con licencia.<\/p>\n<p>El m\u00e9dico debe estar al d\u00eda: busque en l\u00ednea la reputaci\u00f3n de la cl\u00ednica que puede utilizar para tratar sus venas varicosas o ara\u00f1as vasculares. Aseg\u00farese de que otros clientes se hayan ido contentos y lea las rese\u00f1as sobre su m\u00e9dico espec\u00edfico para ver su experiencia con el tratamiento. Adem\u00e1s, pregunte sobre la certificaci\u00f3n de la junta m\u00e9dica. Quieres el m\u00e1s calificado para tu tratamiento de venas.<\/p>\n<h2>C\u00f3mo comenzar el tratamiento si se encuentra en East Bay<\/h2>\n<p>El San Francisco Vein Center ofrece registro de pacientes en l\u00ednea y un horario de citas flexible para adaptarse a su ajetreada vida. Si desea iniciar el proceso, una consulta es siempre el primer paso. Nuestros m\u00e9dicos le preguntar\u00e1n sobre su historial m\u00e9dico y s\u00edntomas en la consulta. Es probable que le hagan una ecograf\u00eda para determinar el mejor m\u00e9todo de tratamiento para su caso particular. Nuestro personal de recepci\u00f3n tambi\u00e9n puede responder muchas preguntas que pueda tener. Por lo general, programamos una cita de seguimiento para asegurarnos de que la recuperaci\u00f3n avanza como se esperaba.<\/p>\n<p>Si su tratamiento es para combatir las ara\u00f1as vasculares ( <a href=\"https:\/\/dev.sfveincenter.com\/es\/tratamiento-de-venas-vasculares-escleroterapia\/\">escleroterapia<\/a> ), puede programar una cita y utilizar nuestro portal de registro en l\u00ednea sin una consulta. Mantenemos esta opci\u00f3n abierta para pacientes que normalmente no tienen insuficiencia venosa u otras afecciones subyacentes y que han tenido escleroterapia anteriormente. Para saber si califica, lea m\u00e1s sobre <a href=\"https:\/\/dev.sfveincenter.com\/es\/eliminacion-de-venas-vasculares-aranas\/\">las ara\u00f1as vasculares<\/a> en nuestro sitio web.<\/p>\n<h2>\u00bfCu\u00e1nto costar\u00e1?<\/h2>\n<p>\u00bfEs adecuado para el tratamiento? Podemos responder cualquier pregunta preliminar sobre seguros y procedimientos. Todas las consultas y casi todas las opciones de tratamiento est\u00e1n cubiertas por un seguro. Tambi\u00e9n puede ver una lista de las compa\u00f1\u00edas de seguros de salud que forman parte de nuestra red. Incluso si no ve a su compa\u00f1\u00eda de seguros en esta lista, vale la pena contactarnos para verificar. Estamos en red con muchas compa\u00f1\u00edas de seguros y grupos de IPA. Casi todos los procedimientos se realizan en el consultorio y el tiempo de recuperaci\u00f3n es m\u00ednimo, si corresponde. Todos los planes de seguro tienen diferentes coberturas. Si necesita ayuda para comprender su plan, podemos ayudarlo. Tambi\u00e9n ofrecemos el pago por cuenta propia para pacientes sin seguro. Comun\u00edquese con el San Francisco Veins Center al 415-752-1122 para comenzar.<\/p>\n<h2>Programe su consulta<\/h2>\n<p>Si vive en East Bay y est\u00e1 experimentando las molestias que resultan de las venas varicosas o ara\u00f1as vasculares, no dude en comunicarse con nosotros. No deber\u00eda tener que soportar el dolor o la incomodidad m\u00e1s de lo que ya tiene. Programe su primera visita por tel\u00e9fono o <a href=\"https:\/\/dev.sfveincenter.com\/es\/solicitud-de-cita\/\">solicite una cita<\/a> para comenzar el camino hacia la recuperaci\u00f3n.<\/p>\n<p>&nbsp;<\/p>\n<p>[\/et_pb_text][\/et_pb_column][\/et_pb_row][\/et_pb_section]<\/p>\n","protected":false},"excerpt":{"rendered":"<p>TRATAMIENTOS DE VENAS VARICOSAS Y VENAS ARA\u00d1A EN EAST BAY Vivir en East Bay tiene sus ventajas. El Distrito de Parques Regionales de East Bay opera m\u00e1s de cincuenta parques, dej\u00e1ndote con una buena cantidad de opciones para tu escapada esc\u00e9nica local. Muchos de estos parques operan junto a grandes centros urbanos abiertos a fotograf\u00edas [&hellip;]<\/p>\n","protected":false},"author":5,"featured_media":0,"parent":0,"menu_order":0,"comment_status":"closed","ping_status":"closed","template":"","meta":{"_et_pb_use_builder":"on","_et_pb_old_content":"","_et_gb_content_width":"","footnotes":""},"class_list":["post-8152","page","type-page","status-publish","hentry"],"yoast_head":"<!-- This site is optimized with the Yoast SEO Premium plugin v23.9 (Yoast SEO v26.8) - https:\/\/yoast.com\/product\/yoast-seo-premium-wordpress\/ -->\n<title>East Bay - Tratamiento de venas varicosas y ara\u00f1as vasculares<\/title>\n<meta name=\"description\" content=\"Las ara\u00f1as vasculares se tratan con escleroterapia. Las venas varicosas se tratan t\u00edpicamente con ablaci\u00f3n. Hay muchas opciones para los pacientes de East Bay.\" \/>\n<meta name=\"robots\" content=\"noindex, follow, max-snippet:-1, max-image-preview:large, max-video-preview:-1\" \/>\n<meta property=\"og:locale\" content=\"es_ES\" \/>\n<meta property=\"og:type\" content=\"article\" \/>\n<meta property=\"og:title\" content=\"Lugares - Tratamiento de venas varicosas y ara\u00f1as vasculares en East Bay\" \/>\n<meta property=\"og:description\" content=\"Las ara\u00f1as vasculares se tratan con escleroterapia. Las venas varicosas se tratan t\u00edpicamente con ablaci\u00f3n. Hay muchas opciones para los pacientes de East Bay.\" \/>\n<meta property=\"og:url\" content=\"https:\/\/dev.sfveincenter.com\/es\" \/>\n<meta property=\"og:site_name\" content=\"San Francisco Vein Doctor | Varicose &amp; Spider Vein Treatment\" \/>\n<meta property=\"article:publisher\" content=\"https:\/\/www.facebook.com\/sfveincenter\" \/>\n<meta property=\"article:modified_time\" content=\"2024-11-18T22:01:52+00:00\" \/>\n<meta property=\"og:image\" content=\"https:\/\/dev.sfveincenter.com\/wp-content\/uploads\/2021\/11\/east-bay.jpg\" \/>\n\t<meta property=\"og:image:width\" content=\"1000\" \/>\n\t<meta property=\"og:image:height\" content=\"562\" \/>\n\t<meta property=\"og:image:type\" content=\"image\/jpeg\" \/>\n<meta name=\"twitter:card\" content=\"summary_large_image\" \/>\n<meta name=\"twitter:site\" content=\"@sfveincenter\" \/>\n<meta name=\"twitter:label1\" content=\"Tiempo de lectura\" \/>\n\t<meta name=\"twitter:data1\" content=\"5 minutos\" \/>\n<script type=\"application\/ld+json\" class=\"yoast-schema-graph\">{\"@context\":\"https:\/\/schema.org\",\"@graph\":[{\"@type\":\"WebPage\",\"@id\":\"https:\/\/dev.sfveincenter.com\/es\/lugares-tratamiento-de-venas-varicosas-y-aranas-vasculares-en-east-bay\/\",\"url\":\"https:\/\/dev.sfveincenter.com\/es\",\"name\":\"East Bay - Tratamiento de venas varicosas y ara\u00f1as vasculares\",\"isPartOf\":{\"@id\":\"https:\/\/dev.sfveincenter.com\/es\/#website\"},\"primaryImageOfPage\":{\"@id\":\"https:\/\/dev.sfveincenter.com\/es#primaryimage\"},\"image\":{\"@id\":\"https:\/\/dev.sfveincenter.com\/es#primaryimage\"},\"thumbnailUrl\":\"https:\/\/dev.sfveincenter.com\/wp-content\/uploads\/2021\/11\/east-bay-300x169.jpg\",\"datePublished\":\"2021-11-08T20:33:57+00:00\",\"dateModified\":\"2024-11-18T22:01:52+00:00\",\"description\":\"Las ara\u00f1as vasculares se tratan con escleroterapia. Las venas varicosas se tratan t\u00edpicamente con ablaci\u00f3n. Hay muchas opciones para los pacientes de East Bay.\",\"breadcrumb\":{\"@id\":\"https:\/\/dev.sfveincenter.com\/es#breadcrumb\"},\"inLanguage\":\"es\",\"potentialAction\":[{\"@type\":\"ReadAction\",\"target\":[\"https:\/\/dev.sfveincenter.com\/es\"]}]},{\"@type\":\"ImageObject\",\"inLanguage\":\"es\",\"@id\":\"https:\/\/dev.sfveincenter.com\/es#primaryimage\",\"url\":\"https:\/\/dev.sfveincenter.com\/wp-content\/uploads\/2021\/11\/east-bay-300x169.jpg\",\"contentUrl\":\"https:\/\/dev.sfveincenter.com\/wp-content\/uploads\/2021\/11\/east-bay-300x169.jpg\"},{\"@type\":\"BreadcrumbList\",\"@id\":\"https:\/\/dev.sfveincenter.com\/es#breadcrumb\",\"itemListElement\":[{\"@type\":\"ListItem\",\"position\":1,\"name\":\"Home\",\"item\":\"https:\/\/dev.sfveincenter.com\/es\/inicio-2\/\"},{\"@type\":\"ListItem\",\"position\":2,\"name\":\"Lugares &#8211; Tratamiento de venas varicosas y ara\u00f1as vasculares en East Bay\"}]},{\"@type\":\"WebSite\",\"@id\":\"https:\/\/dev.sfveincenter.com\/es\/#website\",\"url\":\"https:\/\/dev.sfveincenter.com\/es\/\",\"name\":\"San Francisco Vein Doctor | Varicose &amp; Spider Vein Treatment\",\"description\":\"\",\"publisher\":{\"@id\":\"https:\/\/dev.sfveincenter.com\/es\/#organization\"},\"potentialAction\":[{\"@type\":\"SearchAction\",\"target\":{\"@type\":\"EntryPoint\",\"urlTemplate\":\"https:\/\/dev.sfveincenter.com\/es\/?s={search_term_string}\"},\"query-input\":{\"@type\":\"PropertyValueSpecification\",\"valueRequired\":true,\"valueName\":\"search_term_string\"}}],\"inLanguage\":\"es\"},{\"@type\":\"Organization\",\"@id\":\"https:\/\/dev.sfveincenter.com\/es\/#organization\",\"name\":\"San Francisco Vein Center - Melinda L Aquino MD\",\"url\":\"https:\/\/dev.sfveincenter.com\/es\/\",\"logo\":{\"@type\":\"ImageObject\",\"inLanguage\":\"es\",\"@id\":\"https:\/\/dev.sfveincenter.com\/es\/#\/schema\/logo\/image\/\",\"url\":\"https:\/\/dev.sfveincenter.com\/wp-content\/uploads\/2021\/02\/cropped-favicon-512x512-1-1.png\",\"contentUrl\":\"https:\/\/dev.sfveincenter.com\/wp-content\/uploads\/2021\/02\/cropped-favicon-512x512-1-1.png\",\"width\":512,\"height\":512,\"caption\":\"San Francisco Vein Center - Melinda L Aquino MD\"},\"image\":{\"@id\":\"https:\/\/dev.sfveincenter.com\/es\/#\/schema\/logo\/image\/\"},\"sameAs\":[\"https:\/\/www.facebook.com\/sfveincenter\",\"https:\/\/x.com\/sfveincenter\",\"https:\/\/www.youtube.com\/channel\/UCH75q26Kq5lThH_Xptt8imQ\",\"https:\/\/x.com\/SFVeinCenter\"]}]}<\/script>\n<!-- \/ Yoast SEO Premium plugin. -->","yoast_head_json":{"title":"East Bay - Tratamiento de venas varicosas y ara\u00f1as vasculares","description":"Las ara\u00f1as vasculares se tratan con escleroterapia. Las venas varicosas se tratan t\u00edpicamente con ablaci\u00f3n. Hay muchas opciones para los pacientes de East Bay.","robots":{"index":"noindex","follow":"follow","max-snippet":"max-snippet:-1","max-image-preview":"max-image-preview:large","max-video-preview":"max-video-preview:-1"},"og_locale":"es_ES","og_type":"article","og_title":"Lugares - Tratamiento de venas varicosas y ara\u00f1as vasculares en East Bay","og_description":"Las ara\u00f1as vasculares se tratan con escleroterapia. Las venas varicosas se tratan t\u00edpicamente con ablaci\u00f3n. Hay muchas opciones para los pacientes de East Bay.","og_url":"https:\/\/dev.sfveincenter.com\/es","og_site_name":"San Francisco Vein Doctor | Varicose &amp; Spider Vein Treatment","article_publisher":"https:\/\/www.facebook.com\/sfveincenter","article_modified_time":"2024-11-18T22:01:52+00:00","og_image":[{"width":1000,"height":562,"url":"https:\/\/dev.sfveincenter.com\/wp-content\/uploads\/2021\/11\/east-bay.jpg","type":"image\/jpeg"}],"twitter_card":"summary_large_image","twitter_site":"@sfveincenter","twitter_misc":{"Tiempo de lectura":"5 minutos"},"schema":{"@context":"https:\/\/schema.org","@graph":[{"@type":"WebPage","@id":"https:\/\/dev.sfveincenter.com\/es\/lugares-tratamiento-de-venas-varicosas-y-aranas-vasculares-en-east-bay\/","url":"https:\/\/dev.sfveincenter.com\/es","name":"East Bay - Tratamiento de venas varicosas y ara\u00f1as vasculares","isPartOf":{"@id":"https:\/\/dev.sfveincenter.com\/es\/#website"},"primaryImageOfPage":{"@id":"https:\/\/dev.sfveincenter.com\/es#primaryimage"},"image":{"@id":"https:\/\/dev.sfveincenter.com\/es#primaryimage"},"thumbnailUrl":"https:\/\/dev.sfveincenter.com\/wp-content\/uploads\/2021\/11\/east-bay-300x169.jpg","datePublished":"2021-11-08T20:33:57+00:00","dateModified":"2024-11-18T22:01:52+00:00","description":"Las ara\u00f1as vasculares se tratan con escleroterapia. Las venas varicosas se tratan t\u00edpicamente con ablaci\u00f3n. Hay muchas opciones para los pacientes de East Bay.","breadcrumb":{"@id":"https:\/\/dev.sfveincenter.com\/es#breadcrumb"},"inLanguage":"es","potentialAction":[{"@type":"ReadAction","target":["https:\/\/dev.sfveincenter.com\/es"]}]},{"@type":"ImageObject","inLanguage":"es","@id":"https:\/\/dev.sfveincenter.com\/es#primaryimage","url":"https:\/\/dev.sfveincenter.com\/wp-content\/uploads\/2021\/11\/east-bay-300x169.jpg","contentUrl":"https:\/\/dev.sfveincenter.com\/wp-content\/uploads\/2021\/11\/east-bay-300x169.jpg"},{"@type":"BreadcrumbList","@id":"https:\/\/dev.sfveincenter.com\/es#breadcrumb","itemListElement":[{"@type":"ListItem","position":1,"name":"Home","item":"https:\/\/dev.sfveincenter.com\/es\/inicio-2\/"},{"@type":"ListItem","position":2,"name":"Lugares &#8211; Tratamiento de venas varicosas y ara\u00f1as vasculares en East Bay"}]},{"@type":"WebSite","@id":"https:\/\/dev.sfveincenter.com\/es\/#website","url":"https:\/\/dev.sfveincenter.com\/es\/","name":"San Francisco Vein Doctor | Varicose &amp; Spider Vein Treatment","description":"","publisher":{"@id":"https:\/\/dev.sfveincenter.com\/es\/#organization"},"potentialAction":[{"@type":"SearchAction","target":{"@type":"EntryPoint","urlTemplate":"https:\/\/dev.sfveincenter.com\/es\/?s={search_term_string}"},"query-input":{"@type":"PropertyValueSpecification","valueRequired":true,"valueName":"search_term_string"}}],"inLanguage":"es"},{"@type":"Organization","@id":"https:\/\/dev.sfveincenter.com\/es\/#organization","name":"San Francisco Vein Center - Melinda L Aquino MD","url":"https:\/\/dev.sfveincenter.com\/es\/","logo":{"@type":"ImageObject","inLanguage":"es","@id":"https:\/\/dev.sfveincenter.com\/es\/#\/schema\/logo\/image\/","url":"https:\/\/dev.sfveincenter.com\/wp-content\/uploads\/2021\/02\/cropped-favicon-512x512-1-1.png","contentUrl":"https:\/\/dev.sfveincenter.com\/wp-content\/uploads\/2021\/02\/cropped-favicon-512x512-1-1.png","width":512,"height":512,"caption":"San Francisco Vein Center - Melinda L Aquino MD"},"image":{"@id":"https:\/\/dev.sfveincenter.com\/es\/#\/schema\/logo\/image\/"},"sameAs":["https:\/\/www.facebook.com\/sfveincenter","https:\/\/x.com\/sfveincenter","https:\/\/www.youtube.com\/channel\/UCH75q26Kq5lThH_Xptt8imQ","https:\/\/x.com\/SFVeinCenter"]}]}},"_links":{"self":[{"href":"https:\/\/dev.sfveincenter.com\/es\/wp-json\/wp\/v2\/pages\/8152","targetHints":{"allow":["GET"]}}],"collection":[{"href":"https:\/\/dev.sfveincenter.com\/es\/wp-json\/wp\/v2\/pages"}],"about":[{"href":"https:\/\/dev.sfveincenter.com\/es\/wp-json\/wp\/v2\/types\/page"}],"author":[{"embeddable":true,"href":"https:\/\/dev.sfveincenter.com\/es\/wp-json\/wp\/v2\/users\/5"}],"replies":[{"embeddable":true,"href":"https:\/\/dev.sfveincenter.com\/es\/wp-json\/wp\/v2\/comments?post=8152"}],"version-history":[{"count":0,"href":"https:\/\/dev.sfveincenter.com\/es\/wp-json\/wp\/v2\/pages\/8152\/revisions"}],"wp:attachment":[{"href":"https:\/\/dev.sfveincenter.com\/es\/wp-json\/wp\/v2\/media?parent=8152"}],"curies":[{"name":"wp","href":"https:\/\/api.w.org\/{rel}","templated":true}]}}