{"id":8295,"date":"2021-11-16T16:23:59","date_gmt":"2021-11-17T00:23:59","guid":{"rendered":"https:\/\/dev.sfveincenter.com\/lugares-tratamiento-de-venas-varicosas-y-aranas-vasculares-en-walnut-creek\/"},"modified":"2024-05-28T15:52:51","modified_gmt":"2024-05-28T22:52:51","slug":"lugares-tratamiento-de-venas-varicosas-y-aranas-vasculares-en-walnut-creek","status":"publish","type":"page","link":"https:\/\/dev.sfveincenter.com\/es\/lugares-tratamiento-de-venas-varicosas-y-aranas-vasculares-en-walnut-creek\/","title":{"rendered":"Lugares &#8211; Tratamiento de venas varicosas y ara\u00f1as vasculares en Walnut Creek"},"content":{"rendered":"<p>[et_pb_section fb_built=\u00bb1&#8243; _builder_version=\u00bb4.16&#8243; _module_preset=\u00bbdefault\u00bb global_colors_info=\u00bb{}\u00bb][et_pb_row _builder_version=\u00bb4.16&#8243; _module_preset=\u00bbdefault\u00bb global_colors_info=\u00bb{}\u00bb][et_pb_column type=\u00bb4_4&#8243; _builder_version=\u00bb4.16&#8243; _module_preset=\u00bbdefault\u00bb global_colors_info=\u00bb{}\u00bb][et_pb_text _builder_version=\u00bb4.25.0&#8243; _module_preset=\u00bbdefault\u00bb hover_enabled=\u00bb0&#8243; global_colors_info=\u00bb{}\u00bb sticky_enabled=\u00bb0&#8243;]<\/p>\n<h1 style=\"text-align: center;\">TRATAMIENTOS VARICOSOS Y VENAS ARA\u00d1A EN WALNUT CREEK<\/h1>\n<p><img loading=\"lazy\" decoding=\"async\" class=\"wp-image-8233 size-medium alignright\" src=\"https:\/\/dev.sfveincenter.com\/wp-content\/uploads\/2021\/11\/walnut-creek-300x200.png\" alt=\"Walnut Creek - Varices y ara\u00f1as vasculares\" width=\"300\" height=\"200\">El activo centro de tiendas minoristas de Walnut Creek lo convierte en el lugar perfecto para un s\u00e1bado lleno de diversi\u00f3n. El extenso sistema de senderos de la ciudad, incluidos Iron Horse Trail y Contra Costa Canal Trail, hace que caminar o andar en bicicleta sea una forma positiva y productiva de explorar el \u00e1rea. Los senderos son tan extensos que se pueden usar para recreaci\u00f3n o viajes diarios. Sin embargo, es posible que esta opci\u00f3n no est\u00e9 disponible si padece insuficiencia venosa, que es la causa principal de las ara\u00f1as vasculares y las venas varicosas. Las ara\u00f1as vasculares son com\u00fanmente una afecci\u00f3n cosm\u00e9tica, con peque\u00f1as venas azules o rojas. Sin embargo, las venas varicosas a menudo causan dolor y hacen que sus piernas se sientan inc\u00f3modas cuando est\u00e1 de pie. Si experimenta estas condiciones, no est\u00e1 solo; millones de personas en los EE. UU. sufren de <a href=\"https:\/\/dev.sfveincenter.com\/es\/insuficiencia-venosa\/\">insuficiencia venosa<\/a> .<\/p>\n<h2>C\u00f3mo buscar tratamiento para las venas varicosas<\/h2>\n<p>Si reside en Walnut Creek y est\u00e1 buscando un tratamiento para las ara\u00f1as vasculares o las venas varicosas, elegir un especialista es la primera decisi\u00f3n que tendr\u00e1 que tomar. Varios m\u00e9dicos o spas tratan las ara\u00f1as vasculares sin tratar la afecci\u00f3n subyacente: insuficiencia venosa. Esto puede ayudar inicialmente, pero si no se aborda la causa ra\u00edz, las ara\u00f1as vasculares recurren. Es vital recibir un diagn\u00f3stico completo de un <a href=\"https:\/\/dev.sfveincenter.com\/es\/cirujano-vascular-doctor-aquino\/\">m\u00e9dico de venas calificado<\/a> que pueda verificar si tiene insuficiencia venosa. Compruebe si la cl\u00ednica que est\u00e1 considerando tiene una buena calificaci\u00f3n y si sus m\u00e9dicos tienen una experiencia bien considerada en el tratamiento de pacientes con insuficiencia venosa.<\/p>\n<h2>Le recomendamos que se comunique con un cirujano vascular por algunas razones:<\/h2>\n<ol>\n<li>Est\u00e1n entrenados y trabajan con todo el sistema vascular, esto incluye arterias adem\u00e1s de venas.<\/li>\n<li>Tienen todas las opciones de tratamiento disponibles, incluida la cirug\u00eda si es necesario.<\/li>\n<li>Tienen privilegios de admisi\u00f3n en un hospital que les permite llevar a los pacientes al quir\u00f3fano cuando sea necesario. Tambi\u00e9n les permite admitir pacientes por complicaciones postoperatorias. Aunque es poco com\u00fan, los no cirujanos deben entregar la atenci\u00f3n de su paciente a otro m\u00e9dico en este caso.<\/li>\n<\/ol>\n<p>En la consulta inicial, el m\u00e9dico tomar\u00e1 un historial completo y un examen f\u00edsico para comprender su condici\u00f3n. \u00c9l o ella discutir\u00e1 sus s\u00edntomas, historial m\u00e9dico y puede realizar una ecograf\u00eda para determinar si tiene insuficiencia venosa. Luego, el proveedor determinar\u00e1 el mejor m\u00e9todo de tratamiento para que usted vuelva a estar activo. Despu\u00e9s de la mayor\u00eda de los procedimientos, el m\u00e9dico programar\u00e1 una cita de seguimiento. Esta visita asegura que la recuperaci\u00f3n progrese adecuadamente y le permite a su m\u00e9dico evaluar cualquier complicaci\u00f3n.<\/p>\n<h2>C\u00f3mo se ver\u00e1 el tratamiento<\/h2>\n<p>Los tratamientos generalmente se realizan en el consultorio y rara vez requieren una estad\u00eda en el hospital. La mayor\u00eda de los tratamientos de las venas han avanzado hasta el punto en que entrar\u00e1 y saldr\u00e1 en 45 minutos a una hora con poco o ning\u00fan tiempo de descanso necesario. Si se ocupa de las ara\u00f1as vasculares, el tratamiento dura 30 minutos y es posible que no necesite una consulta. Esta opci\u00f3n est\u00e1 disponible para personas que han sufrido esta afecci\u00f3n anteriormente y no presentan s\u00edntomas de insuficiencia venosa u otras afecciones subyacentes. Las opciones de tratamiento para todos los problemas relacionados con la insuficiencia venosa son las siguientes:<\/p>\n<ol>\n<li><a href=\"https:\/\/dev.sfveincenter.com\/es\/tratamiento-de-venas-vasculares-escleroterapia\/\"><strong>La escleroterapia<\/strong><\/a> son peque\u00f1as inyecciones que eliminan las ara\u00f1as vasculares.<\/li>\n<li><a href=\"https:\/\/dev.sfveincenter.com\/es\/endovenosa-laser-terapia-evlt\/\"><strong>La terapia con l\u00e1ser endovenoso (EVLT)<\/strong><\/a> cierra las venas enfermas utilizando energ\u00eda de luz concentrada.<\/li>\n<li><a href=\"https:\/\/dev.sfveincenter.com\/es\/ablacion-por-radiofrecuencia-rfa\/\"><strong>La ablaci\u00f3n por radiofrecuencia (RFA)<\/strong><\/a> cierra las venas enfermas utilizando energ\u00eda t\u00e9rmica.<\/li>\n<li><a href=\"https:\/\/dev.sfveincenter.com\/es\/venaseal-cierre\/\"><strong>VenaSeal Closure<\/strong><\/a> cierra la vena enferma con un adhesivo m\u00e9dico; no requiere anestesia tumescente local.<\/li>\n<\/ol>\n<h2>Opciones de pago<\/h2>\n<p>El San Francisco Vein Center acepta la mayor\u00eda de los seguros. Para verificar si estamos en la red con su seguro, visite nuestra p\u00e1gina sobre <a href=\"https:\/\/dev.sfveincenter.com\/es\/seguro\/\">seguros y tratamiento de venas<\/a> o ll\u00e1menos al 415-752-1122. Nuestro personal ayuda a los pacientes a comprender su cobertura de seguro. Si visita otra cl\u00ednica para el tratamiento de las venas, aseg\u00farese de que est\u00e9n dentro de la red para evitar costos de bolsillo m\u00e1s altos por reclamos fuera de la red. El seguro cubre la visita inicial al consultorio y la mayor\u00eda de los procedimientos de diagn\u00f3stico necesarios.<\/p>\n<p>Cuando se trata de tratamiento, es importante que su proveedor presente la autorizaci\u00f3n del seguro para asegurarse de que su procedimiento est\u00e9 cubierto y aprobado. Existen ciertos requisitos para obtener la aprobaci\u00f3n de una autorizaci\u00f3n. El San Francisco Vein Center garantiza que todos los requisitos de autorizaci\u00f3n est\u00e9n debidamente documentados para que el procesamiento sea r\u00e1pido y sin problemas y no haya retrasos.<\/p>\n<h2>\u00bfVives en Walnut Creek?<\/h2>\n<p>Tenemos dos oficinas a poca distancia de Walnut Creek en San Francisco y Daly City. Para cualquier pregunta, llame al 415-752-1122. Tambi\u00e9n puede <a href=\"https:\/\/dev.sfveincenter.com\/es\/solicitud-de-cita\/\">solicitar una cita en l\u00ednea<\/a> .<\/p>\n<p>[\/et_pb_text][\/et_pb_column][\/et_pb_row][\/et_pb_section]<\/p>\n","protected":false},"excerpt":{"rendered":"<p>TRATAMIENTOS VARICOSOS Y VENAS ARA\u00d1A EN WALNUT CREEK El activo centro de tiendas minoristas de Walnut Creek lo convierte en el lugar perfecto para un s\u00e1bado lleno de diversi\u00f3n. El extenso sistema de senderos de la ciudad, incluidos Iron Horse Trail y Contra Costa Canal Trail, hace que caminar o andar en bicicleta sea una [&hellip;]<\/p>\n","protected":false},"author":5,"featured_media":0,"parent":0,"menu_order":0,"comment_status":"closed","ping_status":"closed","template":"","meta":{"_et_pb_use_builder":"on","_et_pb_old_content":"","_et_gb_content_width":"","footnotes":""},"class_list":["post-8295","page","type-page","status-publish","hentry"],"yoast_head":"<!-- This site is optimized with the Yoast SEO Premium plugin v23.9 (Yoast SEO v26.8) - https:\/\/yoast.com\/product\/yoast-seo-premium-wordpress\/ -->\n<title>Tratamientos de ara\u00f1as vasculares y tratamientos de varices en Walnut Creek<\/title>\n<meta name=\"description\" content=\"Walnut Creek: un ultrasonido es el est\u00e1ndar de oro para diagnosticar la insuficiencia venosa, que es la causa de las venas varicosas y ara\u00f1as vasculares.\" \/>\n<meta name=\"robots\" content=\"noindex, follow, max-snippet:-1, max-image-preview:large, max-video-preview:-1\" \/>\n<meta property=\"og:locale\" content=\"es_ES\" \/>\n<meta property=\"og:type\" content=\"article\" \/>\n<meta property=\"og:title\" content=\"Lugares - Tratamiento de venas varicosas y ara\u00f1as vasculares en Walnut Creek\" \/>\n<meta property=\"og:description\" content=\"Walnut Creek: un ultrasonido es el est\u00e1ndar de oro para diagnosticar la insuficiencia venosa, que es la causa de las venas varicosas y ara\u00f1as vasculares.\" \/>\n<meta property=\"og:url\" content=\"https:\/\/dev.sfveincenter.com\/es\/lugares-tratamiento-de-venas-varicosas-y-aranas-vasculares-en-walnut-creek\/\" \/>\n<meta property=\"og:site_name\" content=\"San Francisco Vein Doctor | Varicose &amp; Spider Vein Treatment\" \/>\n<meta property=\"article:publisher\" content=\"https:\/\/www.facebook.com\/sfveincenter\" \/>\n<meta property=\"article:modified_time\" content=\"2024-05-28T22:52:51+00:00\" \/>\n<meta property=\"og:image\" content=\"https:\/\/dev.sfveincenter.com\/wp-content\/uploads\/2021\/11\/walnut-creek-300x200.png\" \/>\n<meta name=\"twitter:card\" content=\"summary_large_image\" \/>\n<meta name=\"twitter:site\" content=\"@sfveincenter\" \/>\n<meta name=\"twitter:label1\" content=\"Tiempo de lectura\" \/>\n\t<meta name=\"twitter:data1\" content=\"5 minutos\" \/>\n<script type=\"application\/ld+json\" class=\"yoast-schema-graph\">{\"@context\":\"https:\/\/schema.org\",\"@graph\":[{\"@type\":\"WebPage\",\"@id\":\"https:\/\/dev.sfveincenter.com\/es\/lugares-tratamiento-de-venas-varicosas-y-aranas-vasculares-en-walnut-creek\/\",\"url\":\"https:\/\/dev.sfveincenter.com\/es\/lugares-tratamiento-de-venas-varicosas-y-aranas-vasculares-en-walnut-creek\/\",\"name\":\"Tratamientos de ara\u00f1as vasculares y tratamientos de varices en Walnut Creek\",\"isPartOf\":{\"@id\":\"https:\/\/dev.sfveincenter.com\/es\/#website\"},\"primaryImageOfPage\":{\"@id\":\"https:\/\/dev.sfveincenter.com\/es\/lugares-tratamiento-de-venas-varicosas-y-aranas-vasculares-en-walnut-creek\/#primaryimage\"},\"image\":{\"@id\":\"https:\/\/dev.sfveincenter.com\/es\/lugares-tratamiento-de-venas-varicosas-y-aranas-vasculares-en-walnut-creek\/#primaryimage\"},\"thumbnailUrl\":\"https:\/\/dev.sfveincenter.com\/wp-content\/uploads\/2021\/11\/walnut-creek-300x200.png\",\"datePublished\":\"2021-11-17T00:23:59+00:00\",\"dateModified\":\"2024-05-28T22:52:51+00:00\",\"description\":\"Walnut Creek: un ultrasonido es el est\u00e1ndar de oro para diagnosticar la insuficiencia venosa, que es la causa de las venas varicosas y ara\u00f1as vasculares.\",\"breadcrumb\":{\"@id\":\"https:\/\/dev.sfveincenter.com\/es\/lugares-tratamiento-de-venas-varicosas-y-aranas-vasculares-en-walnut-creek\/#breadcrumb\"},\"inLanguage\":\"es\",\"potentialAction\":[{\"@type\":\"ReadAction\",\"target\":[\"https:\/\/dev.sfveincenter.com\/es\/lugares-tratamiento-de-venas-varicosas-y-aranas-vasculares-en-walnut-creek\/\"]}]},{\"@type\":\"ImageObject\",\"inLanguage\":\"es\",\"@id\":\"https:\/\/dev.sfveincenter.com\/es\/lugares-tratamiento-de-venas-varicosas-y-aranas-vasculares-en-walnut-creek\/#primaryimage\",\"url\":\"https:\/\/dev.sfveincenter.com\/wp-content\/uploads\/2021\/11\/walnut-creek-300x200.png\",\"contentUrl\":\"https:\/\/dev.sfveincenter.com\/wp-content\/uploads\/2021\/11\/walnut-creek-300x200.png\"},{\"@type\":\"BreadcrumbList\",\"@id\":\"https:\/\/dev.sfveincenter.com\/es\/lugares-tratamiento-de-venas-varicosas-y-aranas-vasculares-en-walnut-creek\/#breadcrumb\",\"itemListElement\":[{\"@type\":\"ListItem\",\"position\":1,\"name\":\"Home\",\"item\":\"https:\/\/dev.sfveincenter.com\/es\/inicio-2\/\"},{\"@type\":\"ListItem\",\"position\":2,\"name\":\"Lugares &#8211; Tratamiento de venas varicosas y ara\u00f1as vasculares en Walnut Creek\"}]},{\"@type\":\"WebSite\",\"@id\":\"https:\/\/dev.sfveincenter.com\/es\/#website\",\"url\":\"https:\/\/dev.sfveincenter.com\/es\/\",\"name\":\"San Francisco Vein Doctor | Varicose &amp; Spider Vein Treatment\",\"description\":\"\",\"publisher\":{\"@id\":\"https:\/\/dev.sfveincenter.com\/es\/#organization\"},\"potentialAction\":[{\"@type\":\"SearchAction\",\"target\":{\"@type\":\"EntryPoint\",\"urlTemplate\":\"https:\/\/dev.sfveincenter.com\/es\/?s={search_term_string}\"},\"query-input\":{\"@type\":\"PropertyValueSpecification\",\"valueRequired\":true,\"valueName\":\"search_term_string\"}}],\"inLanguage\":\"es\"},{\"@type\":\"Organization\",\"@id\":\"https:\/\/dev.sfveincenter.com\/es\/#organization\",\"name\":\"San Francisco Vein Center - Melinda L Aquino MD\",\"url\":\"https:\/\/dev.sfveincenter.com\/es\/\",\"logo\":{\"@type\":\"ImageObject\",\"inLanguage\":\"es\",\"@id\":\"https:\/\/dev.sfveincenter.com\/es\/#\/schema\/logo\/image\/\",\"url\":\"https:\/\/dev.sfveincenter.com\/wp-content\/uploads\/2021\/02\/cropped-favicon-512x512-1-1.png\",\"contentUrl\":\"https:\/\/dev.sfveincenter.com\/wp-content\/uploads\/2021\/02\/cropped-favicon-512x512-1-1.png\",\"width\":512,\"height\":512,\"caption\":\"San Francisco Vein Center - Melinda L Aquino MD\"},\"image\":{\"@id\":\"https:\/\/dev.sfveincenter.com\/es\/#\/schema\/logo\/image\/\"},\"sameAs\":[\"https:\/\/www.facebook.com\/sfveincenter\",\"https:\/\/x.com\/sfveincenter\",\"https:\/\/www.youtube.com\/channel\/UCH75q26Kq5lThH_Xptt8imQ\",\"https:\/\/x.com\/SFVeinCenter\"]}]}<\/script>\n<!-- \/ Yoast SEO Premium plugin. -->","yoast_head_json":{"title":"Tratamientos de ara\u00f1as vasculares y tratamientos de varices en Walnut Creek","description":"Walnut Creek: un ultrasonido es el est\u00e1ndar de oro para diagnosticar la insuficiencia venosa, que es la causa de las venas varicosas y ara\u00f1as vasculares.","robots":{"index":"noindex","follow":"follow","max-snippet":"max-snippet:-1","max-image-preview":"max-image-preview:large","max-video-preview":"max-video-preview:-1"},"og_locale":"es_ES","og_type":"article","og_title":"Lugares - Tratamiento de venas varicosas y ara\u00f1as vasculares en Walnut Creek","og_description":"Walnut Creek: un ultrasonido es el est\u00e1ndar de oro para diagnosticar la insuficiencia venosa, que es la causa de las venas varicosas y ara\u00f1as vasculares.","og_url":"https:\/\/dev.sfveincenter.com\/es\/lugares-tratamiento-de-venas-varicosas-y-aranas-vasculares-en-walnut-creek\/","og_site_name":"San Francisco Vein Doctor | Varicose &amp; Spider Vein Treatment","article_publisher":"https:\/\/www.facebook.com\/sfveincenter","article_modified_time":"2024-05-28T22:52:51+00:00","og_image":[{"url":"https:\/\/dev.sfveincenter.com\/wp-content\/uploads\/2021\/11\/walnut-creek-300x200.png","type":"","width":"","height":""}],"twitter_card":"summary_large_image","twitter_site":"@sfveincenter","twitter_misc":{"Tiempo de lectura":"5 minutos"},"schema":{"@context":"https:\/\/schema.org","@graph":[{"@type":"WebPage","@id":"https:\/\/dev.sfveincenter.com\/es\/lugares-tratamiento-de-venas-varicosas-y-aranas-vasculares-en-walnut-creek\/","url":"https:\/\/dev.sfveincenter.com\/es\/lugares-tratamiento-de-venas-varicosas-y-aranas-vasculares-en-walnut-creek\/","name":"Tratamientos de ara\u00f1as vasculares y tratamientos de varices en Walnut Creek","isPartOf":{"@id":"https:\/\/dev.sfveincenter.com\/es\/#website"},"primaryImageOfPage":{"@id":"https:\/\/dev.sfveincenter.com\/es\/lugares-tratamiento-de-venas-varicosas-y-aranas-vasculares-en-walnut-creek\/#primaryimage"},"image":{"@id":"https:\/\/dev.sfveincenter.com\/es\/lugares-tratamiento-de-venas-varicosas-y-aranas-vasculares-en-walnut-creek\/#primaryimage"},"thumbnailUrl":"https:\/\/dev.sfveincenter.com\/wp-content\/uploads\/2021\/11\/walnut-creek-300x200.png","datePublished":"2021-11-17T00:23:59+00:00","dateModified":"2024-05-28T22:52:51+00:00","description":"Walnut Creek: un ultrasonido es el est\u00e1ndar de oro para diagnosticar la insuficiencia venosa, que es la causa de las venas varicosas y ara\u00f1as vasculares.","breadcrumb":{"@id":"https:\/\/dev.sfveincenter.com\/es\/lugares-tratamiento-de-venas-varicosas-y-aranas-vasculares-en-walnut-creek\/#breadcrumb"},"inLanguage":"es","potentialAction":[{"@type":"ReadAction","target":["https:\/\/dev.sfveincenter.com\/es\/lugares-tratamiento-de-venas-varicosas-y-aranas-vasculares-en-walnut-creek\/"]}]},{"@type":"ImageObject","inLanguage":"es","@id":"https:\/\/dev.sfveincenter.com\/es\/lugares-tratamiento-de-venas-varicosas-y-aranas-vasculares-en-walnut-creek\/#primaryimage","url":"https:\/\/dev.sfveincenter.com\/wp-content\/uploads\/2021\/11\/walnut-creek-300x200.png","contentUrl":"https:\/\/dev.sfveincenter.com\/wp-content\/uploads\/2021\/11\/walnut-creek-300x200.png"},{"@type":"BreadcrumbList","@id":"https:\/\/dev.sfveincenter.com\/es\/lugares-tratamiento-de-venas-varicosas-y-aranas-vasculares-en-walnut-creek\/#breadcrumb","itemListElement":[{"@type":"ListItem","position":1,"name":"Home","item":"https:\/\/dev.sfveincenter.com\/es\/inicio-2\/"},{"@type":"ListItem","position":2,"name":"Lugares &#8211; Tratamiento de venas varicosas y ara\u00f1as vasculares en Walnut Creek"}]},{"@type":"WebSite","@id":"https:\/\/dev.sfveincenter.com\/es\/#website","url":"https:\/\/dev.sfveincenter.com\/es\/","name":"San Francisco Vein Doctor | Varicose &amp; Spider Vein Treatment","description":"","publisher":{"@id":"https:\/\/dev.sfveincenter.com\/es\/#organization"},"potentialAction":[{"@type":"SearchAction","target":{"@type":"EntryPoint","urlTemplate":"https:\/\/dev.sfveincenter.com\/es\/?s={search_term_string}"},"query-input":{"@type":"PropertyValueSpecification","valueRequired":true,"valueName":"search_term_string"}}],"inLanguage":"es"},{"@type":"Organization","@id":"https:\/\/dev.sfveincenter.com\/es\/#organization","name":"San Francisco Vein Center - Melinda L Aquino MD","url":"https:\/\/dev.sfveincenter.com\/es\/","logo":{"@type":"ImageObject","inLanguage":"es","@id":"https:\/\/dev.sfveincenter.com\/es\/#\/schema\/logo\/image\/","url":"https:\/\/dev.sfveincenter.com\/wp-content\/uploads\/2021\/02\/cropped-favicon-512x512-1-1.png","contentUrl":"https:\/\/dev.sfveincenter.com\/wp-content\/uploads\/2021\/02\/cropped-favicon-512x512-1-1.png","width":512,"height":512,"caption":"San Francisco Vein Center - Melinda L Aquino MD"},"image":{"@id":"https:\/\/dev.sfveincenter.com\/es\/#\/schema\/logo\/image\/"},"sameAs":["https:\/\/www.facebook.com\/sfveincenter","https:\/\/x.com\/sfveincenter","https:\/\/www.youtube.com\/channel\/UCH75q26Kq5lThH_Xptt8imQ","https:\/\/x.com\/SFVeinCenter"]}]}},"_links":{"self":[{"href":"https:\/\/dev.sfveincenter.com\/es\/wp-json\/wp\/v2\/pages\/8295","targetHints":{"allow":["GET"]}}],"collection":[{"href":"https:\/\/dev.sfveincenter.com\/es\/wp-json\/wp\/v2\/pages"}],"about":[{"href":"https:\/\/dev.sfveincenter.com\/es\/wp-json\/wp\/v2\/types\/page"}],"author":[{"embeddable":true,"href":"https:\/\/dev.sfveincenter.com\/es\/wp-json\/wp\/v2\/users\/5"}],"replies":[{"embeddable":true,"href":"https:\/\/dev.sfveincenter.com\/es\/wp-json\/wp\/v2\/comments?post=8295"}],"version-history":[{"count":0,"href":"https:\/\/dev.sfveincenter.com\/es\/wp-json\/wp\/v2\/pages\/8295\/revisions"}],"wp:attachment":[{"href":"https:\/\/dev.sfveincenter.com\/es\/wp-json\/wp\/v2\/media?parent=8295"}],"curies":[{"name":"wp","href":"https:\/\/api.w.org\/{rel}","templated":true}]}}