{"id":9251,"date":"2024-11-08T15:39:48","date_gmt":"2024-11-08T23:39:48","guid":{"rendered":"https:\/\/dev.sfveincenter.com\/acerca-de-tiffany-huynh-pa-c\/"},"modified":"2024-11-08T15:46:45","modified_gmt":"2024-11-08T23:46:45","slug":"acerca-de-tiffany-huynh-pa-c","status":"publish","type":"page","link":"https:\/\/dev.sfveincenter.com\/es\/acerca-de-tiffany-huynh-pa-c\/","title":{"rendered":"Acerca de Tiffany Huynh PA-C"},"content":{"rendered":"<p>[et_pb_section fb_built=\u00bb1&#8243; _builder_version=\u00bb4.27.0&#8243; _module_preset=\u00bbdefault\u00bb global_colors_info=\u00bb{}\u00bb][et_pb_row _builder_version=\u00bb4.27.0&#8243; _module_preset=\u00bbdefault\u00bb global_colors_info=\u00bb{}\u00bb][et_pb_column type=\u00bb4_4&#8243; _builder_version=\u00bb4.27.0&#8243; _module_preset=\u00bbdefault\u00bb global_colors_info=\u00bb{}\u00bb][et_pb_text _builder_version=\u00bb4.27.0&#8243; _module_preset=\u00bbdefault\u00bb global_colors_info=\u00bb{}\u00bb]<\/p>\n<h1 style=\"text-align: center;\">Tiffany Huynh &#8211; Asistente M\u00e9dica Titulada<\/h1>\n<p>[\/et_pb_text][et_pb_text _builder_version=\u00bb4.27.0&#8243; _module_preset=\u00bbdefault\u00bb global_colors_info=\u00bb{}\u00bb]<\/p>\n<p><img loading=\"lazy\" decoding=\"async\" class=\"wp-image-9243 alignright size-medium\" src=\"https:\/\/dev.sfveincenter.com\/wp-content\/uploads\/2024\/11\/tiffany-huynh-pa-300x300.jpg\" alt=\"Tiffany Huynh Asistente M\u00e9dico\" width=\"300\" height=\"300\">Tiffany Huynh es Asistente M\u00e9dica titulada especializada en cirug\u00eda vascular y medicina de urgencias. Aqu\u00ed, en el San Francisco Vein Center, los pacientes pueden verla por complicaciones con varices, <a href=\"https:\/\/dev.sfveincenter.com\/es\/eliminacion-de-venas-vasculares-aranas\/\">ara\u00f1as vasculares<\/a>, acceso para di\u00e1lisis, cuidado de heridas y enfermedad arterial perif\u00e9rica. Su experiencia como m\u00e9dico de urgencias en <a href=\"https:\/\/www.mymarinhealth.org\/locations\/medical-center\/\">el Centro M\u00e9dico MarinHealth<\/a> y en <a href=\"https:\/\/www.ahmchealth.com\/smc\/\">el Centro M\u00e9dico Seton<\/a> ha ampliado enormemente la gama de cuidados para nuestros pacientes. Tiffany ha servido a la comunidad trabajando en medicina desde 2013.   <\/p>\n<h2><span style=\"color: #333333; font-size: 26px;\">Educaci\u00f3n<\/span><\/h2>\n<p>La Sra. Huynh se licenci\u00f3 en Ciencias por la Universidad de Santa Cruz, donde obtuvo la calificaci\u00f3n de Sobresaliente Cum Laude. Obtuvo un M\u00e1ster en Estudios de Asistente M\u00e9dico de la Universidad de Ciencias de la Salud del Sur de California. <\/p>\n<h2>Certificaciones y afiliaciones<\/h2>\n<ul>\n<li>Centro M\u00e9dico MarinHealth<\/li>\n<li>Seton Medical Center<\/li>\n<li>Certificado por el Consejo de la NCCPA<\/li>\n<li>Licencia de la Junta de Asistentes M\u00e9dicos del Estado de California<\/li>\n<li>Certificado PALS\/ACLS\/BLS<\/li>\n<\/ul>\n<h2>Publicaciones revisadas por pares<\/h2>\n<p>Jasani, A., Huynh, T., Kellogg, D., <strong>La activaci\u00f3n de prote\u00ednas quinasas dependiente del crecimiento sugiere un mecanismo para <\/strong><strong>medir el crecimiento celular<\/strong>. Genetics, Volumen 215, N\u00famero 3, 1 de julio de 2020 <\/p>\n<p>[\/et_pb_text][\/et_pb_column][\/et_pb_row][\/et_pb_section]<\/p>\n","protected":false},"excerpt":{"rendered":"<p>Tiffany Huynh &#8211; Asistente M\u00e9dica TituladaTiffany Huynh es Asistente M\u00e9dica titulada especializada en cirug\u00eda vascular y medicina de urgencias. Aqu\u00ed, en el San Francisco Vein Center, los pacientes pueden verla por complicaciones con varices, ara\u00f1as vasculares, acceso para di\u00e1lisis, cuidado de heridas y enfermedad arterial perif\u00e9rica. Su experiencia como m\u00e9dico de urgencias en el Centro [&hellip;]<\/p>\n","protected":false},"author":1,"featured_media":0,"parent":0,"menu_order":0,"comment_status":"closed","ping_status":"closed","template":"","meta":{"_et_pb_use_builder":"on","_et_pb_old_content":"","_et_gb_content_width":"","footnotes":""},"class_list":["post-9251","page","type-page","status-publish","hentry"],"yoast_head":"<!-- This site is optimized with the Yoast SEO Premium plugin v23.9 (Yoast SEO v26.8) - https:\/\/yoast.com\/product\/yoast-seo-premium-wordpress\/ -->\n<title>Acerca de Tiffany Huynh PA-C (Asistente M\u00e9dico)<\/title>\n<meta name=\"description\" content=\"Tiffany Huynh PA-C se especializa en cirug\u00eda vascular y medicina de urgencias. Trabaja en medicina desde 2013.\" \/>\n<meta name=\"robots\" content=\"noindex, follow, max-snippet:-1, max-image-preview:large, max-video-preview:-1\" \/>\n<meta property=\"og:locale\" content=\"es_ES\" \/>\n<meta property=\"og:type\" content=\"article\" \/>\n<meta property=\"og:title\" content=\"Acerca de Tiffany Huynh PA-C\" \/>\n<meta property=\"og:description\" content=\"Tiffany Huynh PA-C se especializa en cirug\u00eda vascular y medicina de urgencias. Trabaja en medicina desde 2013.\" \/>\n<meta property=\"og:url\" content=\"https:\/\/dev.sfveincenter.com\/es\/acerca-de-tiffany-huynh-pa-c\/\" \/>\n<meta property=\"og:site_name\" content=\"San Francisco Vein Doctor | Varicose &amp; Spider Vein Treatment\" \/>\n<meta property=\"article:publisher\" content=\"https:\/\/www.facebook.com\/sfveincenter\" \/>\n<meta property=\"article:modified_time\" content=\"2024-11-08T23:46:45+00:00\" \/>\n<meta property=\"og:image\" content=\"https:\/\/dev.sfveincenter.com\/wp-content\/uploads\/2024\/11\/tiffany-huynh-pa-scaled.jpg\" \/>\n\t<meta property=\"og:image:width\" content=\"2560\" \/>\n\t<meta property=\"og:image:height\" content=\"2558\" \/>\n\t<meta property=\"og:image:type\" content=\"image\/jpeg\" \/>\n<meta name=\"twitter:card\" content=\"summary_large_image\" \/>\n<meta name=\"twitter:site\" content=\"@sfveincenter\" \/>\n<meta name=\"twitter:label1\" content=\"Tiempo de lectura\" \/>\n\t<meta name=\"twitter:data1\" content=\"1 minuto\" \/>\n<script type=\"application\/ld+json\" class=\"yoast-schema-graph\">{\"@context\":\"https:\/\/schema.org\",\"@graph\":[{\"@type\":\"WebPage\",\"@id\":\"https:\/\/dev.sfveincenter.com\/es\/acerca-de-tiffany-huynh-pa-c\/\",\"url\":\"https:\/\/dev.sfveincenter.com\/es\/acerca-de-tiffany-huynh-pa-c\/\",\"name\":\"Acerca de Tiffany Huynh PA-C (Asistente M\u00e9dico)\",\"isPartOf\":{\"@id\":\"https:\/\/dev.sfveincenter.com\/es\/#website\"},\"primaryImageOfPage\":{\"@id\":\"https:\/\/dev.sfveincenter.com\/es\/acerca-de-tiffany-huynh-pa-c\/#primaryimage\"},\"image\":{\"@id\":\"https:\/\/dev.sfveincenter.com\/es\/acerca-de-tiffany-huynh-pa-c\/#primaryimage\"},\"thumbnailUrl\":\"https:\/\/dev.sfveincenter.com\/wp-content\/uploads\/2024\/11\/tiffany-huynh-pa-300x300.jpg\",\"datePublished\":\"2024-11-08T23:39:48+00:00\",\"dateModified\":\"2024-11-08T23:46:45+00:00\",\"description\":\"Tiffany Huynh PA-C se especializa en cirug\u00eda vascular y medicina de urgencias. Trabaja en medicina desde 2013.\",\"breadcrumb\":{\"@id\":\"https:\/\/dev.sfveincenter.com\/es\/acerca-de-tiffany-huynh-pa-c\/#breadcrumb\"},\"inLanguage\":\"es\",\"potentialAction\":[{\"@type\":\"ReadAction\",\"target\":[\"https:\/\/dev.sfveincenter.com\/es\/acerca-de-tiffany-huynh-pa-c\/\"]}]},{\"@type\":\"ImageObject\",\"inLanguage\":\"es\",\"@id\":\"https:\/\/dev.sfveincenter.com\/es\/acerca-de-tiffany-huynh-pa-c\/#primaryimage\",\"url\":\"https:\/\/dev.sfveincenter.com\/wp-content\/uploads\/2024\/11\/tiffany-huynh-pa-300x300.jpg\",\"contentUrl\":\"https:\/\/dev.sfveincenter.com\/wp-content\/uploads\/2024\/11\/tiffany-huynh-pa-300x300.jpg\"},{\"@type\":\"BreadcrumbList\",\"@id\":\"https:\/\/dev.sfveincenter.com\/es\/acerca-de-tiffany-huynh-pa-c\/#breadcrumb\",\"itemListElement\":[{\"@type\":\"ListItem\",\"position\":1,\"name\":\"Home\",\"item\":\"https:\/\/dev.sfveincenter.com\/es\/inicio-2\/\"},{\"@type\":\"ListItem\",\"position\":2,\"name\":\"Acerca de Tiffany Huynh PA-C\"}]},{\"@type\":\"WebSite\",\"@id\":\"https:\/\/dev.sfveincenter.com\/es\/#website\",\"url\":\"https:\/\/dev.sfveincenter.com\/es\/\",\"name\":\"San Francisco Vein Doctor | Varicose &amp; Spider Vein Treatment\",\"description\":\"\",\"publisher\":{\"@id\":\"https:\/\/dev.sfveincenter.com\/es\/#organization\"},\"potentialAction\":[{\"@type\":\"SearchAction\",\"target\":{\"@type\":\"EntryPoint\",\"urlTemplate\":\"https:\/\/dev.sfveincenter.com\/es\/?s={search_term_string}\"},\"query-input\":{\"@type\":\"PropertyValueSpecification\",\"valueRequired\":true,\"valueName\":\"search_term_string\"}}],\"inLanguage\":\"es\"},{\"@type\":\"Organization\",\"@id\":\"https:\/\/dev.sfveincenter.com\/es\/#organization\",\"name\":\"San Francisco Vein Center - Melinda L Aquino MD\",\"url\":\"https:\/\/dev.sfveincenter.com\/es\/\",\"logo\":{\"@type\":\"ImageObject\",\"inLanguage\":\"es\",\"@id\":\"https:\/\/dev.sfveincenter.com\/es\/#\/schema\/logo\/image\/\",\"url\":\"https:\/\/dev.sfveincenter.com\/wp-content\/uploads\/2021\/02\/cropped-favicon-512x512-1-1.png\",\"contentUrl\":\"https:\/\/dev.sfveincenter.com\/wp-content\/uploads\/2021\/02\/cropped-favicon-512x512-1-1.png\",\"width\":512,\"height\":512,\"caption\":\"San Francisco Vein Center - Melinda L Aquino MD\"},\"image\":{\"@id\":\"https:\/\/dev.sfveincenter.com\/es\/#\/schema\/logo\/image\/\"},\"sameAs\":[\"https:\/\/www.facebook.com\/sfveincenter\",\"https:\/\/x.com\/sfveincenter\",\"https:\/\/www.youtube.com\/channel\/UCH75q26Kq5lThH_Xptt8imQ\",\"https:\/\/x.com\/SFVeinCenter\"]}]}<\/script>\n<!-- \/ Yoast SEO Premium plugin. -->","yoast_head_json":{"title":"Acerca de Tiffany Huynh PA-C (Asistente M\u00e9dico)","description":"Tiffany Huynh PA-C se especializa en cirug\u00eda vascular y medicina de urgencias. Trabaja en medicina desde 2013.","robots":{"index":"noindex","follow":"follow","max-snippet":"max-snippet:-1","max-image-preview":"max-image-preview:large","max-video-preview":"max-video-preview:-1"},"og_locale":"es_ES","og_type":"article","og_title":"Acerca de Tiffany Huynh PA-C","og_description":"Tiffany Huynh PA-C se especializa en cirug\u00eda vascular y medicina de urgencias. Trabaja en medicina desde 2013.","og_url":"https:\/\/dev.sfveincenter.com\/es\/acerca-de-tiffany-huynh-pa-c\/","og_site_name":"San Francisco Vein Doctor | Varicose &amp; Spider Vein Treatment","article_publisher":"https:\/\/www.facebook.com\/sfveincenter","article_modified_time":"2024-11-08T23:46:45+00:00","og_image":[{"width":2560,"height":2558,"url":"https:\/\/dev.sfveincenter.com\/wp-content\/uploads\/2024\/11\/tiffany-huynh-pa-scaled.jpg","type":"image\/jpeg"}],"twitter_card":"summary_large_image","twitter_site":"@sfveincenter","twitter_misc":{"Tiempo de lectura":"1 minuto"},"schema":{"@context":"https:\/\/schema.org","@graph":[{"@type":"WebPage","@id":"https:\/\/dev.sfveincenter.com\/es\/acerca-de-tiffany-huynh-pa-c\/","url":"https:\/\/dev.sfveincenter.com\/es\/acerca-de-tiffany-huynh-pa-c\/","name":"Acerca de Tiffany Huynh PA-C (Asistente M\u00e9dico)","isPartOf":{"@id":"https:\/\/dev.sfveincenter.com\/es\/#website"},"primaryImageOfPage":{"@id":"https:\/\/dev.sfveincenter.com\/es\/acerca-de-tiffany-huynh-pa-c\/#primaryimage"},"image":{"@id":"https:\/\/dev.sfveincenter.com\/es\/acerca-de-tiffany-huynh-pa-c\/#primaryimage"},"thumbnailUrl":"https:\/\/dev.sfveincenter.com\/wp-content\/uploads\/2024\/11\/tiffany-huynh-pa-300x300.jpg","datePublished":"2024-11-08T23:39:48+00:00","dateModified":"2024-11-08T23:46:45+00:00","description":"Tiffany Huynh PA-C se especializa en cirug\u00eda vascular y medicina de urgencias. Trabaja en medicina desde 2013.","breadcrumb":{"@id":"https:\/\/dev.sfveincenter.com\/es\/acerca-de-tiffany-huynh-pa-c\/#breadcrumb"},"inLanguage":"es","potentialAction":[{"@type":"ReadAction","target":["https:\/\/dev.sfveincenter.com\/es\/acerca-de-tiffany-huynh-pa-c\/"]}]},{"@type":"ImageObject","inLanguage":"es","@id":"https:\/\/dev.sfveincenter.com\/es\/acerca-de-tiffany-huynh-pa-c\/#primaryimage","url":"https:\/\/dev.sfveincenter.com\/wp-content\/uploads\/2024\/11\/tiffany-huynh-pa-300x300.jpg","contentUrl":"https:\/\/dev.sfveincenter.com\/wp-content\/uploads\/2024\/11\/tiffany-huynh-pa-300x300.jpg"},{"@type":"BreadcrumbList","@id":"https:\/\/dev.sfveincenter.com\/es\/acerca-de-tiffany-huynh-pa-c\/#breadcrumb","itemListElement":[{"@type":"ListItem","position":1,"name":"Home","item":"https:\/\/dev.sfveincenter.com\/es\/inicio-2\/"},{"@type":"ListItem","position":2,"name":"Acerca de Tiffany Huynh PA-C"}]},{"@type":"WebSite","@id":"https:\/\/dev.sfveincenter.com\/es\/#website","url":"https:\/\/dev.sfveincenter.com\/es\/","name":"San Francisco Vein Doctor | Varicose &amp; Spider Vein Treatment","description":"","publisher":{"@id":"https:\/\/dev.sfveincenter.com\/es\/#organization"},"potentialAction":[{"@type":"SearchAction","target":{"@type":"EntryPoint","urlTemplate":"https:\/\/dev.sfveincenter.com\/es\/?s={search_term_string}"},"query-input":{"@type":"PropertyValueSpecification","valueRequired":true,"valueName":"search_term_string"}}],"inLanguage":"es"},{"@type":"Organization","@id":"https:\/\/dev.sfveincenter.com\/es\/#organization","name":"San Francisco Vein Center - Melinda L Aquino MD","url":"https:\/\/dev.sfveincenter.com\/es\/","logo":{"@type":"ImageObject","inLanguage":"es","@id":"https:\/\/dev.sfveincenter.com\/es\/#\/schema\/logo\/image\/","url":"https:\/\/dev.sfveincenter.com\/wp-content\/uploads\/2021\/02\/cropped-favicon-512x512-1-1.png","contentUrl":"https:\/\/dev.sfveincenter.com\/wp-content\/uploads\/2021\/02\/cropped-favicon-512x512-1-1.png","width":512,"height":512,"caption":"San Francisco Vein Center - Melinda L Aquino MD"},"image":{"@id":"https:\/\/dev.sfveincenter.com\/es\/#\/schema\/logo\/image\/"},"sameAs":["https:\/\/www.facebook.com\/sfveincenter","https:\/\/x.com\/sfveincenter","https:\/\/www.youtube.com\/channel\/UCH75q26Kq5lThH_Xptt8imQ","https:\/\/x.com\/SFVeinCenter"]}]}},"_links":{"self":[{"href":"https:\/\/dev.sfveincenter.com\/es\/wp-json\/wp\/v2\/pages\/9251","targetHints":{"allow":["GET"]}}],"collection":[{"href":"https:\/\/dev.sfveincenter.com\/es\/wp-json\/wp\/v2\/pages"}],"about":[{"href":"https:\/\/dev.sfveincenter.com\/es\/wp-json\/wp\/v2\/types\/page"}],"author":[{"embeddable":true,"href":"https:\/\/dev.sfveincenter.com\/es\/wp-json\/wp\/v2\/users\/1"}],"replies":[{"embeddable":true,"href":"https:\/\/dev.sfveincenter.com\/es\/wp-json\/wp\/v2\/comments?post=9251"}],"version-history":[{"count":0,"href":"https:\/\/dev.sfveincenter.com\/es\/wp-json\/wp\/v2\/pages\/9251\/revisions"}],"wp:attachment":[{"href":"https:\/\/dev.sfveincenter.com\/es\/wp-json\/wp\/v2\/media?parent=9251"}],"curies":[{"name":"wp","href":"https:\/\/api.w.org\/{rel}","templated":true}]}}